{"id":15524,"date":"2020-06-10T19:43:04","date_gmt":"2020-06-10T17:43:04","guid":{"rendered":"https:\/\/aslaksen.bcc.no\/?page_id=15524"},"modified":"2020-08-21T14:11:26","modified_gmt":"2020-08-21T12:11:26","slug":"harul-bogat-si-garantat-al-lui-david","status":"publish","type":"page","link":"https:\/\/words-of-faith.org\/ro\/studiu-biblic\/tema-4\/harul-bogat-si-garantat-al-lui-david\/","title":{"rendered":"\u00abHarul bogat \u0219i garantat al lui David\u00bb"},"content":{"rendered":"\n\t<section class=\"section\" id=\"section_1761485566\">\n\t\t<div class=\"section-bg fill\" >\n\t\t\t\t\t\t\t\t\t\n\t\t\t\n\n\t\t<\/div>\n\n\t\t\n\n\t\t<div class=\"section-content relative\">\n\t\t\t\n<div class=\"row align-center\"  id=\"row-1040688354\">\n\n\t<div id=\"col-686651410\" class=\"col small-12 large-12\"  >\n\t\t\t\t<div class=\"col-inner\"  >\n\t\t\t\n\t\t\t\n<p class=\"breadcrumbs\"><a href=\"..\/\">Theme 4<\/a> \/ Messages<\/p>\n<h1>\u00abHarul bogat \u0219i garantat al lui David\u00bb<\/h1>\n<p class=\"article-date\">Comori Ascunse, publicat \u00een aprilie 1985<\/p>\n<p class=\"article-author\">de Elias Aslaksen<\/p>\n\t\t<\/div>\n\t\t\t\t\t<\/div>\n\n\t\n\n<style>\n#row-1040688354 > .col > .col-inner {\n  padding: 30px 0px 0px 0px;\n}\n<\/style>\n<\/div>\n<div class=\"row align-center audio\"  id=\"row-1466554190\">\n\n\t<div id=\"col-1957900003\" class=\"col small-12 large-12\"  >\n\t\t\t\t<div class=\"col-inner\"  >\n\t\t\t\n\t\t\t\n<!--[if lt IE 9]><script>document.createElement('audio');<\/script><![endif]-->\n<audio class=\"wp-audio-shortcode\" id=\"audio-15524-1\" preload=\"none\" style=\"width: 100%;\" controls=\"controls\"><source type=\"audio\/mpeg\" src=\"\/audio\/Tema%204\/ROM\/24%20S%20-%20%C2%AB%C3%8Endurarea%20bogat%C4%83%20a%20lui%20David%C2%BB_ROM.mp3?_=1\" \/><a href=\"\/audio\/Tema%204\/ROM\/24%20S%20-%20%C2%AB%C3%8Endurarea%20bogat%C4%83%20a%20lui%20David%C2%BB_ROM.mp3\">\/audio\/Tema%204\/ROM\/24%20S%20-%20%C2%AB%C3%8Endurarea%20bogat%C4%83%20a%20lui%20David%C2%BB_ROM.mp3<\/a><\/audio>\n<p class=\"click-to-listen\">Click to listen to the speech.<\/p>\n\t\t<\/div>\n\t\t\t\t\t<\/div>\n\n\t\n<\/div>\n<div class=\"row align-center article article-excerpt\"  id=\"row-1458049046\">\n\n\t<div id=\"col-381367346\" class=\"col small-12 large-12\"  >\n\t\t\t\t<div class=\"col-inner text-left\"  >\n\t\t\t\n\t\t\t\n<p>Isaia 55:3.<\/p>\n<p>Exist\u0103 a\u0219adar, dou\u0103 lucruri semnificative la acest har, care, \u00een fel ciudat se nume\u0219te harul lui David \u2013 acel har mare pe care David l-a primit \u0219i care a putut s\u0103-l transforme \u00eentr-un om dup\u0103 inima lui Dumnezeu. Este ceva enorm la ce a putut s\u0103 ajung\u0103! \u2013<\/p>\n<p>\u0218i tot acest har lucr\u0103tor pe care noi avem ocazia s\u0103 \u00eel primim acum \u00een Noul Leg\u0103m\u00e2nt este de nedescris mai mare \u0219i mai lucr\u0103tor dec\u00e2t cel pe care \u00eel puteau primi \u00een Vechiul Leg\u0103m\u00e2nt!<\/p>\n<p>Dar \u2013 total legal dumnezeiesc \u2013 absolut f\u0103r\u0103 excep\u021bii \u2013 conform lui Petru \u0219i Iacov \u2013 putem primi acest har doar dac\u0103 noi, \u00een adev\u0103r, suntem smeri\u021bi \u0219i doar \u00een acel grad \u00een care suntem smeri\u021bi.<\/p>\n<p>Este sigur \u0219i adev\u0103rat \u00een toate felurile! Da, este cel mai sigur dintre toate cele sigure! \u0218i este la fel de sigur c\u0103 cel m\u00e2ndru \u00cel are ca \u00eempotrivitor pe Dumnezeu a\u0219a cum cel smerit prime\u0219te har. A\u0219a sunt cele duhovnice\u0219ti, la fel ca \u00een cele omene\u0219ti dup\u0103 legea natural\u0103 a vie\u021bii. Acesta este adev\u0103ratul motiv pentru orice \u00een\u0103l\u021bare \u0219i orice \u00eenjosire conform propriilor cuvinte ale lui Isus: \u201eCel care se \u00eenal\u021b\u0103 pe sine \u00eensu\u0219i, va fi smerit \u0219i cel care se smere\u0219te va fi \u00een\u0103l\u021bat.\u201d Da, chiar dac\u0103 nu vrei asta. Pentru c\u0103 asta este hot\u0103r\u00e2rea proprie a lui Dumnezeu, dup\u0103 fiin\u021ba Lui dumnezeiasc\u0103.<\/p>\n<p>Deci noi primim un har a\u0219a de bogat \u0219i felurit dup\u0103 cum suntem smeri\u021bi! \u0218i acest lucru este exact la fel de sigur \u0219i dovedit pe c\u00e2t de sigur\u0103 \u0219i real\u0103 este smerenia noastr\u0103, \u00een duh \u0219i adev\u0103r, \u0219i nu doar un fel de surogat pentru smerenie.<\/p>\n<p>Sunt mai multe caracteristici ale smereniei. Cel smerit nu face obiec\u021bii sau explica\u021bii sau proteste sau opozi\u021bii sau \u00eendoieli sau ezit\u0103ri c\u00e2nd vine vorba de a asculta Cuv\u00e2ntul lui Dumnezeu \u0219i superiorii din lumea aceasta, at\u00e2t la locul de munc\u0103 c\u00e2t \u0219i \u00een via\u021ba de familie. Ci se las\u0103 cu pl\u0103cere \u0219i \u00eendemnat \u0219i mustrat. \u2013 \u0218i este priceput s\u0103 fie t\u0103cut \u0219i s\u0103 nu-\u0219i deschid\u0103 gura sau s\u0103 se exprime despre una sau alta, despre asta sau cealalt\u0103, sau s\u0103 vorbeasc\u0103 despre ceva fa\u021b\u0103 de care nu are niciun habar, c\u0103ci el se \u021bine cu pl\u0103cere de cele de jos. Da, el folose\u0219te ocaziile s\u0103 se p\u0103streze acolo, pentru c\u0103 acolo pacea este f\u0103r\u0103 sf\u00e2r\u0219it.<\/p>\n<p>\u00cenainte de toate, cel smerit se \u00eenfr\u00e2neaz\u0103 de la a-\u0219i judeca \u0219i critica aproapele, pentru c\u0103 fiecare om care face a\u0219a, incontestabil s-a \u00een\u0103l\u021bat pe sine \u00eensu\u0219i \u0219i s-a a\u0219ezat pe scaunul judec\u0103torului. Judec\u0103torii stau acolo. \u2013<\/p>\n<p>Atunci e\u0219ti a\u0219a departe de smerenie cum este estul de vest. \u0218i la fel de departe este \u0219i harul adev\u0103rat al lui Dumnezeu de fiecare persoan\u0103 de acest fel!<\/p>\n<p>At\u00e2t timp c\u00e2t e\u0219ti smerit, po\u021bi spune c\u0103 ai asigurare de via\u021b\u0103! Dumnezeu este plin de har, \u00eendur\u0103tor \u0219i milos fa\u021b\u0103 de to\u021bi oamenii, \u00een afar\u0103 de cei m\u00e2ndri, \u00eeng\u00e2mfa\u021bi, arogan\u021bi \u0219i \u00een\u021belep\u021bi de sine, pentru c\u0103 ace\u0219tia \u00cel au ca \u00eempotrivitor pe Dumnezeu! S\u0103racii oameni!<\/p>\n\t\t<\/div>\n\t\t\t\t\t<\/div>\n\n\t\n\n\t<div id=\"col-1760567550\" class=\"col copyright small-12 large-12\"  >\n\t\t\t\t<div class=\"col-inner text-left\"  >\n\t\t\t\n\t\t\t\n<div>\u00a9 Copyright Stiftelsen Skjulte Skatters Forlag<\/div>\n\t\t<\/div>\n\t\t\t\t\t<\/div>\n\n\t\n\n\t<div id=\"col-264702348\" class=\"col small-12 large-12\"  >\n\t\t\t\t<div class=\"col-inner text-left\"  >\n\t\t\t\n\t\t\t\n<div><a href=\"#\" class=\"read-more\">Cite\u0219te mai departe<\/a><\/div>\n\t\t<\/div>\n\t\t\t\t\t<\/div>\n\n\t\n\n\t<div id=\"col-894436215\" class=\"col small-12 large-12\"  >\n\t\t\t\t<div class=\"col-inner text-left\"  >\n\t\t\t\n\t\t\t\n<p class=\"next-previous-message\"><a class=\"previous\" href=\"\/ro\/bible-studies\/theme-4\/gods-method-of-working\/\"><i class=\"icon-angle-left\"><\/i> Previous<\/a><a class=\"next\" href=\"\/ro\/bible-studies\/theme-4\/humility-is-everything\/\">Next <i class=\"icon-angle-right\"><\/i><\/a><\/p>\n\t\t<\/div>\n\t\t\t\t\t<\/div>\n\n\t\n<\/div>\n\t\t<\/div>\n\n\t\t\n<style>\n#section_1761485566 {\n  padding-top: 0px;\n  padding-bottom: 0px;\n  margin-bottom: 0px;\n}\n@media (min-width:550px) {\n  #section_1761485566 {\n    padding-top: 0px;\n    padding-bottom: 0px;\n  }\n}\n<\/style>\n\t<\/section>\n\t\n\n\t<section class=\"section food-for-thought\" id=\"section_1501725816\">\n\t\t<div class=\"section-bg fill\" >\n\t\t\t\t\t\t\t\t\t\n\t\t\t\n\n\t\t<\/div>\n\n\t\t\n\n\t\t<div class=\"section-content relative\">\n\t\t\t\n<div class=\"row align-center\"  id=\"row-1522566537\">\n\n\t<div id=\"col-1231097246\" class=\"col title small-12 large-12\"  >\n\t\t\t\t<div class=\"col-inner text-left dark\"  >\n\t\t\t\n\t\t\t\n<h2>Devotional<\/h2>\n\t\t<\/div>\n\t\t\t\t\t<\/div>\n\n\t\n\n\t<div id=\"col-1308554081\" class=\"col small-12 large-12\"  >\n\t\t\t\t<div class=\"col-inner dark\"  >\n\t\t\t\n\t\t\t\n<p>\u00cen scrierea \u201eHarul bogat \u0219i garantat al lui David\u201d, iese foarte clar la iveal\u0103 c\u0103 Dumnezeu st\u0103 \u00eempotriva celor m\u00e2ndri dar d\u0103 har celor smeri\u021bi. De ce crezi c\u0103 este a\u0219a? Te po\u021bi g\u00e2ndi la un exemplu din via\u021ba de zi cu zi \u00een care Dumnezeu d\u0103 har celui smerit?<\/p>\n<p class='info'>You have to <a href='\/login\/'>log in<\/a> if you want to save your answer.<\/p>\n\t\t<\/div>\n\t\t\t\t\t<\/div>\n\n\t\n<\/div>\n\t\t<\/div>\n\n\t\t\n<style>\n#section_1501725816 {\n  padding-top: 30px;\n  padding-bottom: 30px;\n  background-color: rgb(73, 92, 94);\n}\n<\/style>\n\t<\/section>\n\t\n","protected":false},"excerpt":{"rendered":"","protected":false},"author":5,"featured_media":0,"parent":15414,"menu_order":6,"comment_status":"closed","ping_status":"closed","template":"page-blank.php","meta":{"footnotes":""},"class_list":["post-15524","page","type-page","status-publish","hentry"],"aioseo_notices":[],"_links":{"self":[{"href":"https:\/\/words-of-faith.org\/ro\/wp-json\/wp\/v2\/pages\/15524","targetHints":{"allow":["GET"]}}],"collection":[{"href":"https:\/\/words-of-faith.org\/ro\/wp-json\/wp\/v2\/pages"}],"about":[{"href":"https:\/\/words-of-faith.org\/ro\/wp-json\/wp\/v2\/types\/page"}],"author":[{"embeddable":true,"href":"https:\/\/words-of-faith.org\/ro\/wp-json\/wp\/v2\/users\/5"}],"replies":[{"embeddable":true,"href":"https:\/\/words-of-faith.org\/ro\/wp-json\/wp\/v2\/comments?post=15524"}],"version-history":[{"count":0,"href":"https:\/\/words-of-faith.org\/ro\/wp-json\/wp\/v2\/pages\/15524\/revisions"}],"up":[{"embeddable":true,"href":"https:\/\/words-of-faith.org\/ro\/wp-json\/wp\/v2\/pages\/15414"}],"wp:attachment":[{"href":"https:\/\/words-of-faith.org\/ro\/wp-json\/wp\/v2\/media?parent=15524"}],"curies":[{"name":"wp","href":"https:\/\/api.w.org\/{rel}","templated":true}]}}