{"id":18352,"date":"2020-07-21T10:16:11","date_gmt":"2020-07-21T08:16:11","guid":{"rendered":"https:\/\/aslaksen.bcc.no\/?page_id=18352"},"modified":"2020-11-02T09:39:57","modified_gmt":"2020-11-02T08:39:57","slug":"crede-in-dumnezeul-minunilor","status":"publish","type":"page","link":"https:\/\/words-of-faith.org\/ro\/studiu-biblic\/tema-1\/crede-in-dumnezeul-minunilor\/","title":{"rendered":"Crede \u00een Dumnezeul minunilor"},"content":{"rendered":"\n\t<section class=\"section\" id=\"section_1563308567\">\n\t\t<div class=\"section-bg fill\" >\n\t\t\t\t\t\t\t\t\t\n\t\t\t\n\n\t\t<\/div>\n\n\t\t\n\n\t\t<div class=\"section-content relative\">\n\t\t\t\n<div class=\"row align-center\"  id=\"row-704993861\">\n\n\t<div id=\"col-493480034\" class=\"col small-12 large-12\"  >\n\t\t\t\t<div class=\"col-inner\"  >\n\t\t\t\n\t\t\t\n<p class=\"breadcrumbs\"><a href=\"..\/\">Tema 1<\/a> \/ Mesaje<\/p>\n<h1>Crede \u00een Dumnezeul minunilor<\/h1>\n<p class=\"article-date\">Dintr-o vorbire \u021binut\u0103 \u00een 1965<\/p>\n<p class=\"article-author\">de Elias Aslaksen<\/p>\n\t\t<\/div>\n\t\t\t\t\t<\/div>\n\n\t\n\n<style>\n#row-704993861 > .col > .col-inner {\n  padding: 30px 0px 0px 0px;\n}\n<\/style>\n<\/div>\n<div class=\"row align-center audio\"  id=\"row-1324327135\">\n\n\t<div id=\"col-845222032\" class=\"col small-12 large-12\"  >\n\t\t\t\t<div class=\"col-inner\"  >\n\t\t\t\n\t\t\t\n<!--[if lt IE 9]><script>document.createElement('audio');<\/script><![endif]-->\n<audio class=\"wp-audio-shortcode\" id=\"audio-18352-1\" preload=\"none\" style=\"width: 100%;\" controls=\"controls\"><source type=\"audio\/mpeg\" src=\"\/audio\/Tema%201\/rom\/Elias%20Aslaksen%20-%20Underets%20Gud%20-%20Dumnezeul%20minunilor.mp3?_=1\" \/><a href=\"\/audio\/Tema%201\/rom\/Elias%20Aslaksen%20-%20Underets%20Gud%20-%20Dumnezeul%20minunilor.mp3\">\/audio\/Tema%201\/rom\/Elias%20Aslaksen%20-%20Underets%20Gud%20-%20Dumnezeul%20minunilor.mp3<\/a><\/audio>\n<p class=\"click-to-listen\">Click pentru a asculta mesajul.<\/p>\n\t\t<\/div>\n\t\t\t\t\t<\/div>\n\n\t\n<\/div>\n<div class=\"row align-center article article-excerpt\"  id=\"row-2013748693\">\n\n\t<div id=\"col-935858827\" class=\"col small-12 large-12\"  >\n\t\t\t\t<div class=\"col-inner text-left\"  >\n\t\t\t\n\t\t\t\n<p>Crede \u00een Dumnezeul minunilor! Crede \u00een Dumnezeul miracolelor! Crede \u00een minuni \u0219i miracole \u00een interiorul t\u0103u!<\/p>\n<p>Miracolele sunt ceva care dep\u0103\u0219esc orice ra\u021biune \u0219i \u00een\u021belegere, sunt ceva \u00een afara oric\u0103rei priceperi omene\u0219ti. Crede \u00een asta c\u00e2nd este vorba de m\u00e2ntuire \u00een ad\u00e2ncul inimii!  <\/p>\n<p>Este destul de obi\u0219nuit, omul a \u00eencercat mult timp \u0219i totu\u0219i nu s-a \u00eent\u00e2mplat mare lucru. Crede \u00een miracole! Iar c\u00e2nd este a\u0219a c\u0103 omul s-a trudit at\u00e2t de mult timp, cine s\u0103 mai cread\u0103 atunci c\u0103 se va alege ceva de-aici? <\/p>\n<p>Dumnezeu este Dumnezeul miracolelor! G\u00e2nde\u0219te-te la un asemenea miracol, c\u0103 din a\u0219a oameni mizerabili &#8230; da, ce altceva s\u0103 mai spun, ni\u0219te creaturi primitive cum suntem noi dup\u0103 c\u0103derea \u00een p\u0103cat, \u0219i \u00een special, dup\u0103 cum am \u0219i auzit, fiin\u021be nelini\u0219tite. Ce miracol s\u0103 intri \u00een odihna lui Dumnezeu \u00een timp ce suntem \u00een acest corp muritor \u0219i \u00een aceast\u0103 lume rea! Ce miracol!    <\/p>\n<p>S\u0103 ne odihnim c\u00e2nd to\u021bi diavolii sunt dezl\u0103n\u021bui\u021bi! C\u00e2nd totul e pe dos! s\u0103 ne odihnim \u2013 \u00een odihna lui Dumnezeu. S\u0103 ne odihnim cum s-a odihnit Isus c\u00e2nd era \u00een spatele b\u0103rcii \u0219i dormea! Cum ai numi acest lucru? Eu \u00eel numesc un miracol dincolo de orice alt miracol!     <\/p>\n<p>\u0218i-atunci care sunt lucrurile care nu merg a\u0219a bine, \u0219i cum devenim noi complet m\u00e2ntui\u021bi, indiferent dac\u0103 e vorba de lucruri mici sau mari? Prin credin\u021b\u0103 \u00een Dumnezeu! Prin credin\u021b\u0103 \u00een Dumnezeul miracolelor!<\/p>\n<p>Ra\u021biunea spune a\u0219a, unul \u0219i altul spun \u0219i ei la fel, c\u0103 dup\u0103 ce ai \u00eencercat at\u00e2t de mul\u021bi ani \u0219i \u00eenc\u0103 nu a devenit mai bine de at\u00e2t, atunci niciodat\u0103 nu se va alege nimic din tine! Nu, dac\u0103 Dumnezeu nu va face un miracol, nu se va alege nimic, dar El face cu pl\u0103cere un miracol, \u00een special astfel de miracole. El \u00censu\u0219i este de sute de mii de milioane de ori mai interesat de un astfel de miracol dec\u00e2t de un miracol care transform\u0103 pietrele \u00een p\u00e2ini.  <\/p>\n<p>Iar numele lui ESTE miracol, sau minune. Numele lui este Minune. Numele lui este Miracol, iar numele, \u00een sensul Biblic, exprim\u0103 cum este omul. Nu este ca Hansen \u0219i Pettersen (Ionescu \u0219i Popescu) acestea sunt o etichet\u0103. Dar numele \u00een semnifica\u021bie biblic\u0103 exprim\u0103 con\u021binutul persoanei care are acel nume. Numele lui este Minune, asta \u00eenseamn\u0103 c\u0103 El cu asta se ocup\u0103 \u2013 s\u0103 fac\u0103 minuni \u2013 miracole.   <\/p>\n<p>Pare \u00eentunecat, pare imposibil, da, atunci nu mai r\u0103m\u00e2ne nimic altceva de f\u0103cut dec\u00e2t un miracol. Dar g\u00e2nde\u0219te-te ce bine c\u0103 exist\u0103 aceast\u0103 posibilitate! g\u00e2nde\u0219te-te ce bine! Nu mai e nicio alt\u0103 posibilitate, a\u0219a c\u0103 celelalte nu mai conteaz\u0103, deci doar aceasta mai r\u0103m\u00e2ne! <\/p>\n\t\t<\/div>\n\t\t\t\t\t<\/div>\n\n\t\n\n\t<div id=\"col-1373975268\" class=\"col copyright small-12 large-12\"  >\n\t\t\t\t<div class=\"col-inner text-left\"  >\n\t\t\t\n\t\t\t\n<div>\u00a9 Copyright Stiftelsen Skjulte Skatters Forlag<\/div>\n\t\t<\/div>\n\t\t\t\t\t<\/div>\n\n\t\n\n\t<div id=\"col-2016718544\" class=\"col small-12 large-12\"  >\n\t\t\t\t<div class=\"col-inner text-left\"  >\n\t\t\t\n\t\t\t\n<div><a class=\"read-more\" href=\"#\">Cite\u0219te mai departe<\/a><\/div>\n\t\t<\/div>\n\t\t\t\t\t<\/div>\n\n\t\n\n\t<div id=\"col-1867846002\" class=\"col small-12 large-12\"  >\n\t\t\t\t<div class=\"col-inner text-left\"  >\n\t\t\t\n\t\t\t\n<p class=\"next-previous-message\"><a class=\"previous\" href=\"..\/god-is-truthful\/\"><i class=\"icon-angle-left\"><\/i> Precedentul<\/a><a class=\"next\" href=\"..\/his-name-is-wonder\/\">Urm\u0103torul <i class=\"icon-angle-right\"><\/i><\/a><\/p>\n\t\t<\/div>\n\t\t\t\t\t<\/div>\n\n\t\n<\/div>\n\t\t<\/div>\n\n\t\t\n<style>\n#section_1563308567 {\n  padding-top: 0px;\n  padding-bottom: 0px;\n  margin-bottom: 0px;\n}\n@media (min-width:550px) {\n  #section_1563308567 {\n    padding-top: 0px;\n    padding-bottom: 0px;\n  }\n}\n<\/style>\n\t<\/section>\n\t\n\n\t<section class=\"section food-for-thought\" id=\"section_1052030355\">\n\t\t<div class=\"section-bg fill\" >\n\t\t\t\t\t\t\t\t\t\n\t\t\t\n\n\t\t<\/div>\n\n\t\t\n\n\t\t<div class=\"section-content relative\">\n\t\t\t\n<div class=\"row align-center\"  id=\"row-495928044\">\n\n\t<div id=\"col-280372520\" class=\"col title small-12 large-12\"  >\n\t\t\t\t<div class=\"col-inner text-left dark\"  >\n\t\t\t\n\t\t\t\n<h2>Un g\u00e2nd de cugetat<\/h2>\n\t\t<\/div>\n\t\t\t\t\t<\/div>\n\n\t\n\n\t<div id=\"col-316743634\" class=\"col small-12 large-12\"  >\n\t\t\t\t<div class=\"col-inner dark\"  >\n\t\t\t\n\t\t\t\n<p>Ce consideri TU c\u0103 este cel mai important lucru pe care Aslaksen dore\u0219te s\u0103 \u00eel scoat\u0103 \u00een eviden\u021b\u0103 \u00een vorbirea \u201eCredin\u021ba \u00een Dumnezeul minunilor\u201d?<\/p>\n<ul class=\"question-answers\">\n<li>Eu am nevoie de un miracol \u00een via\u021ba mea \u2013 indiferent cum a fost \u00eenainte<\/li>\n<li>Este n\u0103dejde pentru to\u021bi acei care cred \u00een Dumnezeul minunilor<\/li>\n<li>Nimic nu este imposibil, c\u00e2nd avem de-a face cu Dumnezeu<\/li>\n<\/ul>\n<p class='info'>You have to <a href='\/login\/'>log in<\/a> if you want to save your answer.<\/p>\n\t\t<\/div>\n\t\t\t\t\t<\/div>\n\n\t\n<\/div>\n\t\t<\/div>\n\n\t\t\n<style>\n#section_1052030355 {\n  padding-top: 30px;\n  padding-bottom: 30px;\n  background-color: rgb(73, 92, 94);\n}\n<\/style>\n\t<\/section>\n\t\n\t<div id=\"gap-1293144291\" class=\"gap-element clearfix\" style=\"display:block; height:auto;\">\n\t\t\n<style>\n#gap-1293144291 {\n  padding-top: 20px;\n}\n<\/style>\n\t<\/div>\n\t\n<p style=\"text-align: center;\"><a href=\"..\/\"><u>\u00cenapoi la Tema 1<\/u><\/a><\/p>\n","protected":false},"excerpt":{"rendered":"<p>\u00cenapoi la Tema 1<\/p>\n","protected":false},"author":5,"featured_media":0,"parent":8269,"menu_order":0,"comment_status":"closed","ping_status":"closed","template":"page-blank.php","meta":{"footnotes":""},"class_list":["post-18352","page","type-page","status-publish","hentry"],"aioseo_notices":[],"_links":{"self":[{"href":"https:\/\/words-of-faith.org\/ro\/wp-json\/wp\/v2\/pages\/18352","targetHints":{"allow":["GET"]}}],"collection":[{"href":"https:\/\/words-of-faith.org\/ro\/wp-json\/wp\/v2\/pages"}],"about":[{"href":"https:\/\/words-of-faith.org\/ro\/wp-json\/wp\/v2\/types\/page"}],"author":[{"embeddable":true,"href":"https:\/\/words-of-faith.org\/ro\/wp-json\/wp\/v2\/users\/5"}],"replies":[{"embeddable":true,"href":"https:\/\/words-of-faith.org\/ro\/wp-json\/wp\/v2\/comments?post=18352"}],"version-history":[{"count":0,"href":"https:\/\/words-of-faith.org\/ro\/wp-json\/wp\/v2\/pages\/18352\/revisions"}],"up":[{"embeddable":true,"href":"https:\/\/words-of-faith.org\/ro\/wp-json\/wp\/v2\/pages\/8269"}],"wp:attachment":[{"href":"https:\/\/words-of-faith.org\/ro\/wp-json\/wp\/v2\/media?parent=18352"}],"curies":[{"name":"wp","href":"https:\/\/api.w.org\/{rel}","templated":true}]}}