{"id":18384,"date":"2020-07-21T10:24:03","date_gmt":"2020-07-21T08:24:03","guid":{"rendered":"https:\/\/aslaksen.bcc.no\/?page_id=18384"},"modified":"2020-11-02T09:42:57","modified_gmt":"2020-11-02T08:42:57","slug":"numele-lui-este-minune","status":"publish","type":"page","link":"https:\/\/words-of-faith.org\/ro\/studiu-biblic\/tema-1\/numele-lui-este-minune\/","title":{"rendered":"Numele lui este Minune"},"content":{"rendered":"\n\t<section class=\"section\" id=\"section_1250541028\">\n\t\t<div class=\"section-bg fill\" >\n\t\t\t\t\t\t\t\t\t\n\t\t\t\n\n\t\t<\/div>\n\n\t\t\n\n\t\t<div class=\"section-content relative\">\n\t\t\t\n<div class=\"row align-center\"  id=\"row-918962598\">\n\n\t<div id=\"col-1380760996\" class=\"col small-12 large-12\"  >\n\t\t\t\t<div class=\"col-inner\"  >\n\t\t\t\n\t\t\t\n<p class=\"breadcrumbs\"><a href=\"..\/\">Tema 1<\/a> \/ Mesaje<\/p>\n<h1>Numele lui este Minune<\/h1>\n<p class=\"article-date\">Comori Ascunse, publicat \u00een Ianuarie 1955<\/p>\n<p class=\"article-author\">de Elias Aslaksen<\/p>\n\t\t<\/div>\n\t\t\t\t\t<\/div>\n\n\t\n\n<style>\n#row-918962598 > .col > .col-inner {\n  padding: 30px 0px 0px 0px;\n}\n<\/style>\n<\/div>\n<div class=\"row align-center audio\"  id=\"row-672812731\">\n\n\t<div id=\"col-719349371\" class=\"col small-12 large-12\"  >\n\t\t\t\t<div class=\"col-inner\"  >\n\t\t\t\n\t\t\t\n<!--[if lt IE 9]><script>document.createElement('audio');<\/script><![endif]-->\n<audio class=\"wp-audio-shortcode\" id=\"audio-18384-1\" preload=\"none\" style=\"width: 100%;\" controls=\"controls\"><source type=\"audio\/mpeg\" src=\"\/audio\/Tema%201\/rom\/Elias%20Aslaksen%20-%20Hans%20navn%20er%20Under%20-%20Numele%20lui%20este%20Minune.mp3?_=1\" \/><a href=\"\/audio\/Tema%201\/rom\/Elias%20Aslaksen%20-%20Hans%20navn%20er%20Under%20-%20Numele%20lui%20este%20Minune.mp3\">\/audio\/Tema%201\/rom\/Elias%20Aslaksen%20-%20Hans%20navn%20er%20Under%20-%20Numele%20lui%20este%20Minune.mp3<\/a><\/audio>\n<p class=\"click-to-listen\">Click pentru a asculta mesajul.<\/p>\n\t\t<\/div>\n\t\t\t\t\t<\/div>\n\n\t\n<\/div>\n<div class=\"row align-center article article-excerpt\"  id=\"row-1286871603\">\n\n\t<div id=\"col-725493985\" class=\"col small-12 large-12\"  >\n\t\t\t\t<div class=\"col-inner text-left\"  >\n\t\t\t\n\t\t\t\n<p>Este decisiv s\u0103 crezi \u00een El, al c\u0103rui nume este Minune. Faptul c\u0103 numele lui este Minunat \u00eenseamn\u0103 c\u0103 El face minuni. El face asta regulat. El nu transform\u0103 doar apa \u00een vin \u0219i lucruri asem\u0103n\u0103toare, ci mai ales \u0219i \u00eenainte de toate, El face minuni \u00een interiorul nostru. Acest lucru se include foarte simplu \u00een faptul c\u0103 El este Dumnezeu.    <\/p>\n<p>A crede \u00een Dumnezeu \u00eenseamn\u0103 s\u0103 crezi \u00een minuni, \u00een miracole. \u2013 Trist este c\u0103 oamenii, inclusiv oamenii lui Dumnezeu, sunt at\u00e2t de concentra\u021bi pe exterior. Altfel spus, toat\u0103 g\u00e2ndirea \u0219i interesul lor se \u00eenv\u00e2rte \u00een jurul celor exterioare. Dac\u0103 vorbim de minuni, omul se g\u00e2nde\u0219te imediat la cele exterioare, doar la cele exterioare.   <\/p>\n<p>Credin\u021ba \u00een na\u0219terea fecioarei ar trebui s\u0103 ne \u00eenve\u021be \u0219i s\u0103 ne \u00eent\u0103reasc\u0103 s\u0103 credem \u00een minuni \u00een interiorul nostru, c\u0103 se poate na\u0219te \u0219i poate lua form\u0103 ceva dumnezeiesc \u00een inim\u0103 \u0219i \u00een g\u00e2ndire f\u0103r\u0103 voia \u0219i puterea firii, f\u0103r\u0103 voin\u021ba \u0219i t\u0103ria omului \u2013 \u00eentr-un mod supranatural \u2013 total independent de toat\u0103 incapacitatea \u0219i neputin\u021ba noastr\u0103 ca oameni.<\/p>\n<p>Toate \u00eencerc\u0103rile noastre zadarnice nu dovedesc c\u0103 este imposibil. Dovedesc doar c\u0103 puterea noastr\u0103 proprie nu este suficient\u0103. Prin faptul c\u0103 Dumnezeu face minuni \u2013 \u0219i El face cu pl\u0103cere asta \u2013 lucrarea reu\u0219e\u0219te chiar dac\u0103 noi nu putem. Sl\u0103vit fie Dumnezeu!  <\/p>\n<p>Avem un motiv s\u0103 credem \u00een biruin\u021b\u0103 deplin\u0103, p\u00e2n\u0103 la cap\u0103t? Da, crede \u00een minuni, \u00een miracole! Crede c\u0103 acest miracol va ajunge s\u0103 \u00eenlocuiasc\u0103 pe cel dinainte, \u00een fiin\u021ba ta interioar\u0103!  <\/p>\n<p>Atunci ia na\u0219tere o fiin\u021b\u0103 minunat\u0103, dumnezeiasc\u0103 \u00een interiorul t\u0103u, iar asta inevitabil va ajunge s\u0103 aib\u0103 efecte miraculoase \u00een exterior, \u00een via\u021ba de zi cu zi, \u00een greut\u0103\u021bile vie\u021bii.<\/p>\n<p>Crede \u00een \u201ena\u0219terea fecioarei\u201d! \u00censeamn\u0103 c\u0103 puterea omului este complet nefolositoare. Umbl\u0103 cu o credin\u021b\u0103 ne\u00eencetat\u0103 c\u0103 se \u00eent\u00e2mpl\u0103 minuni \u00een via\u021ba ta, \u0219i nu vei fi dezam\u0103git! Atunci at\u00e2t tu \u00eensu\u021bi, c\u00e2t \u0219i ceilal\u021bi, ve\u021bi avea \u00eencontinuu motiv s\u0103 spune\u021bi: \u201eDa, acesta este \u00eentr-adev\u0103r un miracol!\u201d   <\/p>\n\t\t<\/div>\n\t\t\t\t\t<\/div>\n\n\t\n\n\t<div id=\"col-1778159235\" class=\"col copyright small-12 large-12\"  >\n\t\t\t\t<div class=\"col-inner text-left\"  >\n\t\t\t\n\t\t\t\n<div>\u00a9 Copyright Stiftelsen Skjulte Skatters Forlag<\/div>\n\t\t<\/div>\n\t\t\t\t\t<\/div>\n\n\t\n\n\t<div id=\"col-807830717\" class=\"col small-12 large-12\"  >\n\t\t\t\t<div class=\"col-inner text-left\"  >\n\t\t\t\n\t\t\t\n<div><a class=\"read-more\" href=\"#\">Cite\u0219te mai departe<\/a><\/div>\n\t\t<\/div>\n\t\t\t\t\t<\/div>\n\n\t\n\n\t<div id=\"col-1077836411\" class=\"col small-12 large-12\"  >\n\t\t\t\t<div class=\"col-inner text-left\"  >\n\t\t\t\n\t\t\t\n<p class=\"next-previous-message\"><a class=\"previous\" href=\"..\/believe-in-the-god-of-miracles\/\"><i class=\"icon-angle-left\"><\/i> Precedentul<\/a><a class=\"next\" href=\"..\/as-you-have-believed-so-let-it-be-done-for-you\/\">Urm\u0103torul <i class=\"icon-angle-right\"><\/i><\/a><\/p>\n\t\t<\/div>\n\t\t\t\t\t<\/div>\n\n\t\n<\/div>\n\t\t<\/div>\n\n\t\t\n<style>\n#section_1250541028 {\n  padding-top: 0px;\n  padding-bottom: 0px;\n  margin-bottom: 0px;\n}\n@media (min-width:550px) {\n  #section_1250541028 {\n    padding-top: 0px;\n    padding-bottom: 0px;\n  }\n}\n<\/style>\n\t<\/section>\n\t\n\n\t<section class=\"section food-for-thought\" id=\"section_2048271584\">\n\t\t<div class=\"section-bg fill\" >\n\t\t\t\t\t\t\t\t\t\n\t\t\t\n\n\t\t<\/div>\n\n\t\t\n\n\t\t<div class=\"section-content relative\">\n\t\t\t\n<div class=\"row align-center\"  id=\"row-233587355\">\n\n\t<div id=\"col-664805841\" class=\"col title small-12 large-12\"  >\n\t\t\t\t<div class=\"col-inner text-left dark\"  >\n\t\t\t\n\t\t\t\n<h2>Un g\u00e2nd de cugetat<\/h2>\n\t\t<\/div>\n\t\t\t\t\t<\/div>\n\n\t\n\n\t<div id=\"col-1165372459\" class=\"col small-12 large-12\"  >\n\t\t\t\t<div class=\"col-inner dark\"  >\n\t\t\t\n\t\t\t\n<p>Ascult\u0103 sau cite\u0219te scrierea \u00abNumele lui este Minune\u00bb \u0219i noteaz\u0103-\u021bi cum va ar\u0103ta \u00een scurt timp via\u021ba ta, dac\u0103 ceea ce scrie Aslaksen aici va func\u021biona \u00een via\u021ba ta.<\/p>\n<p class='info'>You have to <a href='\/login\/'>log in<\/a> if you want to save your answer.<\/p>\n\t\t<\/div>\n\t\t\t\t\t<\/div>\n\n\t\n<\/div>\n\t\t<\/div>\n\n\t\t\n<style>\n#section_2048271584 {\n  padding-top: 30px;\n  padding-bottom: 30px;\n  background-color: rgb(73, 92, 94);\n}\n<\/style>\n\t<\/section>\n\t\n\t<div id=\"gap-16393846\" class=\"gap-element clearfix\" style=\"display:block; height:auto;\">\n\t\t\n<style>\n#gap-16393846 {\n  padding-top: 20px;\n}\n<\/style>\n\t<\/div>\n\t\n<p style=\"text-align: center\"><a href=\"..\/\"><u>\u00cenapoi la Tema 1<\/u><\/a><\/p>\n","protected":false},"excerpt":{"rendered":"<p>\u00cenapoi la Tema 1<\/p>\n","protected":false},"author":5,"featured_media":0,"parent":8269,"menu_order":1,"comment_status":"closed","ping_status":"closed","template":"page-blank.php","meta":{"footnotes":""},"class_list":["post-18384","page","type-page","status-publish","hentry"],"aioseo_notices":[],"_links":{"self":[{"href":"https:\/\/words-of-faith.org\/ro\/wp-json\/wp\/v2\/pages\/18384","targetHints":{"allow":["GET"]}}],"collection":[{"href":"https:\/\/words-of-faith.org\/ro\/wp-json\/wp\/v2\/pages"}],"about":[{"href":"https:\/\/words-of-faith.org\/ro\/wp-json\/wp\/v2\/types\/page"}],"author":[{"embeddable":true,"href":"https:\/\/words-of-faith.org\/ro\/wp-json\/wp\/v2\/users\/5"}],"replies":[{"embeddable":true,"href":"https:\/\/words-of-faith.org\/ro\/wp-json\/wp\/v2\/comments?post=18384"}],"version-history":[{"count":0,"href":"https:\/\/words-of-faith.org\/ro\/wp-json\/wp\/v2\/pages\/18384\/revisions"}],"up":[{"embeddable":true,"href":"https:\/\/words-of-faith.org\/ro\/wp-json\/wp\/v2\/pages\/8269"}],"wp:attachment":[{"href":"https:\/\/words-of-faith.org\/ro\/wp-json\/wp\/v2\/media?parent=18384"}],"curies":[{"name":"wp","href":"https:\/\/api.w.org\/{rel}","templated":true}]}}