{"id":18417,"date":"2020-07-21T10:28:57","date_gmt":"2020-07-21T08:28:57","guid":{"rendered":"https:\/\/aslaksen.bcc.no\/?page_id=18417"},"modified":"2020-11-02T09:48:21","modified_gmt":"2020-11-02T08:48:21","slug":"faca-ti-se-dupa-credinta-ta","status":"publish","type":"page","link":"https:\/\/words-of-faith.org\/ro\/studiu-biblic\/tema-1\/faca-ti-se-dupa-credinta-ta\/","title":{"rendered":"\u00abFac\u0103-\u021bi-se dup\u0103 credin\u021ba ta\u00bb"},"content":{"rendered":"\n\t<section class=\"section\" id=\"section_1295922474\">\n\t\t<div class=\"section-bg fill\" >\n\t\t\t\t\t\t\t\t\t\n\t\t\t\n\n\t\t<\/div>\n\n\t\t\n\n\t\t<div class=\"section-content relative\">\n\t\t\t\n<div class=\"row align-center\"  id=\"row-2025833305\">\n\n\t<div id=\"col-1982532154\" class=\"col small-12 large-12\"  >\n\t\t\t\t<div class=\"col-inner\"  >\n\t\t\t\n\t\t\t\n<p class=\"breadcrumbs\"><a href=\"..\/\">Tema 1<\/a> \/ Mesaje<\/p>\n<h1>\u00abFac\u0103-\u021bi-se dup\u0103 credin\u021ba ta\u00bb<\/h1>\n<p class=\"article-date\">Comori Ascunse, publicat \u00een iunie 1982<\/p>\n<p class=\"article-author\">de Elias Aslaksen<\/p>\n\t\t<\/div>\n\t\t\t\t\t<\/div>\n\n\t\n\n<style>\n#row-2025833305 > .col > .col-inner {\n  padding: 30px 0px 0px 0px;\n}\n<\/style>\n<\/div>\n<div class=\"row align-center audio\"  id=\"row-1704137608\">\n\n\t<div id=\"col-991650806\" class=\"col small-12 large-12\"  >\n\t\t\t\t<div class=\"col-inner\"  >\n\t\t\t\n\t\t\t\n<!--[if lt IE 9]><script>document.createElement('audio');<\/script><![endif]-->\n<audio class=\"wp-audio-shortcode\" id=\"audio-18417-1\" preload=\"none\" style=\"width: 100%;\" controls=\"controls\"><source type=\"audio\/mpeg\" src=\"\/audio\/Tema%201\/rom\/(3)%20Elias%20Aslaksen%20-%20Deg%20skje%20som%20du%20tror%20ROM.mp3?_=1\" \/><a href=\"\/audio\/Tema%201\/rom\/(3)%20Elias%20Aslaksen%20-%20Deg%20skje%20som%20du%20tror%20ROM.mp3\">\/audio\/Tema%201\/rom\/(3)%20Elias%20Aslaksen%20-%20Deg%20skje%20som%20du%20tror%20ROM.mp3<\/a><\/audio>\n<p class=\"click-to-listen\">Click pentru a asculta mesajul.<\/p>\n\t\t<\/div>\n\t\t\t\t\t<\/div>\n\n\t\n<\/div>\n<div class=\"row align-center article article-excerpt\"  id=\"row-2081731868\">\n\n\t<div id=\"col-1737959998\" class=\"col small-12 large-12\"  >\n\t\t\t\t<div class=\"col-inner text-left\"  >\n\t\t\t\n\t\t\t\n<p>Toate Cuvintele lui Dumnezeu \u2013 cuvintele vie\u021bii \u2013 sunt cu exactitate adev\u0103rate. De aceea omul trebuie s\u0103 le cread\u0103, exact a\u0219a cum sunt scrise. C\u00e2nd credin\u021ba \u00een ele este vie \u0219i devine personal\u0103, atunci Cuvintele se \u00eemplinesc cu exactitate. Devine dup\u0103 cum crede omul, se \u00eent\u00e2mpl\u0103 cu acurate\u021be dup\u0103 cum crede omul.<\/p>\n<p>Nu se poate \u00eent\u00e2mpla \u00een niciun alt fel. Cuv\u00e2ntul nu devine proprietate personal\u0103 \u00een niciun alt fel. \u2014<\/p>\n<p>De ex. \u201eOmul nostru cel vechi a fost r\u0103stignit \u00eempreun\u0103 cu Hristos.\u201d Rom. 6:6. \u201eVoi v-a\u021bi dezbr\u0103cat de omul cel vechi, cu faptele lui.\u201d Col. 3:9. \u201eDar acum l\u0103sa\u021bi-v\u0103 de toate aceste lucruri\u201d, de tot p\u0103catul con\u0219tient, Col. 3:8 \u2014 Gal. 5:19-21, Rom. 6:4 \u0219i 22.<\/p>\n<p>Aici \u2013 \u0219i oriunde altundeva \u2013 sunt valabile cuvintele lui Isus. Fac\u0103-\u021bi-se dup\u0103 credin\u021ba ta. C\u00e2nd omul nu crede aceste cuvinte, nu se pot realiza, oric\u00e2t de mult \u0219i-ar dori \u0219i s-ar ruga pentru asta. Dar \u2013 dac\u0103 omul \u00eentr-adev\u0103r crede \u00een ele, atunci se \u00eent\u00e2mpl\u0103.<\/p>\n<p>Bine\u00een\u021beles este extrem de greu s\u0103 crezi ceva a\u0219a nespus de mare. De aceea omul trebuie s\u0103 lupte cu o seriozitate de moarte pentru a dob\u00e2ndi o credin\u021b\u0103 vie \u00een asemenea cuvinte sl\u0103vite \u0219i adev\u0103rate! Matei 11:12.<\/p>\n<p>Din p\u0103cate, pentru cei mai mul\u021bi vine de la sine s\u0103 se \u00eendoiasc\u0103 de un lucru a\u0219a nespus de mare. Ce crede omul de fapt atunci este c\u0103 un asemenea lucru nu va reu\u0219i niciodat\u0103, de aceea tocmai acest lucru negativ se \u00eempline\u0219te. \u00cen felul acesta omul nu poate niciodat\u0103 s\u0103 ajung\u0103 s\u0103 \u00eel iubeasc\u0103 \u00eentr-adev\u0103r pe Dumnezeu \u0219i s\u0103 \u021bin\u0103 poruncile Lui! \u2013<\/p>\n<p>\u00abFac\u0103-\u021bi-se dup\u0103 credin\u021ba ta\u00bb, se \u00eempline\u0219te a\u0219adar \u00een toate situa\u021biile, indiferent dac\u0103 biruie\u0219ti, sau p\u0103c\u0103tuie\u0219ti! C\u00e2t de nedescris de prostesc este s\u0103 te \u00eendoie\u0219ti de cuvintele adev\u0103rate ale lui Dumnezeu. Evrei 11:6.<\/p>\n\t\t<\/div>\n\t\t\t\t\t<\/div>\n\n\t\n\n\t<div id=\"col-936945620\" class=\"col copyright small-12 large-12\"  >\n\t\t\t\t<div class=\"col-inner text-left\"  >\n\t\t\t\n\t\t\t\n<div>\u00a9 Copyright Stiftelsen Skjulte Skatters Forlag<\/div>\n\t\t<\/div>\n\t\t\t\t\t<\/div>\n\n\t\n\n\t<div id=\"col-1889934160\" class=\"col small-12 large-12\"  >\n\t\t\t\t<div class=\"col-inner text-left\"  >\n\t\t\t\n\t\t\t\n<div><a class=\"read-more\" href=\"#\">Cite\u0219te mai departe<\/a><\/div>\n\t\t<\/div>\n\t\t\t\t\t<\/div>\n\n\t\n\n\t<div id=\"col-1824968870\" class=\"col small-12 large-12\"  >\n\t\t\t\t<div class=\"col-inner text-left\"  >\n\t\t\t\n\t\t\t\n<p class=\"next-previous-message\"><a class=\"previous\" href=\"..\/his-name-is-wonder\/\"><i class=\"icon-angle-left\"><\/i> Precedentul<\/a><a class=\"next\" href=\"..\/rejoice-in-hope\/\">Urm\u0103torul <i class=\"icon-angle-right\"><\/i><\/a><\/p>\n\t\t<\/div>\n\t\t\t\t\t<\/div>\n\n\t\n<\/div>\n\t\t<\/div>\n\n\t\t\n<style>\n#section_1295922474 {\n  padding-top: 0px;\n  padding-bottom: 0px;\n  margin-bottom: 0px;\n}\n@media (min-width:550px) {\n  #section_1295922474 {\n    padding-top: 0px;\n    padding-bottom: 0px;\n  }\n}\n<\/style>\n\t<\/section>\n\t\n\n\t<section class=\"section food-for-thought\" id=\"section_1314502967\">\n\t\t<div class=\"section-bg fill\" >\n\t\t\t\t\t\t\t\t\t\n\t\t\t\n\n\t\t<\/div>\n\n\t\t\n\n\t\t<div class=\"section-content relative\">\n\t\t\t\n<div class=\"row align-center\"  id=\"row-836910057\">\n\n\t<div id=\"col-465652865\" class=\"col title small-12 large-12\"  >\n\t\t\t\t<div class=\"col-inner text-left dark\"  >\n\t\t\t\n\t\t\t\n<h2>Un g\u00e2nd de cugetat<\/h2>\n\t\t<\/div>\n\t\t\t\t\t<\/div>\n\n\t\n\n\t<div id=\"col-1816827327\" class=\"col small-12 large-12\"  >\n\t\t\t\t<div class=\"col-inner dark\"  >\n\t\t\t\n\t\t\t\n<p>Deschide Biblia la unul dintre versetele din scrierea \u201eFac\u0103-se dup\u0103 credin\u021ba ta\u201d. De ce crezi c\u0103 Aslaksen a men\u021bionat exact acest verset? <\/p>\n<p class='info'>You have to <a href='\/login\/'>log in<\/a> if you want to save your answer.<\/p>\n\t\t<\/div>\n\t\t\t\t\t<\/div>\n\n\t\n<\/div>\n\t\t<\/div>\n\n\t\t\n<style>\n#section_1314502967 {\n  padding-top: 30px;\n  padding-bottom: 30px;\n  background-color: rgb(73, 92, 94);\n}\n<\/style>\n\t<\/section>\n\t\n\t<div id=\"gap-1014632749\" class=\"gap-element clearfix\" style=\"display:block; height:auto;\">\n\t\t\n<style>\n#gap-1014632749 {\n  padding-top: 20px;\n}\n<\/style>\n\t<\/div>\n\t\n<p style=\"text-align: center\"><a href=\"..\/\"><u>\u00cenapoi la Tema 1<\/u><\/a><\/p>\n","protected":false},"excerpt":{"rendered":"<p>\u00cenapoi la Tema 1<\/p>\n","protected":false},"author":5,"featured_media":0,"parent":8269,"menu_order":2,"comment_status":"closed","ping_status":"closed","template":"page-blank.php","meta":{"footnotes":""},"class_list":["post-18417","page","type-page","status-publish","hentry"],"aioseo_notices":[],"_links":{"self":[{"href":"https:\/\/words-of-faith.org\/ro\/wp-json\/wp\/v2\/pages\/18417","targetHints":{"allow":["GET"]}}],"collection":[{"href":"https:\/\/words-of-faith.org\/ro\/wp-json\/wp\/v2\/pages"}],"about":[{"href":"https:\/\/words-of-faith.org\/ro\/wp-json\/wp\/v2\/types\/page"}],"author":[{"embeddable":true,"href":"https:\/\/words-of-faith.org\/ro\/wp-json\/wp\/v2\/users\/5"}],"replies":[{"embeddable":true,"href":"https:\/\/words-of-faith.org\/ro\/wp-json\/wp\/v2\/comments?post=18417"}],"version-history":[{"count":0,"href":"https:\/\/words-of-faith.org\/ro\/wp-json\/wp\/v2\/pages\/18417\/revisions"}],"up":[{"embeddable":true,"href":"https:\/\/words-of-faith.org\/ro\/wp-json\/wp\/v2\/pages\/8269"}],"wp:attachment":[{"href":"https:\/\/words-of-faith.org\/ro\/wp-json\/wp\/v2\/media?parent=18417"}],"curies":[{"name":"wp","href":"https:\/\/api.w.org\/{rel}","templated":true}]}}