{"id":18449,"date":"2020-07-21T10:34:18","date_gmt":"2020-07-21T08:34:18","guid":{"rendered":"https:\/\/aslaksen.bcc.no\/?page_id=18449"},"modified":"2020-11-02T09:58:45","modified_gmt":"2020-11-02T08:58:45","slug":"bucurati-va-in-nadejde","status":"publish","type":"page","link":"https:\/\/words-of-faith.org\/ro\/studiu-biblic\/tema-1\/bucurati-va-in-nadejde\/","title":{"rendered":"Bucura\u021bi-v\u0103 \u00een n\u0103dejde"},"content":{"rendered":"\n\t<section class=\"section\" id=\"section_759895856\">\n\t\t<div class=\"section-bg fill\" >\n\t\t\t\t\t\t\t\t\t\n\t\t\t\n\n\t\t<\/div>\n\n\t\t\n\n\t\t<div class=\"section-content relative\">\n\t\t\t\n<div class=\"row align-center\"  id=\"row-375394313\">\n\n\t<div id=\"col-1896236470\" class=\"col small-12 large-12\"  >\n\t\t\t\t<div class=\"col-inner\"  >\n\t\t\t\n\t\t\t\n<p class=\"breadcrumbs\"><a href=\"..\/\">Tema 1<\/a> \/ Mesaje<\/p>\n<h1>Bucura\u021bi-v\u0103 \u00een n\u0103dejde<\/h1>\n<p class=\"article-date\">Dintr-o vorbire \u021binut\u0103 \u00een 1963<\/p>\n<p class=\"article-author\">de Elias Aslaksen<\/p>\n\t\t<\/div>\n\t\t\t\t\t<\/div>\n\n\t\n\n<style>\n#row-375394313 > .col > .col-inner {\n  padding: 30px 0px 0px 0px;\n}\n<\/style>\n<\/div>\n<div class=\"row align-center audio\"  id=\"row-1052832563\">\n\n\t<div id=\"col-244914172\" class=\"col small-12 large-12\"  >\n\t\t\t\t<div class=\"col-inner\"  >\n\t\t\t\n\t\t\t\n<!--[if lt IE 9]><script>document.createElement('audio');<\/script><![endif]-->\n<audio class=\"wp-audio-shortcode\" id=\"audio-18449-1\" preload=\"none\" style=\"width: 100%;\" controls=\"controls\"><source type=\"audio\/mpeg\" src=\"\/audio\/Tema%201\/rom\/Elias%20Aslaksen%20-%20V\u00e6r%20glade%20i%20h\u00e5pet%20-%20Bucura\u021bi-v\u0103%20\u00een%20n\u0103dejde.mp3?_=1\" \/><a href=\"\/audio\/Tema%201\/rom\/Elias%20Aslaksen%20-%20V\u00e6r%20glade%20i%20h\u00e5pet%20-%20Bucura\u021bi-v\u0103%20\u00een%20n\u0103dejde.mp3\">\/audio\/Tema%201\/rom\/Elias%20Aslaksen%20-%20V\u00e6r%20glade%20i%20h\u00e5pet%20-%20Bucura\u021bi-v\u0103%20\u00een%20n\u0103dejde.mp3<\/a><\/audio>\n<p class=\"click-to-listen\">Click pentru a asculta mesajul.<\/p>\n\t\t<\/div>\n\t\t\t\t\t<\/div>\n\n\t\n<\/div>\n<div class=\"row align-center article article-excerpt\"  id=\"row-1579243896\">\n\n\t<div id=\"col-1429183377\" class=\"col small-12 large-12\"  >\n\t\t\t\t<div class=\"col-inner text-left\"  >\n\t\t\t\n\t\t\t\n<p>Omul lupt\u0103 \u0219i se chinuie cu ceea ce nu-i f\u0103cut, cu ce nu-i \u00een ordine, cu ce ar trebui s\u0103 fie altfel, \u0219i merge greu, \u0219i merge r\u0103u, \u0219i mai e mult \u2013 \u0219i deja a trecut mult timp&#8230; totul pare \u00eentunecat. At\u00e2t de \u00eentunecat, \u00eenc\u00e2t sugrum\u0103 bucuria pentru ce a realizat deja. Ceea ce lipse\u0219te, lucrul principal, este bucuria \u00een n\u0103dejde. C\u0103ci n\u0103dejdea nu are nimic de-a face cu ce a f\u0103cut omul, cu ce am primit, cu ce s-a \u00eent\u00e2mplat, are de-a face doar cu ceea ce \u00eenc\u0103 nu s-a \u00eent\u00e2mplat.<\/p>\n<p>Iar c\u00e2nd n\u0103dejdea devine vie, \u0219i devin plin de bucurie \u00een n\u0103dejde, atunci tot ce este greu \u0219i trist &#8211; pur \u0219i simplu se evapor\u0103. Atunci sunt plin de bucurie \u00een n\u0103dejdea c\u0103 lucrurile care \u00eenc\u0103 nu sunt \u00een ordine, vor fi puse \u00een ordine, \u0219i sunt plin de bucurie pentru lucrurile care deja sunt \u00een ordine. Iar atunci este doar bucurie, de jur \u00eemprejur. Bucuria mea \u00een n\u0103dejde elibereaz\u0103 deci bucuria pentru lucrurile care deja s-au \u00eent\u00e2mplat \u2013 astfel bucuria devine dubl\u0103. Devine bucurie pentru toate lucrurile, \u00een n\u0103dejde! Iar bucuria \u00een Dumnezeu este o putere fenomenal\u0103! Exact prin bucuria \u00een n\u0103dejde mergi \u00eenainte cu vitez\u0103 maxim\u0103! Este cu totul altceva dec\u00e2t a fi dezn\u0103d\u0103jduit.<\/p>\n<p>Acest lucru este at\u00e2t de str\u0103in, at\u00e2t de necunoscut, at\u00e2t de nou, \u00eenc\u00e2t este extrem de greu s\u0103 ajungi repede la bucurie \u00een n\u0103dejde. Ia timp. Dar crucial este s\u0103 \u00een\u021beleg c\u0103 via\u021ba depinde de a fi plin de bucurie \u00een n\u0103dejde. \u0218i atunci omul trebuie s\u0103 fac\u0103 tot ce poate, s\u0103 o caut, s\u0103 lucreze pentru ea, s\u0103 lucreze la m\u00e2ntuirea sufletului s\u0103u. Totul depinde de bucuria \u00een n\u0103dejde! Ea declan\u0219eaz\u0103 toate lucrurile bune \u0219i \u00eendep\u0103rteaz\u0103 tot ce este r\u0103u \u0219i \u00eentunecat \u0219i \u00eence\u021bo\u0219at. N\u0103dejdea este unul dintre cele mai minunate lucruri care exist\u0103 pe p\u0103m\u00e2nt. \u00cen ceruri nu avem nevoie de vreo n\u0103dejde. C\u0103ci acolo totul este \u00een ordine. Dar aici, \u00een timpul pribegiei, n\u0103dejdea decide totul.<\/p>\n\t\t<\/div>\n\t\t\t\t\t<\/div>\n\n\t\n\n\t<div id=\"col-1977552753\" class=\"col copyright small-12 large-12\"  >\n\t\t\t\t<div class=\"col-inner text-left\"  >\n\t\t\t\n\t\t\t\n<div>\u00a9 Copyright Stiftelsen Skjulte Skatters Forlag<\/div>\n\t\t<\/div>\n\t\t\t\t\t<\/div>\n\n\t\n\n\t<div id=\"col-97645263\" class=\"col small-12 large-12\"  >\n\t\t\t\t<div class=\"col-inner text-left\"  >\n\t\t\t\n\t\t\t\n<div><a class=\"read-more\" href=\"#\">Cite\u0219te mai departe<\/a><\/div>\n\t\t<\/div>\n\t\t\t\t\t<\/div>\n\n\t\n\n\t<div id=\"col-1175577431\" class=\"col small-12 large-12\"  >\n\t\t\t\t<div class=\"col-inner text-left\"  >\n\t\t\t\n\t\t\t\n<p class=\"next-previous-message\"><a class=\"previous\" href=\"..\/as-you-have-believed-so-let-it-be-done-for-you\/\"><i class=\"icon-angle-left\"><\/i> Precedentul<\/a><a class=\"next\" href=\"..\/believe-like-abraham-did\/\">Urm\u0103torul <i class=\"icon-angle-right\"><\/i><\/a><\/p>\n\t\t<\/div>\n\t\t\t\t\t<\/div>\n\n\t\n<\/div>\n\t\t<\/div>\n\n\t\t\n<style>\n#section_759895856 {\n  padding-top: 0px;\n  padding-bottom: 0px;\n  margin-bottom: 0px;\n}\n@media (min-width:550px) {\n  #section_759895856 {\n    padding-top: 0px;\n    padding-bottom: 0px;\n  }\n}\n<\/style>\n\t<\/section>\n\t\n\n\t<section class=\"section food-for-thought\" id=\"section_1301151053\">\n\t\t<div class=\"section-bg fill\" >\n\t\t\t\t\t\t\t\t\t\n\t\t\t\n\n\t\t<\/div>\n\n\t\t\n\n\t\t<div class=\"section-content relative\">\n\t\t\t\n<div class=\"row align-center\"  id=\"row-1573646341\">\n\n\t<div id=\"col-1907685331\" class=\"col title small-12 large-12\"  >\n\t\t\t\t<div class=\"col-inner text-left dark\"  >\n\t\t\t\n\t\t\t\n<h2>Un g\u00e2nd de cugetat<\/h2>\n\t\t<\/div>\n\t\t\t\t\t<\/div>\n\n\t\n\n\t<div id=\"col-1082517969\" class=\"col small-12 large-12\"  >\n\t\t\t\t<div class=\"col-inner dark\"  >\n\t\t\t\n\t\t\t\n<p>\u00cen vorbirea \u00abBucura\u021bi-v\u0103 \u00een n\u0103dejde\u00bb, Aslaksen spune c\u0103 n\u0103dejdea constituie totul. Ce crezi TU c\u0103 vrea s\u0103 spun\u0103 cu asta? <\/p>\n<p class='info'>You have to <a href='\/login\/'>log in<\/a> if you want to save your answer.<\/p>\n\t\t<\/div>\n\t\t\t\t\t<\/div>\n\n\t\n<\/div>\n\t\t<\/div>\n\n\t\t\n<style>\n#section_1301151053 {\n  padding-top: 30px;\n  padding-bottom: 30px;\n  background-color: rgb(73, 92, 94);\n}\n<\/style>\n\t<\/section>\n\t\n\t<div id=\"gap-1908414243\" class=\"gap-element clearfix\" style=\"display:block; height:auto;\">\n\t\t\n<style>\n#gap-1908414243 {\n  padding-top: 20px;\n}\n<\/style>\n\t<\/div>\n\t\n<p style=\"text-align: center;\"><a href=\"..\/\"><u>\u00cenapoi la Tema 1<\/u><\/a><\/p>\n","protected":false},"excerpt":{"rendered":"<p>\u00cenapoi la Tema 1<\/p>\n","protected":false},"author":5,"featured_media":0,"parent":8269,"menu_order":3,"comment_status":"closed","ping_status":"closed","template":"page-blank.php","meta":{"footnotes":""},"class_list":["post-18449","page","type-page","status-publish","hentry"],"aioseo_notices":[],"_links":{"self":[{"href":"https:\/\/words-of-faith.org\/ro\/wp-json\/wp\/v2\/pages\/18449","targetHints":{"allow":["GET"]}}],"collection":[{"href":"https:\/\/words-of-faith.org\/ro\/wp-json\/wp\/v2\/pages"}],"about":[{"href":"https:\/\/words-of-faith.org\/ro\/wp-json\/wp\/v2\/types\/page"}],"author":[{"embeddable":true,"href":"https:\/\/words-of-faith.org\/ro\/wp-json\/wp\/v2\/users\/5"}],"replies":[{"embeddable":true,"href":"https:\/\/words-of-faith.org\/ro\/wp-json\/wp\/v2\/comments?post=18449"}],"version-history":[{"count":0,"href":"https:\/\/words-of-faith.org\/ro\/wp-json\/wp\/v2\/pages\/18449\/revisions"}],"up":[{"embeddable":true,"href":"https:\/\/words-of-faith.org\/ro\/wp-json\/wp\/v2\/pages\/8269"}],"wp:attachment":[{"href":"https:\/\/words-of-faith.org\/ro\/wp-json\/wp\/v2\/media?parent=18449"}],"curies":[{"name":"wp","href":"https:\/\/api.w.org\/{rel}","templated":true}]}}