{"id":18481,"date":"2020-07-21T10:43:49","date_gmt":"2020-07-21T08:43:49","guid":{"rendered":"https:\/\/aslaksen.bcc.no\/?page_id=18481"},"modified":"2020-11-02T10:13:33","modified_gmt":"2020-11-02T09:13:33","slug":"a-crede-ca-avram","status":"publish","type":"page","link":"https:\/\/words-of-faith.org\/ro\/studiu-biblic\/tema-1\/a-crede-ca-avram\/","title":{"rendered":"A crede, ca Avram"},"content":{"rendered":"\n\t<section class=\"section\" id=\"section_1577645932\">\n\t\t<div class=\"section-bg fill\" >\n\t\t\t\t\t\t\t\t\t\n\t\t\t\n\n\t\t<\/div>\n\n\t\t\n\n\t\t<div class=\"section-content relative\">\n\t\t\t\n<div class=\"row align-center\"  id=\"row-397873847\">\n\n\t<div id=\"col-1779534049\" class=\"col small-12 large-12\"  >\n\t\t\t\t<div class=\"col-inner\"  >\n\t\t\t\n\t\t\t\n<p class=\"breadcrumbs\"><a href=\"..\/\">Tema 1<\/a> \/ Mesaje<\/p>\n<h1>A crede, ca Avram<\/h1>\n<p class=\"article-date\">Comori Ascunse, publicat \u00een decembrie 1988<\/p>\n<p class=\"article-author\">de Elias Aslaksen<\/p>\n\t\t<\/div>\n\t\t\t\t\t<\/div>\n\n\t\n\n<style>\n#row-397873847 > .col > .col-inner {\n  padding: 30px 0px 0px 0px;\n}\n<\/style>\n<\/div>\n<div class=\"row align-center audio\"  id=\"row-1794406761\">\n\n\t<div id=\"col-1892970800\" class=\"col small-12 large-12\"  >\n\t\t\t\t<div class=\"col-inner\"  >\n\t\t\t\n\t\t\t\n<!--[if lt IE 9]><script>document.createElement('audio');<\/script><![endif]-->\n<audio class=\"wp-audio-shortcode\" id=\"audio-18481-1\" preload=\"none\" style=\"width: 100%;\" controls=\"controls\"><source type=\"audio\/mpeg\" src=\"\/audio\/Tema%201\/rom\/(5)%20Elias%20Aslaksen%20-%20\u00c5%20tro,%20likesom%20Abraham%20ROM.mp3?_=1\" \/><a href=\"\/audio\/Tema%201\/rom\/(5)%20Elias%20Aslaksen%20-%20\u00c5%20tro,%20likesom%20Abraham%20ROM.mp3\">\/audio\/Tema%201\/rom\/(5)%20Elias%20Aslaksen%20-%20\u00c5%20tro,%20likesom%20Abraham%20ROM.mp3<\/a><\/audio>\n<p class=\"click-to-listen\">Click pentru a asculta mesajul.<\/p>\n\t\t<\/div>\n\t\t\t\t\t<\/div>\n\n\t\n<\/div>\n<div class=\"row align-center article article-excerpt\"  id=\"row-104798998\">\n\n\t<div id=\"col-67381223\" class=\"col small-12 large-12\"  >\n\t\t\t\t<div class=\"col-inner text-left\"  >\n\t\t\t\n\t\t\t\n<p>Geneza 14, 24 \u0219i 15, 1 \u0219i 5-6 \u0219i 17, 1, Romani 4, 16-21.<\/p>\n<p>Avraam nu a crezut doar c\u0103 Dumnezeu exist\u0103, \u0219i c\u0103 era un Dumnezeu puternic, ci a crezut ceea ce Dumnezeu i-a spus! El a crezut cu cea mai mare \u00eencredere c\u0103 Dumnezeu va face ceea ce-i promisese, chiar dac\u0103 pentru \u00een\u021belegerea proprie acest lucru p\u0103rea complet imposibil.<\/p>\n<p>A\u0219adar asta \u00eenseamn\u0103 a avea credin\u021ba lui Avraam, \u0219i a fi copil al lui Avraam.<\/p>\n<p>A fi copil al Tat\u0103lui nostru Ceresc, acum \u00een timpul noului leg\u0103m\u00e2nt, \u00eenseamn\u0103 a crede \u0219i a fi ascult\u0103tor de toate cuvintele vie\u021bii pe care Isus le-a spus \u0219i de cuvintele pe care apostolii le-au scris \u00een scrisorile lor, \u00eenc\u00e2t s\u0103 fim ascult\u0103tori de ele, de tot ce este scris \u00een predica de pe munte \u0219i toate celelalte cuvinte din Noul Testament, care sunt \u00een perfect\u0103 concordan\u021b\u0103 cu aceast\u0103 vorbire faimoas\u0103 a lui Isus \u00eensu\u0219i, la fel cum Avraam a fost credincios \u0219i ascult\u0103tor fa\u021b\u0103 de Dumnezeu atunci c\u00e2nd a jertfit pe fiul s\u0103u Isaac! Cite\u0219te Rom. 1,5 \u0219i 16,20, Mat. 28,20, Evrei 5,9 \u0219i 2.Tes. 1,5-10.<\/p>\n<p>A crede cu adev\u0103rat \u00een Isus, obligatoriu este a crede \u00een cuvintele \u0219i f\u0103g\u0103duin\u021bele Lui. La r\u00e2ndul s\u0103u, aceasta include cu siguran\u021b\u0103 a crede c\u0103 noi trebuie s\u0103 \u00eendeplinim condi\u021biile pentru ca f\u0103g\u0103duin\u021bele s\u0103 se \u00eendeplineasc\u0103! Dumnezeu i-a spus lui Avraam: \u201eUmbl\u0103 \u00eenaintea Mea, \u0219i fii f\u0103r\u0103 prihan\u0103.\u201d. Sau: des\u0103v\u00e2r\u0219it \u0219i f\u0103r\u0103 pat\u0103! Aceast\u0103 ascultare des\u0103v\u00e2r\u0219it\u0103 o vedem c\u00e2nd a trebuit s\u0103-l jertfeasc\u0103 pe Isaac!!! \u2013<\/p>\n<p>Exact la fel este \u00een noul leg\u0103m\u00e2nt pe care l-a adus Isus, \u00eens\u0103 \u00eentr-un grad mult, mult mai puternic \u0219i mai profund! \u201eVoi fi\u021bi dar des\u0103v\u00e2r\u0219i\u021bi, dup\u0103 cum \u0219i Tat\u0103l vostru cel ceresc este des\u0103v\u00e2r\u0219it.\u201d Mat. 5,48, Ef. 5,27, 2. Pet. 3,11 \u0219i 14.<\/p>\n<p>C\u00e2nd omul nu crede cuvintele lui Isus despre faptul c\u0103 trebuie s\u0103 fim ascult\u0103tori, atunci omul \u00eel face pe Isus un mincinos \u0219i unul care duce \u00een r\u0103t\u0103cire, f\u0103r\u0103 ca omul s\u0103 spun\u0103 sau s\u0103 considere asta. Dar prin aceast\u0103 atitudine f\u0103r\u0103 sens chiar a\u0219a devine. Astfel omul pur \u0219i simplu l-a lep\u0103dat! &#8211; Atunci omul \u00eentr-adev\u0103r a lep\u0103dat \u0219i vestea Lui adev\u0103rat\u0103 \u0219i bun\u0103 \u0219i \u00eembucur\u0103toare, evanghelia Lui! C\u0103ci ea con\u021bine vestea de a asculta toate cuvintele Lui \u00een fapte \u0219i \u00een adev\u0103r, pentru a fi transformat \u0219i preschimbat \u00een interior, a umbla pe urmele Lui, a deveni ca El, a primi parte de natur\u0103 dumnezeiasc\u0103.<\/p>\n<p>Exact despre asta este vorba \u00een aproape tot Noul Testament!!! Dac\u0103 omul nu poate vedea asta, atunci cu siguran\u021b\u0103 trebuie s\u0103 fie orb!!! \u2013 \u0218i asta este din cauza \u00eendoielii fa\u021b\u0103 de Cuv\u00e2nt. De aceea este aproape ironic s\u0103 se numeasc\u0103 credincios.<\/p>\n<p>Iacov scrie foarte potrivit c\u0103 atunci c\u00e2nd credin\u021ba cuiva nu are fapte (sau ascultare), acela are aceea\u0219i credin\u021b\u0103 ca \u0219i Satan. Printr-o astfel de credin\u021b\u0103 nu suntem izb\u0103vi\u021bi de a p\u0103c\u0103tui! Iac. 2,19.<\/p>\n\t\t<\/div>\n\t\t\t\t\t<\/div>\n\n\t\n\n\t<div id=\"col-1746947607\" class=\"col copyright small-12 large-12\"  >\n\t\t\t\t<div class=\"col-inner text-left\"  >\n\t\t\t\n\t\t\t\n<div>\u00a9 Copyright Stiftelsen Skjulte Skatters Forlag<\/div>\n\t\t<\/div>\n\t\t\t\t\t<\/div>\n\n\t\n\n\t<div id=\"col-1249648752\" class=\"col small-12 large-12\"  >\n\t\t\t\t<div class=\"col-inner text-left\"  >\n\t\t\t\n\t\t\t\n<div><a class=\"read-more\" href=\"#\">Cite\u0219te mai departe<\/a><\/div>\n\t\t<\/div>\n\t\t\t\t\t<\/div>\n\n\t\n\n\t<div id=\"col-1286580349\" class=\"col small-12 large-12\"  >\n\t\t\t\t<div class=\"col-inner text-left\"  >\n\t\t\t\n\t\t\t\n<p class=\"next-previous-message\"><a class=\"previous\" href=\"..\/rejoice-in-hope\/\"><i class=\"icon-angle-left\"><\/i> Precedentul<\/a><a class=\"next\" href=\"..\/god-is-truthful\/\">Urm\u0103torul <i class=\"icon-angle-right\"><\/i><\/a><\/p>\n\t\t<\/div>\n\t\t\t\t\t<\/div>\n\n\t\n<\/div>\n\t\t<\/div>\n\n\t\t\n<style>\n#section_1577645932 {\n  padding-top: 0px;\n  padding-bottom: 0px;\n  margin-bottom: 0px;\n}\n@media (min-width:550px) {\n  #section_1577645932 {\n    padding-top: 0px;\n    padding-bottom: 0px;\n  }\n}\n<\/style>\n\t<\/section>\n\t\n\n\t<section class=\"section food-for-thought\" id=\"section_1109419508\">\n\t\t<div class=\"section-bg fill\" >\n\t\t\t\t\t\t\t\t\t\n\t\t\t\n\n\t\t<\/div>\n\n\t\t\n\n\t\t<div class=\"section-content relative\">\n\t\t\t\n<div class=\"row align-center\"  id=\"row-1038439143\">\n\n\t<div id=\"col-1192132050\" class=\"col title small-12 large-12\"  >\n\t\t\t\t<div class=\"col-inner text-left dark\"  >\n\t\t\t\n\t\t\t\n<h2>Un g\u00e2nd de cugetat<\/h2>\n\t\t<\/div>\n\t\t\t\t\t<\/div>\n\n\t\n\n\t<div id=\"col-1534596922\" class=\"col small-12 large-12\"  >\n\t\t\t\t<div class=\"col-inner dark\"  >\n\t\t\t\n\t\t\t\n<p>Ce \u00eenseamn\u0103 a crede, conform cu ceea ce scrie Aslaksen \u00een bro\u0219ura \u00abA crede, la fel ca Avraam\u00bb?<\/p>\n<ul class=\"question-answers\">\n<li>A m\u0103rturisi c\u0103 Dumnezeu este Atotputernic<\/li>\n<li>Ca noi s\u0103 fim ascult\u0103tori de fiecare Cuv\u00e2nt al lui Dumnezeu<\/li>\n<li>Ca noi s\u0103 \u00eendeplinim exact condi\u021biile<\/li>\n<\/ul>\n<p class='info'>You have to <a href='\/login\/'>log in<\/a> if you want to save your answer.<\/p>\n\t\t<\/div>\n\t\t\t\t\t<\/div>\n\n\t\n<\/div>\n\t\t<\/div>\n\n\t\t\n<style>\n#section_1109419508 {\n  padding-top: 30px;\n  padding-bottom: 30px;\n  background-color: rgb(73, 92, 94);\n}\n<\/style>\n\t<\/section>\n\t\n\t<div id=\"gap-1731564243\" class=\"gap-element clearfix\" style=\"display:block; height:auto;\">\n\t\t\n<style>\n#gap-1731564243 {\n  padding-top: 20px;\n}\n<\/style>\n\t<\/div>\n\t\n<p style=\"text-align: center;\"><a href=\"..\/\"><u>\u00cenapoi la Tema 1<\/u><\/a><\/p>\n","protected":false},"excerpt":{"rendered":"<p>\u00cenapoi la Tema 1<\/p>\n","protected":false},"author":5,"featured_media":0,"parent":8269,"menu_order":4,"comment_status":"closed","ping_status":"closed","template":"page-blank.php","meta":{"footnotes":""},"class_list":["post-18481","page","type-page","status-publish","hentry"],"aioseo_notices":[],"_links":{"self":[{"href":"https:\/\/words-of-faith.org\/ro\/wp-json\/wp\/v2\/pages\/18481","targetHints":{"allow":["GET"]}}],"collection":[{"href":"https:\/\/words-of-faith.org\/ro\/wp-json\/wp\/v2\/pages"}],"about":[{"href":"https:\/\/words-of-faith.org\/ro\/wp-json\/wp\/v2\/types\/page"}],"author":[{"embeddable":true,"href":"https:\/\/words-of-faith.org\/ro\/wp-json\/wp\/v2\/users\/5"}],"replies":[{"embeddable":true,"href":"https:\/\/words-of-faith.org\/ro\/wp-json\/wp\/v2\/comments?post=18481"}],"version-history":[{"count":0,"href":"https:\/\/words-of-faith.org\/ro\/wp-json\/wp\/v2\/pages\/18481\/revisions"}],"up":[{"embeddable":true,"href":"https:\/\/words-of-faith.org\/ro\/wp-json\/wp\/v2\/pages\/8269"}],"wp:attachment":[{"href":"https:\/\/words-of-faith.org\/ro\/wp-json\/wp\/v2\/media?parent=18481"}],"curies":[{"name":"wp","href":"https:\/\/api.w.org\/{rel}","templated":true}]}}