{"id":18513,"date":"2020-07-21T10:48:00","date_gmt":"2020-07-21T08:48:00","guid":{"rendered":"https:\/\/aslaksen.bcc.no\/?page_id=18513"},"modified":"2020-11-02T10:06:41","modified_gmt":"2020-11-02T09:06:41","slug":"dumnezeu-este-adevarat","status":"publish","type":"page","link":"https:\/\/words-of-faith.org\/ro\/studiu-biblic\/tema-1\/dumnezeu-este-adevarat\/","title":{"rendered":"Dumnezeu este adev\u0103rat"},"content":{"rendered":"\n\t<section class=\"section\" id=\"section_647219005\">\n\t\t<div class=\"section-bg fill\" >\n\t\t\t\t\t\t\t\t\t\n\t\t\t\n\n\t\t<\/div>\n\n\t\t\n\n\t\t<div class=\"section-content relative\">\n\t\t\t\n<div class=\"row align-center\"  id=\"row-1405178265\">\n\n\t<div id=\"col-584098473\" class=\"col small-12 large-12\"  >\n\t\t\t\t<div class=\"col-inner\"  >\n\t\t\t\n\t\t\t\n<p class=\"breadcrumbs\"><a href=\"..\/\">Tema 1<\/a> \/ Mesaje<\/p>\n<h1>Dumnezeu este adev\u0103rat<\/h1>\n<p class=\"article-date\">Comori Ascunse, publicat \u00een ianuarie 1982<\/p>\n<p class=\"article-author\">de Elias Aslaksen<\/p>\n\t\t<\/div>\n\t\t\t\t\t<\/div>\n\n\t\n\n<style>\n#row-1405178265 > .col > .col-inner {\n  padding: 30px 0px 0px 0px;\n}\n<\/style>\n<\/div>\n<div class=\"row align-center audio\"  id=\"row-1598185476\">\n\n\t<div id=\"col-2091508112\" class=\"col small-12 large-12\"  >\n\t\t\t\t<div class=\"col-inner\"  >\n\t\t\t\n\t\t\t\n<!--[if lt IE 9]><script>document.createElement('audio');<\/script><![endif]-->\n<audio class=\"wp-audio-shortcode\" id=\"audio-18513-1\" preload=\"none\" style=\"width: 100%;\" controls=\"controls\"><source type=\"audio\/mpeg\" src=\"\/audio\/Tema%201\/rom\/(6)%20Elias%20Aslaksen%20-%20Gud%20er%20sanndru%20ROM.mp3?_=1\" \/><a href=\"\/audio\/Tema%201\/rom\/(6)%20Elias%20Aslaksen%20-%20Gud%20er%20sanndru%20ROM.mp3\">\/audio\/Tema%201\/rom\/(6)%20Elias%20Aslaksen%20-%20Gud%20er%20sanndru%20ROM.mp3<\/a><\/audio>\n<p class=\"click-to-listen\">Click pentru a asculta mesajul.<\/p>\n\t\t<\/div>\n\t\t\t\t\t<\/div>\n\n\t\n<\/div>\n<div class=\"row align-center article article-excerpt\"  id=\"row-908322901\">\n\n\t<div id=\"col-1381370851\" class=\"col small-12 large-12\"  >\n\t\t\t\t<div class=\"col-inner text-left\"  >\n\t\t\t\n\t\t\t\n<p>Fiecare cuv\u00e2nt al lui Dumnezeu este adev\u0103rat. Dumnezeu \u00eempline\u0219te tot ce a promis. De aceea ar trebui s\u0103 credem fiecare cuv\u00e2nt al vie\u021bii, exact, complet \u0219i total. \u0218i \u00eendeplinind toate condi\u021biile pe de-a-ntregul, astfel apuc\u0103m pe deplin tot ce este promis. Nu se g\u0103sesc excep\u021bii. Iar Dumnezeu nu se uit\u0103 la fa\u021ba omului, sau nu face diferen\u021b\u0103 \u00eentre oameni. El nu poate min\u021bi sau tr\u0103da. Cuv\u00e2ntul lui Dumnezeu este singurul complet adev\u0103rat! \u0218i atunci cine nu ar crede totul?<\/p>\n<p>C\u00e2nd noi credem f\u0103r\u0103 a ne \u00eendoi, atunci se \u00eent\u00e2mpl\u0103 ceea ce credem, atunci ob\u021binem acel lucru. Efectul nu poate lipsi. Poate s\u0103 ia ceva timp, dar vine! \u2013 Cel ce se smere\u0219te va fi \u00een\u0103l\u021bat! Nu exist\u0103 niciun drum de ocolire. Se \u00eent\u00e2mpl\u0103 la fel de adev\u0103rat ca faptul c\u0103 Dumnezeu tr\u0103ie\u0219te! Iar dac\u0103 omul se \u00eencumet\u0103 s\u0103 aib\u0103 g\u00e2nduri mari despre sine \u00eensu\u0219i, sau cu alte cuvinte, s\u0103 se \u00eenal\u021be pe sine, pe c\u00e2t adev\u0103rat este c\u0103 Dumnezeu tr\u0103ie\u0219te, el va fi \u00eenjosit. Dumnezeu face asta cu credincio\u0219ie. \u0218i atunci este inevitabil!<\/p>\n<p>\u00abDa\u021bi, \u0219i vi se va da!\u00bb Adic\u0103 din inim\u0103 \u0219i cu bucurie. Atunci nu exist\u0103 absolut nicio alt\u0103 variant\u0103 dec\u00e2t s\u0103 ni se dea \u00eenapoi. Dumnezeu \u00eensu\u0219i aranjeaz\u0103 asta, cu o credincio\u0219ie care nu tr\u0103deaz\u0103 niciodat\u0103! C\u0103ci oamenii se r\u0103zg\u00e2ndesc repede s\u0103 mai fac\u0103 una \u0219i alta. Din partea lui Dumnezeu nu exist\u0103 r\u0103zg\u00e2ndire.<\/p>\n<p>Putem lua \u00eentreg Cuv\u00e2ntul lui Dumnezeu, toate cuvintele vie\u021bii, ca exemplu. Se \u00eempline\u0219te automat, ne\u00eentrerupt. \u2013 De ce majoritatea credincio\u0219ilor citesc a\u0219a m\u00e2hnitor de pu\u021bin, \u0219i a\u0219a dureros de superficial \u00een Cuv\u00e2ntul lui Dumnezeu? Pentru c\u0103 ei nu \u0219tiu sau nu cred c\u0103 este a\u0219a. Pu\u021bin ajut\u0103 s\u0103-l citeasc\u0103, sau chiar s\u0103-l aud\u0103, c\u00e2nd omul nu are o credin\u021b\u0103 vie \u00een adev\u0103rul S\u0103u infailibil, sau c\u00e2nd omul nu \u00eendepline\u0219te condi\u021biile, sau nici m\u0103car nu \u0219tie, sau nu vede, c\u0103 exist\u0103 condi\u021bii pentru tot ce este f\u0103g\u0103duit! \u2014<\/p>\n<p>\u00ab Toate lucrurile sunt cu putin\u021b\u0103 celui ce crede!\u00bb \u00abFac\u0103-\u021bi-se dup\u0103 credin\u021ba ta!\u00bb \u00abF\u0103r\u0103 credin\u021b\u0103 este cu neputin\u021b\u0103 s\u0103 fim pl\u0103cu\u021bi Lui!\u00bb \u2014<\/p>\n\t\t<\/div>\n\t\t\t\t\t<\/div>\n\n\t\n\n\t<div id=\"col-1924093348\" class=\"col copyright small-12 large-12\"  >\n\t\t\t\t<div class=\"col-inner text-left\"  >\n\t\t\t\n\t\t\t\n<div>\u00a9 Copyright Stiftelsen Skjulte Skatters Forlag<\/div>\n\t\t<\/div>\n\t\t\t\t\t<\/div>\n\n\t\n\n\t<div id=\"col-1098590524\" class=\"col small-12 large-12\"  >\n\t\t\t\t<div class=\"col-inner text-left\"  >\n\t\t\t\n\t\t\t\n<div><a class=\"read-more\" href=\"#\">Cite\u0219te mai departe<\/a><\/div>\n\t\t<\/div>\n\t\t\t\t\t<\/div>\n\n\t\n\n\t<div id=\"col-615598393\" class=\"col small-12 large-12\"  >\n\t\t\t\t<div class=\"col-inner text-left\"  >\n\t\t\t\n\t\t\t\n<p class=\"next-previous-message\"><a class=\"previous\" href=\"..\/believe-like-abraham-did\/\"><i class=\"icon-angle-left\"><\/i> Precedentul<\/a><a class=\"next\" href=\"..\/believe-in-the-god-of-miracles\/\">Urm\u0103torul <i class=\"icon-angle-right\"><\/i><\/a><\/p>\n\t\t<\/div>\n\t\t\t\t\t<\/div>\n\n\t\n<\/div>\n\t\t<\/div>\n\n\t\t\n<style>\n#section_647219005 {\n  padding-top: 0px;\n  padding-bottom: 0px;\n  margin-bottom: 0px;\n}\n@media (min-width:550px) {\n  #section_647219005 {\n    padding-top: 0px;\n    padding-bottom: 0px;\n  }\n}\n<\/style>\n\t<\/section>\n\t\n\n\t<section class=\"section food-for-thought\" id=\"section_2085752753\">\n\t\t<div class=\"section-bg fill\" >\n\t\t\t\t\t\t\t\t\t\n\t\t\t\n\n\t\t<\/div>\n\n\t\t\n\n\t\t<div class=\"section-content relative\">\n\t\t\t\n<div class=\"row align-center\"  id=\"row-617977648\">\n\n\t<div id=\"col-16602854\" class=\"col title small-12 large-12\"  >\n\t\t\t\t<div class=\"col-inner text-left dark\"  >\n\t\t\t\n\t\t\t\n<h2>Un g\u00e2nd de cugetat<\/h2>\n\t\t<\/div>\n\t\t\t\t\t<\/div>\n\n\t\n\n\t<div id=\"col-481047015\" class=\"col small-12 large-12\"  >\n\t\t\t\t<div class=\"col-inner dark\"  >\n\t\t\t\n\t\t\t\n<p>Cite\u0219te sau ascult\u0103 scrierea \u201eDumnezeu este adev\u0103r\u201d: G\u0103se\u0219te o f\u0103g\u0103duin\u021b\u0103 \u00een Biblie la care nu te-ai g\u00e2ndit \u00eenainte \u0219i scrie versetul din biblie \u00een chenarul de mai jos. Dac\u0103 vrei po\u021bi nota \u0219i ce se va \u00eent\u00e2mpla cu tine personal, dac\u0103 crezi exact a\u0219a cum este scris. Cite\u0219te contextul &#8211; po\u021bi g\u0103si condi\u021biile legate de f\u0103g\u0103duin\u021b\u0103?<\/p>\n<p class='info'>You have to <a href='\/login\/'>log in<\/a> if you want to save your answer.<\/p>\n\t\t<\/div>\n\t\t\t\t\t<\/div>\n\n\t\n<\/div>\n\t\t<\/div>\n\n\t\t\n<style>\n#section_2085752753 {\n  padding-top: 30px;\n  padding-bottom: 30px;\n  background-color: rgb(73, 92, 94);\n}\n<\/style>\n\t<\/section>\n\t\n\t<div id=\"gap-691356008\" class=\"gap-element clearfix\" style=\"display:block; height:auto;\">\n\t\t\n<style>\n#gap-691356008 {\n  padding-top: 20px;\n}\n<\/style>\n\t<\/div>\n\t\n<p style=\"text-align: center;\"><a href=\"..\/\"><u>\u00cenapoi la Tema 1<\/u><\/a><\/p>\n","protected":false},"excerpt":{"rendered":"<p>\u00cenapoi la Tema 1<\/p>\n","protected":false},"author":5,"featured_media":0,"parent":8269,"menu_order":5,"comment_status":"closed","ping_status":"closed","template":"page-blank.php","meta":{"footnotes":""},"class_list":["post-18513","page","type-page","status-publish","hentry"],"aioseo_notices":[],"_links":{"self":[{"href":"https:\/\/words-of-faith.org\/ro\/wp-json\/wp\/v2\/pages\/18513","targetHints":{"allow":["GET"]}}],"collection":[{"href":"https:\/\/words-of-faith.org\/ro\/wp-json\/wp\/v2\/pages"}],"about":[{"href":"https:\/\/words-of-faith.org\/ro\/wp-json\/wp\/v2\/types\/page"}],"author":[{"embeddable":true,"href":"https:\/\/words-of-faith.org\/ro\/wp-json\/wp\/v2\/users\/5"}],"replies":[{"embeddable":true,"href":"https:\/\/words-of-faith.org\/ro\/wp-json\/wp\/v2\/comments?post=18513"}],"version-history":[{"count":0,"href":"https:\/\/words-of-faith.org\/ro\/wp-json\/wp\/v2\/pages\/18513\/revisions"}],"up":[{"embeddable":true,"href":"https:\/\/words-of-faith.org\/ro\/wp-json\/wp\/v2\/pages\/8269"}],"wp:attachment":[{"href":"https:\/\/words-of-faith.org\/ro\/wp-json\/wp\/v2\/media?parent=18513"}],"curies":[{"name":"wp","href":"https:\/\/api.w.org\/{rel}","templated":true}]}}