{"id":10765,"date":"2020-05-14T20:00:25","date_gmt":"2020-05-14T18:00:25","guid":{"rendered":"https:\/\/aslaksen.bcc.no\/?page_id=10765"},"modified":"2020-08-21T12:05:33","modified_gmt":"2020-08-21T10:05:33","slug":"zatajiti-samega-sebe","status":"publish","type":"page","link":"https:\/\/words-of-faith.org\/sl\/biblijske-studije\/tema-2\/zatajiti-samega-sebe\/","title":{"rendered":"Zatajiti samega sebe"},"content":{"rendered":"\n\t<section class=\"section\" id=\"section_1819428843\">\n\t\t<div class=\"section-bg fill\" >\n\t\t\t\t\t\t\t\t\t\n\t\t\t\n\n\t\t<\/div>\n\n\t\t\n\n\t\t<div class=\"section-content relative\">\n\t\t\t\n<div class=\"row align-center\"  id=\"row-307204298\">\n\n\t<div id=\"col-710889098\" class=\"col small-12 large-12\"  >\n\t\t\t\t<div class=\"col-inner\"  >\n\t\t\t\n\t\t\t\n<p class=\"breadcrumbs\"><a href=\"..\/\">Theme 2<\/a> \/ Messages<\/p>\n<h1>Zatajiti samega sebe<\/h1>\n<p class=\"article-date\">Taleutdrag fra januar 1973<\/p>\n<p class=\"article-author\">av Elias Aslaksen<\/p>\n\t\t<\/div>\n\t\t\t\t\t<\/div>\n\n\t\n\n<style>\n#row-307204298 > .col > .col-inner {\n  padding: 30px 0px 0px 0px;\n}\n<\/style>\n<\/div>\n<div class=\"row align-center audio\"  id=\"row-1247445714\">\n\n\t<div id=\"col-1713569946\" class=\"col small-12 large-12\"  >\n\t\t\t\t<div class=\"col-inner\"  >\n\t\t\t\n\t\t\t\n<!--[if lt IE 9]><script>document.createElement('audio');<\/script><![endif]-->\n<audio class=\"wp-audio-shortcode\" id=\"audio-10765-1\" preload=\"none\" style=\"width: 100%;\" controls=\"controls\"><source type=\"audio\/mpeg\" src=\"\/audio\/Tema%202\/Slo\/Fornekte%20seg%20selv_SLO.mp3?_=1\" \/><a href=\"\/audio\/Tema%202\/Slo\/Fornekte%20seg%20selv_SLO.mp3\">\/audio\/Tema%202\/Slo\/Fornekte%20seg%20selv_SLO.mp3<\/a><\/audio>\n<p class=\"click-to-listen\">Click to listen to the speech.<\/p>\n\t\t<\/div>\n\t\t\t\t\t<\/div>\n\n\t\n<\/div>\n<div class=\"row align-center article article-excerpt\"  id=\"row-973257771\">\n\n\t<div id=\"col-1467600612\" class=\"col small-12 large-12\"  >\n\t\t\t\t<div class=\"col-inner text-left\"  >\n\t\t\t\n\t\t\t\n<p>Na za\u010detku in ponavadi za ve\u010dino tudi na koncu ima to zveze z mnogimi te\u017eavami in ovirami \u2013 in on je tak in on je tak. In ta je naredil to in on je rekel tisto in tako veliko te\u017eav je.<\/p>\n<p>&nbsp;To ni res, to ni prav. To je popolnoma napa\u010dno. In to pi\u0161e tukaj v tej besedi. Ampak tako je \u2013 \u010dlovek je tako povr\u0161en in zato tega ne vidi.<\/p>\n<p>Ne pi\u0161e, \u010de ho\u010de kdo hoditi za menoj, &nbsp;se mora spoprijeti z vsemi te\u017eavami in z vsemi situacijami \u2013 naj se odpove sebi, pi\u0161e. To je slavno zrno. Samo ena te\u017eava pod soncem je, samo ena ovira pod soncem, samo en problem je in samo en kompleks. In to smo mi sami. Kraj\u0161e in bolj\u0161e in enostavnej\u0161e ne morem povedati.<\/p>\n<p>In potem sledi ta stavek: tisti, ki je premagal samega sebe, je premagal vse. Torej to pomeni vse skupaj. Najhuj\u0161i ljudje se prito\u017eujejo nad svojimi raznimi te\u017eavami in govorijo o svojih boleznih no\u010d in dan. In tudi o drugih ljudeh. Z njim je tako te\u017eko in z njim je tako te\u017eko in ta je naredil to in ta je tak in tisti je tak \u2013&nbsp; in \u010de se to ne bi zgodilo bi bilo bolje z mano. To je \u010dista la\u017e vse skupaj. Ko se odpovem sebi, ko postavim sebe v ozadje, potem sem na poti \u017eivljenja, potem sem na ozki poti, potem sem pri\u0161el skozi ozka vrata in sem pri\u0161el na ozko pot. In tam imam ravno toliko prostora kot ga potrebujem, na zelo ozki poti. In tam je tako dobro, tam je tako prijetno.<\/p>\n<p>Potem sem kon\u010dal z vsem tem kar imam, za kar moram skrbeti in kar moram varovati itd.&nbsp; ni ve\u010d problemov, ni ve\u010d kompleksov, nobenih te\u017eav in ni\u010d zapletenega. In pomisli, vse s \u010dimer je nekdo kon\u010dal in potem vse s \u010dimer ni kon\u010dal \u2013 to povzro\u010di norost. Na primer, ves denar, ki ga ne potrebujem. \u2013 samo problemi in te\u017eave, vsaki\u010d ko ho\u010de\u0161 dati v kolekto ali kaj drugega, pridejo te\u017eave. In potem je treba paziti na \u010dast, ja skoraj vsi, prakti\u010dno vsi verni in ve\u010dina prijateljev v cerkvi se zanima za to, kaj ljudje mislijo o njih. In zato tudi ne morejo velikokrat dati pri\u010devanja. Spra\u0161ujejo se, kaj si bodo drugi potem mislili. In zato se ne morejo spreobrniti k Bogu. Potem razmi\u0161ljajo, kaj si bodo mislili sorodniki in kolegi. Vsak od nas je kot \u010dlovek naravnost nor in v tem je te\u017eava. V globini in \u0161irini in dol\u017eini, tam ni ni\u010d pozabljeno. To je edina te\u017eava pod soncem.<\/p>\n<p>Jaz sam, torej moja volja, moja \u017eelja, moj okus, vse kar mislim, to sem jaz sam. jaz se temu odpovem in potem z vsem srcem sledim Bo\u017eji besedi, potem sem pri\u0161el skozi ozka vrata in pri\u0161el na ozko pot in tam je tako dobro. Tam gre \u010dloveku izjemno dobro.<\/p>\n\t\t<\/div>\n\t\t\t\t\t<\/div>\n\n\t\n\n\t<div id=\"col-1176357490\" class=\"col copyright small-12 large-12\"  >\n\t\t\t\t<div class=\"col-inner text-left\"  >\n\t\t\t\n\t\t\t\n<div>\u00a9 Copyright Stiftelsen Skjulte Skatters Forlag<\/div>\n\t\t<\/div>\n\t\t\t\t\t<\/div>\n\n\t\n\n\t<div id=\"col-1141018919\" class=\"col small-12 large-12\"  >\n\t\t\t\t<div class=\"col-inner text-left\"  >\n\t\t\t\n\t\t\t\n<div><a href=\"#\" class=\"read-more\">Preberi ve\u010d<\/a><\/div>\n\t\t<\/div>\n\t\t\t\t\t<\/div>\n\n\t\n\n\t<div id=\"col-1314123821\" class=\"col small-12 large-12\"  >\n\t\t\t\t<div class=\"col-inner text-left\"  >\n\t\t\t\n\t\t\t\n<p class=\"next-previous-message\"><a class=\"previous\" href=\"\/sl\/bible-studies\/theme-2\/the-two-great-goals-in-a-christians-life\/\"><i class=\"icon-angle-left\"><\/i> Previous<\/a><a class=\"next\" href=\"\/sl\/bible-studies\/theme-2\/i-have-been-crucified-with-christ\/\">Next <i class=\"icon-angle-right\"><\/i><\/a><\/p>\n\t\t<\/div>\n\t\t\t\t\t<\/div>\n\n\t\n<\/div>\n\t\t<\/div>\n\n\t\t\n<style>\n#section_1819428843 {\n  padding-top: 0px;\n  padding-bottom: 0px;\n  margin-bottom: 0px;\n}\n@media (min-width:550px) {\n  #section_1819428843 {\n    padding-top: 0px;\n    padding-bottom: 0px;\n  }\n}\n<\/style>\n\t<\/section>\n\t\n\n\t<section class=\"section food-for-thought\" id=\"section_707697649\">\n\t\t<div class=\"section-bg fill\" >\n\t\t\t\t\t\t\t\t\t\n\t\t\t\n\n\t\t<\/div>\n\n\t\t\n\n\t\t<div class=\"section-content relative\">\n\t\t\t\n<div class=\"row align-center\"  id=\"row-1434519443\">\n\n\t<div id=\"col-2122533937\" class=\"col title small-12 large-12\"  >\n\t\t\t\t<div class=\"col-inner text-left dark\"  >\n\t\t\t\n\t\t\t\n<h2>Devotional<\/h2>\n\t\t<\/div>\n\t\t\t\t\t<\/div>\n\n\t\n\n\t<div id=\"col-1139358405\" class=\"col small-12 large-12\"  >\n\t\t\t\t<div class=\"col-inner dark\"  >\n\t\t\t\n\t\t\t\n<p>V govoru &#8220;Zataji samega sebe&#8221; pravi Aslaksen, da zunanje okoli\u0161\u010dine niso te\u017eave, ampak, da te\u017eava le\u017ei v meni samem. Vsi lahko do\u017eivijo stvari v \u017eivljenju, ki izgledajo zelo te\u017eke. Zakaj pravi Aslaksen, da je kljub temu tako prijetno na ozki poti?<\/p>\n<p class='info'>You have to <a href='\/login\/'>log in<\/a> if you want to save your answer.<\/p>\n\t\t<\/div>\n\t\t\t\t\t<\/div>\n\n\t\n<\/div>\n\t\t<\/div>\n\n\t\t\n<style>\n#section_707697649 {\n  padding-top: 30px;\n  padding-bottom: 30px;\n  background-color: rgb(73, 92, 94);\n}\n<\/style>\n\t<\/section>\n\t\n","protected":false},"excerpt":{"rendered":"","protected":false},"author":5,"featured_media":0,"parent":10122,"menu_order":0,"comment_status":"closed","ping_status":"closed","template":"page-blank.php","meta":{"footnotes":""},"class_list":["post-10765","page","type-page","status-publish","hentry"],"aioseo_notices":[],"_links":{"self":[{"href":"https:\/\/words-of-faith.org\/sl\/wp-json\/wp\/v2\/pages\/10765","targetHints":{"allow":["GET"]}}],"collection":[{"href":"https:\/\/words-of-faith.org\/sl\/wp-json\/wp\/v2\/pages"}],"about":[{"href":"https:\/\/words-of-faith.org\/sl\/wp-json\/wp\/v2\/types\/page"}],"author":[{"embeddable":true,"href":"https:\/\/words-of-faith.org\/sl\/wp-json\/wp\/v2\/users\/5"}],"replies":[{"embeddable":true,"href":"https:\/\/words-of-faith.org\/sl\/wp-json\/wp\/v2\/comments?post=10765"}],"version-history":[{"count":0,"href":"https:\/\/words-of-faith.org\/sl\/wp-json\/wp\/v2\/pages\/10765\/revisions"}],"up":[{"embeddable":true,"href":"https:\/\/words-of-faith.org\/sl\/wp-json\/wp\/v2\/pages\/10122"}],"wp:attachment":[{"href":"https:\/\/words-of-faith.org\/sl\/wp-json\/wp\/v2\/media?parent=10765"}],"curies":[{"name":"wp","href":"https:\/\/api.w.org\/{rel}","templated":true}]}}