{"id":10911,"date":"2020-05-14T20:00:43","date_gmt":"2020-05-14T18:00:43","guid":{"rendered":"https:\/\/aslaksen.bcc.no\/?page_id=10911"},"modified":"2020-08-21T12:13:27","modified_gmt":"2020-08-21T10:13:27","slug":"jaz-sem-krizan-s-kristusom","status":"publish","type":"page","link":"https:\/\/words-of-faith.org\/sl\/biblijske-studije\/tema-2\/jaz-sem-krizan-s-kristusom\/","title":{"rendered":"Jaz sem kri\u017ean s Kristusom"},"content":{"rendered":"\n\t<section class=\"section\" id=\"section_1734151554\">\n\t\t<div class=\"section-bg fill\" >\n\t\t\t\t\t\t\t\t\t\n\t\t\t\n\n\t\t<\/div>\n\n\t\t\n\n\t\t<div class=\"section-content relative\">\n\t\t\t\n<div class=\"row align-center\"  id=\"row-139561287\">\n\n\t<div id=\"col-140981614\" class=\"col small-12 large-12\"  >\n\t\t\t\t<div class=\"col-inner\"  >\n\t\t\t\n\t\t\t\n<p class=\"breadcrumbs\"><a href=\"..\/\">Theme 2<\/a> \/ Messages<\/p>\n<h1>Jaz sem kri\u017ean s Kristusom<\/h1>\n<p class=\"article-date\">Fra hefte \u201cHvile i Gud\u201d, utgitt 1950<\/p>\n<p class=\"article-author\">av Elias Aslaksen<\/p>\n\t\t<\/div>\n\t\t\t\t\t<\/div>\n\n\t\n\n<style>\n#row-139561287 > .col > .col-inner {\n  padding: 30px 0px 0px 0px;\n}\n<\/style>\n<\/div>\n<div class=\"row align-center audio\"  id=\"row-1912183769\">\n\n\t<div id=\"col-1972855463\" class=\"col small-12 large-12\"  >\n\t\t\t\t<div class=\"col-inner\"  >\n\t\t\t\n\t\t\t\n<!--[if lt IE 9]><script>document.createElement('audio');<\/script><![endif]-->\n<audio class=\"wp-audio-shortcode\" id=\"audio-10911-1\" preload=\"none\" style=\"width: 100%;\" controls=\"controls\"><source type=\"audio\/mpeg\" src=\"\/audio\/Tema%202\/no\/09%20Jeg%20er%20korsfestet%20med%20Kristus...%20med%20musik%20mp3.mp3?_=1\" \/><a href=\"\/audio\/Tema%202\/no\/09%20Jeg%20er%20korsfestet%20med%20Kristus...%20med%20musik%20mp3.mp3\">\/audio\/Tema%202\/no\/09%20Jeg%20er%20korsfestet%20med%20Kristus...%20med%20musik%20mp3.mp3<\/a><\/audio>\n<p class=\"click-to-listen\">Click to listen to the speech.<\/p>\n\t\t<\/div>\n\t\t\t\t\t<\/div>\n\n\t\n<\/div>\n<div class=\"row align-center article article-excerpt\"  id=\"row-288652782\">\n\n\t<div id=\"col-1713391816\" class=\"col small-12 large-12\"  >\n\t\t\t\t<div class=\"col-inner text-left\"  >\n\t\t\t\n\t\t\t\n<p>\u00ab<strong>Jeg er korsfestet med Kristus, jeg lever ikke lenger selv \u2026.&nbsp;<\/strong>\u00bb Gal. 2, 20.<\/p>\n<p>Dette er det sentrale ord for oppn\u00e5else av hvile i Gud. Hvis vi&nbsp;<strong><em>tror&nbsp;<\/em><\/strong>dette ord, hvilket jo dessverre er h\u00f8yst ualminnelig, sier dette seg selv if\u00f8lge selve ordlyden. Men det er nettopp denne man i alminnelighet&nbsp;<strong><em>ikke&nbsp;<\/em><\/strong>tror. Man bortforklarer den istedenfor \u00e5 tro den, og derved bortforklarer man sin egen herlige frelse fra all elendigheten, og utelukker seg selv fra hvilen i Gud, den som&nbsp;<strong>noen&nbsp;<\/strong>skal komme inn til! M\u00e5tte du som leser disse linjer, bli en av disse \u00abnoen\u00bb!<\/p>\n<p>Hvorfor ikke heller g\u00e5 inn til hvilen, enn \u00e5 vedbli \u00e5 v\u00e6re i all denne&nbsp;<em>onde og fortredelige uro,&nbsp;<\/em>i all denne&nbsp;<em>un\u00f8dige, selvforskyldte&nbsp;<\/em>(p. gr. a. vantro)&nbsp;<em>pine og plage?<\/em><\/p>\n<p>Sannheten er enfoldig og liketil og krystall-klar: All uroen ligger i&nbsp;<em>det gamle menneske.&nbsp;<\/em>N\u00e5r dette ved levende tro p\u00e5 Ordet, Rom. 6, 6, virkelig blir&nbsp;<strong>korsfestet&nbsp;<\/strong>med Kristus, og&nbsp;<strong>avlagt,<\/strong><em>&nbsp;<\/em>Efes. 4, 22, s\u00e5 opph\u00f8rer derved natturn\u00f8dvendig all uroen, og den motsvarende hvile inntreder.<\/p>\n<p>Intet er i s\u00e5 m\u00e5te mere betegnende enn \u00e5 bruke som forbilde p\u00e5 denne dype hemmelighet det kjente uttrykk ved d\u00f8dsannonser:&nbsp;<em>\u00abN. N. er g\u00e5tt inn til hvilen\u00bb.&nbsp;<\/em>Nemlig ved \u00e5 avg\u00e5 ved d\u00f8den! Se n\u00e5 ovenanf\u00f8rte Gal. 2. 20. \u2014 Og Rom. 6, 7. \u2014<\/p>\n<p>Det,&nbsp;<em>p. gr. a.<\/em>&nbsp;<strong>vantro,<\/strong><em>&nbsp;<\/em>s\u00e5 hemmelighetsfulle og s\u00e5 ukjente, er nemlig at det ved levende tro p\u00e5 Ordet<strong>&nbsp;g\u00e5r an \u00e5 d\u00f8 mens man enn\u00e5 lever<\/strong><em>&nbsp;<\/em>i dette legeme, d\u00f8 fra synden, og dermed fra&nbsp;<em>all denne mangfoldige uro i hjerte og sinn,<\/em>&nbsp;mens kroppen arbeider under forkrenkelighetens trelldom. Disse 2 ting h\u00f8rer nemlig ikke med rette sammen. Ordet kl\u00f8ver og skiller ad. \u2014 Den ene delen utskilles n\u00e5! Den andre delen er det ogs\u00e5 v\u00e5rt h\u00e5p snart \u00e5 bli kvitt for evig! Halleluja!<\/p>\n<p>Det st\u00f8rste som kan hende et menneske her i utlendigheten, er&nbsp;<em>om det i sannhet kan sies om det, mens det<\/em>&nbsp;<em>enn\u00e5 b\u00e6rer dette d\u00f8dens legeme, at det er g\u00e5tt inn til<\/em>&nbsp;<em>hvilen.<\/em><\/p>\n\t\t<\/div>\n\t\t\t\t\t<\/div>\n\n\t\n\n\t<div id=\"col-771603609\" class=\"col copyright small-12 large-12\"  >\n\t\t\t\t<div class=\"col-inner text-left\"  >\n\t\t\t\n\t\t\t\n<div>\u00a9 Copyright Stiftelsen Skjulte Skatters Forlag<\/div>\n\t\t<\/div>\n\t\t\t\t\t<\/div>\n\n\t\n\n\t<div id=\"col-1367437110\" class=\"col small-12 large-12\"  >\n\t\t\t\t<div class=\"col-inner text-left\"  >\n\t\t\t\n\t\t\t\n<div><a href=\"#\" class=\"read-more\">Read more<\/a><\/div>\n\t\t<\/div>\n\t\t\t\t\t<\/div>\n\n\t\n\n\t<div id=\"col-1302294134\" class=\"col small-12 large-12\"  >\n\t\t\t\t<div class=\"col-inner text-left\"  >\n\t\t\t\n\t\t\t\n<p class=\"next-previous-message\"><a class=\"previous\" href=\"\/sl\/bible-studies\/theme-2\/deny-oneself\/\"><i class=\"icon-angle-left\"><\/i> Previous<\/a><a class=\"next\" href=\"\/sl\/bible-studies\/theme-2\/it-is-no-longer-i-who-live\/\">Next <i class=\"icon-angle-right\"><\/i><\/a><\/p>\n\t\t<\/div>\n\t\t\t\t\t<\/div>\n\n\t\n<\/div>\n\t\t<\/div>\n\n\t\t\n<style>\n#section_1734151554 {\n  padding-top: 0px;\n  padding-bottom: 0px;\n  margin-bottom: 0px;\n}\n@media (min-width:550px) {\n  #section_1734151554 {\n    padding-top: 0px;\n    padding-bottom: 0px;\n  }\n}\n<\/style>\n\t<\/section>\n\t\n\n\t<section class=\"section food-for-thought\" id=\"section_330456784\">\n\t\t<div class=\"section-bg fill\" >\n\t\t\t\t\t\t\t\t\t\n\t\t\t\n\n\t\t<\/div>\n\n\t\t\n\n\t\t<div class=\"section-content relative\">\n\t\t\t\n<div class=\"row align-center\"  id=\"row-1005337551\">\n\n\t<div id=\"col-552713852\" class=\"col title small-12 large-12\"  >\n\t\t\t\t<div class=\"col-inner text-left dark\"  >\n\t\t\t\n\t\t\t\n<h2>Devotional<\/h2>\n\t\t<\/div>\n\t\t\t\t\t<\/div>\n\n\t\n\n\t<div id=\"col-1825165089\" class=\"col small-12 large-12\"  >\n\t\t\t\t<div class=\"col-inner dark\"  >\n\t\t\t\n\t\t\t\n<p>V \u010dlanku &#8220;Jaz sem kri\u017ean s Kristusom&#8221; pi\u0161e Aslaksen &#8220;priti do miru&#8221;. Kako bi ti to pojasnil\/-a neki drugi osebi?<\/p>\n<p class='info'>You have to <a href='\/login\/'>log in<\/a> if you want to save your answer.<\/p>\n\t\t<\/div>\n\t\t\t\t\t<\/div>\n\n\t\n<\/div>\n\t\t<\/div>\n\n\t\t\n<style>\n#section_330456784 {\n  padding-top: 30px;\n  padding-bottom: 30px;\n  background-color: rgb(73, 92, 94);\n}\n<\/style>\n\t<\/section>\n\t\n","protected":false},"excerpt":{"rendered":"","protected":false},"author":5,"featured_media":0,"parent":10122,"menu_order":0,"comment_status":"closed","ping_status":"closed","template":"page-blank.php","meta":{"footnotes":""},"class_list":["post-10911","page","type-page","status-publish","hentry"],"aioseo_notices":[],"_links":{"self":[{"href":"https:\/\/words-of-faith.org\/sl\/wp-json\/wp\/v2\/pages\/10911","targetHints":{"allow":["GET"]}}],"collection":[{"href":"https:\/\/words-of-faith.org\/sl\/wp-json\/wp\/v2\/pages"}],"about":[{"href":"https:\/\/words-of-faith.org\/sl\/wp-json\/wp\/v2\/types\/page"}],"author":[{"embeddable":true,"href":"https:\/\/words-of-faith.org\/sl\/wp-json\/wp\/v2\/users\/5"}],"replies":[{"embeddable":true,"href":"https:\/\/words-of-faith.org\/sl\/wp-json\/wp\/v2\/comments?post=10911"}],"version-history":[{"count":0,"href":"https:\/\/words-of-faith.org\/sl\/wp-json\/wp\/v2\/pages\/10911\/revisions"}],"up":[{"embeddable":true,"href":"https:\/\/words-of-faith.org\/sl\/wp-json\/wp\/v2\/pages\/10122"}],"wp:attachment":[{"href":"https:\/\/words-of-faith.org\/sl\/wp-json\/wp\/v2\/media?parent=10911"}],"curies":[{"name":"wp","href":"https:\/\/api.w.org\/{rel}","templated":true}]}}