{"id":11009,"date":"2020-05-14T20:00:23","date_gmt":"2020-05-14T18:00:23","guid":{"rendered":"https:\/\/aslaksen.bcc.no\/?page_id=11009"},"modified":"2020-08-21T12:09:43","modified_gmt":"2020-08-21T10:09:43","slug":"odpovedati-se-vsemu","status":"publish","type":"page","link":"https:\/\/words-of-faith.org\/sl\/biblijske-studije\/tema-2\/odpovedati-se-vsemu\/","title":{"rendered":"Odpovedati se vsemu"},"content":{"rendered":"\n\t<section class=\"section\" id=\"section_485246168\">\n\t\t<div class=\"section-bg fill\" >\n\t\t\t\t\t\t\t\t\t\n\t\t\t\n\n\t\t<\/div>\n\n\t\t\n\n\t\t<div class=\"section-content relative\">\n\t\t\t\n<div class=\"row align-center\"  id=\"row-1349537175\">\n\n\t<div id=\"col-1430052062\" class=\"col small-12 large-12\"  >\n\t\t\t\t<div class=\"col-inner\"  >\n\t\t\t\n\t\t\t\n<p class=\"breadcrumbs\"><a href=\"..\/\">Theme 2<\/a> \/ Messages<\/p>\n<h1>Odpovedati se vsemu<\/h1>\n<p class=\"article-date\">Taleutdrag fra januar 1969<\/p>\n<p class=\"article-author\">av Elias Aslaksen<\/p>\n\t\t<\/div>\n\t\t\t\t\t<\/div>\n\n\t\n\n<style>\n#row-1349537175 > .col > .col-inner {\n  padding: 30px 0px 0px 0px;\n}\n<\/style>\n<\/div>\n<div class=\"row align-center audio\"  id=\"row-1365651102\">\n\n\t<div id=\"col-1821590474\" class=\"col small-12 large-12\"  >\n\t\t\t\t<div class=\"col-inner\"  >\n\t\t\t\n\t\t\t\n<!--[if lt IE 9]><script>document.createElement('audio');<\/script><![endif]-->\n<audio class=\"wp-audio-shortcode\" id=\"audio-11009-1\" preload=\"none\" style=\"width: 100%;\" controls=\"controls\"><source type=\"audio\/mpeg\" src=\"\/audio\/Tema%202\/Slo\/10%20T%20-%201969-01-E.Aslaksen%20Oppgi%20alt_SLO.mp3?_=1\" \/><a href=\"\/audio\/Tema%202\/Slo\/10%20T%20-%201969-01-E.Aslaksen%20Oppgi%20alt_SLO.mp3\">\/audio\/Tema%202\/Slo\/10%20T%20-%201969-01-E.Aslaksen%20Oppgi%20alt_SLO.mp3<\/a><\/audio>\n<p class=\"click-to-listen\">Click to listen to the speech.<\/p>\n\t\t<\/div>\n\t\t\t\t\t<\/div>\n\n\t\n<\/div>\n<div class=\"row align-center article article-excerpt\"  id=\"row-458257563\">\n\n\t<div id=\"col-83574338\" class=\"col small-12 large-12\"  >\n\t\t\t\t<div class=\"col-inner text-left\"  >\n\t\t\t\n\t\t\t\n<p>In kdor ne nosi svojega kri\u017ea in ne hodi za menoj \u2013 torej nosi tega kri\u017ea, na katerega bom sam pribit, torej pomaga, enostavno re\u010deno, pri lastnem kri\u017eanju. Jaz bom kri\u017ean s Kristusom, jaz bom umrl. In sam bom pomagal pri tem. Jaz si to grozno \u017eelim sam.<\/p>\n<p>Kdor ne nosi svojega kri\u017ea in ne hodi za menoj, ne more biti moj u\u010denec. Sedaj je to rekel dvakrat. In potem pride 33. vrsta: Tak\u00f3 torej nobeden izmed vas, ne more biti moj u\u010denec. To je torej njegovo povabilo, da se ukvarjamo z njegovo \u0161olo, potem ko smo se spreobrnili.<\/p>\n<p>Tretji\u010d \u2013 in s tem je vse re\u010deno. Tukaj pi\u0161e povsem druga\u010de, popolnoma druga\u010de in zajame \u0161e ostalo: tako torej nobeden izmed vas \u2013 to so bili tisti, ki so pri\u0161li k njemu in mu sledili \u2013 ne more biti moj u\u010denec ali \u0161olar ali se ukvarjati z njegovo \u0161olo \u2013 \u010de se ne odpove vsemu, kar ima. V S E M U. Vsemu, kar ima.<\/p>\n\t\t<\/div>\n\t\t\t\t\t<\/div>\n\n\t\n\n\t<div id=\"col-612212170\" class=\"col copyright small-12 large-12\"  >\n\t\t\t\t<div class=\"col-inner text-left\"  >\n\t\t\t\n\t\t\t\n<div>\u00a9 Copyright Stiftelsen Skjulte Skatters Forlag<\/div>\n\t\t<\/div>\n\t\t\t\t\t<\/div>\n\n\t\n\n\t<div id=\"col-919089011\" class=\"col small-12 large-12\"  >\n\t\t\t\t<div class=\"col-inner text-left\"  >\n\t\t\t\n\t\t\t\n<div><a href=\"#\" class=\"read-more\">Preberi ve\u010d<\/a><\/div>\n\t\t<\/div>\n\t\t\t\t\t<\/div>\n\n\t\n\n\t<div id=\"col-471418777\" class=\"col small-12 large-12\"  >\n\t\t\t\t<div class=\"col-inner text-left\"  >\n\t\t\t\n\t\t\t\n<p class=\"next-previous-message\"><a class=\"previous\" href=\"\/sl\/bible-studies\/theme-2\/it-is-no-longer-i-who-live\/\"><i class=\"icon-angle-left\"><\/i> Previous<\/a><a class=\"next\" href=\"\/sl\/bible-studies\/theme-2\/taking-up-your-cross\/\">Next <i class=\"icon-angle-right\"><\/i><\/a><\/p>\n\t\t<\/div>\n\t\t\t\t\t<\/div>\n\n\t\n<\/div>\n\t\t<\/div>\n\n\t\t\n<style>\n#section_485246168 {\n  padding-top: 0px;\n  padding-bottom: 0px;\n  margin-bottom: 0px;\n}\n@media (min-width:550px) {\n  #section_485246168 {\n    padding-top: 0px;\n    padding-bottom: 0px;\n  }\n}\n<\/style>\n\t<\/section>\n\t\n\n\t<section class=\"section food-for-thought\" id=\"section_1427498260\">\n\t\t<div class=\"section-bg fill\" >\n\t\t\t\t\t\t\t\t\t\n\t\t\t\n\n\t\t<\/div>\n\n\t\t\n\n\t\t<div class=\"section-content relative\">\n\t\t\t\n<div class=\"row align-center\"  id=\"row-1101326827\">\n\n\t<div id=\"col-576730844\" class=\"col title small-12 large-12\"  >\n\t\t\t\t<div class=\"col-inner text-left dark\"  >\n\t\t\t\n\t\t\t\n<h2>Devotional<\/h2>\n\t\t<\/div>\n\t\t\t\t\t<\/div>\n\n\t\n\n\t<div id=\"col-750884185\" class=\"col small-12 large-12\"  >\n\t\t\t\t<div class=\"col-inner dark\"  >\n\t\t\t\n\t\t\t\n<p>&#8220;Odpovedati se vsemu&#8221;: Kaj je pogoj za to, da postane\u0161 en vajenecJezusa &#8211; in kaj to pomeni?<\/p>\n<p class='info'>You have to <a href='\/login\/'>log in<\/a> if you want to save your answer.<\/p>\n\t\t<\/div>\n\t\t\t\t\t<\/div>\n\n\t\n<\/div>\n\t\t<\/div>\n\n\t\t\n<style>\n#section_1427498260 {\n  padding-top: 30px;\n  padding-bottom: 30px;\n  background-color: rgb(73, 92, 94);\n}\n<\/style>\n\t<\/section>\n\t\n","protected":false},"excerpt":{"rendered":"","protected":false},"author":5,"featured_media":0,"parent":10122,"menu_order":0,"comment_status":"closed","ping_status":"closed","template":"page-blank.php","meta":{"footnotes":""},"class_list":["post-11009","page","type-page","status-publish","hentry"],"aioseo_notices":[],"_links":{"self":[{"href":"https:\/\/words-of-faith.org\/sl\/wp-json\/wp\/v2\/pages\/11009","targetHints":{"allow":["GET"]}}],"collection":[{"href":"https:\/\/words-of-faith.org\/sl\/wp-json\/wp\/v2\/pages"}],"about":[{"href":"https:\/\/words-of-faith.org\/sl\/wp-json\/wp\/v2\/types\/page"}],"author":[{"embeddable":true,"href":"https:\/\/words-of-faith.org\/sl\/wp-json\/wp\/v2\/users\/5"}],"replies":[{"embeddable":true,"href":"https:\/\/words-of-faith.org\/sl\/wp-json\/wp\/v2\/comments?post=11009"}],"version-history":[{"count":0,"href":"https:\/\/words-of-faith.org\/sl\/wp-json\/wp\/v2\/pages\/11009\/revisions"}],"up":[{"embeddable":true,"href":"https:\/\/words-of-faith.org\/sl\/wp-json\/wp\/v2\/pages\/10122"}],"wp:attachment":[{"href":"https:\/\/words-of-faith.org\/sl\/wp-json\/wp\/v2\/media?parent=11009"}],"curies":[{"name":"wp","href":"https:\/\/api.w.org\/{rel}","templated":true}]}}