{"id":11027,"date":"2020-05-14T20:00:55","date_gmt":"2020-05-14T18:00:55","guid":{"rendered":"https:\/\/aslaksen.bcc.no\/?page_id=11027"},"modified":"2020-08-21T12:17:21","modified_gmt":"2020-08-21T10:17:21","slug":"vzeti-svoj-kriz-nase","status":"publish","type":"page","link":"https:\/\/words-of-faith.org\/sl\/biblijske-studije\/tema-2\/vzeti-svoj-kriz-nase\/","title":{"rendered":"Vzeti svoj kri\u017e nase"},"content":{"rendered":"\n\t<section class=\"section\" id=\"section_2091464235\">\n\t\t<div class=\"section-bg fill\" >\n\t\t\t\t\t\t\t\t\t\n\t\t\t\n\n\t\t<\/div>\n\n\t\t\n\n\t\t<div class=\"section-content relative\">\n\t\t\t\n<div class=\"row align-center\"  id=\"row-790556965\">\n\n\t<div id=\"col-447764441\" class=\"col small-12 large-12\"  >\n\t\t\t\t<div class=\"col-inner\"  >\n\t\t\t\n\t\t\t\n<p class=\"breadcrumbs\"><a href=\"..\/\">Theme 2<\/a> \/ Messages<\/p>\n<h1>Vzeti svoj kri\u017e nase<\/h1>\n<p class=\"article-date\">Skjulte Skatter, publisert februar 1970<\/p>\n<p class=\"article-author\">av Elias Aslaksen<\/p>\n\t\t<\/div>\n\t\t\t\t\t<\/div>\n\n\t\n\n<style>\n#row-790556965 > .col > .col-inner {\n  padding: 30px 0px 0px 0px;\n}\n<\/style>\n<\/div>\n<div class=\"row align-center audio\"  id=\"row-843116585\">\n\n\t<div id=\"col-1337685164\" class=\"col small-12 large-12\"  >\n\t\t\t\t<div class=\"col-inner\"  >\n\t\t\t\n\t\t\t\n<!--[if lt IE 9]><script>document.createElement('audio');<\/script><![endif]-->\n<audio class=\"wp-audio-shortcode\" id=\"audio-11027-1\" preload=\"none\" style=\"width: 100%;\" controls=\"controls\"><source type=\"audio\/mpeg\" src=\"\/audio\/Tema%202\/no\/11%20%C3%85%20ta%20opp%20sitt%20kors%20med%20musikk%20mp3.mp3?_=1\" \/><a href=\"\/audio\/Tema%202\/no\/11%20%C3%85%20ta%20opp%20sitt%20kors%20med%20musikk%20mp3.mp3\">\/audio\/Tema%202\/no\/11%20%C3%85%20ta%20opp%20sitt%20kors%20med%20musikk%20mp3.mp3<\/a><\/audio>\n<p class=\"click-to-listen\">Click to listen to the speech.<\/p>\n\t\t<\/div>\n\t\t\t\t\t<\/div>\n\n\t\n<\/div>\n<div class=\"row align-center article article-excerpt\"  id=\"row-312077609\">\n\n\t<div id=\"col-1718547602\" class=\"col small-12 large-12\"  >\n\t\t\t\t<div class=\"col-inner text-left\"  >\n\t\t\t\n\t\t\t\n<div id=\"chapter-element-2\" data-v-7f3df67e=\"\">\n<div>\n<p>og \u00e5&nbsp;<strong>b\u00e6re sitt kors,&nbsp;<\/strong>dvs. \u00e5 hjelpe til med sin egen korsfestelse. Mitt kors, det er alt og alle som krysser min vilje, min menneskelige vilje, kj\u00f8dets vilje.<\/p>\n<p>Hvis jeg ikke tar mitt kors opp,&nbsp;<strong>da er<\/strong>&nbsp;<strong>jeg ikke Kristus verd!&nbsp;<\/strong>Og slik er det med mange troende. Ja, de vandrer, sier Paulus, som&nbsp;<strong>fiender av Kristi kors,&nbsp;<\/strong>dvs. av det kors de skulle ta opp, og som deres egenvilje skulle nagles til.<\/p>\n<p>I Gal. 5, 24 finner vi denne d\u00f8dsens alvorlige sannhet: \u201dDe som h\u00f8rer Kristus Jesus til,&nbsp;<strong>har korsfestet&nbsp;<\/strong>kj\u00f8det med dets lyster og begj\u00e6ringer.\u201d De som ikke har gjort dette, og fortsetter dermed, h\u00f8rer ham alts\u00e5&nbsp;<strong>ikke&nbsp;<\/strong>til! De er&nbsp;<strong>ikke&nbsp;<\/strong>hans disipler!<\/p>\n<p>Det herligste av alt var at Jesus frivillig lot seg korsfeste, og til og med hjalp til med det! Det nest herligste er n\u00e5r et menneske frivillig lar seg korsfeste med ham, ved tro og ved troens lydighet, og ved daglig \u00e5 vandre som en ekte venn av de kors hvortil ens egenvilje skal nagles.<\/p>\n<p>Dette var for den herlige apostel Paulus det eneste han ville rose seg av, og det aller st\u00f8rste han visste! Og hans liv og l\u00e6re viser dette tydelig!<\/p>\n<p>Det var alts\u00e5 ikke bare at han var begeistret for denne fullkomne teori! Nei, han levde det fullt ut, og formante til \u00e5 f\u00f8lge ham etter! La oss gj\u00f8re dette fullt ut, mine elskede venner!<\/p>\n<p>H\u00f8r hva han sier: \u201dJeg&nbsp;<strong>er&nbsp;<\/strong>korsfestet med Kristus, jeg lever&nbsp;<strong>ikke&nbsp;<\/strong>lenger selv . .\u201d Gal. 2, 20. Og: \u201dDet v\u00e6re&nbsp;<strong>langt&nbsp;<\/strong>fra meg \u00e5 rose meg uten av v\u00e5r Herre Jesu Kristi kors, for ved det er&nbsp;<strong>verden blitt korsfestet for meg og jeg for verden.\u201d&nbsp;<\/strong>Gal. 6, 14.<\/p>\n<p>Det var alts\u00e5 for ham det st\u00f8rste av alt, det herligste av alt, det virkningsfulleste av alt, og hemmeligheten til den aller st\u00f8rste lykke et menneske kan oppn\u00e5 her i utlendigheten!<\/p>\n<p><strong>\u201dSkje ikke min vilje, men din!\u201d&nbsp;<\/strong>Det er og blir alle v\u00e5rt livs dager&nbsp;<strong>hovedsaken,&nbsp;<\/strong>ja&nbsp;<strong>selve saken!<\/strong>&nbsp;Det er egentlig overhodet ingen annen sak! Luk. 11, 2:&nbsp;<strong>\u201dSkje din vilje, som i himmelen s\u00e5 og p\u00e5 jorden!\u201d&nbsp;<\/strong>Der g\u00e5r det&nbsp;<strong>n\u00f8yaktig&nbsp;<\/strong>og&nbsp;<strong>lynsnart for seg!<\/strong><\/p>\n<p>Og da sier det seg selv at vi m\u00e5 komme til dette:&nbsp;<strong>lynsnart \u00e5 oppgi og korsfeste v\u00e5r egen vilje,&nbsp;<\/strong>ellers kan jo ikke Guds vilje skje p\u00e5 jorden slik som den skjer i himmelen! \u2014<\/p>\n<p>Men hvem har vel s\u00e5 h\u00f8yt et m\u00e5l, og en slik tro??? \u2014<\/p>\n<p>Og om vi ikke har hatt det, s\u00e5 la oss v\u00e5kne opp for alvor n\u00e5, s\u00e5 vi kan f\u00e5 dette m\u00e5l, og en levende tro p\u00e5 ved Guds overm\u00e5te kraftige bistand \u00e5 n\u00e5 det! Det skje!<\/p>\n<p>Eders over all \u00e5ndelig s\u00f8vn dypt bedr\u00f8vede broder,<\/p>\n<p><em>Elias Aslaksen<\/em><\/p>\n<\/div>\n<\/div>\n\t\t<\/div>\n\t\t\t\t\t<\/div>\n\n\t\n\n\t<div id=\"col-22669079\" class=\"col copyright small-12 large-12\"  >\n\t\t\t\t<div class=\"col-inner text-left\"  >\n\t\t\t\n\t\t\t\n<div>\u00a9 Copyright Stiftelsen Skjulte Skatters Forlag<\/div>\n\t\t<\/div>\n\t\t\t\t\t<\/div>\n\n\t\n\n\t<div id=\"col-1061584232\" class=\"col small-12 large-12\"  >\n\t\t\t\t<div class=\"col-inner text-left\"  >\n\t\t\t\n\t\t\t\n<div><a href=\"#\" class=\"read-more\">Read more<\/a><\/div>\n\t\t<\/div>\n\t\t\t\t\t<\/div>\n\n\t\n\n\t<div id=\"col-967631599\" class=\"col small-12 large-12\"  >\n\t\t\t\t<div class=\"col-inner text-left\"  >\n\t\t\t\n\t\t\t\n<p class=\"next-previous-message\"><a class=\"previous\" href=\"\/sl\/bible-studies\/theme-2\/give-up-everything\/\"><i class=\"icon-angle-left\"><\/i> Previous<\/a><a class=\"next\" href=\"\/sl\/bible-studies\/theme-2\/the-two-great-goals-in-a-christians-life\/\">Next <i class=\"icon-angle-right\"><\/i><\/a><\/p>\n\t\t<\/div>\n\t\t\t\t\t<\/div>\n\n\t\n<\/div>\n\t\t<\/div>\n\n\t\t\n<style>\n#section_2091464235 {\n  padding-top: 0px;\n  padding-bottom: 0px;\n  margin-bottom: 0px;\n}\n@media (min-width:550px) {\n  #section_2091464235 {\n    padding-top: 0px;\n    padding-bottom: 0px;\n  }\n}\n<\/style>\n\t<\/section>\n\t\n\n\t<section class=\"section food-for-thought\" id=\"section_263973279\">\n\t\t<div class=\"section-bg fill\" >\n\t\t\t\t\t\t\t\t\t\n\t\t\t\n\n\t\t<\/div>\n\n\t\t\n\n\t\t<div class=\"section-content relative\">\n\t\t\t\n<div class=\"row align-center\"  id=\"row-1895351691\">\n\n\t<div id=\"col-2055978452\" class=\"col title small-12 large-12\"  >\n\t\t\t\t<div class=\"col-inner text-left dark\"  >\n\t\t\t\n\t\t\t\n<h2>Devotional<\/h2>\n\t\t<\/div>\n\t\t\t\t\t<\/div>\n\n\t\n\n\t<div id=\"col-801862340\" class=\"col small-12 large-12\"  >\n\t\t\t\t<div class=\"col-inner dark\"  >\n\t\t\t\n\t\t\t\n<p>\u010ce bi lahko Aslaksenu postavil eno vpra\u0161anje zatem, ko si prebral \u010dlanek &#8220;Vzeti svoj kri\u017e nase&#8221;, kaj bi vpra\u0161al?<\/p>\n<p class='info'>You have to <a href='\/login\/'>log in<\/a> if you want to save your answer.<\/p>\n\t\t<\/div>\n\t\t\t\t\t<\/div>\n\n\t\n<\/div>\n\t\t<\/div>\n\n\t\t\n<style>\n#section_263973279 {\n  padding-top: 30px;\n  padding-bottom: 30px;\n  background-color: rgb(73, 92, 94);\n}\n<\/style>\n\t<\/section>\n\t\n","protected":false},"excerpt":{"rendered":"","protected":false},"author":5,"featured_media":0,"parent":10122,"menu_order":0,"comment_status":"closed","ping_status":"closed","template":"page-blank.php","meta":{"footnotes":""},"class_list":["post-11027","page","type-page","status-publish","hentry"],"aioseo_notices":[],"_links":{"self":[{"href":"https:\/\/words-of-faith.org\/sl\/wp-json\/wp\/v2\/pages\/11027","targetHints":{"allow":["GET"]}}],"collection":[{"href":"https:\/\/words-of-faith.org\/sl\/wp-json\/wp\/v2\/pages"}],"about":[{"href":"https:\/\/words-of-faith.org\/sl\/wp-json\/wp\/v2\/types\/page"}],"author":[{"embeddable":true,"href":"https:\/\/words-of-faith.org\/sl\/wp-json\/wp\/v2\/users\/5"}],"replies":[{"embeddable":true,"href":"https:\/\/words-of-faith.org\/sl\/wp-json\/wp\/v2\/comments?post=11027"}],"version-history":[{"count":0,"href":"https:\/\/words-of-faith.org\/sl\/wp-json\/wp\/v2\/pages\/11027\/revisions"}],"up":[{"embeddable":true,"href":"https:\/\/words-of-faith.org\/sl\/wp-json\/wp\/v2\/pages\/10122"}],"wp:attachment":[{"href":"https:\/\/words-of-faith.org\/sl\/wp-json\/wp\/v2\/media?parent=11027"}],"curies":[{"name":"wp","href":"https:\/\/api.w.org\/{rel}","templated":true}]}}