{"id":11046,"date":"2020-05-14T20:00:14","date_gmt":"2020-05-14T18:00:14","guid":{"rendered":"https:\/\/aslaksen.bcc.no\/?page_id=11046"},"modified":"2020-08-21T12:20:56","modified_gmt":"2020-08-21T10:20:56","slug":"dva-velika-cilja-v-krscanskem-zivljenju","status":"publish","type":"page","link":"https:\/\/words-of-faith.org\/sl\/biblijske-studije\/tema-2\/dva-velika-cilja-v-krscanskem-zivljenju\/","title":{"rendered":"Dva velika cilja v kr\u0161\u010danskem \u017eivljenju"},"content":{"rendered":"\n\t<section class=\"section\" id=\"section_403547392\">\n\t\t<div class=\"section-bg fill\" >\n\t\t\t\t\t\t\t\t\t\n\t\t\t\n\n\t\t<\/div>\n\n\t\t\n\n\t\t<div class=\"section-content relative\">\n\t\t\t\n<div class=\"row align-center\"  id=\"row-1300103695\">\n\n\t<div id=\"col-1161680604\" class=\"col small-12 large-12\"  >\n\t\t\t\t<div class=\"col-inner\"  >\n\t\t\t\n\t\t\t\n<p class=\"breadcrumbs\"><a href=\"..\/\">Theme 2<\/a> \/ Messages<\/p>\n<h1>Dva velika cilja v kr\u0161\u010danskem \u017eivljenju<\/h1>\n<p class=\"article-date\">Skjulte Skatter, publisert november 1957<\/p>\n<p class=\"article-author\">av Elias Aslaksen<\/p>\n\t\t<\/div>\n\t\t\t\t\t<\/div>\n\n\t\n\n<style>\n#row-1300103695 > .col > .col-inner {\n  padding: 30px 0px 0px 0px;\n}\n<\/style>\n<\/div>\n<div class=\"row align-center audio\"  id=\"row-1823237893\">\n\n\t<div id=\"col-1963164933\" class=\"col small-12 large-12\"  >\n\t\t\t\t<div class=\"col-inner\"  >\n\t\t\t\n\t\t\t\n<!--[if lt IE 9]><script>document.createElement('audio');<\/script><![endif]-->\n<audio class=\"wp-audio-shortcode\" id=\"audio-11046-1\" preload=\"none\" style=\"width: 100%;\" controls=\"controls\"><source type=\"audio\/mpeg\" src=\"\/audio\/Tema%202\/no\/12%20De%20to%20store%20m%C3%A5l%20i%20den%20kristnes%20liv%20med%20musikk.mp3?_=1\" \/><a href=\"\/audio\/Tema%202\/no\/12%20De%20to%20store%20m%C3%A5l%20i%20den%20kristnes%20liv%20med%20musikk.mp3\">\/audio\/Tema%202\/no\/12%20De%20to%20store%20m%C3%A5l%20i%20den%20kristnes%20liv%20med%20musikk.mp3<\/a><\/audio>\n<p class=\"click-to-listen\">Click to listen to the speech.<\/p>\n\t\t<\/div>\n\t\t\t\t\t<\/div>\n\n\t\n<\/div>\n<div class=\"row align-center article article-excerpt\"  id=\"row-165815905\">\n\n\t<div id=\"col-390834309\" class=\"col small-12 large-12\"  >\n\t\t\t\t<div class=\"col-inner text-left\"  >\n\t\t\t\n\t\t\t\n<div id=\"chapter-element-2\" data-v-7f3df67e=\"\">\n<p><strong>Dva velika cilja v kr\u0161\u010danskem \u017eivljenju<\/strong><\/p>\n<p><strong>I. Vedno zmaga nad vsemi zavestnimi grehi. <\/strong><\/p>\n<p>Da je &nbsp;Kristus umrl za na\u0161e grehe, to nam prinese odpu\u0161\u010danje grehov, <strong>ko v to verjamemo <\/strong>in ko tudi sami iz vsega srca odpustimo vsem na\u0161im dol\u017enikom.<\/p>\n<p>Zmago nad vsemi zavestnimi grehi dobimo <strong>z vero<\/strong>, bolj natan\u010dno, da verjamemo, <strong>da je bil na\u0161 star \u010dlovek kri\u017ean s Kristusom. <\/strong>Rim. 6,6 ali tako kot pi\u0161e v Gal. 2,20:<\/p>\n<p><strong>\u00bbJaz sem kri\u017ean s Kristusom\u2026\u00ab<\/strong><\/p>\n<p>V in s to vero smo grehom <strong>odmrli<\/strong>, vsem zavestnim grehom, tako da \u2013 namesto da se pregre\u0161imo \u2013 obstanemo kot zmagovalci v vsaki sku\u0161njavi.<\/p>\n<p>Kako slavno je potem vedno \u017eiveti z dobro vestjo pred Bogom in ljudmi! \u2013 \u2013 \u2013<\/p>\n<p>Pavel pi\u0161e: \u00bbHvala Bogu, ki nas v Kristusu kar naprej ven\u010da z zmagoslavjem\u2026.\u00ab 2. Kor. 2,14.<\/p>\n<p>Ampak, na \u017ealost, ve\u010dina ne dose\u017ee tega predhodnega, &nbsp;slavnega cilja v svojem \u017eivljenju. In za to obstajata dva nedvoumna, dobra razloga:<\/p>\n<ol>\n<li>\u010clovek se preprosto no\u010de odpovedati vsemu svojemu in umreti s Kristusom in tako odpade mo\u017enost, da dose\u017ee to slavno zmagoslavno \u017eivljenje.<\/li>\n<li>\u010clovek ne verjame, da je kri\u017ean z njim in tudi ne more priti do vere v to, dokler se no\u010de popolnoma odpovedati vsemu svojemu. Bog nam ne da vere v nekaj, pri \u010demer sami no\u010demo biti zraven.<\/li>\n<\/ol>\n<p>\u010ce res ho\u010de\u0161 iti to pot po Jezusovih stopinjah, potem tudi dobi\u0161 vero, da gre\u0161 po tej poti. Slavljen naj bo Bog!<\/p>\n<p><strong>II.&nbsp;<\/strong><strong>Z vedno ve\u010djo \u017eivljenjsko mo\u010djo, z odkritjem in odlo\u017eitvijo vseh zavestnih grehov: rast v dobroti. <\/strong><\/p>\n<p>To je isto kot postopno preoblikovanje v na\u0161i notranjosti in isto kot postopno pridobivanje bo\u017eje narave.<\/p>\n<p>Tukaj nimamo omejenega cilja, ampak tako reko\u010d, neomejene mo\u017enosti. Cilj je:<\/p>\n<p><strong>Tako veliko rasti in preoblikovanja kot je mo\u017eno!<\/strong><\/p>\n<p>Iz istega razloga bodo potem <strong>vsi duhovni sadovi<\/strong>in <strong>vse Kristusove kreposti<\/strong>v najve\u010dji mo\u017eni meri in globini, ki imajo vedno \u017eivo zanimanje.<\/p>\n<p>&nbsp; \u00bbVerujemo, zato tudi govorimo\u00ab, pravi Pavel. Mi govorimo o tem, kar verujemo. Ko potem sploh ne govori\u0161 o tem, je v tem nedvoumen vzrok: v to ne veruje\u0161. \u2013<\/p>\n<p>Tako o I in II lahko re\u010demo: tukaj nimajo smisla \u017eelje in sanje, sploh pa ne poskusi matematike. Ne \u2013 nima smisla! Edino kar koristi, kar deluje je \u017eiva vera v delo Boga in Kristusa in v besedo, ki izredno jasno, nedvoumno in prepri\u010dljivo govori&nbsp; tem, ja skoraj ne govori o ni\u010demer drugem. \u2013 Beri, misli in verjemi!<\/p>\n<p><em>Elias Aslaksen.<\/em><\/p>\n<p>&nbsp;<\/p>\n<\/div>\n\t\t<\/div>\n\t\t\t\t\t<\/div>\n\n\t\n\n\t<div id=\"col-1276272936\" class=\"col copyright small-12 large-12\"  >\n\t\t\t\t<div class=\"col-inner text-left\"  >\n\t\t\t\n\t\t\t\n<div>\u00a9 Copyright Stiftelsen Skjulte Skatters Forlag<\/div>\n\t\t<\/div>\n\t\t\t\t\t<\/div>\n\n\t\n\n\t<div id=\"col-1491427007\" class=\"col small-12 large-12\"  >\n\t\t\t\t<div class=\"col-inner text-left\"  >\n\t\t\t\n\t\t\t\n<div><a href=\"#\" class=\"read-more\">Read more<\/a><\/div>\n\t\t<\/div>\n\t\t\t\t\t<\/div>\n\n\t\n\n\t<div id=\"col-2033501928\" class=\"col small-12 large-12\"  >\n\t\t\t\t<div class=\"col-inner text-left\"  >\n\t\t\t\n\t\t\t\n<p class=\"next-previous-message\"><a class=\"previous\" href=\"\/sl\/bible-studies\/theme-2\/taking-up-your-cross\/\"><i class=\"icon-angle-left\"><\/i> Previous<\/a><a class=\"next\" href=\"\/sl\/bible-studies\/theme-2\/deny-oneself\/\">Next <i class=\"icon-angle-right\"><\/i><\/a><\/p>\n\t\t<\/div>\n\t\t\t\t\t<\/div>\n\n\t\n<\/div>\n\t\t<\/div>\n\n\t\t\n<style>\n#section_403547392 {\n  padding-top: 0px;\n  padding-bottom: 0px;\n  margin-bottom: 0px;\n}\n@media (min-width:550px) {\n  #section_403547392 {\n    padding-top: 0px;\n    padding-bottom: 0px;\n  }\n}\n<\/style>\n\t<\/section>\n\t\n\n\t<section class=\"section food-for-thought\" id=\"section_1969260551\">\n\t\t<div class=\"section-bg fill\" >\n\t\t\t\t\t\t\t\t\t\n\t\t\t\n\n\t\t<\/div>\n\n\t\t\n\n\t\t<div class=\"section-content relative\">\n\t\t\t\n<div class=\"row align-center\"  id=\"row-1704729968\">\n\n\t<div id=\"col-1391857100\" class=\"col title small-12 large-12\"  >\n\t\t\t\t<div class=\"col-inner text-left dark\"  >\n\t\t\t\n\t\t\t\n<h2>Devotional<\/h2>\n\t\t<\/div>\n\t\t\t\t\t<\/div>\n\n\t\n\n\t<div id=\"col-1033334431\" class=\"col small-12 large-12\"  >\n\t\t\t\t<div class=\"col-inner dark\"  >\n\t\t\t\n\t\t\t\n<p>Napi\u0161i vse opomine, ki jih je Aslaksen napisal v \u010dlanku &#8220;Dva velika cilja v \u017eivljenju Kristjanov&#8221;. Ali ti eden izmed teg posebej govori?<\/p>\n<p class='info'>You have to <a href='\/login\/'>log in<\/a> if you want to save your answer.<\/p>\n\t\t<\/div>\n\t\t\t\t\t<\/div>\n\n\t\n<\/div>\n\t\t<\/div>\n\n\t\t\n<style>\n#section_1969260551 {\n  padding-top: 30px;\n  padding-bottom: 30px;\n  background-color: rgb(73, 92, 94);\n}\n<\/style>\n\t<\/section>\n\t\n","protected":false},"excerpt":{"rendered":"","protected":false},"author":5,"featured_media":0,"parent":10122,"menu_order":0,"comment_status":"closed","ping_status":"closed","template":"page-blank.php","meta":{"footnotes":""},"class_list":["post-11046","page","type-page","status-publish","hentry"],"aioseo_notices":[],"_links":{"self":[{"href":"https:\/\/words-of-faith.org\/sl\/wp-json\/wp\/v2\/pages\/11046","targetHints":{"allow":["GET"]}}],"collection":[{"href":"https:\/\/words-of-faith.org\/sl\/wp-json\/wp\/v2\/pages"}],"about":[{"href":"https:\/\/words-of-faith.org\/sl\/wp-json\/wp\/v2\/types\/page"}],"author":[{"embeddable":true,"href":"https:\/\/words-of-faith.org\/sl\/wp-json\/wp\/v2\/users\/5"}],"replies":[{"embeddable":true,"href":"https:\/\/words-of-faith.org\/sl\/wp-json\/wp\/v2\/comments?post=11046"}],"version-history":[{"count":0,"href":"https:\/\/words-of-faith.org\/sl\/wp-json\/wp\/v2\/pages\/11046\/revisions"}],"up":[{"embeddable":true,"href":"https:\/\/words-of-faith.org\/sl\/wp-json\/wp\/v2\/pages\/10122"}],"wp:attachment":[{"href":"https:\/\/words-of-faith.org\/sl\/wp-json\/wp\/v2\/media?parent=11046"}],"curies":[{"name":"wp","href":"https:\/\/api.w.org\/{rel}","templated":true}]}}