{"id":12654,"date":"2020-05-29T20:00:02","date_gmt":"2020-05-29T18:00:02","guid":{"rendered":"https:\/\/aslaksen.bcc.no\/?page_id=12654"},"modified":"2020-08-21T12:26:24","modified_gmt":"2020-08-21T10:26:24","slug":"ne-sodi","status":"publish","type":"page","link":"https:\/\/words-of-faith.org\/sl\/biblijske-studije\/tema-3\/ne-sodi\/","title":{"rendered":"NE sodi!"},"content":{"rendered":"\n\t<section class=\"section\" id=\"section_66260169\">\n\t\t<div class=\"section-bg fill\" >\n\t\t\t\t\t\t\t\t\t\n\t\t\t\n\n\t\t<\/div>\n\n\t\t\n\n\t\t<div class=\"section-content relative\">\n\t\t\t\n<div class=\"row align-center\"  id=\"row-1901098750\">\n\n\t<div id=\"col-712533880\" class=\"col small-12 large-12\"  >\n\t\t\t\t<div class=\"col-inner\"  >\n\t\t\t\n\t\t\t\n<p class=\"breadcrumbs\"><a href=\"..\/\">Theme 3<\/a> \/ Messages<\/p>\n<h1>NE sodi!<\/h1>\n<p class=\"article-date\">Odlomek govora iz Januarja 1972<\/p>\n<p class=\"article-author\">od Eliasa Aslaksena<\/p>\n\t\t<\/div>\n\t\t\t\t\t<\/div>\n\n\t\n\n<style>\n#row-1901098750 > .col > .col-inner {\n  padding: 30px 0px 0px 0px;\n}\n<\/style>\n<\/div>\n<div class=\"row align-center audio\"  id=\"row-583836534\">\n\n\t<div id=\"col-1770254514\" class=\"col small-12 large-12\"  >\n\t\t\t\t<div class=\"col-inner\"  >\n\t\t\t\n\t\t\t\n<!--[if lt IE 9]><script>document.createElement('audio');<\/script><![endif]-->\n<audio class=\"wp-audio-shortcode\" id=\"audio-12654-1\" preload=\"none\" style=\"width: 100%;\" controls=\"controls\"><source type=\"audio\/mpeg\" src=\"\/audio\/Tema%203\/SLO\/D%C3%B8m%20ikke_SLO.mp3?_=1\" \/><a href=\"\/audio\/Tema%203\/SLO\/D%C3%B8m%20ikke_SLO.mp3\">\/audio\/Tema%203\/SLO\/D%C3%B8m%20ikke_SLO.mp3<\/a><\/audio>\n<p class=\"click-to-listen\">Click to listen to the speech.<\/p>\n\t\t<\/div>\n\t\t\t\t\t<\/div>\n\n\t\n<\/div>\n<div class=\"row align-center article article-excerpt\"  id=\"row-1484207408\">\n\n\t<div id=\"col-1468128700\" class=\"col small-12 large-12\"  >\n\t\t\t\t<div class=\"col-inner text-left\"  >\n\t\t\t\n\t\t\t\n<p>Pred padcem, pi\u0161e, se je \u010dlovek povzdignil. Postavil se je za sodnika \u010dez vse in vsakogar. Nekaj je, kar se imenuje bogaboje\u010dnost. Bati se Boga, bati se, da ne ugaja\u0161 Bogu. Bati se, da si v sporu z njim. Ja, \u010desa bi se lahko bolj bal kot tega? Najhuj\u0161e je, da se \u010dlovek sploh ne boji. Zelo malo bogaboje\u010dnosti je, dragi prijatelji. Ampak pri nas je razmeroma dobro. To je zaradi tega, ker je toliko bogaboje\u010dnosti. Ampak veliko bratom in sestram manjka veliko bogaboje\u010dnosti. Beseda sama pove, kaj pomeni. To pomeni bati se, ob\u010dutiti strah. Da bi bil proti Bogu, da bi bil v sporu z njim. Da ne bi poslu\u0161al njegovih besed, da ne bi ljubil njegovih besed. Da mu pri katerikoli stvari ne bi ugajal. In najhuj\u0161e, naravnost grozno je imeti velike misli o sebi. To se imenuje napuh. To se imenuje ponos. To se imenuje napihnjenost in to pomeni, da si sam pameten, da si sam o ne\u010dem prepri\u010dan. Kar ni res. Ravno nasprotno je pravilno. Pavel je napisal, da \u00bbpo Bo\u017eji milosti pa sem to, kar sem\u00ab. Ja, to pomeni isto kot \u00bbzaradi pomanjkanja Bo\u017eje milosti nisem ni\u010d ve\u010d kot to, kar sem, na \u017ealost.\u00ab Na \u017ealost ni nastalo ni\u010d ve\u010d kot to, kar je. Zaradi pomanjkanja Bo\u017eje milosti. Ker Bog da poni\u017enim milost, torej zaradi pomanjkanja poni\u017enosti. To si lahko vsi vzamemo k srcu. Ni govora o tem, da je s kom izmed nas tako dobro, da ne bi moglo biti bolj\u0161e. V vsakem primeru je majhen primanjkljaj poni\u017enosti. V najbolj\u0161em primeru. V ve\u010dini primerov je velik primanjkljaj poni\u017enosti. Najbolj obi\u010dajno je kritizirati in soditi. In veliko prijateljev dela tako. Nekaj jih ravna tako \u2013 tako poni\u017eni so, da ne sodijo starej\u0161ih, ampak potem lahko skoraj re\u010demo, da to po\u010dnejo z vsemi drugimi. Oni mislijo, da lahko sodijo. Ampak kaj pi\u0161e? Ne pi\u0161e: ne sodi preve\u010d. Ne pi\u0161e: ne bodi prehiter pri sojenju. Ampak pi\u0161e: ne sodi. N-E. Ne.<\/p>\n\t\t<\/div>\n\t\t\t\t\t<\/div>\n\n\t\n\n\t<div id=\"col-1677983775\" class=\"col copyright small-12 large-12\"  >\n\t\t\t\t<div class=\"col-inner text-left\"  >\n\t\t\t\n\t\t\t\n<div>\u00a9 Copyright Stiftelsen Skjulte Skatters Forlag<\/div>\n\t\t<\/div>\n\t\t\t\t\t<\/div>\n\n\t\n\n\t<div id=\"col-1382638530\" class=\"col small-12 large-12\"  >\n\t\t\t\t<div class=\"col-inner text-left\"  >\n\t\t\t\n\t\t\t\n<div><a href=\"#\" class=\"read-more\">Beri ve\u010d<\/a><\/div>\n\t\t<\/div>\n\t\t\t\t\t<\/div>\n\n\t\n\n\t<div id=\"col-830469599\" class=\"col small-12 large-12\"  >\n\t\t\t\t<div class=\"col-inner text-left\"  >\n\t\t\t\n\t\t\t\n<p class=\"next-previous-message\"><a class=\"previous\" href=\"\/sl\/bible-studies\/theme-3\/you-are-loved-and-should-love-in-return\/\"><i class=\"icon-angle-left\"><\/i> Previous<\/a><a class=\"next\" href=\"\/sl\/bible-studies\/theme-3\/the-fear-of-god\/\">Next <i class=\"icon-angle-right\"><\/i><\/a><\/p>\n\t\t<\/div>\n\t\t\t\t\t<\/div>\n\n\t\n<\/div>\n\t\t<\/div>\n\n\t\t\n<style>\n#section_66260169 {\n  padding-top: 0px;\n  padding-bottom: 0px;\n  margin-bottom: 0px;\n}\n@media (min-width:550px) {\n  #section_66260169 {\n    padding-top: 0px;\n    padding-bottom: 0px;\n  }\n}\n<\/style>\n\t<\/section>\n\t\n\n\t<section class=\"section food-for-thought\" id=\"section_1343210001\">\n\t\t<div class=\"section-bg fill\" >\n\t\t\t\t\t\t\t\t\t\n\t\t\t\n\n\t\t<\/div>\n\n\t\t\n\n\t\t<div class=\"section-content relative\">\n\t\t\t\n<div class=\"row align-center\"  id=\"row-322288248\">\n\n\t<div id=\"col-256902250\" class=\"col title small-12 large-12\"  >\n\t\t\t\t<div class=\"col-inner text-left dark\"  >\n\t\t\t\n\t\t\t\n<h2>Devotional<\/h2>\n\t\t<\/div>\n\t\t\t\t\t<\/div>\n\n\t\n\n\t<div id=\"col-774923635\" class=\"col small-12 large-12\"  >\n\t\t\t\t<div class=\"col-inner dark\"  >\n\t\t\t\n\t\t\t\n<p>V govoru &#8220;NE sodi!&#8221; pravi Aslaksen, da je prevzetnost najhuj\u0161e, ko se gre za oddaljevanje od Boga. Katere misli, bi ti ozna\u010dil za prevzetne? Diskutiraj v skupini.  <\/p>\n<ul class=\"question-answers\">\n<li>&#8220;Jaz sem dober v &#8230;&#8221;<\/li>\n<li>&#8220;Jaz sem padel \u017ee tolikokrat, da se zapravil svoje prilo\u017enosti.&#8221;<\/li>\n<li>&#8220;Na sre\u010do me ne obremenjujejo iste stvari, ko njega\/njo &#8230;&#8221;<\/li>\n<li>&#8220;To, kar je ona\/on rekel, ni res.&#8221;<\/li>\n<\/ul>\n<p class='info'>You have to <a href='\/login\/'>log in<\/a> if you want to save your answer.<\/p>\n\t\t<\/div>\n\t\t\t\t\t<\/div>\n\n\t\n<\/div>\n\t\t<\/div>\n\n\t\t\n<style>\n#section_1343210001 {\n  padding-top: 30px;\n  padding-bottom: 30px;\n  background-color: rgb(73, 92, 94);\n}\n<\/style>\n\t<\/section>\n\t\n","protected":false},"excerpt":{"rendered":"","protected":false},"author":5,"featured_media":0,"parent":12620,"menu_order":0,"comment_status":"closed","ping_status":"closed","template":"page-blank.php","meta":{"footnotes":""},"class_list":["post-12654","page","type-page","status-publish","hentry"],"aioseo_notices":[],"_links":{"self":[{"href":"https:\/\/words-of-faith.org\/sl\/wp-json\/wp\/v2\/pages\/12654","targetHints":{"allow":["GET"]}}],"collection":[{"href":"https:\/\/words-of-faith.org\/sl\/wp-json\/wp\/v2\/pages"}],"about":[{"href":"https:\/\/words-of-faith.org\/sl\/wp-json\/wp\/v2\/types\/page"}],"author":[{"embeddable":true,"href":"https:\/\/words-of-faith.org\/sl\/wp-json\/wp\/v2\/users\/5"}],"replies":[{"embeddable":true,"href":"https:\/\/words-of-faith.org\/sl\/wp-json\/wp\/v2\/comments?post=12654"}],"version-history":[{"count":0,"href":"https:\/\/words-of-faith.org\/sl\/wp-json\/wp\/v2\/pages\/12654\/revisions"}],"up":[{"embeddable":true,"href":"https:\/\/words-of-faith.org\/sl\/wp-json\/wp\/v2\/pages\/12620"}],"wp:attachment":[{"href":"https:\/\/words-of-faith.org\/sl\/wp-json\/wp\/v2\/media?parent=12654"}],"curies":[{"name":"wp","href":"https:\/\/api.w.org\/{rel}","templated":true}]}}