{"id":13350,"date":"2020-05-29T20:00:12","date_gmt":"2020-05-29T18:00:12","guid":{"rendered":"https:\/\/aslaksen.bcc.no\/?page_id=13350"},"modified":"2020-08-21T13:37:45","modified_gmt":"2020-08-21T11:37:45","slug":"pazite-se-malikov","status":"publish","type":"page","link":"https:\/\/words-of-faith.org\/sl\/biblijske-studije\/tema-3\/pazite-se-malikov\/","title":{"rendered":"Pazite se malikov"},"content":{"rendered":"\n\t<section class=\"section\" id=\"section_814272204\">\n\t\t<div class=\"section-bg fill\" >\n\t\t\t\t\t\t\t\t\t\n\t\t\t\n\n\t\t<\/div>\n\n\t\t\n\n\t\t<div class=\"section-content relative\">\n\t\t\t\n<div class=\"row align-center\"  id=\"row-1958915037\">\n\n\t<div id=\"col-1603778247\" class=\"col small-12 large-12\"  >\n\t\t\t\t<div class=\"col-inner\"  >\n\t\t\t\n\t\t\t\n<p class=\"breadcrumbs\"><a href=\"..\/\">Theme 3<\/a> \/ Messages<\/p>\n<h1>Pazite se malikov<\/h1>\n<p class=\"article-date\">Skriti zakladi, obljavljeno Februar 1991<\/p>\n<p class=\"article-author\">od Eliasa Aslaksena<\/p>\n\t\t<\/div>\n\t\t\t\t\t<\/div>\n\n\t\n\n<style>\n#row-1958915037 > .col > .col-inner {\n  padding: 30px 0px 0px 0px;\n}\n<\/style>\n<\/div>\n<div class=\"row align-center audio\"  id=\"row-1932798359\">\n\n\t<div id=\"col-2128404699\" class=\"col small-12 large-12\"  >\n\t\t\t\t<div class=\"col-inner\"  >\n\t\t\t\n\t\t\t\n<!--[if lt IE 9]><script>document.createElement('audio');<\/script><![endif]-->\n<audio class=\"wp-audio-shortcode\" id=\"audio-13350-1\" preload=\"none\" style=\"width: 100%;\" controls=\"controls\"><source type=\"audio\/mpeg\" src=\"\/audio\/Tema%203\/SLO\/Pazite%20se%20malikov_SLO.mp3?_=1\" \/><a href=\"\/audio\/Tema%203\/SLO\/Pazite%20se%20malikov_SLO.mp3\">\/audio\/Tema%203\/SLO\/Pazite%20se%20malikov_SLO.mp3<\/a><\/audio>\n<p class=\"click-to-listen\">Click to listen to the speech.<\/p>\n\t\t<\/div>\n\t\t\t\t\t<\/div>\n\n\t\n<\/div>\n<div class=\"row align-center article article-excerpt\"  id=\"row-9333838\">\n\n\t<div id=\"col-672129891\" class=\"col small-12 large-12\"  >\n\t\t\t\t<div class=\"col-inner text-left\"  >\n\t\t\t\n\t\t\t\n<p>V poglavju 2,15 imamo razlago za to, kaj so maliki: To so stvari, ki so na tem svetu! To je v soglasju z razlago apostola Pavla: pohlep je malikovanje.<\/p>\n<p>To kar si \u010dlovek \u017eeli imeti, dobiti ali kupiti, to so maliki. Obstaja tudi smrtno resna razlaga tega malikovanja v Fil. 3,18-19: \u00bbNjihov konec je pogubljenje, njihov bog je trebuh,\u2026 premi\u0161ljujejo zemeljske stvari.\u00ab Do te mere lahko ljubi\u0161 in ob\u010duduje\u0161 dobro hrano, da trebuh, t.j.dobra hrana in veliko hrane postane tvoj malik. Pavel jim je to velikokrat rekel in jokal od \u017ealosti zaradi tega. V. 18. In to se ujema tudi s tem, kar pi\u0161e v Rim. 1, 25: \u010castili so stvarstvo namesto Stvarnika! Ve\u010dino denarja gre za \u010da\u0161\u010denje malikov! Ravno zato ne more\u0161 so\u010dasno ljubiti denarja in Boga!!!<\/p>\n<p>Veliki prerok Izaija je tudi resno govoril o tem! Iz. 2,21-22 in 3, 16-24. v poglavju 2,18 pi\u0161e: \u00bb Maliki bodo popolnoma izginili.\u00ab Namre\u010d tega dne, ko se bo Bo\u017eja jeza in sodba razodela nad vsem tem! (V.12) Ampak stvar je sedaj v tem, da je Jezus pri\u0161el s popolno odre\u0161itvijo iz vse te obi\u010dajne rev\u0161\u010dine!!!<\/p>\n<p>Sedaj imamo vsi popolno prilo\u017enost, da popolnoma kon\u010damo z vsem malikovanjem v na\u0161ih \u017eivljenjih! Visoko slavljen naj bo Gospod!<\/p>\n\t\t<\/div>\n\t\t\t\t\t<\/div>\n\n\t\n\n\t<div id=\"col-1072978055\" class=\"col copyright small-12 large-12\"  >\n\t\t\t\t<div class=\"col-inner text-left\"  >\n\t\t\t\n\t\t\t\n<div>\u00a9 Copyright Stiftelsen Skjulte Skatters Forlag<\/div>\n\t\t<\/div>\n\t\t\t\t\t<\/div>\n\n\t\n\n\t<div id=\"col-921259921\" class=\"col small-12 large-12\"  >\n\t\t\t\t<div class=\"col-inner text-left\"  >\n\t\t\t\n\t\t\t\n<div><a href=\"#\" class=\"read-more\">Beri ve\u010d<\/a><\/div>\n\t\t<\/div>\n\t\t\t\t\t<\/div>\n\n\t\n\n\t<div id=\"col-1518783644\" class=\"col small-12 large-12\"  >\n\t\t\t\t<div class=\"col-inner text-left\"  >\n\t\t\t\n\t\t\t\n<p class=\"next-previous-message\"><a class=\"previous\" href=\"\/sl\/bible-studies\/theme-3\/the-fear-of-god\/\"><i class=\"icon-angle-left\"><\/i> Previous<\/a><a class=\"next\" href=\"\/sl\/bible-studies\/theme-3\/do-gods-will\/\">Next <i class=\"icon-angle-right\"><\/i><\/a><\/p>\n\t\t<\/div>\n\t\t\t\t\t<\/div>\n\n\t\n<\/div>\n\t\t<\/div>\n\n\t\t\n<style>\n#section_814272204 {\n  padding-top: 0px;\n  padding-bottom: 0px;\n  margin-bottom: 0px;\n}\n@media (min-width:550px) {\n  #section_814272204 {\n    padding-top: 0px;\n    padding-bottom: 0px;\n  }\n}\n<\/style>\n\t<\/section>\n\t\n\n\t<section class=\"section food-for-thought\" id=\"section_1590271893\">\n\t\t<div class=\"section-bg fill\" >\n\t\t\t\t\t\t\t\t\t\n\t\t\t\n\n\t\t<\/div>\n\n\t\t\n\n\t\t<div class=\"section-content relative\">\n\t\t\t\n<div class=\"row align-center\"  id=\"row-288149866\">\n\n\t<div id=\"col-572314645\" class=\"col title small-12 large-12\"  >\n\t\t\t\t<div class=\"col-inner text-left dark\"  >\n\t\t\t\n\t\t\t\n<h2>Devotional<\/h2>\n\t\t<\/div>\n\t\t\t\t\t<\/div>\n\n\t\n\n\t<div id=\"col-1353641105\" class=\"col small-12 large-12\"  >\n\t\t\t\t<div class=\"col-inner dark\"  >\n\t\t\t\n\t\t\t\n<p>V \u010dlanku &#8220;Pazite se malikov&#8221; Aslaksen omeni razli\u010dne primere malikov. Kdaj nekaj nastane en malik za tebe?<\/p>\n<p class='info'>You have to <a href='\/login\/'>log in<\/a> if you want to save your answer.<\/p>\n\t\t<\/div>\n\t\t\t\t\t<\/div>\n\n\t\n<\/div>\n\t\t<\/div>\n\n\t\t\n<style>\n#section_1590271893 {\n  padding-top: 30px;\n  padding-bottom: 30px;\n  background-color: rgb(73, 92, 94);\n}\n<\/style>\n\t<\/section>\n\t\n","protected":false},"excerpt":{"rendered":"","protected":false},"author":5,"featured_media":0,"parent":12620,"menu_order":3,"comment_status":"closed","ping_status":"closed","template":"page-blank.php","meta":{"footnotes":""},"class_list":["post-13350","page","type-page","status-publish","hentry"],"aioseo_notices":[],"_links":{"self":[{"href":"https:\/\/words-of-faith.org\/sl\/wp-json\/wp\/v2\/pages\/13350","targetHints":{"allow":["GET"]}}],"collection":[{"href":"https:\/\/words-of-faith.org\/sl\/wp-json\/wp\/v2\/pages"}],"about":[{"href":"https:\/\/words-of-faith.org\/sl\/wp-json\/wp\/v2\/types\/page"}],"author":[{"embeddable":true,"href":"https:\/\/words-of-faith.org\/sl\/wp-json\/wp\/v2\/users\/5"}],"replies":[{"embeddable":true,"href":"https:\/\/words-of-faith.org\/sl\/wp-json\/wp\/v2\/comments?post=13350"}],"version-history":[{"count":0,"href":"https:\/\/words-of-faith.org\/sl\/wp-json\/wp\/v2\/pages\/13350\/revisions"}],"up":[{"embeddable":true,"href":"https:\/\/words-of-faith.org\/sl\/wp-json\/wp\/v2\/pages\/12620"}],"wp:attachment":[{"href":"https:\/\/words-of-faith.org\/sl\/wp-json\/wp\/v2\/media?parent=13350"}],"curies":[{"name":"wp","href":"https:\/\/api.w.org\/{rel}","templated":true}]}}