{"id":13369,"date":"2020-05-29T20:00:56","date_gmt":"2020-05-29T18:00:56","guid":{"rendered":"https:\/\/aslaksen.bcc.no\/?page_id=13369"},"modified":"2020-08-21T13:43:48","modified_gmt":"2020-08-21T11:43:48","slug":"delati-bozjo-voljo-kot-se-zgodi-v-nebesih","status":"publish","type":"page","link":"https:\/\/words-of-faith.org\/sl\/biblijske-studije\/tema-3\/delati-bozjo-voljo-kot-se-zgodi-v-nebesih\/","title":{"rendered":"Delati Bo\u017ejo voljo, kot se zgodi v nebesih"},"content":{"rendered":"\n\t<section class=\"section\" id=\"section_1082154246\">\n\t\t<div class=\"section-bg fill\" >\n\t\t\t\t\t\t\t\t\t\n\t\t\t\n\n\t\t<\/div>\n\n\t\t\n\n\t\t<div class=\"section-content relative\">\n\t\t\t\n<div class=\"row align-center\"  id=\"row-2035818462\">\n\n\t<div id=\"col-1872361963\" class=\"col small-12 large-12\"  >\n\t\t\t\t<div class=\"col-inner\"  >\n\t\t\t\n\t\t\t\n<p class=\"breadcrumbs\"><a href=\"..\/\">Theme 3<\/a> \/ Messages<\/p>\n<h1>Delati Bo\u017ejo voljo, kot se zgodi v nebesih<\/h1>\n<p class=\"article-date\">Odlomek govora iz Januarja 1965<\/p>\n<p class=\"article-author\">od Eliasa Aslaksena<\/p>\n\t\t<\/div>\n\t\t\t\t\t<\/div>\n\n\t\n\n<style>\n#row-2035818462 > .col > .col-inner {\n  padding: 30px 0px 0px 0px;\n}\n<\/style>\n<\/div>\n<div class=\"row align-center audio\"  id=\"row-1205867777\">\n\n\t<div id=\"col-447483400\" class=\"col small-12 large-12\"  >\n\t\t\t\t<div class=\"col-inner\"  >\n\t\t\t\n\t\t\t\n<!--[if lt IE 9]><script>document.createElement('audio');<\/script><![endif]-->\n<audio class=\"wp-audio-shortcode\" id=\"audio-13369-1\" preload=\"none\" style=\"width: 100%;\" controls=\"controls\"><source type=\"audio\/mpeg\" src=\"\/audio\/Tema%203\/SLO\/Gj%C3%B8re%20Guds%20vilje%20slik%20den%20skjer%20i%20himlen_SLO.mp3?_=1\" \/><a href=\"\/audio\/Tema%203\/SLO\/Gj%C3%B8re%20Guds%20vilje%20slik%20den%20skjer%20i%20himlen_SLO.mp3\">\/audio\/Tema%203\/SLO\/Gj%C3%B8re%20Guds%20vilje%20slik%20den%20skjer%20i%20himlen_SLO.mp3<\/a><\/audio>\n<p class=\"click-to-listen\">Click to listen to the speech.<\/p>\n\t\t<\/div>\n\t\t\t\t\t<\/div>\n\n\t\n<\/div>\n<div class=\"row align-center article article-excerpt\"  id=\"row-771642584\">\n\n\t<div id=\"col-1288805867\" class=\"col small-12 large-12\"  >\n\t\t\t\t<div class=\"col-inner text-left\"  >\n\t\t\t\n\t\t\t\n<p>Mi ubogi reve\u017ei, na tem hudobnem svetu z mesom v katerem ne \u017eivi ni\u010d dobrega, z mo\u010dno lastno voljo, mo\u010dnimi po\u017eelenji in mo\u010dnimi mnenji. Bodite osvobojeni do te mere, da se lahko zgodi Bo\u017eja volja v na\u0161ih \u017eivljenjih, da mi osebno \u2013 vsak posameznik izmed nas \u2013 stori Bo\u017ejo voljo tako, kot se zgodi v nebesih. In ti v nebesih, nimajo lastne volje, da bi jo zatajili, ampak to imamo mi! KJUB TEMU delajmo Bo\u017ejo voljo, kot se zgodi v nebesih. Kdo misli, da je \u017ee storil tako?<\/p>\n<p>Kaj pa \u010de bi vpra\u0161ali vsakega posebej, \u010de mislijo, da so storili Bo\u017ejo voljo? Mislim, da bi ve\u010dina zavla\u010devala z odgovorom. In \u010de bi bil ti eden izmed redkih, ki bi rekel ja, brez zavla\u010devanja, bi bilo kljub temu potrebno dodatno vpra\u0161anje, zato da bi bil v soglasju s tem: ali meni\u0161, da dela\u0161 Bo\u017ejo voljo tako, kot se zgodi v nebesih?<\/p>\n<p>Vso Bo\u017ejo voljo dela\u0161 tako na zemlji, kot se zgodi v nebesih. Potem lahko vpra\u0161amo, kako se zgodi v nebesih? Na to je, od vsega, najla\u017eje odgovoriti. Ali bolj pravilno re\u010deno, to je edino, na kar je lahko odgovoriti. Ni potrebno veliko, da to razume\u0161. Ampak ni nujno, da smo veliko razmi\u0161ljali o tem, zato tudi nima nobenega ve\u010djega u\u010dinka. Zato se veselim, da vam to lahko sedaj tukaj predstavim in to lahko stori ve\u010dji u\u010dinek. Velik u\u010dinek. V nebesih se seveda Bo\u017eja volja zgodi tako, da se naredi takoj. Ni re\u010deno prej, kot je storjeno. Zgodi se takoj!<\/p>\n\t\t<\/div>\n\t\t\t\t\t<\/div>\n\n\t\n\n\t<div id=\"col-521186389\" class=\"col copyright small-12 large-12\"  >\n\t\t\t\t<div class=\"col-inner text-left\"  >\n\t\t\t\n\t\t\t\n<div>\u00a9 Copyright Stiftelsen Skjulte Skatters Forlag<\/div>\n\t\t<\/div>\n\t\t\t\t\t<\/div>\n\n\t\n\n\t<div id=\"col-469678426\" class=\"col small-12 large-12\"  >\n\t\t\t\t<div class=\"col-inner text-left\"  >\n\t\t\t\n\t\t\t\n<div><a href=\"#\" class=\"read-more\">Beri ve\u010d<\/a><\/div>\n\t\t<\/div>\n\t\t\t\t\t<\/div>\n\n\t\n\n\t<div id=\"col-1655454932\" class=\"col small-12 large-12\"  >\n\t\t\t\t<div class=\"col-inner text-left\"  >\n\t\t\t\n\t\t\t\n<p class=\"next-previous-message\"><a class=\"previous\" href=\"\/sl\/bible-studies\/theme-3\/keep-yourselves-from-idols\/\"><i class=\"icon-angle-left\"><\/i> Previous<\/a><a class=\"next\" href=\"\/sl\/bible-studies\/theme-3\/commit-your-souls-to-the-faithful-creator\/\">Next <i class=\"icon-angle-right\"><\/i><\/a><\/p>\n\t\t<\/div>\n\t\t\t\t\t<\/div>\n\n\t\n<\/div>\n\t\t<\/div>\n\n\t\t\n<style>\n#section_1082154246 {\n  padding-top: 0px;\n  padding-bottom: 0px;\n  margin-bottom: 0px;\n}\n@media (min-width:550px) {\n  #section_1082154246 {\n    padding-top: 0px;\n    padding-bottom: 0px;\n  }\n}\n<\/style>\n\t<\/section>\n\t\n\n\t<section class=\"section food-for-thought\" id=\"section_1339223033\">\n\t\t<div class=\"section-bg fill\" >\n\t\t\t\t\t\t\t\t\t\n\t\t\t\n\n\t\t<\/div>\n\n\t\t\n\n\t\t<div class=\"section-content relative\">\n\t\t\t\n<div class=\"row align-center\"  id=\"row-152816530\">\n\n\t<div id=\"col-125598085\" class=\"col title small-12 large-12\"  >\n\t\t\t\t<div class=\"col-inner text-left dark\"  >\n\t\t\t\n\t\t\t\n<h2>Devotional<\/h2>\n\t\t<\/div>\n\t\t\t\t\t<\/div>\n\n\t\n\n\t<div id=\"col-1329931190\" class=\"col small-12 large-12\"  >\n\t\t\t\t<div class=\"col-inner dark\"  >\n\t\t\t\n\t\t\t\n<p>Poslu\u0161aj govor &#8220;Delati Bo\u017ejo voljo&#8221;: Zapi\u0161i nekaj konkretnega, ki danes predstavlja Bo\u017ejo voljo za tebe. Pomisli, kako se lahko naredi tukaj na zemlji, kot se zgodi v nebesih.<\/p>\n<p class='info'>You have to <a href='\/login\/'>log in<\/a> if you want to save your answer.<\/p>\n\t\t<\/div>\n\t\t\t\t\t<\/div>\n\n\t\n<\/div>\n\t\t<\/div>\n\n\t\t\n<style>\n#section_1339223033 {\n  padding-top: 30px;\n  padding-bottom: 30px;\n  background-color: rgb(73, 92, 94);\n}\n<\/style>\n\t<\/section>\n\t\n","protected":false},"excerpt":{"rendered":"","protected":false},"author":5,"featured_media":0,"parent":12620,"menu_order":4,"comment_status":"closed","ping_status":"closed","template":"page-blank.php","meta":{"footnotes":""},"class_list":["post-13369","page","type-page","status-publish","hentry"],"aioseo_notices":[],"_links":{"self":[{"href":"https:\/\/words-of-faith.org\/sl\/wp-json\/wp\/v2\/pages\/13369","targetHints":{"allow":["GET"]}}],"collection":[{"href":"https:\/\/words-of-faith.org\/sl\/wp-json\/wp\/v2\/pages"}],"about":[{"href":"https:\/\/words-of-faith.org\/sl\/wp-json\/wp\/v2\/types\/page"}],"author":[{"embeddable":true,"href":"https:\/\/words-of-faith.org\/sl\/wp-json\/wp\/v2\/users\/5"}],"replies":[{"embeddable":true,"href":"https:\/\/words-of-faith.org\/sl\/wp-json\/wp\/v2\/comments?post=13369"}],"version-history":[{"count":0,"href":"https:\/\/words-of-faith.org\/sl\/wp-json\/wp\/v2\/pages\/13369\/revisions"}],"up":[{"embeddable":true,"href":"https:\/\/words-of-faith.org\/sl\/wp-json\/wp\/v2\/pages\/12620"}],"wp:attachment":[{"href":"https:\/\/words-of-faith.org\/sl\/wp-json\/wp\/v2\/media?parent=13369"}],"curies":[{"name":"wp","href":"https:\/\/api.w.org\/{rel}","templated":true}]}}