{"id":13387,"date":"2020-05-29T20:00:06","date_gmt":"2020-05-29T18:00:06","guid":{"rendered":"https:\/\/aslaksen.bcc.no\/?page_id=13387"},"modified":"2020-08-21T13:47:25","modified_gmt":"2020-08-21T11:47:25","slug":"predati-svoje-duse-zvestemu-stvarniku","status":"publish","type":"page","link":"https:\/\/words-of-faith.org\/sl\/biblijske-studije\/tema-3\/predati-svoje-duse-zvestemu-stvarniku\/","title":{"rendered":"Predati svoje du\u0161e zvestemu stvarniku"},"content":{"rendered":"\n\t<section class=\"section\" id=\"section_1826523226\">\n\t\t<div class=\"section-bg fill\" >\n\t\t\t\t\t\t\t\t\t\n\t\t\t\n\n\t\t<\/div>\n\n\t\t\n\n\t\t<div class=\"section-content relative\">\n\t\t\t\n<div class=\"row align-center\"  id=\"row-863945006\">\n\n\t<div id=\"col-266534373\" class=\"col small-12 large-12\"  >\n\t\t\t\t<div class=\"col-inner\"  >\n\t\t\t\n\t\t\t\n<p class=\"breadcrumbs\"><a href=\"..\/\">Theme 3<\/a> \/ Messages<\/p>\n<h1>Predati svoje du\u0161e zvestemu stvarniku<\/h1>\n<p class=\"article-date\">Skriti zakladi, obljavljeno Marec 1989<\/p>\n<p class=\"article-author\">od Eliasa Aslaksena<\/p>\n\t\t<\/div>\n\t\t\t\t\t<\/div>\n\n\t\n\n<style>\n#row-863945006 > .col > .col-inner {\n  padding: 30px 0px 0px 0px;\n}\n<\/style>\n<\/div>\n<div class=\"row align-center audio\"  id=\"row-1505357882\">\n\n\t<div id=\"col-1765907279\" class=\"col small-12 large-12\"  >\n\t\t\t\t<div class=\"col-inner\"  >\n\t\t\t\n\t\t\t\n<!--[if lt IE 9]><script>document.createElement('audio');<\/script><![endif]-->\n<audio class=\"wp-audio-shortcode\" id=\"audio-13387-1\" preload=\"none\" style=\"width: 100%;\" controls=\"controls\"><source type=\"audio\/mpeg\" src=\"\/audio\/Tema%203\/SLO\/Predati%20svoje%20du%C5%A1e%20zvestemu%20stvarniku_SLO.mp3?_=1\" \/><a href=\"\/audio\/Tema%203\/SLO\/Predati%20svoje%20du%C5%A1e%20zvestemu%20stvarniku_SLO.mp3\">\/audio\/Tema%203\/SLO\/Predati%20svoje%20du%C5%A1e%20zvestemu%20stvarniku_SLO.mp3<\/a><\/audio>\n<p class=\"click-to-listen\">Click to listen to the speech.<\/p>\n\t\t<\/div>\n\t\t\t\t\t<\/div>\n\n\t\n<\/div>\n<div class=\"row align-center article article-excerpt\"  id=\"row-720354667\">\n\n\t<div id=\"col-256749978\" class=\"col small-12 large-12\"  >\n\t\t\t\t<div class=\"col-inner text-left\"  >\n\t\t\t\n\t\t\t\n<p class=\"Default\"><span lang=\"SL\">Kak\u0161en razlo\u010den izraz, poln vsebine!!! Torej: da ne obdr\u017eimo du\u0161e sami zase, ne \u017eivimo zase, ne naredimo nekaj, kar mi sami mislimo, ampak predamo na\u0161o du\u0161o njemu. Dajmo se popolnoma njemu in vse, kar je v nas, v popolnem zaupanju vanj, ja, v stvarnika, on, ki je ustvaril vse in ki zdaj \u017eeli ustvariti nekaj popolnoma novega v na\u0161i notranjosti! Ne zana\u0161ajmo se na razum in \u010dustva, ampak se mu prepustimo popolnoma, njegovi besedi, po popolni lu\u010di Nove zaveze.<\/span><\/p>\n<p class=\"Default\"><span lang=\"SL\">Moto: slepo zaupanje in preprosta zvestoba tako v majhnem, kot v velikem. Ne moremo namre\u010d re\u010di Stvarniku, kako naj ustvari! To je njegova stvar. Na\u0161a stvar je, da se predamo njegovi volji. Vsa \u010dast in slava mu.<\/span><\/p>\n<p class=\"Default\"><span lang=\"SL\">Preizkusi se ali si resni\u010dno predan, popolnoma in brez lastne volje. \u2013 \u010ce ni tako, se predaj zdaj, kajti veliko bolje je pozno kot nikoli!<\/span><\/p>\n<p class=\"Default\"><span lang=\"SL\">Ko se du\u0161a izprazni v Kristusovi smrti, dobi\u0161 smisel za duhovno. \u2013 Ti, ki so du\u0161evni, niso predali svoje du\u0161e njemu.<\/span><\/p>\n<p class=\"Default\"><span lang=\"SL\">&nbsp;<\/span><\/p>\n\t\t<\/div>\n\t\t\t\t\t<\/div>\n\n\t\n\n\t<div id=\"col-1351895328\" class=\"col copyright small-12 large-12\"  >\n\t\t\t\t<div class=\"col-inner text-left\"  >\n\t\t\t\n\t\t\t\n<div>\u00a9 Copyright Stiftelsen Skjulte Skatters Forlag<\/div>\n\t\t<\/div>\n\t\t\t\t\t<\/div>\n\n\t\n\n\t<div id=\"col-670569673\" class=\"col small-12 large-12\"  >\n\t\t\t\t<div class=\"col-inner text-left\"  >\n\t\t\t\n\t\t\t\n<div><a href=\"#\" class=\"read-more\">Beri ve\u010d<\/a><\/div>\n\t\t<\/div>\n\t\t\t\t\t<\/div>\n\n\t\n\n\t<div id=\"col-1007193125\" class=\"col small-12 large-12\"  >\n\t\t\t\t<div class=\"col-inner text-left\"  >\n\t\t\t\n\t\t\t\n<p class=\"next-previous-message\"><a class=\"previous\" href=\"\/sl\/bible-studies\/theme-3\/do-gods-will\/\"><i class=\"icon-angle-left\"><\/i> Previous<\/a><a class=\"next\" href=\"\/sl\/bible-studies\/theme-3\/you-are-loved-and-should-love-in-return\/\">Next <i class=\"icon-angle-right\"><\/i><\/a><\/p>\n\t\t<\/div>\n\t\t\t\t\t<\/div>\n\n\t\n<\/div>\n\t\t<\/div>\n\n\t\t\n<style>\n#section_1826523226 {\n  padding-top: 0px;\n  padding-bottom: 0px;\n  margin-bottom: 0px;\n}\n@media (min-width:550px) {\n  #section_1826523226 {\n    padding-top: 0px;\n    padding-bottom: 0px;\n  }\n}\n<\/style>\n\t<\/section>\n\t\n\n\t<section class=\"section food-for-thought\" id=\"section_503060477\">\n\t\t<div class=\"section-bg fill\" >\n\t\t\t\t\t\t\t\t\t\n\t\t\t\n\n\t\t<\/div>\n\n\t\t\n\n\t\t<div class=\"section-content relative\">\n\t\t\t\n<div class=\"row align-center\"  id=\"row-18100658\">\n\n\t<div id=\"col-2108743135\" class=\"col title small-12 large-12\"  >\n\t\t\t\t<div class=\"col-inner text-left dark\"  >\n\t\t\t\n\t\t\t\n<h2>Devotional<\/h2>\n\t\t<\/div>\n\t\t\t\t\t<\/div>\n\n\t\n\n\t<div id=\"col-1178888219\" class=\"col small-12 large-12\"  >\n\t\t\t\t<div class=\"col-inner dark\"  >\n\t\t\t\n\t\t\t\n<p>V \u010dlanku &#8220;Predati svoje du\u0161e zvestemu Stvarniku&#8221; pi\u0161e Aslaksen o tem, da se preda\u0161 brez volje. Kaj misli\u0161, da on s tem misli?<\/p>\n<p class='info'>You have to <a href='\/login\/'>log in<\/a> if you want to save your answer.<\/p>\n\t\t<\/div>\n\t\t\t\t\t<\/div>\n\n\t\n<\/div>\n\t\t<\/div>\n\n\t\t\n<style>\n#section_503060477 {\n  padding-top: 30px;\n  padding-bottom: 30px;\n  background-color: rgb(73, 92, 94);\n}\n<\/style>\n\t<\/section>\n\t\n","protected":false},"excerpt":{"rendered":"","protected":false},"author":5,"featured_media":0,"parent":12620,"menu_order":5,"comment_status":"closed","ping_status":"closed","template":"page-blank.php","meta":{"footnotes":""},"class_list":["post-13387","page","type-page","status-publish","hentry"],"aioseo_notices":[],"_links":{"self":[{"href":"https:\/\/words-of-faith.org\/sl\/wp-json\/wp\/v2\/pages\/13387","targetHints":{"allow":["GET"]}}],"collection":[{"href":"https:\/\/words-of-faith.org\/sl\/wp-json\/wp\/v2\/pages"}],"about":[{"href":"https:\/\/words-of-faith.org\/sl\/wp-json\/wp\/v2\/types\/page"}],"author":[{"embeddable":true,"href":"https:\/\/words-of-faith.org\/sl\/wp-json\/wp\/v2\/users\/5"}],"replies":[{"embeddable":true,"href":"https:\/\/words-of-faith.org\/sl\/wp-json\/wp\/v2\/comments?post=13387"}],"version-history":[{"count":0,"href":"https:\/\/words-of-faith.org\/sl\/wp-json\/wp\/v2\/pages\/13387\/revisions"}],"up":[{"embeddable":true,"href":"https:\/\/words-of-faith.org\/sl\/wp-json\/wp\/v2\/pages\/12620"}],"wp:attachment":[{"href":"https:\/\/words-of-faith.org\/sl\/wp-json\/wp\/v2\/media?parent=13387"}],"curies":[{"name":"wp","href":"https:\/\/api.w.org\/{rel}","templated":true}]}}