{"id":13405,"date":"2020-05-29T20:00:10","date_gmt":"2020-05-29T18:00:10","guid":{"rendered":"https:\/\/aslaksen.bcc.no\/?page_id=13405"},"modified":"2020-08-21T13:50:50","modified_gmt":"2020-08-21T11:50:50","slug":"ti-si-ljubljen-in-bi-moral-ljubiti","status":"publish","type":"page","link":"https:\/\/words-of-faith.org\/sl\/biblijske-studije\/tema-3\/ti-si-ljubljen-in-bi-moral-ljubiti\/","title":{"rendered":"Ti si ljubljen in bi moral ljubiti"},"content":{"rendered":"\n\t<section class=\"section\" id=\"section_1940169068\">\n\t\t<div class=\"section-bg fill\" >\n\t\t\t\t\t\t\t\t\t\n\t\t\t\n\n\t\t<\/div>\n\n\t\t\n\n\t\t<div class=\"section-content relative\">\n\t\t\t\n<div class=\"row align-center\"  id=\"row-368875271\">\n\n\t<div id=\"col-1896448247\" class=\"col small-12 large-12\"  >\n\t\t\t\t<div class=\"col-inner\"  >\n\t\t\t\n\t\t\t\n<p class=\"breadcrumbs\"><a href=\"..\/\">Theme 3<\/a> \/ Messages<\/p>\n<h1>Ti si ljubljen in bi moral ljubiti<\/h1>\n<p class=\"article-date\">Skriti zakladi, obljavljeno Aprila 1938<\/p>\n<p class=\"article-author\">od Eliasa Aslaksena<\/p>\n\t\t<\/div>\n\t\t\t\t\t<\/div>\n\n\t\n\n<style>\n#row-368875271 > .col > .col-inner {\n  padding: 30px 0px 0px 0px;\n}\n<\/style>\n<\/div>\n<div class=\"row align-center audio\"  id=\"row-1219024007\">\n\n\t<div id=\"col-2067049991\" class=\"col small-12 large-12\"  >\n\t\t\t\t<div class=\"col-inner\"  >\n\t\t\t\n\t\t\t\n<!--[if lt IE 9]><script>document.createElement('audio');<\/script><![endif]-->\n<audio class=\"wp-audio-shortcode\" id=\"audio-13405-1\" preload=\"none\" style=\"width: 100%;\" controls=\"controls\"><source type=\"audio\/mpeg\" src=\"\/audio\/Tema%203\/SLO\/Ti%20si%20ljubljen%20in%20bi%20moral%20ljubiti%20nazaj_SLO.mp3?_=1\" \/><a href=\"\/audio\/Tema%203\/SLO\/Ti%20si%20ljubljen%20in%20bi%20moral%20ljubiti%20nazaj_SLO.mp3\">\/audio\/Tema%203\/SLO\/Ti%20si%20ljubljen%20in%20bi%20moral%20ljubiti%20nazaj_SLO.mp3<\/a><\/audio>\n<p class=\"click-to-listen\">Click to listen to the speech.<\/p>\n\t\t<\/div>\n\t\t\t\t\t<\/div>\n\n\t\n<\/div>\n<div class=\"row align-center article article-excerpt\"  id=\"row-1320608458\">\n\n\t<div id=\"col-441462386\" class=\"col small-12 large-12\"  >\n\t\t\t\t<div class=\"col-inner text-left\"  >\n\t\t\t\n\t\t\t\n<p class=\"Default\"><b><span lang=\"SL\">Kr\u0161\u010danstvo<\/span><\/b><span lang=\"SL\">, spreobrnenje, odre\u0161itev, evangelij \u2013 za kaj se gre? Kaj ho\u010de Bog z nami? Za kaj se gre???<\/span><\/p>\n<p class=\"Default\"><span lang=\"SL\">Gre se za 2 stvari:<\/span><\/p>\n<p class=\"Default\"><span lang=\"SL\">I Da nas Bog ljubi. \u00abBog je namre\u010d svet tako vzljubil, da je dal\u2026\u00bb<\/span><\/p>\n<p class=\"Default\"><span lang=\"SL\">Jan. 3, 16<\/span><\/p>\n<p class=\"Default\"><span lang=\"SL\">II Da ga ljubimo nazaj:<\/span><\/p>\n<p class=\"Default\"><span lang=\"SL\">\u00abMi ljubimo, ker nas je on prvi vzljubil.\u00bb<\/span><\/p>\n<p class=\"Default\"><span lang=\"SL\">1. Jan. 4, 19<\/span><\/p>\n<p class=\"Default\"><span lang=\"SL\">Ali se ne gre tudi za nekaj drugega? Ne, za popolnoma ni\u010d drugega! Vse drugo dobro je neizogibna posledica tega! Kdo nas ljubi z veliko in \u010disto ljubeznijo? Jezus Kristus. To je mo\u010dno dokazal. Kdo ga ljubi nazaj? Seveda vsi, ki opazijo to njegovo povzdignjeno ljubezen. <\/span><\/p>\n<p class=\"Default\"><span lang=\"SL\">Ker te Bog ljubi s popolno ljubeznijo, je samo ena stvar, ki jo on \u017eeli s tabo in to je, da je dober do tebe. To je edina misel in na\u010drt, ki jo ima s tabo. Ni\u010desar slab\u0161ega kot to!<\/span><\/p>\n<p class=\"Default\"><span lang=\"SL\">\u010ce mo\u017e na naraven na\u010din ljubi \u017eeno, ho\u010de biti zato dober do nje, ji dati darila itn. in ona opazi njegovo osebo in njegovo bitje in ga zato ljubi nazaj in je zato zelo sre\u010dna v tem svetu tako dolgo, dokler odnos traja. In kljub temu ta sre\u010da ni ni\u010d v primerjavi s to, ki nastane tako, da si in postane\u0161 ljubljen od Boga po njegovem ljubljenem in popolnem Sinu Jezusu Kristusu in da ljubi\u0161 nazaj! Zakaj?<\/span><\/p>\n<p class=\"Default\"><span lang=\"SL\">Ker je njegova ljubezen tako neopisljivo ve\u010dja! Ker je on toliko bolj bogat in mogo\u010den! In predvsem, ker so njegovo bitje, njegova osebnost, njegovo mi\u0161ljenje tako neskon\u010dno bolj\u0161e, plemenitej\u0161e in slavnej\u0161e na vse mo\u017ene na\u010dine!<\/span><\/p>\n<p class=\"Default\"><span lang=\"SL\">Posmisli, da te on ljubi!!!???\u2014 <\/span><\/p>\n<p class=\"Default\"><span lang=\"SL\">Kak\u0161na sre\u010da! Kak\u0161na veli\u010dina! Kak\u0161na ponudba! Ni\u010d \u010dudnega, da se evangelij imenuje dobro in veselo oznanilo!<\/span><\/p>\n<p class=\"Default\"><span lang=\"SL\">Kdo si ti, draga du\u0161a, da bi temu rekel \u00abne hvala\u00bb? Da bi ga <i>zavrnil<\/i>? Da bi raje izbral biti brez njega? On je dal svoje \u017eivljenje zate, trpel vse zate, se spravil za ves tvoj greh, odprl pot ven iz vsega greha in prekletstva, zato da bi ti dobil prilo\u017enost hoditi po njej! \u00abSicer pa je tudi Kristus trpel zaradi grehov, in sicer enkrat za vselej, pravi\u010dni za krivi\u010dne, da bi vas pripeljal k Bogu.\u00bb 1. Pet. 3, 18.<\/span><\/p>\n<p class=\"Default\"><span lang=\"SL\">Priznaj svoj greh in on ti vse odpusti! 1. Jan. 1, 9.<\/span><\/p>\n<p class=\"Default\"><span lang=\"SL\">Moli za mo\u010d in on te krep\u010da! Da ti vero, ljubezen, duha in mo\u010d, da dela\u0161, kar je prav in dobro v njegovih o\u010deh in postane\u0161 popolnoma sre\u010den, vedno sre\u010den! Dobi\u0161 vse kar potrebuje\u0161, da zmore\u0161 urediti svoje stvari, da prizna\u0161 in popravi\u0161, to kar si storil narobe. \u2013<\/span><\/p>\n<p class=\"Default\"><span lang=\"SL\">Dobi\u0161 vse, kar potrebuje\u0161 od njega, ki je bogat v mo\u010di in dobroti in ki te ljubi, tako da bo\u0161 zmogel to, kar zdaj ne more\u0161, in sicer delati dobro in isto\u010dasno prenehati delati hudobno.<\/span><\/p>\n<p class=\"Default\"><span lang=\"SL\">Razumi ljubezen do njega! On te ljubi! Reci mu \u00abja\u00bb! Ljubi ga nazaj! Potem bo\u0161 do\u017eivel, kaj ti bo njegova neopisljiva ljubezen prinesla, nepredstavljivo in neizrekljivo ljubezen v tvojem srcu. <\/span><\/p>\n<p class=\"Default\"><span lang=\"SL\">Ni\u010desar ni bolj\u0161e, kot da ljubi\u0161 in si ljubljen! \u0160e posebno, ko nas ljubi ena taka oseba in mi jo ljubimo nazaj. Ne reci mu \u00abne\u00bb! Jezus te zdaj kli\u010de. \u2013 <\/span><\/p>\n\t\t<\/div>\n\t\t\t\t\t<\/div>\n\n\t\n\n\t<div id=\"col-1550918554\" class=\"col copyright small-12 large-12\"  >\n\t\t\t\t<div class=\"col-inner text-left\"  >\n\t\t\t\n\t\t\t\n<div>\u00a9 Copyright Stiftelsen Skjulte Skatters Forlag<\/div>\n\t\t<\/div>\n\t\t\t\t\t<\/div>\n\n\t\n\n\t<div id=\"col-1816743776\" class=\"col small-12 large-12\"  >\n\t\t\t\t<div class=\"col-inner text-left\"  >\n\t\t\t\n\t\t\t\n<div><a href=\"#\" class=\"read-more\">Beri ve\u010d<\/a><\/div>\n\t\t<\/div>\n\t\t\t\t\t<\/div>\n\n\t\n\n\t<div id=\"col-732862198\" class=\"col small-12 large-12\"  >\n\t\t\t\t<div class=\"col-inner text-left\"  >\n\t\t\t\n\t\t\t\n<p class=\"next-previous-message\"><a class=\"previous\" href=\"\/sl\/bible-studies\/theme-3\/commit-your-souls-to-the-faithful-creator\/\"><i class=\"icon-angle-left\"><\/i> Previous<\/a><a class=\"next\" href=\"\/sl\/bible-studies\/theme-3\/judge-not\/\">Next <i class=\"icon-angle-right\"><\/i><\/a><\/p>\n\t\t<\/div>\n\t\t\t\t\t<\/div>\n\n\t\n<\/div>\n\t\t<\/div>\n\n\t\t\n<style>\n#section_1940169068 {\n  padding-top: 0px;\n  padding-bottom: 0px;\n  margin-bottom: 0px;\n}\n@media (min-width:550px) {\n  #section_1940169068 {\n    padding-top: 0px;\n    padding-bottom: 0px;\n  }\n}\n<\/style>\n\t<\/section>\n\t\n\n\t<section class=\"section food-for-thought\" id=\"section_639012232\">\n\t\t<div class=\"section-bg fill\" >\n\t\t\t\t\t\t\t\t\t\n\t\t\t\n\n\t\t<\/div>\n\n\t\t\n\n\t\t<div class=\"section-content relative\">\n\t\t\t\n<div class=\"row align-center\"  id=\"row-1237044980\">\n\n\t<div id=\"col-2035386209\" class=\"col title small-12 large-12\"  >\n\t\t\t\t<div class=\"col-inner text-left dark\"  >\n\t\t\t\n\t\t\t\n<h2>Devotional<\/h2>\n\t\t<\/div>\n\t\t\t\t\t<\/div>\n\n\t\n\n\t<div id=\"col-1678471791\" class=\"col small-12 large-12\"  >\n\t\t\t\t<div class=\"col-inner dark\"  >\n\t\t\t\n\t\t\t\n<p>Beri\/poslu\u0161aj \u010dlanek &#8220;Ti si ljubljen in bi moral ljubiti&#8221;. Kaj pomeni za tebe to, da ljubi\u0161 Jezusa? Zapi\u0161i nekaj konkretnih to\u010dk.<\/p>\n<p class='info'>You have to <a href='\/login\/'>log in<\/a> if you want to save your answer.<\/p>\n\t\t<\/div>\n\t\t\t\t\t<\/div>\n\n\t\n<\/div>\n\t\t<\/div>\n\n\t\t\n<style>\n#section_639012232 {\n  padding-top: 30px;\n  padding-bottom: 30px;\n  background-color: rgb(73, 92, 94);\n}\n<\/style>\n\t<\/section>\n\t\n","protected":false},"excerpt":{"rendered":"","protected":false},"author":5,"featured_media":0,"parent":12620,"menu_order":6,"comment_status":"closed","ping_status":"closed","template":"page-blank.php","meta":{"footnotes":""},"class_list":["post-13405","page","type-page","status-publish","hentry"],"aioseo_notices":[],"_links":{"self":[{"href":"https:\/\/words-of-faith.org\/sl\/wp-json\/wp\/v2\/pages\/13405","targetHints":{"allow":["GET"]}}],"collection":[{"href":"https:\/\/words-of-faith.org\/sl\/wp-json\/wp\/v2\/pages"}],"about":[{"href":"https:\/\/words-of-faith.org\/sl\/wp-json\/wp\/v2\/types\/page"}],"author":[{"embeddable":true,"href":"https:\/\/words-of-faith.org\/sl\/wp-json\/wp\/v2\/users\/5"}],"replies":[{"embeddable":true,"href":"https:\/\/words-of-faith.org\/sl\/wp-json\/wp\/v2\/comments?post=13405"}],"version-history":[{"count":0,"href":"https:\/\/words-of-faith.org\/sl\/wp-json\/wp\/v2\/pages\/13405\/revisions"}],"up":[{"embeddable":true,"href":"https:\/\/words-of-faith.org\/sl\/wp-json\/wp\/v2\/pages\/12620"}],"wp:attachment":[{"href":"https:\/\/words-of-faith.org\/sl\/wp-json\/wp\/v2\/media?parent=13405"}],"curies":[{"name":"wp","href":"https:\/\/api.w.org\/{rel}","templated":true}]}}