{"id":15472,"date":"2020-06-10T19:34:29","date_gmt":"2020-06-10T17:34:29","guid":{"rendered":"https:\/\/aslaksen.bcc.no\/?page_id=15472"},"modified":"2020-08-21T14:01:35","modified_gmt":"2020-08-21T12:01:35","slug":"od-same-lazi-do-same-resnice","status":"publish","type":"page","link":"https:\/\/words-of-faith.org\/sl\/biblijske-studije\/tema-4\/od-same-lazi-do-same-resnice\/","title":{"rendered":"Od same la\u017ei &#8211; do same resnice!!!"},"content":{"rendered":"\n\t<section class=\"section\" id=\"section_1953086423\">\n\t\t<div class=\"section-bg fill\" >\n\t\t\t\t\t\t\t\t\t\n\t\t\t\n\n\t\t<\/div>\n\n\t\t\n\n\t\t<div class=\"section-content relative\">\n\t\t\t\n<div class=\"row align-center\"  id=\"row-385688355\">\n\n\t<div id=\"col-1655555257\" class=\"col small-12 large-12\"  >\n\t\t\t\t<div class=\"col-inner\"  >\n\t\t\t\n\t\t\t\n<p class=\"breadcrumbs\"><a href=\"..\/\">Theme 4<\/a> \/ Messages<\/p>\n<h1>Od same la\u017ei \u2013 do same resnice!!!<\/h1>\n<p class=\"article-date\">Skriti zakladi, obljavljeno Junij 1985<\/p>\n<p class=\"article-author\">od Eliasa Aslaksena<\/p>\n\t\t<\/div>\n\t\t\t\t\t<\/div>\n\n\t\n\n<style>\n#row-385688355 > .col > .col-inner {\n  padding: 30px 0px 0px 0px;\n}\n<\/style>\n<\/div>\n<div class=\"row align-center audio\"  id=\"row-2034149504\">\n\n\t<div id=\"col-938146858\" class=\"col small-12 large-12\"  >\n\t\t\t\t<div class=\"col-inner\"  >\n\t\t\t\n\t\t\t\n<!--[if lt IE 9]><script>document.createElement('audio');<\/script><![endif]-->\n<audio class=\"wp-audio-shortcode\" id=\"audio-15472-1\" preload=\"none\" style=\"width: 100%;\" controls=\"controls\"><source type=\"audio\/mpeg\" src=\"\/audio\/Tema%204\/SLO\/21_Od%20same%20la%C5%BEi%20do%20same%20resnice_SLO.mp3?_=1\" \/><a href=\"\/audio\/Tema%204\/SLO\/21_Od%20same%20la%C5%BEi%20do%20same%20resnice_SLO.mp3\">\/audio\/Tema%204\/SLO\/21_Od%20same%20la%C5%BEi%20do%20same%20resnice_SLO.mp3<\/a><\/audio>\n<p class=\"click-to-listen\">Click to listen to the speech.<\/p>\n\t\t<\/div>\n\t\t\t\t\t<\/div>\n\n\t\n<\/div>\n<div class=\"row align-center article article-excerpt\"  id=\"row-327092499\">\n\n\t<div id=\"col-1253646047\" class=\"col small-12 large-12\"  >\n\t\t\t\t<div class=\"col-inner text-left\"  >\n\t\t\t\n\t\t\t\n<p>Kak\u0161na odre\u0161itev! Kak\u0161na preobrazba! Kak\u0161en razvoj! Kak\u0161en poklic! Kak\u0161no absolutno neopisljivo ljubezen ima Bog do nas, da \u017eeli napraviti tako neverjetno veliko in slavno delo bo\u017eje narave v vsakem, ki iz srca verjame vse besede \u017eivljenja, ki govorijo o tem v Novi Zavezi!!!<\/p>\n<p>\u00bbLe la\u017ei so sinovi mo\u017ea!\u00ab Mi smo sami po sebi pokvarjeni zaradi greha. \u00bbBog je resni\u010den, vsak \u010dlovek pa la\u017eniv.\u00ab Jezus je rekel: \u00bbJaz sem&nbsp; resnica!\u00ab Rim 3,4 in Jan.14,6. Na\u0161 nebe\u0161ki poklic je postati njemu enaki, sedaj, tukaj v \u010dasu milosti, torej postati resnica \u2013 le resnica v praksi, v vseh mo\u017enih pogledih! In k temu beseda iz Izaija 53 ustreza v najve\u010di mo\u017eni meri: \u00bb Kdo je veroval v zapoved, ki smo jo sli\u0161ali?\u00ab<\/p>\n<p>Ampak visoko slavljen naj bo Bog za vsakega, ki si resni\u010dno pridobi \u017eivo vero v Jezusovo besedo in v apostolsko besedo!!! Kajti po veri uspe. To je enako, kot \u010de se osvobodi\u0161 vsakr\u0161ne hinav\u0161\u010dine, kajti hinav\u0161\u010dina je la\u017e! Glej Luk. 12,1. Hinav\u0161\u010dina pomeni, da se pretvarja\u0161, da si bolj\u0161i, kot pa v resnici si. To je torej predstava! Predstava = igra! Potem pobere\u0161 \u010dast za nekaj, kar v resnici nisi, namesto da bi v imenu resnice ugovarjal!<\/p>\n<p>Sem spadata tudi zvija\u010dnost, nepravi\u010dnost in neiskrenost. Nekaj posebno velikega pi\u0161e o Jezusu. V njem ni bilo zvija\u010de.&nbsp; Ker on je bil resnica!<\/p>\n<p>Lahko la\u017ee\u0161 na mnoge razli\u010dne na\u010dine. Ne gre se le za direktno, brutalno laganje in za pripovedovanje pravljic! Najbolj obi\u010dajno je na \u017ealost to, da skriva\u0161 svojo slabost in svoje pomanjkanje bla\u017eenosti. In to, da se na smrt boji\u0161, da bi to kdo odkril. Ukvarja\u0161 se z zagovarjanjem in opravi\u010devanjem samega sebe, po vseh umetni\u0161kih pravilih, namesto, da bi se strinjal s pravi\u010dno sodbo lu\u010di!<\/p>\n<p>\u010cesa se potem tako na smrt boji\u0161? Boji\u0161 se, da bi potonil v \u010dlove\u0161kih o\u010deh. Ampak ti toni\u0161 le v neumnih \u010dlove\u0161kih o\u010deh! Poni\u017eati se, iti navzdol, je najbolj dragoceno dejanje, ki obstaja! Tako raste\u0161 v o\u010deh Boga!<\/p>\n<p>Bati se poni\u017enosti je torej duhovno re\u010deno noro! Iz tega razloga se tudi mnogi izognejo prositi odpu\u0161\u010danja ljudi za eno in drugo! Kljub temu, da imajo dober razlog za to in da bi jih to osre\u010dilo v notranjosti! Resni\u010dno! Cilj je: Samo resnica!<\/p>\n\t\t<\/div>\n\t\t\t\t\t<\/div>\n\n\t\n\n\t<div id=\"col-1793642959\" class=\"col copyright small-12 large-12\"  >\n\t\t\t\t<div class=\"col-inner text-left\"  >\n\t\t\t\n\t\t\t\n<div>\u00a9 Copyright Stiftelsen Skjulte Skatters Forlag<\/div>\n\t\t<\/div>\n\t\t\t\t\t<\/div>\n\n\t\n\n\t<div id=\"col-781318020\" class=\"col small-12 large-12\"  >\n\t\t\t\t<div class=\"col-inner text-left\"  >\n\t\t\t\n\t\t\t\n<div><a href=\"#\" class=\"read-more\">Beri ve\u010d<\/a><\/div>\n\t\t<\/div>\n\t\t\t\t\t<\/div>\n\n\t\n\n\t<div id=\"col-1202834355\" class=\"col small-12 large-12\"  >\n\t\t\t\t<div class=\"col-inner text-left\"  >\n\t\t\t\n\t\t\t\n<p class=\"next-previous-message\"><a class=\"previous\" href=\"\/sl\/bible-studies\/theme-4\/the-fundamental-law-of-a-godly-life\/\"><i class=\"icon-angle-left\"><\/i> Previous<\/a><a class=\"next\" href=\"\/sl\/bible-studies\/theme-4\/humble-of-heart\/\">Next <i class=\"icon-angle-right\"><\/i><\/a><\/p>\n\t\t<\/div>\n\t\t\t\t\t<\/div>\n\n\t\n<\/div>\n\t\t<\/div>\n\n\t\t\n<style>\n#section_1953086423 {\n  padding-top: 0px;\n  padding-bottom: 0px;\n  margin-bottom: 0px;\n}\n@media (min-width:550px) {\n  #section_1953086423 {\n    padding-top: 0px;\n    padding-bottom: 0px;\n  }\n}\n<\/style>\n\t<\/section>\n\t\n\n\t<section class=\"section food-for-thought\" id=\"section_2095853242\">\n\t\t<div class=\"section-bg fill\" >\n\t\t\t\t\t\t\t\t\t\n\t\t\t\n\n\t\t<\/div>\n\n\t\t\n\n\t\t<div class=\"section-content relative\">\n\t\t\t\n<div class=\"row align-center\"  id=\"row-468597070\">\n\n\t<div id=\"col-1379739627\" class=\"col title small-12 large-12\"  >\n\t\t\t\t<div class=\"col-inner text-left dark\"  >\n\t\t\t\n\t\t\t\n<h2>Devotional<\/h2>\n\t\t<\/div>\n\t\t\t\t\t<\/div>\n\n\t\n\n\t<div id=\"col-1494751277\" class=\"col small-12 large-12\"  >\n\t\t\t\t<div class=\"col-inner dark\"  >\n\t\t\t\n\t\t\t\n<p>Zakaj misli\u0161, da je \u010dlanek &#8220;Od same la\u017ei &#8211; do same resnice&#8221; vklju\u010den v to temo o poni\u017enosti?<\/p>\n<p class='info'>You have to <a href='\/login\/'>log in<\/a> if you want to save your answer.<\/p>\n\t\t<\/div>\n\t\t\t\t\t<\/div>\n\n\t\n<\/div>\n\t\t<\/div>\n\n\t\t\n<style>\n#section_2095853242 {\n  padding-top: 30px;\n  padding-bottom: 30px;\n  background-color: rgb(73, 92, 94);\n}\n<\/style>\n\t<\/section>\n\t\n","protected":false},"excerpt":{"rendered":"","protected":false},"author":5,"featured_media":0,"parent":15416,"menu_order":3,"comment_status":"closed","ping_status":"closed","template":"page-blank.php","meta":{"footnotes":""},"class_list":["post-15472","page","type-page","status-publish","hentry"],"aioseo_notices":[],"_links":{"self":[{"href":"https:\/\/words-of-faith.org\/sl\/wp-json\/wp\/v2\/pages\/15472","targetHints":{"allow":["GET"]}}],"collection":[{"href":"https:\/\/words-of-faith.org\/sl\/wp-json\/wp\/v2\/pages"}],"about":[{"href":"https:\/\/words-of-faith.org\/sl\/wp-json\/wp\/v2\/types\/page"}],"author":[{"embeddable":true,"href":"https:\/\/words-of-faith.org\/sl\/wp-json\/wp\/v2\/users\/5"}],"replies":[{"embeddable":true,"href":"https:\/\/words-of-faith.org\/sl\/wp-json\/wp\/v2\/comments?post=15472"}],"version-history":[{"count":0,"href":"https:\/\/words-of-faith.org\/sl\/wp-json\/wp\/v2\/pages\/15472\/revisions"}],"up":[{"embeddable":true,"href":"https:\/\/words-of-faith.org\/sl\/wp-json\/wp\/v2\/pages\/15416"}],"wp:attachment":[{"href":"https:\/\/words-of-faith.org\/sl\/wp-json\/wp\/v2\/media?parent=15472"}],"curies":[{"name":"wp","href":"https:\/\/api.w.org\/{rel}","templated":true}]}}