{"id":15508,"date":"2020-06-10T19:40:36","date_gmt":"2020-06-10T17:40:36","guid":{"rendered":"https:\/\/aslaksen.bcc.no\/?page_id=15508"},"modified":"2020-08-21T14:08:14","modified_gmt":"2020-08-21T12:08:14","slug":"delovna-metoda-boga","status":"publish","type":"page","link":"https:\/\/words-of-faith.org\/sl\/biblijske-studije\/tema-4\/delovna-metoda-boga\/","title":{"rendered":"Delovna metoda Boga"},"content":{"rendered":"\n\t<section class=\"section\" id=\"section_140853590\">\n\t\t<div class=\"section-bg fill\" >\n\t\t\t\t\t\t\t\t\t\n\t\t\t\n\n\t\t<\/div>\n\n\t\t\n\n\t\t<div class=\"section-content relative\">\n\t\t\t\n<div class=\"row align-center\"  id=\"row-1302437540\">\n\n\t<div id=\"col-1584267288\" class=\"col small-12 large-12\"  >\n\t\t\t\t<div class=\"col-inner\"  >\n\t\t\t\n\t\t\t\n<p class=\"breadcrumbs\"><a href=\"..\/\">Theme 4<\/a> \/ Messages<\/p>\n<h1>Delovna metoda Boga<\/h1>\n<p class=\"article-date\">Skriti zakladi, obljavljeno Aprila 1958<\/p>\n<p class=\"article-author\">od Eliasa Aslaksena<\/p>\n\t\t<\/div>\n\t\t\t\t\t<\/div>\n\n\t\n\n<style>\n#row-1302437540 > .col > .col-inner {\n  padding: 30px 0px 0px 0px;\n}\n<\/style>\n<\/div>\n<div class=\"row align-center audio\"  id=\"row-1903429111\">\n\n\t<div id=\"col-1116492450\" class=\"col small-12 large-12\"  >\n\t\t\t\t<div class=\"col-inner\"  >\n\t\t\t\n\t\t\t\n<!--[if lt IE 9]><script>document.createElement('audio');<\/script><![endif]-->\n<audio class=\"wp-audio-shortcode\" id=\"audio-15508-1\" preload=\"none\" style=\"width: 100%;\" controls=\"controls\"><source type=\"audio\/mpeg\" src=\"\/audio\/Tema%203\/SLO\/Predati%20svoje%20du%C5%A1e%20zvestemu%20stvarniku_SLO.mp3?_=1\" \/><a href=\"\/audio\/Tema%203\/SLO\/Predati%20svoje%20du%C5%A1e%20zvestemu%20stvarniku_SLO.mp3\">\/audio\/Tema%203\/SLO\/Predati%20svoje%20du%C5%A1e%20zvestemu%20stvarniku_SLO.mp3<\/a><\/audio>\n<p class=\"click-to-listen\">Click to listen to the speech.<\/p>\n\t\t<\/div>\n\t\t\t\t\t<\/div>\n\n\t\n<\/div>\n<div class=\"row align-center article article-excerpt\"  id=\"row-10329157\">\n\n\t<div id=\"col-1967785973\" class=\"col small-12 large-12\"  >\n\t\t\t\t<div class=\"col-inner text-left\"  >\n\t\t\t\n\t\t\t\n<p>je v bistvu vedno enaka. To je tudi precej razumno, kajti vsi ljudje imajo enaka nagnjenja, in sicer postati napihnjen in dobiti velike misli o samem sebi, tako da sami vzamejo \u010dast za to, kar je Bog v svoji veliki milosti deloval v in po njih.<\/p>\n<p>To\u010dno zato je njegov zvest na\u010drt in delovna metoda, da to prepre\u010di. On zato dela tako, da nas <strong>uni\u010duje po mesu<\/strong> in nas pripravi, da se primerno potopimo v na\u0161ih lastnih o\u010deh, npr. s tem, da pusti, da nam to ali ono ne uspe, da sebe in svojo milost potegne nazaj v dolo\u010denih primerih in nam pusti, da okusimo sad na\u0161ih poti, sad na\u0161e lastne mo\u010di volje in razuma.<\/p>\n<p>Na ta na\u010din postanemo poni\u017eni in dobimo balast na na\u0161i \u017eivljenjski ladji, da lahko prena\u0161amo jadranje v vseh vrstah spremenljivega vremena brez da se prevrnemo \u2013 tako da lahko prispemo v dobrem stanju do ve\u010dnega pristana.<\/p>\n<p>Njegova ljubezniva, dobra volja je, da nas povi\u0161a s sabo in prav zaradi tega nas mora mo\u010dno uni\u010diti, tako da lahko prenesemo povi\u0161anje brez da sami vzamemo \u010dast.<\/p>\n<p>To on izpelje s trdno roko in trdnim srcem brez da se v najmanj\u0161em pusti vplivati zaradi na\u0161ega pomanjkanja razumevanja njegovega na\u010dina delovanja.<\/p>\n<p>Slavljeno, slavljeno, slavljeno \u2013 naj bo njegovo ime!<\/p>\n<p class=\"Default\"><em>Elias Aslaksen<\/em><\/p>\n\t\t<\/div>\n\t\t\t\t\t<\/div>\n\n\t\n\n\t<div id=\"col-1898906190\" class=\"col copyright small-12 large-12\"  >\n\t\t\t\t<div class=\"col-inner text-left\"  >\n\t\t\t\n\t\t\t\n<div>\u00a9 Copyright Stiftelsen Skjulte Skatters Forlag<\/div>\n\t\t<\/div>\n\t\t\t\t\t<\/div>\n\n\t\n\n\t<div id=\"col-1216594683\" class=\"col small-12 large-12\"  >\n\t\t\t\t<div class=\"col-inner text-left\"  >\n\t\t\t\n\t\t\t\n<div><a href=\"#\" class=\"read-more\">Beri ve\u010d<\/a><\/div>\n\t\t<\/div>\n\t\t\t\t\t<\/div>\n\n\t\n\n\t<div id=\"col-1888978286\" class=\"col small-12 large-12\"  >\n\t\t\t\t<div class=\"col-inner text-left\"  >\n\t\t\t\n\t\t\t\n<p class=\"next-previous-message\"><a class=\"previous\" href=\"\/sl\/bible-studies\/theme-4\/humble-of-heart\/\"><i class=\"icon-angle-left\"><\/i> Previous<\/a><a class=\"next\" href=\"\/sl\/bible-studies\/theme-4\/the-abundant-and-sure-grace-of-david\/\">Next <i class=\"icon-angle-right\"><\/i><\/a><\/p>\n\t\t<\/div>\n\t\t\t\t\t<\/div>\n\n\t\n<\/div>\n\t\t<\/div>\n\n\t\t\n<style>\n#section_140853590 {\n  padding-top: 0px;\n  padding-bottom: 0px;\n  margin-bottom: 0px;\n}\n@media (min-width:550px) {\n  #section_140853590 {\n    padding-top: 0px;\n    padding-bottom: 0px;\n  }\n}\n<\/style>\n\t<\/section>\n\t\n\n\t<section class=\"section food-for-thought\" id=\"section_542627525\">\n\t\t<div class=\"section-bg fill\" >\n\t\t\t\t\t\t\t\t\t\n\t\t\t\n\n\t\t<\/div>\n\n\t\t\n\n\t\t<div class=\"section-content relative\">\n\t\t\t\n<div class=\"row align-center\"  id=\"row-711910311\">\n\n\t<div id=\"col-2017613030\" class=\"col title small-12 large-12\"  >\n\t\t\t\t<div class=\"col-inner text-left dark\"  >\n\t\t\t\n\t\t\t\n<h2>Devotional<\/h2>\n\t\t<\/div>\n\t\t\t\t\t<\/div>\n\n\t\n\n\t<div id=\"col-971385178\" class=\"col small-12 large-12\"  >\n\t\t\t\t<div class=\"col-inner dark\"  >\n\t\t\t\n\t\t\t\n<p>V \u010dlanku &#8220;Bo\u017eja delovna metoda&#8221; pi\u0161e Aslaksen o tem, vzeti \u010dast, ki pripada Bogu, za sebe. Ena stvar, je jemati \u010dast od ljudi, ampak ali lahko pomisli\u0161 na en konkreten primer, kako lahko vzame\u0161 \u010dast, ki pripada Bogu in zakaj je to tako nevarno?<\/p>\n<p class='info'>You have to <a href='\/login\/'>log in<\/a> if you want to save your answer.<\/p>\n\t\t<\/div>\n\t\t\t\t\t<\/div>\n\n\t\n<\/div>\n\t\t<\/div>\n\n\t\t\n<style>\n#section_542627525 {\n  padding-top: 30px;\n  padding-bottom: 30px;\n  background-color: rgb(73, 92, 94);\n}\n<\/style>\n\t<\/section>\n\t\n","protected":false},"excerpt":{"rendered":"","protected":false},"author":5,"featured_media":0,"parent":15416,"menu_order":5,"comment_status":"closed","ping_status":"closed","template":"page-blank.php","meta":{"footnotes":""},"class_list":["post-15508","page","type-page","status-publish","hentry"],"aioseo_notices":[],"_links":{"self":[{"href":"https:\/\/words-of-faith.org\/sl\/wp-json\/wp\/v2\/pages\/15508","targetHints":{"allow":["GET"]}}],"collection":[{"href":"https:\/\/words-of-faith.org\/sl\/wp-json\/wp\/v2\/pages"}],"about":[{"href":"https:\/\/words-of-faith.org\/sl\/wp-json\/wp\/v2\/types\/page"}],"author":[{"embeddable":true,"href":"https:\/\/words-of-faith.org\/sl\/wp-json\/wp\/v2\/users\/5"}],"replies":[{"embeddable":true,"href":"https:\/\/words-of-faith.org\/sl\/wp-json\/wp\/v2\/comments?post=15508"}],"version-history":[{"count":0,"href":"https:\/\/words-of-faith.org\/sl\/wp-json\/wp\/v2\/pages\/15508\/revisions"}],"up":[{"embeddable":true,"href":"https:\/\/words-of-faith.org\/sl\/wp-json\/wp\/v2\/pages\/15416"}],"wp:attachment":[{"href":"https:\/\/words-of-faith.org\/sl\/wp-json\/wp\/v2\/media?parent=15508"}],"curies":[{"name":"wp","href":"https:\/\/api.w.org\/{rel}","templated":true}]}}