{"id":15526,"date":"2020-06-10T19:43:04","date_gmt":"2020-06-10T17:43:04","guid":{"rendered":"https:\/\/aslaksen.bcc.no\/?page_id=15526"},"modified":"2020-08-21T14:11:46","modified_gmt":"2020-08-21T12:11:46","slug":"davidova-bogata-in-zagotova-milost","status":"publish","type":"page","link":"https:\/\/words-of-faith.org\/sl\/biblijske-studije\/tema-4\/davidova-bogata-in-zagotova-milost\/","title":{"rendered":"&#8220;Davidova bogata in zagotova milost&#8221;"},"content":{"rendered":"\n\t<section class=\"section\" id=\"section_991504105\">\n\t\t<div class=\"section-bg fill\" >\n\t\t\t\t\t\t\t\t\t\n\t\t\t\n\n\t\t<\/div>\n\n\t\t\n\n\t\t<div class=\"section-content relative\">\n\t\t\t\n<div class=\"row align-center\"  id=\"row-1017076769\">\n\n\t<div id=\"col-948604770\" class=\"col small-12 large-12\"  >\n\t\t\t\t<div class=\"col-inner\"  >\n\t\t\t\n\t\t\t\n<p class=\"breadcrumbs\"><a href=\"..\/\">Theme 4<\/a> \/ Messages<\/p>\n<h1>\u201cDavidova bogata in zagotova milost\u201d<\/h1>\n<p class=\"article-date\">Skriti zakladi, obljavljeno Aprila 1985<\/p>\n<p class=\"article-author\">od Eliasa Aslaksena<\/p>\n\t\t<\/div>\n\t\t\t\t\t<\/div>\n\n\t\n\n<style>\n#row-1017076769 > .col > .col-inner {\n  padding: 30px 0px 0px 0px;\n}\n<\/style>\n<\/div>\n<div class=\"row align-center audio\"  id=\"row-676027210\">\n\n\t<div id=\"col-2129058293\" class=\"col small-12 large-12\"  >\n\t\t\t\t<div class=\"col-inner\"  >\n\t\t\t\n\t\t\t\n<!--[if lt IE 9]><script>document.createElement('audio');<\/script><![endif]-->\n<audio class=\"wp-audio-shortcode\" id=\"audio-15526-1\" preload=\"none\" style=\"width: 100%;\" controls=\"controls\"><source type=\"audio\/mpeg\" src=\"\/audio\/Tema%204\/SLO\/24_%C2%ABDavids%20rike%20n%C3%A5de%2C%20den%20visse%C2%BB_SLO.mp3?_=1\" \/><a href=\"\/audio\/Tema%204\/SLO\/24_%C2%ABDavids%20rike%20n%C3%A5de%2C%20den%20visse%C2%BB_SLO.mp3\">\/audio\/Tema%204\/SLO\/24_%C2%ABDavids%20rike%20n%C3%A5de%2C%20den%20visse%C2%BB_SLO.mp3<\/a><\/audio>\n<p class=\"click-to-listen\">Click to listen to the speech.<\/p>\n\t\t<\/div>\n\t\t\t\t\t<\/div>\n\n\t\n<\/div>\n<div class=\"row align-center article article-excerpt\"  id=\"row-328206180\">\n\n\t<div id=\"col-760975195\" class=\"col small-12 large-12\"  >\n\t\t\t\t<div class=\"col-inner text-left\"  >\n\t\t\t\n\t\t\t\n<p>Pri tej milosti, ki se nenavadno imenuje Davidova milost, sta torej dve pomembni stvari, ta velika milost, ki jo je David dobil, ta, ki ga je zmogla oblikovati v mo\u017ea po Bo\u017ejem srcu. Seveda je potrebno gromozansko veliko, \u010de ho\u010de\u0161 to postati.<\/p>\n<p>In vsa ta delujo\u010da milost, ki jo imamo mi mo\u017enost dobiti zdaj v \u010dasu nove zaveze, ta je velikokrat ve\u010dja in bolj dejavna kot ta, ki jo je bilo mogo\u010de dobiti v \u010dasu stare zaveze!<\/p>\n<p>Ampak \u2013 popolnoma bo\u017eje po zakonu \u2013 absolutno brez izjem \u2013 po Petru in Jakobu \u2013 lahko dobimo to milost, \u010de smo v resnici poni\u017eni in samo do te mere, kolikor smo poni\u017eni.<\/p>\n<p>To je zanesljivo in resni\u010dno na vse na\u010dine! Ja, to je najbolj zanesljivo od najbolj zanesljive stvari! In enako zanesljivo je, da ima ponosni Boga za nasprotnika, kot tudi, da poni\u017eni dobi milost. To je duhovni, tako kot \u010dlove\u0161ki, naraven zakon \u017eivljenja. To je pravo ozadje za vse povi\u0161anje in vse poni\u017eanje, po besedah Jezusa samega: \u00abKdor se bo povi\u0161eval, bo poni\u017ean; in kdor se bo poni\u017eeval, bo povi\u0161an.\u00bb Ja, \u010deprav tega sam no\u010de\u0161. Kajti to je Bo\u017eja lastna trdna odlo\u010ditev, po svojem lastnem bo\u017ejem bitju.<\/p>\n<p>Dobimo torej to\u010dno tako bogato in mnogokratno milost, kolikor smo poni\u017eni! In to je to\u010dno tako gotovo in zanesljivo, kot je gotovo in zanesljivo to, da imamo resni\u010dno v duhu in resnici poni\u017enost in ne nek nadomestek poni\u017enosti.<\/p>\n<p>Obstaja veliko zna\u010dilnosti poni\u017enosti. Poni\u017eni se ne upira ali se izgovarja ali protestira ali nasprotuje ali dvomi ali omahuje pri poslu\u0161anju Bo\u017eje besede in svojih nadrejenih na tem svetu, tako na delovnih mestih, kot v dru\u017einskem \u017eivljenju. Potem se pusti\u0161 tudi opominjati in karati. In dober je v tem, da mol\u010di in ne odpre svojih ust ali se izra\u017ea o tem in onem in govori o ne\u010dem, o \u010demer pravzaprav ni\u010d ne ve, kajti dr\u017ei se raje nizkega. Ja, izkoristi prilo\u017enost, da se dr\u017ei\u0161 tam, kajti tam je mir brez konca.<\/p>\n<p>Predvsem se poni\u017eni dr\u017ei stran od sojenja in kritiziranja svojega naslednjega, kajti vsak, ki tako dela, se je brez zanikanja povi\u0161al in vzel mesto na sodnem stolu. Tam namre\u010d sedijo sodniki.<\/p>\n<p>Potem si tako dale\u010d stran od poni\u017enosti, kot je vzhod od zahoda. In enako dale\u010d je potem resni\u010dna Bo\u017eja milost od vsake tak\u0161ne osebe!<\/p>\n<p>Tako dolgo kot si poni\u017een, si tako re\u010deno \u017eivljenjsko zavarovan! Bog je milosten, usmiljen in dobrosr\u010den do vseh ljudi, razen do ponosnih, prevzetih, predrznih, pametnih v samih sebi in napihnjenih, kajti ti imajo Boga za nasprotnika! Ubogi ljudje!<\/p>\n\t\t<\/div>\n\t\t\t\t\t<\/div>\n\n\t\n\n\t<div id=\"col-1892446945\" class=\"col copyright small-12 large-12\"  >\n\t\t\t\t<div class=\"col-inner text-left\"  >\n\t\t\t\n\t\t\t\n<div>\u00a9 Copyright Stiftelsen Skjulte Skatters Forlag<\/div>\n\t\t<\/div>\n\t\t\t\t\t<\/div>\n\n\t\n\n\t<div id=\"col-1287651018\" class=\"col small-12 large-12\"  >\n\t\t\t\t<div class=\"col-inner text-left\"  >\n\t\t\t\n\t\t\t\n<div><a href=\"#\" class=\"read-more\">Beri ve\u010d<\/a><\/div>\n\t\t<\/div>\n\t\t\t\t\t<\/div>\n\n\t\n\n\t<div id=\"col-566035091\" class=\"col small-12 large-12\"  >\n\t\t\t\t<div class=\"col-inner text-left\"  >\n\t\t\t\n\t\t\t\n<p class=\"next-previous-message\"><a class=\"previous\" href=\"\/sl\/bible-studies\/theme-4\/gods-method-of-working\/\"><i class=\"icon-angle-left\"><\/i> Previous<\/a><a class=\"next\" href=\"\/sl\/bible-studies\/theme-4\/humility-is-everything\/\">Next <i class=\"icon-angle-right\"><\/i><\/a><\/p>\n\t\t<\/div>\n\t\t\t\t\t<\/div>\n\n\t\n<\/div>\n\t\t<\/div>\n\n\t\t\n<style>\n#section_991504105 {\n  padding-top: 0px;\n  padding-bottom: 0px;\n  margin-bottom: 0px;\n}\n@media (min-width:550px) {\n  #section_991504105 {\n    padding-top: 0px;\n    padding-bottom: 0px;\n  }\n}\n<\/style>\n\t<\/section>\n\t\n\n\t<section class=\"section food-for-thought\" id=\"section_698870283\">\n\t\t<div class=\"section-bg fill\" >\n\t\t\t\t\t\t\t\t\t\n\t\t\t\n\n\t\t<\/div>\n\n\t\t\n\n\t\t<div class=\"section-content relative\">\n\t\t\t\n<div class=\"row align-center\"  id=\"row-295975927\">\n\n\t<div id=\"col-1220711803\" class=\"col title small-12 large-12\"  >\n\t\t\t\t<div class=\"col-inner text-left dark\"  >\n\t\t\t\n\t\t\t\n<h2>Devotional<\/h2>\n\t\t<\/div>\n\t\t\t\t\t<\/div>\n\n\t\n\n\t<div id=\"col-65530968\" class=\"col small-12 large-12\"  >\n\t\t\t\t<div class=\"col-inner dark\"  >\n\t\t\t\n\t\t\t\n<p>V \u010dlanku &#8220;Davidova bogata in zagotova milost&#8221;, se jasno poka\u017ee, da se Bog ponosnim upira, poni\u017enim pa daje milost.  Zakaj misli\u0161, da je tako? Ali lahko pomisli\u0161 na en primer iz vsakdana, ko Bog daje poni\u017enim milost?<\/p>\n<p class='info'>You have to <a href='\/login\/'>log in<\/a> if you want to save your answer.<\/p>\n\t\t<\/div>\n\t\t\t\t\t<\/div>\n\n\t\n<\/div>\n\t\t<\/div>\n\n\t\t\n<style>\n#section_698870283 {\n  padding-top: 30px;\n  padding-bottom: 30px;\n  background-color: rgb(73, 92, 94);\n}\n<\/style>\n\t<\/section>\n\t\n","protected":false},"excerpt":{"rendered":"","protected":false},"author":5,"featured_media":0,"parent":15416,"menu_order":6,"comment_status":"closed","ping_status":"closed","template":"page-blank.php","meta":{"footnotes":""},"class_list":["post-15526","page","type-page","status-publish","hentry"],"aioseo_notices":[],"_links":{"self":[{"href":"https:\/\/words-of-faith.org\/sl\/wp-json\/wp\/v2\/pages\/15526","targetHints":{"allow":["GET"]}}],"collection":[{"href":"https:\/\/words-of-faith.org\/sl\/wp-json\/wp\/v2\/pages"}],"about":[{"href":"https:\/\/words-of-faith.org\/sl\/wp-json\/wp\/v2\/types\/page"}],"author":[{"embeddable":true,"href":"https:\/\/words-of-faith.org\/sl\/wp-json\/wp\/v2\/users\/5"}],"replies":[{"embeddable":true,"href":"https:\/\/words-of-faith.org\/sl\/wp-json\/wp\/v2\/comments?post=15526"}],"version-history":[{"count":0,"href":"https:\/\/words-of-faith.org\/sl\/wp-json\/wp\/v2\/pages\/15526\/revisions"}],"up":[{"embeddable":true,"href":"https:\/\/words-of-faith.org\/sl\/wp-json\/wp\/v2\/pages\/15416"}],"wp:attachment":[{"href":"https:\/\/words-of-faith.org\/sl\/wp-json\/wp\/v2\/media?parent=15526"}],"curies":[{"name":"wp","href":"https:\/\/api.w.org\/{rel}","templated":true}]}}