{"id":18354,"date":"2020-07-21T10:16:11","date_gmt":"2020-07-21T08:16:11","guid":{"rendered":"https:\/\/aslaksen.bcc.no\/?page_id=18354"},"modified":"2020-08-21T11:36:21","modified_gmt":"2020-08-21T09:36:21","slug":"verjemi-v-boga-cudezev","status":"publish","type":"page","link":"https:\/\/words-of-faith.org\/sl\/biblijske-studije\/tema-1\/verjemi-v-boga-cudezev\/","title":{"rendered":"Verjemi v Boga \u010dude\u017eev"},"content":{"rendered":"\n\t<section class=\"section\" id=\"section_1362187531\">\n\t\t<div class=\"section-bg fill\" >\n\t\t\t\t\t\t\t\t\t\n\t\t\t\n\n\t\t<\/div>\n\n\t\t\n\n\t\t<div class=\"section-content relative\">\n\t\t\t\n<div class=\"row align-center\"  id=\"row-1684852579\">\n\n\t<div id=\"col-164336574\" class=\"col small-12 large-12\"  >\n\t\t\t\t<div class=\"col-inner\"  >\n\t\t\t\n\t\t\t\n<p class=\"breadcrumbs\"><a href=\"..\/\">Theme 1<\/a> \/ Messages<\/p>\n<h1>\u201c\u2026 ne \u017eivim ve\u010d za sebe\u2026\u201d<\/h1>\n<p class=\"article-date\">Skjulte Skatter, publisert februar 1963<\/p>\n<p class=\"article-author\">av Elias Aslaksen<\/p>\n\t\t<\/div>\n\t\t\t\t\t<\/div>\n\n\t\n\n<style>\n#row-1684852579 > .col > .col-inner {\n  padding: 30px 0px 0px 0px;\n}\n<\/style>\n<\/div>\n<div class=\"row align-center audio\"  id=\"row-1973513344\">\n\n\t<div id=\"col-1887402154\" class=\"col small-12 large-12\"  >\n\t\t\t\t<div class=\"col-inner\"  >\n\t\t\t\n\t\t\t\n<!--[if lt IE 9]><script>document.createElement('audio');<\/script><![endif]-->\n<audio class=\"wp-audio-shortcode\" id=\"audio-18354-1\" preload=\"none\" style=\"width: 100%;\" controls=\"controls\"><source type=\"audio\/mpeg\" src=\"\/audio\/Tema%202\/no\/...jeg%20lever%20ikke%20lenger%20selv...%20med%20musikk.mp3?_=1\" \/><a href=\"\/audio\/Tema%202\/no\/...jeg%20lever%20ikke%20lenger%20selv...%20med%20musikk.mp3\">\/audio\/Tema%202\/no\/...jeg%20lever%20ikke%20lenger%20selv...%20med%20musikk.mp3<\/a><\/audio>\n<p class=\"click-to-listen\">Click to listen to the speech.<\/p>\n\t\t<\/div>\n\t\t\t\t\t<\/div>\n\n\t\n<\/div>\n<div class=\"row align-center article article-excerpt\"  id=\"row-1835991533\">\n\n\t<div id=\"col-28575120\" class=\"col small-12 large-12\"  >\n\t\t\t\t<div class=\"col-inner text-left\"  >\n\t\t\t\n\t\t\t\n<p>\u00ab<strong>Jeg er korsfestet med Kristus, jeg lever ikke lenger selv \u2026.&nbsp;<\/strong>\u00bb Gal. 2,20.<\/p>\n<p>For et&nbsp;<strong>mirakel&nbsp;<\/strong>det m\u00e5 v\u00e6re skjedd, n\u00e5r man i sannhet kan skrive slik mens man ennu lever her i denne verden!? \u2014 \u2014 \u2014<\/p>\n<p>Hvorledes kan&nbsp;<strong>jeg&nbsp;<\/strong>da fremdeles synde, n\u00e5r&nbsp;<strong>jeg&nbsp;<\/strong>ikke lenger lever&nbsp;<strong>selv<\/strong>? Hvorledes&nbsp;<strong>kan jeg<\/strong>&nbsp;bli vred, forn\u00e6rmet, bitter, misforn\u00f8yd, utakknemlig, f\u00e5 imot noen, stjele, lyve, bli bekymret, v\u00e6re forfengelig og pyntesyk, trette, diskutere, bli motl\u00f8s, bli \u00e6rekrenket, v\u00e6re \u00e6resyk eller stolt eller pengekj\u00e6r, eller skryte av meg selv?<\/p>\n<p>Ja, svar meg p\u00e5 det!? Hvorledes&nbsp;<strong>kan&nbsp;<\/strong>den som i det hele tatt ikke lever selv mere, gj\u00f8re noe fortred? Et menneske synder&nbsp;<strong>s\u00e5lenge det lever selv!!!<\/strong>&nbsp;Hvorledes kan jeg&nbsp;<strong>kreve&nbsp;<\/strong>noe lenger<strong>&nbsp;for meg selv,<\/strong>&nbsp;n\u00e5r jeg selv ikke lenger lever?<\/p>\n<p>Vil jeg ikke oppgi alt og d\u00f8 med Kristus,&nbsp;<strong>da&nbsp;<\/strong>er jeg n\u00f8dt til \u00e5 fortsette med \u00e5 gj\u00f8re synd.<\/p>\n<p>\u201cHan&nbsp;<strong>kan ikke<\/strong>&nbsp;synde, fordi han er f\u00f8dt av Gud\u201d er det samme som: han kan ikke synde, fordi han er d\u00f8d med Kristus = fordi han ikke lenger lever selv. 1. Joh. 3, 9.<\/p>\n<p>Hvorledes kan jeg la v\u00e6re \u00e5 elske&nbsp;<strong>n\u00e5r Kristus lever i meg?<\/strong>&nbsp;Gal. 2, 20. Hvorledes kan jeg gj\u00f8re urettferdighet n\u00e5r Kristus lever i meg?<\/p>\n<p>Kristus og bevisst synd kan ikke&nbsp;<strong>samtidig&nbsp;<\/strong>v\u00e6re i meg! Er Kristus<strong>&nbsp;i&nbsp;<\/strong>meg,&nbsp;<strong>da&nbsp;<\/strong>er synden&nbsp;<strong>utenfor&nbsp;<\/strong>mitt hjerte. Er synden i mitt hjerte,&nbsp;<strong>da&nbsp;<\/strong>er Kristus utenfor. \u2014 Just derfor kan han st\u00e5&nbsp;<strong>utenfor hjerted\u00f8ren<\/strong>&nbsp;til omvendte mennesker \u00e5 banke p\u00e5, slik som det st\u00e5r skrevet i \u00c5p. 3, 20.<\/p>\n<p>Dessverre fortsetter de aller fleste \u00e5 leve selv, for det er jo vitterlig at de aller fleste kan gj\u00f8re b\u00e5de denne og hin synd, gang p\u00e5 gang, ja til og med de groveste synder,&nbsp;<strong>f. eks. \u00e5 lyve, eller \u00e5 ha imot noen!<\/strong><\/p>\n<p>Hvorledes kan jeg holde p\u00e5 med \u00e5 forsvare meg selv og mitt eget, \u00e5 rettferdiggj\u00f8re meg selv n\u00e5r jeg er d\u00f8d?<\/p>\n<p>Hvorledes kan man v\u00e6re&nbsp;<strong>selvisk&nbsp;<\/strong>n\u00e5r man&nbsp;<strong>ikke lenger lever selv?&nbsp;<\/strong>Hvorledes kan man v\u00e6re&nbsp;<strong>levende interessert&nbsp;<\/strong>i husger\u00e5d, kl\u00e6r og pene farver n\u00e5r man er d\u00f8d? Og hvilken interesse kan den&nbsp;<strong>avd\u00f8de&nbsp;<\/strong>ha av hva menneskene sier om ham, eller synes om ham??? Ja, svar meg p\u00e5 det! \u2014<\/p>\n<p>Og hvilken smerte kan det bringe meg n\u00e5r noen foruretter meg i det jordiske n\u00e5r jeg selv er&nbsp;<strong>avd\u00f8d&nbsp;<\/strong>fra dette? Og<strong>&nbsp;hvilken stor glede<\/strong>&nbsp;kan det bringe den avd\u00f8de at det fremdeles kommer mange innbetalinger i hans navn? Ja, si meg det!<\/p>\n<p>Ingen kan med rette si at han ikke mere har noen egenvilje, men det kan ved Guds store n\u00e5de bli slik at det kan se ut som om man ingen har. \u2014 Hvorledes kan jeg elske de ting som er i verden, n\u00e5r jeg er&nbsp;<strong>avd\u00f8d&nbsp;<\/strong>fra den?<\/p>\n<p>Det st\u00e5r i en sang:&nbsp;<strong>\u201cjeg vil ei mer\u201d<\/strong>&nbsp;= ikke lenger leve selv.&nbsp;<strong>Er dette sant<\/strong>&nbsp;for ditt vedkommende?<\/p>\n<p>I alminnelighet vil man jo en hel del!!!<\/p>\n<p><strong>Den avd\u00f8de<\/strong>&nbsp;\u2014 en som ikke lever lenger selv \u2014 han&nbsp;<strong>har intet mere \u00e5 tape,&nbsp;<\/strong>for han har jo i sannhet g\u00e5tt ifra alt, (avg\u00e5tt ved d\u00f8den).<\/p>\n<p>Men den som lever selv, har meget \u00e5 verne om. Han kan komme ut for mange uhell, og lide meget tap, og bli adskillig plaget av sine medmennesker. Men disse plager dessverre&nbsp;<strong>ikke&nbsp;<\/strong>livet av ham, slik som man ofte p\u00e5st\u00e5r. Han har dog anledning til \u00e5 miste det frivillig. \u2014<\/p>\n<p>Og&nbsp;<strong>da&nbsp;<\/strong>ville det store under, eller mirakel skje at han ble kvitt alle sine un\u00f8dige sorger og plager!!! \u2014 Vidunderlig! S\u00e5 ble det&nbsp;<strong>bare&nbsp;<\/strong>vinning alt sammen, b\u00e5de likt og ulikt! \u2014<\/p>\n<p>\u201c. . . forat vi&nbsp;<strong>skal avd\u00f8 . .&nbsp;<\/strong>.\u201d 1. Pet. 2, 24. \u201c. . . vi som&nbsp;<strong>er&nbsp;<\/strong>avd\u00f8d.\u201d Rom. 6, 2. Hvis vi er d\u00f8d med Kristus, hvorfor da behandle oss&nbsp;<strong>\u201csom om vi levde i verden\u201d<\/strong>? Kol. 2, 20.<\/p>\n<p>Skulle du ha h\u00f8rt p\u00e5 maken???<\/p>\n<p>N\u00e5 m\u00e5 vi sp\u00f8rre: Hva skal det til forat denne ubeskrivelig herlige tilstand i sannhet kan n\u00e5es? To ting: I at man virkelig&nbsp;<strong>vil&nbsp;<\/strong>avd\u00f8 fra seg selv og alt sitt eget. II Levende, personlig tilegnet&nbsp;<strong>tro&nbsp;<\/strong>p\u00e5 at vi d\u00f8de med Kristus,&nbsp;<strong>da han d\u00f8de p\u00e5 Golgata kors.<\/strong>&nbsp;I At man&nbsp;<strong>vil&nbsp;<\/strong>dette, gj\u00f8r at man&nbsp;<strong>kan&nbsp;<\/strong>tro. II Og at man&nbsp;<strong>tror<\/strong>, gj\u00f8r det til&nbsp;<strong>virkelighet<\/strong>.<\/p>\n<p>Eders&nbsp;<em>Elias Aslaksen.<\/em><\/p>\n\t\t<\/div>\n\t\t\t\t\t<\/div>\n\n\t\n\n\t<div id=\"col-1304810981\" class=\"col copyright small-12 large-12\"  >\n\t\t\t\t<div class=\"col-inner text-left\"  >\n\t\t\t\n\t\t\t\n<div>\u00a9 Copyright Stiftelsen Skjulte Skatters Forlag<\/div>\n\t\t<\/div>\n\t\t\t\t\t<\/div>\n\n\t\n\n\t<div id=\"col-1259079486\" class=\"col small-12 large-12\"  >\n\t\t\t\t<div class=\"col-inner text-left\"  >\n\t\t\t\n\t\t\t\n<div><a href=\"#\" class=\"read-more\">Read more<\/a><\/div>\n\t\t<\/div>\n\t\t\t\t\t<\/div>\n\n\t\n\n\t<div id=\"col-1781345377\" class=\"col small-12 large-12\"  >\n\t\t\t\t<div class=\"col-inner text-left\"  >\n\t\t\t\n\t\t\t\n<p class=\"next-previous-message\"><a class=\"previous\" href=\"\/sl\/bible-studies\/theme-1\/god-is-truthful\/\"><i class=\"icon-angle-left\"><\/i> Previous<\/a><a class=\"next\" href=\"\/sl\/bible-studies\/theme-1\/his-name-is-wonder\/\">Next <i class=\"icon-angle-right\"><\/i><\/a><\/p>\n\t\t<\/div>\n\t\t\t\t\t<\/div>\n\n\t\n<\/div>\n\t\t<\/div>\n\n\t\t\n<style>\n#section_1362187531 {\n  padding-top: 0px;\n  padding-bottom: 0px;\n  margin-bottom: 0px;\n}\n@media (min-width:550px) {\n  #section_1362187531 {\n    padding-top: 0px;\n    padding-bottom: 0px;\n  }\n}\n<\/style>\n\t<\/section>\n\t\n\n\t<section class=\"section food-for-thought\" id=\"section_254882958\">\n\t\t<div class=\"section-bg fill\" >\n\t\t\t\t\t\t\t\t\t\n\t\t\t\n\n\t\t<\/div>\n\n\t\t\n\n\t\t<div class=\"section-content relative\">\n\t\t\t\n<div class=\"row align-center\"  id=\"row-252159892\">\n\n\t<div id=\"col-237266779\" class=\"col title small-12 large-12\"  >\n\t\t\t\t<div class=\"col-inner text-left dark\"  >\n\t\t\t\n\t\t\t\n<h2>Devotional<\/h2>\n\t\t<\/div>\n\t\t\t\t\t<\/div>\n\n\t\n\n\t<div id=\"col-381585787\" class=\"col small-12 large-12\"  >\n\t\t\t\t<div class=\"col-inner dark\"  >\n\t\t\t\n\t\t\t\n<p>Kaj TI misli\u0161, da je najbolj pomembno v govoru o &#8220;Verjemi v Boga \u010dude\u017eev&#8221;?<\/p>\n<ul class=\"question-answers\">\n<li>Potrebujem \u010dude\u017e v mojem \u017eivljenju &#8211; ne glede na to, kako je bilo prej<\/li>\n<li>Upanje je za vse, ki verjamejo v Boga \u010dude\u017eev<\/li>\n<li>Ni\u010d ni nemogo\u010de, ko imamo opravka z Bogom<\/li>\n<\/ul>\n<p class='info'>You have to <a href='\/login\/'>log in<\/a> if you want to save your answer.<\/p>\n\t\t<\/div>\n\t\t\t\t\t<\/div>\n\n\t\n<\/div>\n\t\t<\/div>\n\n\t\t\n<style>\n#section_254882958 {\n  padding-top: 30px;\n  padding-bottom: 30px;\n  background-color: rgb(73, 92, 94);\n}\n<\/style>\n\t<\/section>\n\t\n","protected":false},"excerpt":{"rendered":"","protected":false},"author":5,"featured_media":0,"parent":8273,"menu_order":0,"comment_status":"closed","ping_status":"closed","template":"page-blank.php","meta":{"footnotes":""},"class_list":["post-18354","page","type-page","status-publish","hentry"],"aioseo_notices":[],"_links":{"self":[{"href":"https:\/\/words-of-faith.org\/sl\/wp-json\/wp\/v2\/pages\/18354","targetHints":{"allow":["GET"]}}],"collection":[{"href":"https:\/\/words-of-faith.org\/sl\/wp-json\/wp\/v2\/pages"}],"about":[{"href":"https:\/\/words-of-faith.org\/sl\/wp-json\/wp\/v2\/types\/page"}],"author":[{"embeddable":true,"href":"https:\/\/words-of-faith.org\/sl\/wp-json\/wp\/v2\/users\/5"}],"replies":[{"embeddable":true,"href":"https:\/\/words-of-faith.org\/sl\/wp-json\/wp\/v2\/comments?post=18354"}],"version-history":[{"count":0,"href":"https:\/\/words-of-faith.org\/sl\/wp-json\/wp\/v2\/pages\/18354\/revisions"}],"up":[{"embeddable":true,"href":"https:\/\/words-of-faith.org\/sl\/wp-json\/wp\/v2\/pages\/8273"}],"wp:attachment":[{"href":"https:\/\/words-of-faith.org\/sl\/wp-json\/wp\/v2\/media?parent=18354"}],"curies":[{"name":"wp","href":"https:\/\/api.w.org\/{rel}","templated":true}]}}