{"id":18386,"date":"2020-07-21T10:24:03","date_gmt":"2020-07-21T08:24:03","guid":{"rendered":"https:\/\/aslaksen.bcc.no\/?page_id=18386"},"modified":"2020-08-21T11:41:44","modified_gmt":"2020-08-21T09:41:44","slug":"njegovo-ime-je-cudez","status":"publish","type":"page","link":"https:\/\/words-of-faith.org\/sl\/biblijske-studije\/tema-1\/njegovo-ime-je-cudez\/","title":{"rendered":"Njegovo ime je \u010cude\u017e"},"content":{"rendered":"\n\t<section class=\"section\" id=\"section_2036229214\">\n\t\t<div class=\"section-bg fill\" >\n\t\t\t\t\t\t\t\t\t\n\t\t\t\n\n\t\t<\/div>\n\n\t\t\n\n\t\t<div class=\"section-content relative\">\n\t\t\t\n<div class=\"row align-center\"  id=\"row-289070196\">\n\n\t<div id=\"col-245001725\" class=\"col small-12 large-12\"  >\n\t\t\t\t<div class=\"col-inner\"  >\n\t\t\t\n\t\t\t\n<p class=\"breadcrumbs\"><a href=\"..\/\">Theme 1<\/a> \/ Messages<\/p>\n<h1>Poni\u017enost je vsa stvar<\/h1>\n<p class=\"article-date\">Odlomek govora iz Januarja 1976<\/p>\n<p class=\"article-author\">od Eliasa Aslaksena<\/p>\n\t\t<\/div>\n\t\t\t\t\t<\/div>\n\n\t\n\n<style>\n#row-289070196 > .col > .col-inner {\n  padding: 30px 0px 0px 0px;\n}\n<\/style>\n<\/div>\n<div class=\"row align-center audio\"  id=\"row-827267308\">\n\n\t<div id=\"col-163105549\" class=\"col small-12 large-12\"  >\n\t\t\t\t<div class=\"col-inner\"  >\n\t\t\t\n\t\t\t\n<!--[if lt IE 9]><script>document.createElement('audio');<\/script><![endif]-->\n<audio class=\"wp-audio-shortcode\" id=\"audio-18386-1\" preload=\"none\" style=\"width: 100%;\" controls=\"controls\"><source type=\"audio\/mpeg\" src=\"\/audio\/Tema%204\/SLO\/19_Ydmikhet%20er%20selve%20saken_SLO.mp3?_=1\" \/><a href=\"\/audio\/Tema%204\/SLO\/19_Ydmikhet%20er%20selve%20saken_SLO.mp3\">\/audio\/Tema%204\/SLO\/19_Ydmikhet%20er%20selve%20saken_SLO.mp3<\/a><\/audio>\n<p class=\"click-to-listen\">Click to listen to the speech.<\/p>\n\t\t<\/div>\n\t\t\t\t\t<\/div>\n\n\t\n<\/div>\n<div class=\"row align-center article article-excerpt\"  id=\"row-278682846\">\n\n\t<div id=\"col-524094812\" class=\"col small-12 large-12\"  >\n\t\t\t\t<div class=\"col-inner text-left\"  >\n\t\t\t\n\t\t\t\n<p>Bog da poni\u017enim milost. In potem je popolnoma vseeno, tudi to napi\u0161i, popolnoma vseeno, kaj delajo vsi ostali. In kristalno jasno je, da je odre\u0161enje osebna stvar med Bogom in posameznikom. Noben \u010dlovek ne pride vmes. To je neposredna povezava med Bogom in posameznikom. Do nje ne more priti, \u010de so vmes drugi ljudje. Upam, da to razumete. Upam, da razumete, kaj govorim. Bog da poni\u017enim milost. Ja, kdo lahko to ovira? Kdo lahko to prepre\u010di? Z njegovo milostjo uspe, milost pomeni pomo\u010d. Imamo dve besedi za milost, ena je pomilostitev in druga je milost. Pomilostitev \u2013 to je sprava in odpu\u0161\u010danje grehov. To je pomilostitev. In milost \u2013 to je pomo\u010d. Velika pomo\u010d! To pomeni, da dobi\u0161 pravo lu\u010d in pravo \u017eivljenje in dobi\u0161 zmago in gre\u0161 od lu\u010di do lu\u010di in od slave do slave. To se zgodi po zakonu poni\u017enosti. In potem je \u0161e ena neumna misel: ko z neke vrste boje\u010dnostjo, lahko misli\u0161 o sebi kot \u2013 jaz sem posebej velik reve\u017e, iz mene ne more nastati ni\u010d velikega. To je 100% la\u017e. Prav toliko upanja ima najve\u010dji, najve\u010dji gre\u0161nik na zemlji. Ne gre se zato, kaj smo bili. Vpra\u0161anje je, kako poni\u017eni smo in bomo, in kaj bomo tako postali. Ker tako postanemo nekaj v resnici. In to gre po milimetrih in miligramih. Bog je ble\u0161\u010de\u010de pravi\u010den. Ugled osebe ni va\u017een. Vseeno, \u010de je na novo spreobrnjen ali starej\u0161i brat ali kdo drug. Popolnoma vseeno je. Pred postavo so vsi enaki. Nobene povezave ni z ugledom osebe. Zato se tudi lahko zgodi, da je bilo z nekom precej dobro, ampak potem jim to stopi v glavo in so lahko popolnoma uni\u010deni, popolnoma uni\u010deni. In odpadejo stran. Na dan imamo ne\u0161teto izbir, ve\u010d sto, na tiso\u010de. In vse je odvisno od tega ali smo poni\u017eni ali ne.<\/p>\n\t\t<\/div>\n\t\t\t\t\t<\/div>\n\n\t\n\n\t<div id=\"col-1067913189\" class=\"col copyright small-12 large-12\"  >\n\t\t\t\t<div class=\"col-inner text-left\"  >\n\t\t\t\n\t\t\t\n<div>\u00a9 Copyright Stiftelsen Skjulte Skatters Forlag<\/div>\n\t\t<\/div>\n\t\t\t\t\t<\/div>\n\n\t\n\n\t<div id=\"col-1031049564\" class=\"col small-12 large-12\"  >\n\t\t\t\t<div class=\"col-inner text-left\"  >\n\t\t\t\n\t\t\t\n<div><a href=\"#\" class=\"read-more\">Beri ve\u010d<\/a><\/div>\n\t\t<\/div>\n\t\t\t\t\t<\/div>\n\n\t\n\n\t<div id=\"col-999538818\" class=\"col small-12 large-12\"  >\n\t\t\t\t<div class=\"col-inner text-left\"  >\n\t\t\t\n\t\t\t\n<p class=\"next-previous-message\"><a class=\"previous\" href=\"\/sl\/bible-studies\/theme-1\/believe-in-the-god-of-miracles\/\"><i class=\"icon-angle-left\"><\/i> Previous<\/a><a class=\"next\" href=\"\/sl\/bible-studies\/theme-1\/as-you-have-believed-so-let-it-be-done-for-you\/\">Next <i class=\"icon-angle-right\"><\/i><\/a><\/p>\n\t\t<\/div>\n\t\t\t\t\t<\/div>\n\n\t\n<\/div>\n\t\t<\/div>\n\n\t\t\n<style>\n#section_2036229214 {\n  padding-top: 0px;\n  padding-bottom: 0px;\n  margin-bottom: 0px;\n}\n@media (min-width:550px) {\n  #section_2036229214 {\n    padding-top: 0px;\n    padding-bottom: 0px;\n  }\n}\n<\/style>\n\t<\/section>\n\t\n\n\t<section class=\"section food-for-thought\" id=\"section_1647606160\">\n\t\t<div class=\"section-bg fill\" >\n\t\t\t\t\t\t\t\t\t\n\t\t\t\n\n\t\t<\/div>\n\n\t\t\n\n\t\t<div class=\"section-content relative\">\n\t\t\t\n<div class=\"row align-center\"  id=\"row-438130840\">\n\n\t<div id=\"col-304105721\" class=\"col title small-12 large-12\"  >\n\t\t\t\t<div class=\"col-inner text-left dark\"  >\n\t\t\t\n\t\t\t\n<h2>Devotional<\/h2>\n\t\t<\/div>\n\t\t\t\t\t<\/div>\n\n\t\n\n\t<div id=\"col-783976252\" class=\"col small-12 large-12\"  >\n\t\t\t\t<div class=\"col-inner dark\"  >\n\t\t\t\n\t\t\t\n<p>Poslu\u0161aj ali preberi \u010dlanek &#8220;Njegovo ime je \u010cude\u017e&#8221; in zapi\u0161i, kako bo izgledalo tvoje \u017eivljenje \u010dez kratek \u010das, \u010de to kar Aslaksen tukaj pi\u0161e, deluje v tvojem \u017eivljenju.<\/p>\n<p class='info'>You have to <a href='\/login\/'>log in<\/a> if you want to save your answer.<\/p>\n\t\t<\/div>\n\t\t\t\t\t<\/div>\n\n\t\n<\/div>\n\t\t<\/div>\n\n\t\t\n<style>\n#section_1647606160 {\n  padding-top: 30px;\n  padding-bottom: 30px;\n  background-color: rgb(73, 92, 94);\n}\n<\/style>\n\t<\/section>\n\t\n","protected":false},"excerpt":{"rendered":"","protected":false},"author":5,"featured_media":0,"parent":8273,"menu_order":1,"comment_status":"closed","ping_status":"closed","template":"page-blank.php","meta":{"footnotes":""},"class_list":["post-18386","page","type-page","status-publish","hentry"],"aioseo_notices":[],"_links":{"self":[{"href":"https:\/\/words-of-faith.org\/sl\/wp-json\/wp\/v2\/pages\/18386","targetHints":{"allow":["GET"]}}],"collection":[{"href":"https:\/\/words-of-faith.org\/sl\/wp-json\/wp\/v2\/pages"}],"about":[{"href":"https:\/\/words-of-faith.org\/sl\/wp-json\/wp\/v2\/types\/page"}],"author":[{"embeddable":true,"href":"https:\/\/words-of-faith.org\/sl\/wp-json\/wp\/v2\/users\/5"}],"replies":[{"embeddable":true,"href":"https:\/\/words-of-faith.org\/sl\/wp-json\/wp\/v2\/comments?post=18386"}],"version-history":[{"count":0,"href":"https:\/\/words-of-faith.org\/sl\/wp-json\/wp\/v2\/pages\/18386\/revisions"}],"up":[{"embeddable":true,"href":"https:\/\/words-of-faith.org\/sl\/wp-json\/wp\/v2\/pages\/8273"}],"wp:attachment":[{"href":"https:\/\/words-of-faith.org\/sl\/wp-json\/wp\/v2\/media?parent=18386"}],"curies":[{"name":"wp","href":"https:\/\/api.w.org\/{rel}","templated":true}]}}