{"id":18419,"date":"2020-07-21T10:28:57","date_gmt":"2020-07-21T08:28:57","guid":{"rendered":"https:\/\/aslaksen.bcc.no\/?page_id=18419"},"modified":"2020-08-21T11:45:17","modified_gmt":"2020-08-21T09:45:17","slug":"zgodilo-se-ti-bo-kot-verujes","status":"publish","type":"page","link":"https:\/\/words-of-faith.org\/sl\/biblijske-studije\/tema-1\/zgodilo-se-ti-bo-kot-verujes\/","title":{"rendered":"Zgodilo se ti bo, kot veruje\u0161"},"content":{"rendered":"\n\t<section class=\"section\" id=\"section_1616676487\">\n\t\t<div class=\"section-bg fill\" >\n\t\t\t\t\t\t\t\t\t\n\t\t\t\n\n\t\t<\/div>\n\n\t\t\n\n\t\t<div class=\"section-content relative\">\n\t\t\t\n<div class=\"row align-center\"  id=\"row-431875178\">\n\n\t<div id=\"col-338265952\" class=\"col small-12 large-12\"  >\n\t\t\t\t<div class=\"col-inner\"  >\n\t\t\t\n\t\t\t\n<p class=\"breadcrumbs\"><a href=\"..\/\">Theme 1<\/a> \/ Messages<\/p>\n<h1>Temeljni zakon Bo\u017ejega \u017eivljenja<\/h1>\n<p class=\"article-date\">Skriti zakladi, obljavljeno Februar 1932<\/p>\n<p class=\"article-author\">od Eliasa Aslaksena<\/p>\n\t\t<\/div>\n\t\t\t\t\t<\/div>\n\n\t\n\n<style>\n#row-431875178 > .col > .col-inner {\n  padding: 30px 0px 0px 0px;\n}\n<\/style>\n<\/div>\n<div class=\"row align-center audio\"  id=\"row-2033184124\">\n\n\t<div id=\"col-2113518521\" class=\"col small-12 large-12\"  >\n\t\t\t\t<div class=\"col-inner\"  >\n\t\t\t\n\t\t\t\n<!--[if lt IE 9]><script>document.createElement('audio');<\/script><![endif]-->\n<audio class=\"wp-audio-shortcode\" id=\"audio-18419-1\" preload=\"none\" style=\"width: 100%;\" controls=\"controls\"><source type=\"audio\/mpeg\" src=\"\/audio\/Tema%204\/SLO\/20_Guds-livets%20grunnlov_SLO.mp3?_=1\" \/><a href=\"\/audio\/Tema%204\/SLO\/20_Guds-livets%20grunnlov_SLO.mp3\">\/audio\/Tema%204\/SLO\/20_Guds-livets%20grunnlov_SLO.mp3<\/a><\/audio>\n<p class=\"click-to-listen\">Click to listen to the speech.<\/p>\n\t\t<\/div>\n\t\t\t\t\t<\/div>\n\n\t\n<\/div>\n<div class=\"row align-center article article-excerpt\"  id=\"row-124607635\">\n\n\t<div id=\"col-1589230356\" class=\"col small-12 large-12\"  >\n\t\t\t\t<div class=\"col-inner text-left\"  >\n\t\t\t\n\t\t\t\n<p>\u00bbBog je tisti, ki sodi: tega poni\u017ea, onega povi\u0161a.\u00ab Ps. 75, 8. \u00bbTorej, ni odvisno od tistega, ki ho\u010de, niti od tistega, ki te\u010de, ampak od Boga, ki izkazuje usmiljenje. Bog se torej usmili, kogar se ho\u010de, in zakrkne, kogar ho\u010de. Rim. 9, 16, 18. \u00bbKdor se bo povi\u0161eval, bo poni\u017ean, in kdor se bo poni\u017eeval, bo povi\u0161an.\u00ab Mat. 23, 12. \u00bbPrav tako mlaj\u0161i, podredite se starej\u0161im.. V medsebojnih odnosih se vsi oblecite v poni\u017enost, ker <em>Bog se prevzetnim upira,<\/em> <em>poni\u017enim pa daje milost.\u00ab 1. Pt. <\/em>5, 5. \u00bbPoni\u017eajte se pred Gospodom in povi\u0161al vas bo.\u00ab Jak. 4, 10. \u00bbKo \u0161e nisem bil poni\u017ean, sem blodil, zdaj pa se dr\u017eim tvojega izreka. Dobro je zame, da so me zadele nadloge, da se u\u010dim tvojih zakonov. Vem, Gospod, da so tvoje sodbe pravi\u010dne, da si me v zvestobi poni\u017eal. Ps. 119, 76, 71, 75.<\/p>\n<p>Bog ne poni\u017ea ali povi\u0161a, ne zakrkne ali blagoslovi, in ne povzro\u010di, da ne uspe ali da uspe \u2013 po naklju\u010dju. To naredi vedno, v vseh primerih in vsem ljudem po dolo\u010denih zakonih. Glavni zakon je zakon poni\u017enosti. Kaj je v bistvu poni\u017enost? To ni \u017evenkljajo\u010d ton ali nekaj lepih izrazov. To je samospoznanje in zavzetje tistega pravega mesta, ki ti pripada. Npr. ko se mlaj\u0161i podredi starej\u0161emu, potem je poni\u017een. On prizna svojo mladost in se postavi pod starej\u0161ega.<\/p>\n<p>V zgornjih vrsticah se govori o dveh glavnih vrstah poni\u017enosti. I Poni\u017eati samega sebe. II Dovoliti, da te drugi poni\u017eajo. Poni\u017enost spada skupaj z ljubeznijo k resnici. Resnica je, da je \u010dlovek pogosto \u2013 na vseh podro\u010djih \u2013 previsoko. Z ljubeznijo do resnice (2. Tes. 2, 10) to prizna\u0161, se poni\u017ea\u0161 in podredi\u0161, glede na lu\u010d resnice, ki sije iz Pisem, v pri\u010devanju ali na druga\u010den na\u010din.<\/p>\n<p>Za poni\u017enost prve vrste je zna\u010dilno, da \u010dlovek prostovoljno sodi samega sebe. (1. Kor. 11, 31-32) in se podredi \u2013 po lastni volji. Za poni\u017enost druge vrste je zna\u010dilno, da prizna\u0161, ko te Bog poni\u017ea ali ko si osebno sojen preko drugih oseb ali zaradi usodnih dogodkov razli\u010dnih vrst. V tak\u0161nem primeru potrebuje\u0161 dodatno pomo\u010d, da si lahko poni\u017een. Brez nje ne more\u0161 priznati lastne slabosti. Ko lu\u010d na zborovanju sveti, ne da bi se nana\u0161ala na koga dolo\u010denega, potem se te to ne dotakne. Mora se nana\u0161ati nate osebno, preden to tako za\u010duti\u0161.&nbsp;<\/p>\n<p>V najbolj\u0161em primeru se \u010dlovek postavi v ozadje, ker vidi, da je tam njegov prostor. V drugem primeru se postavi dale\u010d spredaj; ampak ko gostitelj pojasni gostu, da je njegov prostor bolj zadaj, se sramuje in gre takoj nazaj.<\/p>\n<p>\u010ce okleva\u0161, lahko re\u010demo, da je to poni\u017enost tretje vrste. In \u010de ne prizna\u0161 in se sploh ne pusti\u0161 poni\u017eati, potem je to nadutost in ponos \u2013 in ne dobi\u0161 ne milosti ne pomo\u010di ne odre\u0161enja. \u2013<\/p>\n<p>Vse to se ti\u010de resni\u010dnosti, dejstev. Poleg tega imamo \u0161e eno vrsto poni\u017enosti, to je la\u017ena poni\u017enost, hlinjena poni\u017enost. Zanjo je zna\u010dilno, da imajo besede, ton glasu in izraz na obrazu izgled poni\u017enosti, ampak \u2013 ko pride do mo\u010di, do resni\u010dnosti \u2013 se poka\u017ee, da je vse to zgolj igra.<\/p>\n<p>Poni\u017eati se pomeni zavzeti pravi prostor.<\/p>\n<p>Biti poni\u017ean pomeni, da te drugi s tvojo lastno privolitvijo postavijo na pravi prostor. Biti ponosen pomeni, da brani\u0161 in ho\u010de\u0161 obdr\u017eati prostor, ki ti ne pripada. \u2013<\/p>\n<p>Elias Aslaksen<\/p>\n\t\t<\/div>\n\t\t\t\t\t<\/div>\n\n\t\n\n\t<div id=\"col-1936285631\" class=\"col copyright small-12 large-12\"  >\n\t\t\t\t<div class=\"col-inner text-left\"  >\n\t\t\t\n\t\t\t\n<div>\u00a9 Copyright Stiftelsen Skjulte Skatters Forlag<\/div>\n\t\t<\/div>\n\t\t\t\t\t<\/div>\n\n\t\n\n\t<div id=\"col-518334092\" class=\"col small-12 large-12\"  >\n\t\t\t\t<div class=\"col-inner text-left\"  >\n\t\t\t\n\t\t\t\n<div><a href=\"#\" class=\"read-more\">Beri ve\u010d<\/a><\/div>\n\t\t<\/div>\n\t\t\t\t\t<\/div>\n\n\t\n\n\t<div id=\"col-2049790509\" class=\"col small-12 large-12\"  >\n\t\t\t\t<div class=\"col-inner text-left\"  >\n\t\t\t\n\t\t\t\n<p class=\"next-previous-message\"><a class=\"previous\" href=\"\/sl\/bible-studies\/theme-1\/his-name-is-wonder\/\"><i class=\"icon-angle-left\"><\/i> Previous<\/a><a class=\"next\" href=\"\/sl\/bible-studies\/theme-1\/rejoice-in-hope\/\">Next <i class=\"icon-angle-right\"><\/i><\/a><\/p>\n\t\t<\/div>\n\t\t\t\t\t<\/div>\n\n\t\n<\/div>\n\t\t<\/div>\n\n\t\t\n<style>\n#section_1616676487 {\n  padding-top: 0px;\n  padding-bottom: 0px;\n  margin-bottom: 0px;\n}\n@media (min-width:550px) {\n  #section_1616676487 {\n    padding-top: 0px;\n    padding-bottom: 0px;\n  }\n}\n<\/style>\n\t<\/section>\n\t\n\n\t<section class=\"section food-for-thought\" id=\"section_1786640347\">\n\t\t<div class=\"section-bg fill\" >\n\t\t\t\t\t\t\t\t\t\n\t\t\t\n\n\t\t<\/div>\n\n\t\t\n\n\t\t<div class=\"section-content relative\">\n\t\t\t\n<div class=\"row align-center\"  id=\"row-1022668149\">\n\n\t<div id=\"col-208934484\" class=\"col title small-12 large-12\"  >\n\t\t\t\t<div class=\"col-inner text-left dark\"  >\n\t\t\t\n\t\t\t\n<h2>Devotional<\/h2>\n\t\t<\/div>\n\t\t\t\t\t<\/div>\n\n\t\n\n\t<div id=\"col-483179197\" class=\"col small-12 large-12\"  >\n\t\t\t\t<div class=\"col-inner dark\"  >\n\t\t\t\n\t\t\t\n<p>Poi\u0161\u010di eno biblijsko vrstico v \u010dlanku &#8220;Zgodilo se ti bo, kot verjue\u0161&#8221;. Zakaj misli\u0161, da je Aslaksen omenil ravno to vrstico?<\/p>\n<p class='info'>You have to <a href='\/login\/'>log in<\/a> if you want to save your answer.<\/p>\n\t\t<\/div>\n\t\t\t\t\t<\/div>\n\n\t\n<\/div>\n\t\t<\/div>\n\n\t\t\n<style>\n#section_1786640347 {\n  padding-top: 30px;\n  padding-bottom: 30px;\n  background-color: rgb(73, 92, 94);\n}\n<\/style>\n\t<\/section>\n\t\n","protected":false},"excerpt":{"rendered":"","protected":false},"author":5,"featured_media":0,"parent":8273,"menu_order":2,"comment_status":"closed","ping_status":"closed","template":"page-blank.php","meta":{"footnotes":""},"class_list":["post-18419","page","type-page","status-publish","hentry"],"aioseo_notices":[],"_links":{"self":[{"href":"https:\/\/words-of-faith.org\/sl\/wp-json\/wp\/v2\/pages\/18419","targetHints":{"allow":["GET"]}}],"collection":[{"href":"https:\/\/words-of-faith.org\/sl\/wp-json\/wp\/v2\/pages"}],"about":[{"href":"https:\/\/words-of-faith.org\/sl\/wp-json\/wp\/v2\/types\/page"}],"author":[{"embeddable":true,"href":"https:\/\/words-of-faith.org\/sl\/wp-json\/wp\/v2\/users\/5"}],"replies":[{"embeddable":true,"href":"https:\/\/words-of-faith.org\/sl\/wp-json\/wp\/v2\/comments?post=18419"}],"version-history":[{"count":0,"href":"https:\/\/words-of-faith.org\/sl\/wp-json\/wp\/v2\/pages\/18419\/revisions"}],"up":[{"embeddable":true,"href":"https:\/\/words-of-faith.org\/sl\/wp-json\/wp\/v2\/pages\/8273"}],"wp:attachment":[{"href":"https:\/\/words-of-faith.org\/sl\/wp-json\/wp\/v2\/media?parent=18419"}],"curies":[{"name":"wp","href":"https:\/\/api.w.org\/{rel}","templated":true}]}}