{"id":18483,"date":"2020-07-21T10:43:49","date_gmt":"2020-07-21T08:43:49","guid":{"rendered":"https:\/\/aslaksen.bcc.no\/?page_id=18483"},"modified":"2020-08-21T11:53:10","modified_gmt":"2020-08-21T09:53:10","slug":"verovati-kot-je-veroval-abraham","status":"publish","type":"page","link":"https:\/\/words-of-faith.org\/sl\/biblijske-studije\/tema-1\/verovati-kot-je-veroval-abraham\/","title":{"rendered":"Verovati, kot je veroval Abraham"},"content":{"rendered":"\n\t<section class=\"section\" id=\"section_189774699\">\n\t\t<div class=\"section-bg fill\" >\n\t\t\t\t\t\t\t\t\t\n\t\t\t\n\n\t\t<\/div>\n\n\t\t\n\n\t\t<div class=\"section-content relative\">\n\t\t\t\n<div class=\"row align-center\"  id=\"row-2044876742\">\n\n\t<div id=\"col-1227503585\" class=\"col small-12 large-12\"  >\n\t\t\t\t<div class=\"col-inner\"  >\n\t\t\t\n\t\t\t\n<p class=\"breadcrumbs\"><a href=\"..\/\">Theme 1<\/a> \/ Messages<\/p>\n<h1>Poni\u017eati se iz srca<\/h1>\n<p class=\"article-date\">Odlomek govora iz Julija 1963<\/p>\n<p class=\"article-author\">od Eliasa Aslaksena<\/p>\n\t\t<\/div>\n\t\t\t\t\t<\/div>\n\n\t\n\n<style>\n#row-2044876742 > .col > .col-inner {\n  padding: 30px 0px 0px 0px;\n}\n<\/style>\n<\/div>\n<div class=\"row align-center audio\"  id=\"row-1927770927\">\n\n\t<div id=\"col-913571679\" class=\"col small-12 large-12\"  >\n\t\t\t\t<div class=\"col-inner\"  >\n\t\t\t\n\t\t\t\n<!--[if lt IE 9]><script>document.createElement('audio');<\/script><![endif]-->\n<audio class=\"wp-audio-shortcode\" id=\"audio-18483-1\" preload=\"none\" style=\"width: 100%;\" controls=\"controls\"><source type=\"audio\/mpeg\" src=\"\/audio\/Tema%204\/SLO\/22_Poni%C5%BEati%20se%20iz%20srca_SLO.mp3?_=1\" \/><a href=\"\/audio\/Tema%204\/SLO\/22_Poni%C5%BEati%20se%20iz%20srca_SLO.mp3\">\/audio\/Tema%204\/SLO\/22_Poni%C5%BEati%20se%20iz%20srca_SLO.mp3<\/a><\/audio>\n<p class=\"click-to-listen\">Click to listen to the speech.<\/p>\n\t\t<\/div>\n\t\t\t\t\t<\/div>\n\n\t\n<\/div>\n<div class=\"row align-center article article-excerpt\"  id=\"row-1471497392\">\n\n\t<div id=\"col-2032999132\" class=\"col small-12 large-12\"  >\n\t\t\t\t<div class=\"col-inner text-left\"  >\n\t\t\t\n\t\t\t\n<p>Pi\u0161e o tem, da ni odvisno od tega, ki ho\u010de ali od tega, ki te\u010de, ampak od Boga, ki daje milost! Ali obstaja zakon, ki dolo\u010da, komu daje usmiljenje, komu daje milost? Ja, obstaja. Torej, povr\u0161no gledano lahko misli\u0161: Ja, potem ni vredno truda, nima nobenega pomena, \u010de si gore\u010d? Ne, to je res. Ampak to ne pomeni, da se zgodi naklju\u010dno in da je loterija in da je Bog muhast. Mi vemo, komu daje milost!<\/p>\n<p>Ja, mi vemo, komu daje ve\u010d milosti, komu daje najve\u010d milosti in komu sploh ne da ni\u010d milosti. Mnogi te\u010dejo, mnogi ho\u010dejo, mnogi so \u010dastihlepni \u2013 ali pozna\u0161 to gloso? Ja, kaj je to? To je, da jaz nekaj ho\u010dem, jaz ho\u010dem navzgor in naprej. Jaz ho\u010dem biti Gospodov slu\u017eabnik, ho\u010dem biti spreten in imeti sijajen govor.<\/p>\n<p>Ne brigaj se za \u010dast za vse to kar ti ho\u010de\u0161. Ali ho\u010de\u0161 iti navzdol? Lahko si sredi \u017eive cerkve Boga in nisi niti malo sre\u010den. Kaj je vzrok temu? Ne pravim, da je mnogo vzrokov. To je pomanjkanje poni\u017enosti. Prevelik in premo\u010dan v samem sebi si, to je edini vzrok! To je dokazano, nikoli ni preve\u010d primerov tega.<\/p>\n<p>In \u010de gre z nekom slabo in nima zmage nad grehom, ja, to je zares ubogo. In sredi tega ima tako veliko zanimanje za nastopanje in slavni govor. Ali se kdo vidi v tem? Ali kdo vidi v tem? Ni nevarno biti poni\u017een, ni nevarno priznati. Ali \u0161e ne razume\u0161? Nasportje tega je nevarno. Ali se kdo v tem vidi?<\/p>\n<p>Ali je v tem kak\u0161en smisel? Duhovno re\u010deno je to noro. Je pa\u010d tako. Z drugimi besedami: to je hinav\u0161\u010dina, to je igra. To pomeni, da ho\u010de\u0161 blufirati, da ho\u010de\u0161 narediti vtis na ljudi za pridobivanje \u010dasti, ki si jo na nikakr\u0161en na\u010din ne zaslu\u017ei\u0161. Ali ni tako? Ja, kon\u010daj s tem. Kon\u010daj s tem za zmeraj. Glej na to, da se zanima\u0161 za zmago nad grehom. In kaj je pot do tega? Biti poni\u017een. Poni\u017eati samega sebe. Potem ti Bog da milost tudi, \u010de za to sploh ne prosi\u0161.<\/p>\n\t\t<\/div>\n\t\t\t\t\t<\/div>\n\n\t\n\n\t<div id=\"col-515051806\" class=\"col copyright small-12 large-12\"  >\n\t\t\t\t<div class=\"col-inner text-left\"  >\n\t\t\t\n\t\t\t\n<div>\u00a9 Copyright Stiftelsen Skjulte Skatters Forlag<\/div>\n\t\t<\/div>\n\t\t\t\t\t<\/div>\n\n\t\n\n\t<div id=\"col-1592803511\" class=\"col small-12 large-12\"  >\n\t\t\t\t<div class=\"col-inner text-left\"  >\n\t\t\t\n\t\t\t\n<div><a href=\"#\" class=\"read-more\">Beri ve\u010d<\/a><\/div>\n\t\t<\/div>\n\t\t\t\t\t<\/div>\n\n\t\n\n\t<div id=\"col-970438954\" class=\"col small-12 large-12\"  >\n\t\t\t\t<div class=\"col-inner text-left\"  >\n\t\t\t\n\t\t\t\n<p class=\"next-previous-message\"><a class=\"previous\" href=\"\/sl\/bible-studies\/theme-1\/rejoice-in-hope\/\"><i class=\"icon-angle-left\"><\/i> Previous<\/a><a class=\"next\" href=\"\/sl\/bible-studies\/theme-1\/god-is-truthful\/\">Next <i class=\"icon-angle-right\"><\/i><\/a><\/p>\n\t\t<\/div>\n\t\t\t\t\t<\/div>\n\n\t\n<\/div>\n\t\t<\/div>\n\n\t\t\n<style>\n#section_189774699 {\n  padding-top: 0px;\n  padding-bottom: 0px;\n  margin-bottom: 0px;\n}\n@media (min-width:550px) {\n  #section_189774699 {\n    padding-top: 0px;\n    padding-bottom: 0px;\n  }\n}\n<\/style>\n\t<\/section>\n\t\n\n\t<section class=\"section food-for-thought\" id=\"section_711905203\">\n\t\t<div class=\"section-bg fill\" >\n\t\t\t\t\t\t\t\t\t\n\t\t\t\n\n\t\t<\/div>\n\n\t\t\n\n\t\t<div class=\"section-content relative\">\n\t\t\t\n<div class=\"row align-center\"  id=\"row-70117917\">\n\n\t<div id=\"col-1305293079\" class=\"col title small-12 large-12\"  >\n\t\t\t\t<div class=\"col-inner text-left dark\"  >\n\t\t\t\n\t\t\t\n<h2>Devotional<\/h2>\n\t\t<\/div>\n\t\t\t\t\t<\/div>\n\n\t\n\n\t<div id=\"col-1146328887\" class=\"col small-12 large-12\"  >\n\t\t\t\t<div class=\"col-inner dark\"  >\n\t\t\t\n\t\t\t\n<p>Kaj pomeni verovati, glede na to, kar Aslaksen pi\u0161e v \u010dlanku &#8220;Verovati, kot Abraham&#8221;?<\/p>\n<ul class=\"question-answers\">\n<li>Pri\u010dati, da je Bog vsemogo\u010den<\/li>\n<li>Biti poslu\u0161en vsaki Bo\u017eji besedi<\/li>\n<li>Natan\u010dno izpolniti pogoje<\/li>\n<\/ul>\n<p class='info'>You have to <a href='\/login\/'>log in<\/a> if you want to save your answer.<\/p>\n\t\t<\/div>\n\t\t\t\t\t<\/div>\n\n\t\n<\/div>\n\t\t<\/div>\n\n\t\t\n<style>\n#section_711905203 {\n  padding-top: 30px;\n  padding-bottom: 30px;\n  background-color: rgb(73, 92, 94);\n}\n<\/style>\n\t<\/section>\n\t\n","protected":false},"excerpt":{"rendered":"","protected":false},"author":5,"featured_media":0,"parent":8273,"menu_order":4,"comment_status":"closed","ping_status":"closed","template":"page-blank.php","meta":{"footnotes":""},"class_list":["post-18483","page","type-page","status-publish","hentry"],"aioseo_notices":[],"_links":{"self":[{"href":"https:\/\/words-of-faith.org\/sl\/wp-json\/wp\/v2\/pages\/18483","targetHints":{"allow":["GET"]}}],"collection":[{"href":"https:\/\/words-of-faith.org\/sl\/wp-json\/wp\/v2\/pages"}],"about":[{"href":"https:\/\/words-of-faith.org\/sl\/wp-json\/wp\/v2\/types\/page"}],"author":[{"embeddable":true,"href":"https:\/\/words-of-faith.org\/sl\/wp-json\/wp\/v2\/users\/5"}],"replies":[{"embeddable":true,"href":"https:\/\/words-of-faith.org\/sl\/wp-json\/wp\/v2\/comments?post=18483"}],"version-history":[{"count":0,"href":"https:\/\/words-of-faith.org\/sl\/wp-json\/wp\/v2\/pages\/18483\/revisions"}],"up":[{"embeddable":true,"href":"https:\/\/words-of-faith.org\/sl\/wp-json\/wp\/v2\/pages\/8273"}],"wp:attachment":[{"href":"https:\/\/words-of-faith.org\/sl\/wp-json\/wp\/v2\/media?parent=18483"}],"curies":[{"name":"wp","href":"https:\/\/api.w.org\/{rel}","templated":true}]}}