{"id":24581,"date":"2020-07-31T09:19:25","date_gmt":"2020-07-31T07:19:25","guid":{"rendered":"https:\/\/words-of-faith.org\/o-nas\/"},"modified":"2020-10-05T09:22:01","modified_gmt":"2020-10-05T07:22:01","slug":"o-nas","status":"publish","type":"page","link":"https:\/\/words-of-faith.org\/sl\/o-nas\/","title":{"rendered":"O nas"},"content":{"rendered":"\n\t<section class=\"section\" id=\"section_715757637\">\n\t\t<div class=\"section-bg fill\" >\n\t\t\t\t\t\t\t\t\t\n\t\t\t\n\n\t\t<\/div>\n\n\t\t\n\n\t\t<div class=\"section-content relative\">\n\t\t\t\n<div class=\"row align-center\"  id=\"row-1313290638\">\n\n\t<div id=\"col-817688250\" class=\"col small-12 large-12\"  >\n\t\t\t\t<div class=\"col-inner\"  >\n\t\t\t\n\t\t\t\n<h1>O nas<\/h1>\n\n\t\t<div class=\"tabbed-content\">\n\t\t\t\n\t\t\t<ul class=\"nav nav-simple nav-normal nav-size-normal nav-left\" role=\"tablist\"><li id=\"tab-besede-vere\" class=\"tab active has-icon\" role=\"presentation\"><a href=\"#tab_besede-vere\" role=\"tab\" aria-selected=\"true\" aria-controls=\"tab_besede-vere\"><span>Besede vere<\/span><\/a><\/li>\n<li id=\"tab-o-eliasu-aslaksenu\" class=\"tab has-icon\" role=\"presentation\"><a href=\"#tab_o-eliasu-aslaksenu\" tabindex=\"-1\" role=\"tab\" aria-selected=\"false\" aria-controls=\"tab_o-eliasu-aslaksenu\"><span>O Eliasu Aslaksenu<\/span><\/a><\/li>\n<li id=\"tab-o-activechristianity\" class=\"tab has-icon\" role=\"presentation\"><a href=\"#tab_o-activechristianity\" tabindex=\"-1\" role=\"tab\" aria-selected=\"false\" aria-controls=\"tab_o-activechristianity\"><span>O ActiveChristianity<\/span><\/a><\/li><\/ul><div class=\"tab-panels\"><div id=\"tab_besede-vere\" class=\"panel active entry-content\" role=\"tabpanel\" aria-labelledby=\"tab-besede-vere\">\n<h2>Words of Faith<\/h2>\n<p style=\"text-align: center;\"><img loading=\"lazy\" decoding=\"async\" class=\"aligncenter wp-image-24584\" src=\"https:\/\/words-of-faith.org\/wp-content\/uploads\/2020\/04\/EA-Logo-Final-7-275x400.png\" alt=\"\" width=\"150\" height=\"219\" \/><\/p>\n<p>\u201cFaith in the Word of Life is the greatest power that exists in the universe.\u201d This quote from Elias Aslaksen sums up his life and teaching. <\/p>\n<p>\u201cWords of faith\u201d is a Bible study resource centered on the written and spoken messages of Elias Aslaksen. His preaching adhered 100% to the Word of God and obedience to the faith. He believed in a life of victory over sin and full transformation into the image of Christ, just as the Bible speaks about in many places, and His faith was in an Almighty God who has all power in heaven and on earth to make this life fully possible for each one who believes. <\/p>\n<p>It\u2019s written about Paul that he was a teacher of the Gentiles in faith and truth, and this is the pattern that Elias Aslaksen\u2019s teaching followed. First to believe that the Word is true and good in every way. Then, with a personal, living faith, to live according to it. <\/p>\n<p>Through the spirit of faith shared in the messages and Bible studies on this website, faith for living such an overcoming life can be born and strengthened in every heart that is willing to fight the good fight of faith and lay hold on eternal life!<\/p>\n<\/div>\n<div id=\"tab_o-eliasu-aslaksenu\" class=\"panel entry-content\" role=\"tabpanel\" aria-labelledby=\"tab-o-eliasu-aslaksenu\">\n<h2>O Eliasu Aslaksenu (1888-1976)<\/h2>\n<p><img loading=\"lazy\" decoding=\"async\" class=\"alignnone size-medium wp-image-23821\" src=\"https:\/\/words-of-faith.org\/wp-content\/uploads\/2020\/09\/about-elias-aslaksen-632x400.png\" alt=\"\" width=\"632\" height=\"400\"><\/p>\n<p>V Filipljanom 3: 7-8 je Pavel napisal: &#8220;Toda kar je bilo zame dobi\u010dek, to sem zaradi Kristusa za\u010del imeti za izgubo. \u0160e ve\u010d, za izgubo imam vse zaradi vzvi\u0161enosti spoznanja Kristusa Jezusa, mojega Gospoda. Zaradi njega sem zavrgel vse in imam vse za smeti, da bi bil Kristus moj dobi\u010dek.&#8221;<\/p>\n<figure id=\"attachment_23789\" aria-describedby=\"caption-attachment-23789\" style=\"width: 154px\" class=\"wp-caption alignright\"><img loading=\"lazy\" decoding=\"async\" class=\"wp-image-23789\" src=\"https:\/\/words-of-faith.org\/wp-content\/uploads\/2020\/09\/elias-aslaksen-early-twenties-258x400.png\" alt=\"\" width=\"154\" height=\"239\"><figcaption id=\"caption-attachment-23789\" class=\"wp-caption-text\">Elias Aslaksen in his early twenties, as first lieutenant. He was a very intelligent young man, but he gave up his career in the navy because he was gripped of Jesus Christ.<\/figcaption><\/figure>\n<p>Te besede so odmevale v \u017eivljenju Eliasa Aslaksena. Izjemno nadarjen mladi mo\u017e z odli\u010dno izobrazbo in obetavno kariero, kot najbolj\u0161i mornari\u0161ki kadet, kakr\u0161nega Norve\u0161ka vojna mornarica \u0161e nikoli ni imela, se je vsemu odrekel zato, da bi dosegel &#8220;nagrado, h kateri nas od zgoraj kli\u010de Bog v Jezusu Kristusu.&#8221; ( Fil. 3:14). Svoje celotno \u017eivljenje je dal za raz\u0161irjanje evangelija, tako preko poslu\u0161nosti veri v svojem osebnem \u017eivljenju, kot tudi z mnogoletnim neutrudljivem oznanjevanjem besede vere na mnogih krajih po celem svetu.  <\/p>\n<p>Njegova obse\u017ena serija napisanih govorov in njegovi govori so temeljili na 100 % zvestobi Bo\u017eji Besedi. Mogo\u010de so zaradi tega njegovi govori tako ostri in mo\u010dni \u0161e danes, ve\u010d kot 40 let po njegovi smrti. On ni ovinkaril, ko je hotel nekaj povedati, ampak je govoril Bo\u017ejo besedo jasno in direktno, kot jo je do\u017eivljal v svojem lastnem \u017eivljenju.  <\/p>\n<figure id=\"attachment_23805\" aria-describedby=\"caption-attachment-23805\" style=\"width: 632px\" class=\"wp-caption alignnone\"><img loading=\"lazy\" decoding=\"async\" class=\"wp-image-23805 size-medium\" src=\"https:\/\/words-of-faith.org\/wp-content\/uploads\/2020\/09\/elias-aslaksen-preaching-632x400.png\" alt=\"\" width=\"632\" height=\"400\"><figcaption id=\"caption-attachment-23805\" class=\"wp-caption-text\">Elias Aslaksen preaching at an open-air meeting<\/figcaption><\/figure>\n<p>Oznanjal je evangelij o \u017eivljenju v zmagi nad grehom. V mnogih srcih se je rodila vera, kot rezultat njegovega slu\u017eenja in u\u010denja, ampak \u0161e posebej zaradi njegova \u017eivljenja. Imel je tako \u017eivo vero v Boga, da je bilo skoraj nemogo\u010de, da te njegov govor v tak\u0161nem duhu vere ne bi pokrep\u010dal. Imel je poseben dar za govor na tak\u0161en na\u010din, da so se njegovi poslu\u0161alci prilepili na svoje stole in, ko je govoril so njegovi poslu\u0161alci verjeli, da je \u017eivljenje v zmagi nad grehom mo\u017eno zanje.   <\/p>\n<figure id=\"attachment_23757\" aria-describedby=\"caption-attachment-23757\" style=\"width: 632px\" class=\"wp-caption alignnone\"><img loading=\"lazy\" decoding=\"async\" class=\"size-medium wp-image-23757\" src=\"https:\/\/words-of-faith.org\/wp-content\/uploads\/2020\/09\/elias-aslaksen-brilliant-speaker-632x400.png\" alt=\"\" width=\"632\" height=\"400\"><figcaption id=\"caption-attachment-23757\" class=\"wp-caption-text\">Aslaksen was a brilliant speaker, and was able to articulate things in such a way that people were glued to their seats.<\/figcaption><\/figure>\n<p>Bil je topla oseba dobre narave, poln ljubezni in dobrote. Ljudi je vleklo k njemu, kot muhe na med, zaradi atmosfere \u017eivljenja, ki je bila okrog njega, ampak on je vedno vlekel h Glavi. Rad je sedel in se pogovarjal z mladimi ljudmi o Bo\u017eji besedi in ko je enkrat za\u010del je lahko govoril eno ali dve uri. Bil je zvest resnici, ampak vedno z ljubeznijo. On je torej lahko opominjal in spodbujal in vedno imel nekaj od Boga, s \u010demer je blagoslavljal.    <\/p>\n<figure id=\"attachment_23773\" aria-describedby=\"caption-attachment-23773\" style=\"width: 632px\" class=\"wp-caption alignnone\"><img loading=\"lazy\" decoding=\"async\" class=\"size-medium wp-image-23773\" src=\"https:\/\/words-of-faith.org\/wp-content\/uploads\/2020\/09\/elias-aslaksen-good-atmosphere-632x400.png\" alt=\"\" width=\"632\" height=\"400\"><figcaption id=\"caption-attachment-23773\" class=\"wp-caption-text\">Where Aslaksen was, there was always a good atmosphere.<\/figcaption><\/figure>\n<p>Njegovo u\u010denje \u017eivi \u0161e naprej v govorih, ki jih je zapustil in mnogi so bili pokrep\u010dani v veri po njegovih besedah. Na\u0161e upanje je, da bo\u0161 tudi ti preko te spletne strani pokrep\u010dan in opogumljen, da bojuje\u0161 dobri boj vere. <\/p>\n<figure id=\"attachment_23741\" aria-describedby=\"caption-attachment-23741\" style=\"width: 632px\" class=\"wp-caption alignnone\"><img loading=\"lazy\" decoding=\"async\" class=\"size-medium wp-image-23741\" src=\"https:\/\/words-of-faith.org\/wp-content\/uploads\/2020\/09\/elias-aslaksen-active-writer-632x400.png\" alt=\"\" width=\"632\" height=\"400\"><figcaption id=\"caption-attachment-23741\" class=\"wp-caption-text\">Aslaksen was a very active writer, who in the course of his life wrote hundreds of letters, articles, pamphlets, books and songs.<\/figcaption><\/figure>\n<figure id=\"attachment_23725\" aria-describedby=\"caption-attachment-23725\" style=\"width: 318px\" class=\"wp-caption alignnone\"><img loading=\"lazy\" decoding=\"async\" class=\"size-medium wp-image-23725\" src=\"https:\/\/words-of-faith.org\/wp-content\/uploads\/2020\/09\/elias-aslaksen-70-years-318x400.png\" alt=\"\" width=\"318\" height=\"400\"><figcaption id=\"caption-attachment-23725\" class=\"wp-caption-text\">Elias Aslaksen, about 70 years old.<\/figcaption><\/figure>\n<\/div>\n<div id=\"tab_o-activechristianity\" class=\"panel entry-content\" role=\"tabpanel\" aria-labelledby=\"tab-o-activechristianity\">\n<h2>O ActiveChristianity<\/h2>\n<p><em>Za podrobne informacije o ActiveChristianity, obi\u0161\u010di uradno stran <a href=\"https:\/\/activechristianity.org\" target=\"_blank\" rel=\"noopener noreferrer\">activechristianity.org<\/a>.<\/em><\/p>\n<p>ActiveChristianity.org od Brunstad Christian Church raziskuje, kako nas Bo\u017eja beseda poziva in okrep\u010da, da \u017eivimo 100 % po njegovi volji zato, da nam ni treba ve\u010d pasti v greh, ampak lahko pridemo do \u017eivljenja v zmagi.<\/p>\n<\/div><\/div><\/div>\n\t\t<\/div>\n\t\t\t\t\n<style>\n#col-817688250 > .col-inner {\n  margin: 0px 0px 20px 0px;\n}\n<\/style>\n\t<\/div>\n\n\t\n\n<style>\n#row-1313290638 > .col > .col-inner {\n  padding: 30px 0px 0px 0px;\n}\n<\/style>\n<\/div>\n\t\t<\/div>\n\n\t\t\n<style>\n#section_715757637 {\n  padding-top: 0px;\n  padding-bottom: 0px;\n}\n@media (min-width:550px) {\n  #section_715757637 {\n    padding-top: 30px;\n    padding-bottom: 30px;\n  }\n}\n<\/style>\n\t<\/section>\n\t\n","protected":false},"excerpt":{"rendered":"","protected":false},"author":5,"featured_media":0,"parent":0,"menu_order":0,"comment_status":"closed","ping_status":"closed","template":"page-blank.php","meta":{"footnotes":""},"class_list":["post-24581","page","type-page","status-publish","hentry"],"aioseo_notices":[],"_links":{"self":[{"href":"https:\/\/words-of-faith.org\/sl\/wp-json\/wp\/v2\/pages\/24581","targetHints":{"allow":["GET"]}}],"collection":[{"href":"https:\/\/words-of-faith.org\/sl\/wp-json\/wp\/v2\/pages"}],"about":[{"href":"https:\/\/words-of-faith.org\/sl\/wp-json\/wp\/v2\/types\/page"}],"author":[{"embeddable":true,"href":"https:\/\/words-of-faith.org\/sl\/wp-json\/wp\/v2\/users\/5"}],"replies":[{"embeddable":true,"href":"https:\/\/words-of-faith.org\/sl\/wp-json\/wp\/v2\/comments?post=24581"}],"version-history":[{"count":0,"href":"https:\/\/words-of-faith.org\/sl\/wp-json\/wp\/v2\/pages\/24581\/revisions"}],"wp:attachment":[{"href":"https:\/\/words-of-faith.org\/sl\/wp-json\/wp\/v2\/media?parent=24581"}],"curies":[{"name":"wp","href":"https:\/\/api.w.org\/{rel}","templated":true}]}}