{"id":10766,"date":"2020-05-14T20:00:25","date_gmt":"2020-05-14T18:00:25","guid":{"rendered":"https:\/\/aslaksen.bcc.no\/?page_id=10766"},"modified":"2020-08-21T12:05:54","modified_gmt":"2020-08-21T10:05:54","slug":"fornekte-seg-selv","status":"publish","type":"page","link":"https:\/\/words-of-faith.org\/tr\/incil-calismalari\/tema-2\/fornekte-seg-selv\/","title":{"rendered":"Fornekte seg selv"},"content":{"rendered":"\n\t<section class=\"section\" id=\"section_2118786647\">\n\t\t<div class=\"section-bg fill\" >\n\t\t\t\t\t\t\t\t\t\n\t\t\t\n\n\t\t<\/div>\n\n\t\t\n\n\t\t<div class=\"section-content relative\">\n\t\t\t\n<div class=\"row align-center\"  id=\"row-593047171\">\n\n\t<div id=\"col-1495193059\" class=\"col small-12 large-12\"  >\n\t\t\t\t<div class=\"col-inner\"  >\n\t\t\t\n\t\t\t\n<p class=\"breadcrumbs\"><a href=\"..\/\">Theme 2<\/a> \/ Messages<\/p>\n<h1>kendini reddet<\/h1>\n<p class=\"article-date\">Taleutdrag fra januar 1973<\/p>\n<p class=\"article-author\">av Elias Aslaksen<\/p>\n\t\t<\/div>\n\t\t\t\t\t<\/div>\n\n\t\n\n<style>\n#row-593047171 > .col > .col-inner {\n  padding: 30px 0px 0px 0px;\n}\n<\/style>\n<\/div>\n<div class=\"row align-center audio\"  id=\"row-840988909\">\n\n\t<div id=\"col-147591643\" class=\"col small-12 large-12\"  >\n\t\t\t\t<div class=\"col-inner\"  >\n\t\t\t\n\t\t\t\n<!--[if lt IE 9]><script>document.createElement('audio');<\/script><![endif]-->\n<audio class=\"wp-audio-shortcode\" id=\"audio-10766-1\" preload=\"none\" style=\"width: 100%;\" controls=\"controls\"><source type=\"audio\/mpeg\" src=\"\/audio\/Tema%202\/Tr\/7%20T%20-%201973-01.mp3?_=1\" \/><a href=\"\/audio\/Tema%202\/Tr\/7%20T%20-%201973-01.mp3\">\/audio\/Tema%202\/Tr\/7%20T%20-%201973-01.mp3<\/a><\/audio>\n<p class=\"click-to-listen\">Click to listen to the speech.<\/p>\n\t\t<\/div>\n\t\t\t\t\t<\/div>\n\n\t\n<\/div>\n<div class=\"row align-center article article-excerpt\"  id=\"row-305149630\">\n\n\t<div id=\"col-313698958\" class=\"col small-12 large-12\"  >\n\t\t\t\t<div class=\"col-inner text-left\"  >\n\t\t\t\n\t\t\t\n<p>Ba\u015flang\u0131\u00e7 olarak, ve normalde, ve bir\u00e7ok ki\u015fi i\u00e7in sonunda, onlar\u0131n bir\u00e7ok zorluklar\u0131 ve bir\u00e7ok engelleri \u2013 ve \u015f\u00f6yle ve b\u00f6yle, ve o bunu yapt\u0131, ve o bunu s\u00f6yledi, ve bir\u00e7ok zorluklar.<\/p>\n<p>Bu ger\u00e7ek de\u011fil, bu do\u011fru de\u011fil. Bu sa\u00e7ma bir \u015fekilde yanl\u0131\u015f. Burada yaz\u0131l\u0131d\u0131r. Oldu\u011fu gibi- biri \u00e7ok y\u00fczeysel, bu y\u00fczden o g\u00f6rm\u00fcyor.<\/p>\n<p>Biri ard\u0131mdan gelmek istiyor mu diye yaz\u0131l\u0131 de\u011fildir, \u00f6yleyse o b\u00fct\u00fcn zorluklar\u0131 ve ili\u015fkileri halletmeli- kendini inkar edip, diye yaz\u0131l\u0131d\u0131r. Yani, bu muazzam biz tohumdur. G\u00fcne\u015fin alt\u0131nda sadece bir zorluk vard\u0131r, g\u00fcna\u015fin alt\u0131nda bir engel vard\u0131r, sadece bir problem var ve bir karma\u015f\u0131, bu kendi benli\u011fimizdir. Daha k\u0131saca, iyice ve basit\u00e7e olamaz. &nbsp;<\/p>\n<p>Ve bundan dolay\u0131 c\u00fcmle devam eder: benli\u011fine kaz\u015f\u0131 zafer kazanan, o her\u015feyde zafer kazanm\u0131\u015ft\u0131r. Her\u015fey bunun ile alakal\u0131d\u0131r. Daha k\u00f6t\u00fcs\u00fc de\u011fi\u015fik s\u0131k\u0131nt\u0131lar\u0131 ve gece g\u00fcnd\u00fcz anlatt\u0131klar\u0131 hastal\u0131klar\u0131 y\u00fcz\u00fcnden afl\u0131k dilemeleri, ve ba\u015fkalar\u0131ndan bahsetmeleri.<\/p>\n<p>Bu \u00e7ok zor, bu \u00e7ok zor, ve o bunu yapt\u0131 ve bu b\u00f6yle ve \u015fu b\u00f6yle- e\u011fer bu olmasayd\u0131 benimle daha iyi olurdu. Bunun hepsi a\u00e7\u0131k bir yalan! Benli\u011fimi inkar etti\u011fim zaman hayat yolunday\u0131md\u0131r, dar yolday\u0131m, o dar kap\u0131dan ge\u00e7ip dar yola geldim, ve orada kullanabilece\u011fim kadar yer var. \u00c7ok dar bir yolda. Ve bu \u00e7ok faydal\u0131, bu \u00e7ok ho\u015ftur.<\/p>\n<p>Beni s\u00fcr\u00fckleyen, sahip olduklar\u0131m ve korumya \u00e7al\u0131\u015ft\u0131\u011f\u0131m \u015feylerden \u00f6zg\u00fcr oldum. Burada sorunlar yok, kompleks yok. Zorluklar yok ve hi\u00e7bir\u015fey karma\u015f\u0131k dedil art\u0131k. D\u00fc\u015f\u00fcn her\u015feyden kurtuldun, bir de her\u015feyden kurtulmayan\u0131 d\u00fc\u015f\u00fcn, \u00e7\u0131lg\u0131nl\u0131k i\u015fte budur. \u00d6rnek olarak d\u00fc\u015f\u00fcn harcayamad\u0131\u011f\u0131n b\u00fct\u00fcn paralar\u0131 d\u00fc\u015f\u00fcn- sadece sorunlar ve s\u0131k\u0131nt\u0131lar, her toplanmada verece\u011fin zaman, bu nas\u0131l biz\u015feydir, bunlar yani s\u0131k\u0131nt\u0131. Birde sahiplenece\u011fin izettin de var, evet , neredeyse herkesin, pratik te inan\u00e7l\u0131lar ve bir\u00e7ok karde\u015fler, onlar\u0131n ilgi alanlar\u0131 ba\u015fkalar\u0131n\u0131n d\u00fc\u015f\u00fcnceleri, bu y\u00fczden onlar \u015feadetlerini veremiyorlar. Ba\u015fkalar\u0131n\u0131n d\u00fc\u015f\u00fcncelerini merak ederler. Ve bu y\u00fczden Tanr\u0131 sa t\u00f6vbe ye gelemiyorlar, o zaman ailes\u0131n\u0131n ve arkada\u015flar\u0131n\u0131n d\u00fc\u015f\u00fcncelerini merak ediyorlar.<\/p>\n<p>\u0130nsan olan herbirimiz asl\u0131nda tam bir ka\u00e7\u0131\u011f\u0131z, b\u00fct\u00fcn zorluk i\u015fte bu. Derinde, a\u00e7\u0131kta ve geni\u015fte hi\u00e7bir\u015fey unutulmaz. G\u00fcne\u015fin alt\u0131nda zor olan tek budur.<\/p>\n<p>Benli\u011fim, iste\u011fim, arzum, zevkim, benim d\u00fc\u015f\u00fcnce ve fikirlerim, bu benli\u011fim. Bunu reddedip b\u00fct\u00fcn y\u00fcre\u011fimle Tanr\u0131n\u0131n s\u00f6z\u00fcn\u00fc izlemeliyim, o zaman dar kap\u0131dan ge\u00e7mi\u015f olurum. Ve dar yola ula\u015f\u0131r\u0131m ve orada her\u015fey g\u00fczeldir. Orada insan keyif al\u0131r.<\/p>\n<p>&nbsp;<\/p>\n<p>&nbsp;<\/p>\n<p>.<\/p>\n<p>&nbsp;<\/p>\n\t\t<\/div>\n\t\t\t\t\t<\/div>\n\n\t\n\n\t<div id=\"col-1066903662\" class=\"col copyright small-12 large-12\"  >\n\t\t\t\t<div class=\"col-inner text-left\"  >\n\t\t\t\n\t\t\t\n<div>\u00a9 Copyright Stiftelsen Skjulte Skatters Forlag<\/div>\n\t\t<\/div>\n\t\t\t\t\t<\/div>\n\n\t\n\n\t<div id=\"col-1593325574\" class=\"col small-12 large-12\"  >\n\t\t\t\t<div class=\"col-inner text-left\"  >\n\t\t\t\n\t\t\t\n<div><a href=\"#\" class=\"read-more\">daha fazla oku<\/a><\/div>\n\t\t<\/div>\n\t\t\t\t\t<\/div>\n\n\t\n\n\t<div id=\"col-1974646577\" class=\"col small-12 large-12\"  >\n\t\t\t\t<div class=\"col-inner text-left\"  >\n\t\t\t\n\t\t\t\n<p class=\"next-previous-message\"><a class=\"previous\" href=\"\/tr\/bible-studies\/theme-2\/the-two-great-goals-in-a-christians-life\/\"><i class=\"icon-angle-left\"><\/i> Previous<\/a><a class=\"next\" href=\"\/tr\/bible-studies\/theme-2\/i-have-been-crucified-with-christ\/\">Next <i class=\"icon-angle-right\"><\/i><\/a><\/p>\n\t\t<\/div>\n\t\t\t\t\t<\/div>\n\n\t\n<\/div>\n\t\t<\/div>\n\n\t\t\n<style>\n#section_2118786647 {\n  padding-top: 0px;\n  padding-bottom: 0px;\n  margin-bottom: 0px;\n}\n@media (min-width:550px) {\n  #section_2118786647 {\n    padding-top: 0px;\n    padding-bottom: 0px;\n  }\n}\n<\/style>\n\t<\/section>\n\t\n\n\t<section class=\"section food-for-thought\" id=\"section_1908057603\">\n\t\t<div class=\"section-bg fill\" >\n\t\t\t\t\t\t\t\t\t\n\t\t\t\n\n\t\t<\/div>\n\n\t\t\n\n\t\t<div class=\"section-content relative\">\n\t\t\t\n<div class=\"row align-center\"  id=\"row-355961454\">\n\n\t<div id=\"col-657018510\" class=\"col title small-12 large-12\"  >\n\t\t\t\t<div class=\"col-inner text-left dark\"  >\n\t\t\t\n\t\t\t\n<h2>Devotional<\/h2>\n\t\t<\/div>\n\t\t\t\t\t<\/div>\n\n\t\n\n\t<div id=\"col-1645693249\" class=\"col small-12 large-12\"  >\n\t\t\t\t<div class=\"col-inner dark\"  >\n\t\t\t\n\t\t\t\n<p>Alaksen&#8217;\u0131n &#8220;Kendini inkar et&#8221; konu\u015fmas\u0131nda \u015f\u00f6yle diyor; etraf\u0131m\u0131zda olan durumlar zorluklar\u0131n sebebi de\u011fildir, as\u0131l rahats\u0131zl\u0131k etimizden kaynaklan\u0131r. Hayatta herkes a\u011f\u0131z, zor durumlarla kar\u015f\u0131la\u015fabilir. Peki Aslaksen neden dar yolda giden yolun \u00e7ok heyecanl\u0131 ve iyi oldu\u011funu s\u00f6yl\u00fcyor?<\/p>\n<p class='info'>You have to <a href='\/login\/'>log in<\/a> if you want to save your answer.<\/p>\n\t\t<\/div>\n\t\t\t\t\t<\/div>\n\n\t\n<\/div>\n\t\t<\/div>\n\n\t\t\n<style>\n#section_1908057603 {\n  padding-top: 30px;\n  padding-bottom: 30px;\n  background-color: rgb(73, 92, 94);\n}\n<\/style>\n\t<\/section>\n\t\n","protected":false},"excerpt":{"rendered":"","protected":false},"author":5,"featured_media":0,"parent":10123,"menu_order":0,"comment_status":"closed","ping_status":"closed","template":"page-blank.php","meta":{"footnotes":""},"class_list":["post-10766","page","type-page","status-publish","hentry"],"aioseo_notices":[],"_links":{"self":[{"href":"https:\/\/words-of-faith.org\/tr\/wp-json\/wp\/v2\/pages\/10766","targetHints":{"allow":["GET"]}}],"collection":[{"href":"https:\/\/words-of-faith.org\/tr\/wp-json\/wp\/v2\/pages"}],"about":[{"href":"https:\/\/words-of-faith.org\/tr\/wp-json\/wp\/v2\/types\/page"}],"author":[{"embeddable":true,"href":"https:\/\/words-of-faith.org\/tr\/wp-json\/wp\/v2\/users\/5"}],"replies":[{"embeddable":true,"href":"https:\/\/words-of-faith.org\/tr\/wp-json\/wp\/v2\/comments?post=10766"}],"version-history":[{"count":0,"href":"https:\/\/words-of-faith.org\/tr\/wp-json\/wp\/v2\/pages\/10766\/revisions"}],"up":[{"embeddable":true,"href":"https:\/\/words-of-faith.org\/tr\/wp-json\/wp\/v2\/pages\/10123"}],"wp:attachment":[{"href":"https:\/\/words-of-faith.org\/tr\/wp-json\/wp\/v2\/media?parent=10766"}],"curies":[{"name":"wp","href":"https:\/\/api.w.org\/{rel}","templated":true}]}}