{"id":11010,"date":"2020-05-14T20:00:23","date_gmt":"2020-05-14T18:00:23","guid":{"rendered":"https:\/\/aslaksen.bcc.no\/?page_id=11010"},"modified":"2020-08-21T12:10:09","modified_gmt":"2020-08-21T10:10:09","slug":"her-seyi-birak","status":"publish","type":"page","link":"https:\/\/words-of-faith.org\/tr\/incil-calismalari\/tema-2\/her-seyi-birak\/","title":{"rendered":"Her \u015feyi b\u0131rak"},"content":{"rendered":"\n\t<section class=\"section\" id=\"section_1359179038\">\n\t\t<div class=\"section-bg fill\" >\n\t\t\t\t\t\t\t\t\t\n\t\t\t\n\n\t\t<\/div>\n\n\t\t\n\n\t\t<div class=\"section-content relative\">\n\t\t\t\n<div class=\"row align-center\"  id=\"row-2076304674\">\n\n\t<div id=\"col-586563905\" class=\"col small-12 large-12\"  >\n\t\t\t\t<div class=\"col-inner\"  >\n\t\t\t\n\t\t\t\n<p class=\"breadcrumbs\"><a href=\"..\/\">Theme 2<\/a> \/ Messages<\/p>\n<h1>Her \u015feyi b\u0131rak<\/h1>\n<p class=\"article-date\">Taleutdrag fra januar 1969<\/p>\n<p class=\"article-author\">av Elias Aslaksen<\/p>\n\t\t<\/div>\n\t\t\t\t\t<\/div>\n\n\t\n\n<style>\n#row-2076304674 > .col > .col-inner {\n  padding: 30px 0px 0px 0px;\n}\n<\/style>\n<\/div>\n<div class=\"row align-center audio\"  id=\"row-343288285\">\n\n\t<div id=\"col-2100883679\" class=\"col small-12 large-12\"  >\n\t\t\t\t<div class=\"col-inner\"  >\n\t\t\t\n\t\t\t\n<!--[if lt IE 9]><script>document.createElement('audio');<\/script><![endif]-->\n<audio class=\"wp-audio-shortcode\" id=\"audio-11010-1\" preload=\"none\" style=\"width: 100%;\" controls=\"controls\"><source type=\"audio\/mpeg\" src=\"\/audio\/Tema%202\/Tr\/1969-01.mp3?_=1\" \/><a href=\"\/audio\/Tema%202\/Tr\/1969-01.mp3\">\/audio\/Tema%202\/Tr\/1969-01.mp3<\/a><\/audio>\n<p class=\"click-to-listen\">Click to listen to the speech.<\/p>\n\t\t<\/div>\n\t\t\t\t\t<\/div>\n\n\t\n<\/div>\n<div class=\"row align-center article article-excerpt\"  id=\"row-279454727\">\n\n\t<div id=\"col-1983575136\" class=\"col small-12 large-12\"  >\n\t\t\t\t<div class=\"col-inner text-left\"  >\n\t\t\t\n\t\t\t\n<p>Ve ha\u00e7\u0131n\u0131 y\u00fcklenip beni takip etmeyenler- \u00e7ivilenece\u011fim hac\u0131m\u0131 kendim ta\u015f\u0131mak, b\u0131rde yard\u0131m etmek, \u00e7iddi olarak, kendi ha\u00e7lan\u0131\u015f\u0131na. Ben \u015fimdi Mesihte ha\u00e7lanaca\u011f\u0131m, can\u0131m al\u0131nacak. Ve buna kendim yaard\u0131m edece\u011fim. Bu korkun\u00e7 \u015fey ben isteyece\u011fim. Ha\u00e7\u0131n\u0131 ta\u015f\u0131y\u0131p beni takip etmeyen \u00f6\u011frencim olamaz. Bunu iki defa s\u00f6yledi. Ve 33. ayet geliyor: benim \u015fakirdim olamaz. Bu onun okuluna ilgi duyman\u0131z i\u00e7in bir davetiyedir, t\u00f6vbe ettikten sonra. \u00dc\u00e7\u00fcnc\u00fc kez- b\u00f6yelece her\u015fey s\u00f6ylendi. Burada \u00e7ok farkl\u0131 yaz\u0131yor, tamamen farkl\u0131, geri kalan\u0131n\u0131 okuyal\u0131m: b\u00f6ylece hi\u00e7biriniz- onlar \u0130sa ya gelip takip etmi\u015flerdi- benim \u00f6\u011frencim olmak, \u015fakirdim olmak, onun okuluna ilgi duymak- sahip oldu\u00f6u her\u015feyden vazge\u00e7meli. HER\u015eEY. Sahip oldu\u011fu her\u015fey.<\/p>\n\t\t<\/div>\n\t\t\t\t\t<\/div>\n\n\t\n\n\t<div id=\"col-482467300\" class=\"col copyright small-12 large-12\"  >\n\t\t\t\t<div class=\"col-inner text-left\"  >\n\t\t\t\n\t\t\t\n<div>\u00a9 Copyright Stiftelsen Skjulte Skatters Forlag<\/div>\n\t\t<\/div>\n\t\t\t\t\t<\/div>\n\n\t\n\n\t<div id=\"col-511563110\" class=\"col small-12 large-12\"  >\n\t\t\t\t<div class=\"col-inner text-left\"  >\n\t\t\t\n\t\t\t\n<div><a href=\"#\" class=\"read-more\">daha fazla oku<\/a><\/div>\n\t\t<\/div>\n\t\t\t\t\t<\/div>\n\n\t\n\n\t<div id=\"col-1901190431\" class=\"col small-12 large-12\"  >\n\t\t\t\t<div class=\"col-inner text-left\"  >\n\t\t\t\n\t\t\t\n<p class=\"next-previous-message\"><a class=\"previous\" href=\"\/tr\/bible-studies\/theme-2\/it-is-no-longer-i-who-live\/\"><i class=\"icon-angle-left\"><\/i> Previous<\/a><a class=\"next\" href=\"\/tr\/bible-studies\/theme-2\/taking-up-your-cross\/\">Next <i class=\"icon-angle-right\"><\/i><\/a><\/p>\n\t\t<\/div>\n\t\t\t\t\t<\/div>\n\n\t\n<\/div>\n\t\t<\/div>\n\n\t\t\n<style>\n#section_1359179038 {\n  padding-top: 0px;\n  padding-bottom: 0px;\n  margin-bottom: 0px;\n}\n@media (min-width:550px) {\n  #section_1359179038 {\n    padding-top: 0px;\n    padding-bottom: 0px;\n  }\n}\n<\/style>\n\t<\/section>\n\t\n\n\t<section class=\"section food-for-thought\" id=\"section_2050603829\">\n\t\t<div class=\"section-bg fill\" >\n\t\t\t\t\t\t\t\t\t\n\t\t\t\n\n\t\t<\/div>\n\n\t\t\n\n\t\t<div class=\"section-content relative\">\n\t\t\t\n<div class=\"row align-center\"  id=\"row-1359314939\">\n\n\t<div id=\"col-815242675\" class=\"col title small-12 large-12\"  >\n\t\t\t\t<div class=\"col-inner text-left dark\"  >\n\t\t\t\n\t\t\t\n<h2>Devotional<\/h2>\n\t\t<\/div>\n\t\t\t\t\t<\/div>\n\n\t\n\n\t<div id=\"col-571439546\" class=\"col small-12 large-12\"  >\n\t\t\t\t<div class=\"col-inner dark\"  >\n\t\t\t\n\t\t\t\n<p>&#8220;Her \u015feyi b\u0131rak&#8221;: \u0130sa&#8217;n\u0131n \u00e7\u0131ra\u011f\u0131\/\u00f6\u011frencisi olman\u0131n \u015fartlar\u0131 nelerdir? Bunula ilgili ne diyebilirsin?<\/p>\n<p class='info'>You have to <a href='\/login\/'>log in<\/a> if you want to save your answer.<\/p>\n\t\t<\/div>\n\t\t\t\t\t<\/div>\n\n\t\n<\/div>\n\t\t<\/div>\n\n\t\t\n<style>\n#section_2050603829 {\n  padding-top: 30px;\n  padding-bottom: 30px;\n  background-color: rgb(73, 92, 94);\n}\n<\/style>\n\t<\/section>\n\t\n","protected":false},"excerpt":{"rendered":"","protected":false},"author":5,"featured_media":0,"parent":10123,"menu_order":0,"comment_status":"closed","ping_status":"closed","template":"page-blank.php","meta":{"footnotes":""},"class_list":["post-11010","page","type-page","status-publish","hentry"],"aioseo_notices":[],"_links":{"self":[{"href":"https:\/\/words-of-faith.org\/tr\/wp-json\/wp\/v2\/pages\/11010","targetHints":{"allow":["GET"]}}],"collection":[{"href":"https:\/\/words-of-faith.org\/tr\/wp-json\/wp\/v2\/pages"}],"about":[{"href":"https:\/\/words-of-faith.org\/tr\/wp-json\/wp\/v2\/types\/page"}],"author":[{"embeddable":true,"href":"https:\/\/words-of-faith.org\/tr\/wp-json\/wp\/v2\/users\/5"}],"replies":[{"embeddable":true,"href":"https:\/\/words-of-faith.org\/tr\/wp-json\/wp\/v2\/comments?post=11010"}],"version-history":[{"count":0,"href":"https:\/\/words-of-faith.org\/tr\/wp-json\/wp\/v2\/pages\/11010\/revisions"}],"up":[{"embeddable":true,"href":"https:\/\/words-of-faith.org\/tr\/wp-json\/wp\/v2\/pages\/10123"}],"wp:attachment":[{"href":"https:\/\/words-of-faith.org\/tr\/wp-json\/wp\/v2\/media?parent=11010"}],"curies":[{"name":"wp","href":"https:\/\/api.w.org\/{rel}","templated":true}]}}