{"id":11047,"date":"2020-05-14T20:00:14","date_gmt":"2020-05-14T18:00:14","guid":{"rendered":"https:\/\/aslaksen.bcc.no\/?page_id=11047"},"modified":"2020-08-21T12:21:16","modified_gmt":"2020-08-21T10:21:16","slug":"bir-hiristiyanin-hayatindaki-iki-buyuk-hedef","status":"publish","type":"page","link":"https:\/\/words-of-faith.org\/tr\/incil-calismalari\/tema-2\/bir-hiristiyanin-hayatindaki-iki-buyuk-hedef\/","title":{"rendered":"Bir H\u0131ristiyan\u0131n hayat\u0131ndaki iki b\u00fcy\u00fck hedef."},"content":{"rendered":"\n\t<section class=\"section\" id=\"section_477310427\">\n\t\t<div class=\"section-bg fill\" >\n\t\t\t\t\t\t\t\t\t\n\t\t\t\n\n\t\t<\/div>\n\n\t\t\n\n\t\t<div class=\"section-content relative\">\n\t\t\t\n<div class=\"row align-center\"  id=\"row-1549966133\">\n\n\t<div id=\"col-734614696\" class=\"col small-12 large-12\"  >\n\t\t\t\t<div class=\"col-inner\"  >\n\t\t\t\n\t\t\t\n<p class=\"breadcrumbs\"><a href=\"..\/\">Theme 2<\/a> \/ Messages<\/p>\n<h1>Bir H\u0131ristiyan\u0131n hayat\u0131ndaki iki b\u00fcy\u00fck hedef.<\/h1>\n<p class=\"article-date\">Skjulte Skatter, publisert november 1957<\/p>\n<p class=\"article-author\">av Elias Aslaksen<\/p>\n\t\t<\/div>\n\t\t\t\t\t<\/div>\n\n\t\n\n<style>\n#row-1549966133 > .col > .col-inner {\n  padding: 30px 0px 0px 0px;\n}\n<\/style>\n<\/div>\n<div class=\"row align-center audio\"  id=\"row-993087680\">\n\n\t<div id=\"col-2085640420\" class=\"col small-12 large-12\"  >\n\t\t\t\t<div class=\"col-inner\"  >\n\t\t\t\n\t\t\t\n<!--[if lt IE 9]><script>document.createElement('audio');<\/script><![endif]-->\n<audio class=\"wp-audio-shortcode\" id=\"audio-11047-1\" preload=\"none\" style=\"width: 100%;\" controls=\"controls\"><source type=\"audio\/mpeg\" src=\"\/audio\/Tema%202\/no\/12%20De%20to%20store%20m%C3%A5l%20i%20den%20kristnes%20liv%20med%20musikk.mp3?_=1\" \/><a href=\"\/audio\/Tema%202\/no\/12%20De%20to%20store%20m%C3%A5l%20i%20den%20kristnes%20liv%20med%20musikk.mp3\">\/audio\/Tema%202\/no\/12%20De%20to%20store%20m%C3%A5l%20i%20den%20kristnes%20liv%20med%20musikk.mp3<\/a><\/audio>\n<p class=\"click-to-listen\">Click to listen to the speech.<\/p>\n\t\t<\/div>\n\t\t\t\t\t<\/div>\n\n\t\n<\/div>\n<div class=\"row align-center article article-excerpt\"  id=\"row-62268207\">\n\n\t<div id=\"col-1808276475\" class=\"col small-12 large-12\"  >\n\t\t\t\t<div class=\"col-inner text-left\"  >\n\t\t\t\n\t\t\t\n<div id=\"chapter-element-2\" data-v-7f3df67e=\"\">\n<p><strong>I. <\/strong><strong>Alltid seier over all bevisst synd.<\/strong><\/p>\n<p>At Kristus d\u00f8de for v\u00e5re synder, det gir oss syndenes forlatelse&nbsp;<strong>n\u00e5r vi<\/strong>&nbsp;<strong>tror<\/strong>&nbsp;<strong>dette,&nbsp;<\/strong>og n\u00e5r vi selv tilgir, av hjertet, alle v\u00e5re skyldnere.<\/p>\n<p>Seier over all bevisst synd f\u00e5r vi ogs\u00e5&nbsp;<strong>ved tro,&nbsp;<\/strong>nemlig ved \u00e5 tro at&nbsp;<strong>v\u00e5rt gamle<\/strong>&nbsp;<strong>menneske ble korsfestet med Kristus.&nbsp;<\/strong>Rom. 6, 6, eller som det uttrykkes i Gal. 2, 20:<\/p>\n<p><strong>\u201cJeg er korsfestet med Kristus \u2026\u201d<\/strong><\/p>\n<p>I og ved denne tro&nbsp;<strong>avd\u00f8r&nbsp;<\/strong>vi fra \u00e5 synde, fra all bevisst synd, slik at vi \u2014 istedenfor \u00e5 forsynde oss \u2014 blir st\u00e5ende som seierherre i enhver fristelse.<\/p>\n<p>Hvor herlig s\u00e5ledes alltid \u00e5 kunne leve med en god samvittighet overfor Gud og mennesker! \u2014 \u2014 \u2014<\/p>\n<p>Paulus skriver: \u201cGud v\u00e6re takk, som&nbsp;<strong>alltid&nbsp;<\/strong>lar oss vinne&nbsp;<strong>seier&nbsp;<\/strong>i Kristus \u2026 \u201d 2. Kor. 2, 14.<\/p>\n<p>Men dessverre har de fleste absolutt ikke n\u00e5dd dette forel\u00f8bige, herlige m\u00e5l i sitt liv. Og dette har sine&nbsp;<strong>to bestemte, gode grunner:<\/strong><\/p>\n<p>I. Man vil simpelthen ikke oppgi alt sitt eget og d\u00f8 med Kristus, og dermed bortfaller muligheten for \u00e5 n\u00e5 dette herlige seiersliv.<\/p>\n<p>II. Man tror absolutt ikke at man er korsfestet med ham, og kan heller ikke komme til \u00e5 tro det all den tid man ikke i det hele tatt vil oppgi alt sitt eget. Gud gir oss ikke tro til noe vi selv ikke vil v\u00e6re med p\u00e5.<\/p>\n<p>Hvis man virkelig i sannhet vil g\u00e5 veien etter i Jesu fotspor, da f\u00e5r man ogs\u00e5 tro til \u00e5 g\u00e5 den. \u00c6re v\u00e6re Gud!<\/p>\n<p><strong>II. <\/strong><strong>Ved tiltagende livsens lys, avdekning og avlegning av ubevisst synd: vekst i det gode.<\/strong><\/p>\n<p>Dette er igjen det samme som tiltagende forvandling i v\u00e5rt indre, og det samme som tiltagende delaktiggj\u00f8relse i guddommelig natur.<\/p>\n<p>Her er det for oss ikke noe avgrenset m\u00e5l, men s\u00e5 \u00e5 si ubegrensede muligheter. M\u00e5let blir da:<\/p>\n<p><strong>Mest<\/strong>&nbsp;<strong>mulig vekst og forvandling!<\/strong><\/p>\n<p>Av samme grunn blir det da&nbsp;<strong>alle \u00c5ndens frukter&nbsp;<\/strong>og&nbsp;<strong>alle Kristi dyder&nbsp;<\/strong>i st\u00f8rst mulig utstrekning og dybde som til enhver tid har levende interesse.<\/p>\n<p>\u201cVi tror, derfor taler vi\u201d, sier Paulus. Vi taler om det vi tror. N\u00e5r man da i det hele tatt ikke taler om dette, har dette sin bestemte grunn: man tror ikke p\u00e5 det. \u2014<\/p>\n<p>B\u00e5de om I og II er det \u00e5 si: her nytter det ikke med \u00f8nsker og dr\u00f8mmer, ei heller med noen mere eller mindre matte fors\u00f8k. Nei \u2014 det nytter absolutt ikke! Det eneste som duger, som virker, er levende tro p\u00e5 Guds og Kristi verk, og p\u00e5 Ordet som s\u00e6rdeles tydelig, bestemt og avgjort taler om dette, ja som nesten ikke taler om noe annet. \u2014 Les, tenk og tro!<\/p>\n<p><em>Elias Aslaksen.<\/em><\/p>\n<\/div>\n\t\t<\/div>\n\t\t\t\t\t<\/div>\n\n\t\n\n\t<div id=\"col-1549321619\" class=\"col copyright small-12 large-12\"  >\n\t\t\t\t<div class=\"col-inner text-left\"  >\n\t\t\t\n\t\t\t\n<div>\u00a9 Copyright Stiftelsen Skjulte Skatters Forlag<\/div>\n\t\t<\/div>\n\t\t\t\t\t<\/div>\n\n\t\n\n\t<div id=\"col-218514629\" class=\"col small-12 large-12\"  >\n\t\t\t\t<div class=\"col-inner text-left\"  >\n\t\t\t\n\t\t\t\n<div><a href=\"#\" class=\"read-more\">Read more<\/a><\/div>\n\t\t<\/div>\n\t\t\t\t\t<\/div>\n\n\t\n\n\t<div id=\"col-236906231\" class=\"col small-12 large-12\"  >\n\t\t\t\t<div class=\"col-inner text-left\"  >\n\t\t\t\n\t\t\t\n<p class=\"next-previous-message\"><a class=\"previous\" href=\"\/tr\/bible-studies\/theme-2\/taking-up-your-cross\/\"><i class=\"icon-angle-left\"><\/i> Previous<\/a><a class=\"next\" href=\"\/tr\/bible-studies\/theme-2\/deny-oneself\/\">Next <i class=\"icon-angle-right\"><\/i><\/a><\/p>\n\t\t<\/div>\n\t\t\t\t\t<\/div>\n\n\t\n<\/div>\n\t\t<\/div>\n\n\t\t\n<style>\n#section_477310427 {\n  padding-top: 0px;\n  padding-bottom: 0px;\n  margin-bottom: 0px;\n}\n@media (min-width:550px) {\n  #section_477310427 {\n    padding-top: 0px;\n    padding-bottom: 0px;\n  }\n}\n<\/style>\n\t<\/section>\n\t\n\n\t<section class=\"section food-for-thought\" id=\"section_1270363158\">\n\t\t<div class=\"section-bg fill\" >\n\t\t\t\t\t\t\t\t\t\n\t\t\t\n\n\t\t<\/div>\n\n\t\t\n\n\t\t<div class=\"section-content relative\">\n\t\t\t\n<div class=\"row align-center\"  id=\"row-2030122433\">\n\n\t<div id=\"col-304274551\" class=\"col title small-12 large-12\"  >\n\t\t\t\t<div class=\"col-inner text-left dark\"  >\n\t\t\t\n\t\t\t\n<h2>Devotional<\/h2>\n\t\t<\/div>\n\t\t\t\t\t<\/div>\n\n\t\n\n\t<div id=\"col-1795158219\" class=\"col small-12 large-12\"  >\n\t\t\t\t<div class=\"col-inner dark\"  >\n\t\t\t\n\t\t\t\n<p>&#8220;Bir H\u0131ristiyan\u0131n hayat\u0131ndaki 2 b\u00fcy\u00fck hedef&#8221; yaz\u0131s\u0131nda yazan te\u015fvikleri not al. Bunlardan sana \u00f6zellikle konu\u015fanlar hangileridir?<\/p>\n<p class='info'>You have to <a href='\/login\/'>log in<\/a> if you want to save your answer.<\/p>\n\t\t<\/div>\n\t\t\t\t\t<\/div>\n\n\t\n<\/div>\n\t\t<\/div>\n\n\t\t\n<style>\n#section_1270363158 {\n  padding-top: 30px;\n  padding-bottom: 30px;\n  background-color: rgb(73, 92, 94);\n}\n<\/style>\n\t<\/section>\n\t\n","protected":false},"excerpt":{"rendered":"","protected":false},"author":5,"featured_media":0,"parent":10123,"menu_order":0,"comment_status":"closed","ping_status":"closed","template":"page-blank.php","meta":{"footnotes":""},"class_list":["post-11047","page","type-page","status-publish","hentry"],"aioseo_notices":[],"_links":{"self":[{"href":"https:\/\/words-of-faith.org\/tr\/wp-json\/wp\/v2\/pages\/11047","targetHints":{"allow":["GET"]}}],"collection":[{"href":"https:\/\/words-of-faith.org\/tr\/wp-json\/wp\/v2\/pages"}],"about":[{"href":"https:\/\/words-of-faith.org\/tr\/wp-json\/wp\/v2\/types\/page"}],"author":[{"embeddable":true,"href":"https:\/\/words-of-faith.org\/tr\/wp-json\/wp\/v2\/users\/5"}],"replies":[{"embeddable":true,"href":"https:\/\/words-of-faith.org\/tr\/wp-json\/wp\/v2\/comments?post=11047"}],"version-history":[{"count":0,"href":"https:\/\/words-of-faith.org\/tr\/wp-json\/wp\/v2\/pages\/11047\/revisions"}],"up":[{"embeddable":true,"href":"https:\/\/words-of-faith.org\/tr\/wp-json\/wp\/v2\/pages\/10123"}],"wp:attachment":[{"href":"https:\/\/words-of-faith.org\/tr\/wp-json\/wp\/v2\/media?parent=11047"}],"curies":[{"name":"wp","href":"https:\/\/api.w.org\/{rel}","templated":true}]}}