{"id":12621,"date":"2020-05-29T20:00:18","date_gmt":"2020-05-29T18:00:18","guid":{"rendered":"https:\/\/aslaksen.bcc.no\/?page_id=12621"},"modified":"2020-11-02T08:47:23","modified_gmt":"2020-11-02T07:47:23","slug":"tema-3","status":"publish","type":"page","link":"https:\/\/words-of-faith.org\/tr\/incil-calismalari\/tema-3\/","title":{"rendered":"Tema 3"},"content":{"rendered":"\n\t<section class=\"section theme-single-page\" id=\"section_1604389480\">\n\t\t<div class=\"section-bg fill\" >\n\t\t\t\t\t\t\t\t\t\n\t\t\t\n\n\t\t<\/div>\n\n\t\t\n\n\t\t<div class=\"section-content relative\">\n\t\t\t\n\t<div id=\"gap-756741865\" class=\"gap-element clearfix\" style=\"display:block; height:auto;\">\n\t\t\n<style>\n#gap-756741865 {\n  padding-top: 30px;\n}\n<\/style>\n\t<\/div>\n\t\n<div class=\"row align-center\"  id=\"row-1382358161\">\n\n\t<div id=\"col-335402302\" class=\"col small-12 large-12\"  >\n\t\t\t\t<div class=\"col-inner\"  >\n\t\t\t\n\t\t\t\n<p class=\"breadcrumbs\"><a href=\"..\/\">\u0130ncil \u00e7al\u0131\u015fmalar\u0131<\/a> \/ Tema 3<\/p>\n<h1>Tanr\u0131\u2019dan korkmak ve O\u2019nu sevmek<\/h1>\n<p>Slogan: Tam g\u00fcven ve basit iman, k\u00fc\u00e7\u00fck ya da b\u00fcy\u00fck her \u015feyde.<\/p>\n\t<div class=\"img has-hover x md-x lg-x y md-y lg-y\" id=\"image_333386153\">\n\t\t<a class=\"\" href=\"https:\/\/vimeo.com\/420307474\" >\t\t\t\t\t\t<div class=\"img-inner dark\" >\n\t\t\t<img loading=\"lazy\" decoding=\"async\" width=\"1020\" height=\"574\" src=\"https:\/\/words-of-faith.org\/wp-content\/uploads\/2020\/05\/frame_156-1400x788.jpg\" class=\"attachment-large size-large\" alt=\"\" \/>\t\t\t\t\t\t\n\t\t\t\t\t<\/div>\n\t\t\t\t\t\t<\/a>\t\t\n<style>\n#image_333386153 {\n  width: 100%;\n}\n<\/style>\n\t<\/div>\n\t\n<p class=\"overview-text\">Overview: Tema 3<\/p>\n\t\t<\/div>\n\t\t\t\t\t<\/div>\n\n\t\n<\/div>\n<div class=\"row align-center themes\"  id=\"row-1052441446\">\n\n\t<div id=\"col-273291216\" class=\"col large-12\"  >\n\t\t\t\t<div class=\"col-inner\"  >\n\t\t\t\n\t\t\t\n<p class=\"listen-read\">Dinle \/ Oku<\/p>\n<h2>K\u0131sa ve g\u00fc\u00e7l\u00fc konu\u015fmalar<\/h2>\n\t\t<\/div>\n\t\t\t\t\t<\/div>\n\n\t\n\n\t<div id=\"col-882861997\" class=\"col medium-6 small-6 large-6\"  >\n\t\t\t\t<div class=\"col-inner\"  >\n\t\t\t\n\t\t\t\n\n  <div class=\"banner has-hover\" id=\"banner-747995551\">\n          <div class=\"banner-inner fill\">\n        <div class=\"banner-bg fill\" >\n            <img loading=\"lazy\" decoding=\"async\" width=\"577\" height=\"800\" src=\"https:\/\/words-of-faith.org\/wp-content\/uploads\/2020\/08\/Theme-3-Judge-NOT-577x800.png\" class=\"bg attachment-large size-large\" alt=\"\" \/>                                    \n                    <\/div>\n\t\t\n        <div class=\"banner-layers container\">\n            <a class=\"fill\" href=\"https:\/\/words-of-faith.org\/bible-studies\/theme-3\/judge-not\/\"><div class=\"fill banner-link\"><\/div><\/a>            \n   <div id=\"text-box-1246170706\" class=\"text-box banner-layer x0 md-x0 lg-x0 y100 md-y100 lg-y100 res-text\">\n                                <div class=\"text-box-content text \">\n              \n              <div class=\"text-inner text-center\">\n                  \n<h3>H\u00dcKMETME!<\/h3>\n              <\/div>\n           <\/div>\n                            \n<style>\n#text-box-1246170706 .text-box-content {\n  background-color: rgba(40, 40, 40, 0.7);\n  font-size: 100%;\n}\n#text-box-1246170706 {\n  width: 100%;\n}\n<\/style>\n    <\/div>\n \n        <\/div>\n      <\/div>\n\n            \n<style>\n#banner-747995551 {\n  padding-top: 220px;\n  background-color: rgba(0, 0, 0, 0);\n}\n#banner-747995551 .banner-bg img {\n  object-position: 29% 15%;\n}\n<\/style>\n  <\/div>\n\n\n\t\t<\/div>\n\t\t\t\t\t<\/div>\n\n\t\n\n\t<div id=\"col-1876904964\" class=\"col medium-6 small-6 large-6\"  >\n\t\t\t\t<div class=\"col-inner\"  >\n\t\t\t\n\t\t\t\n\n  <div class=\"banner has-hover\" id=\"banner-830889215\">\n          <div class=\"banner-inner fill\">\n        <div class=\"banner-bg fill\" >\n            <img loading=\"lazy\" decoding=\"async\" width=\"577\" height=\"800\" src=\"https:\/\/words-of-faith.org\/wp-content\/uploads\/2020\/08\/Theme-3-The-fear-of-God-577x800.png\" class=\"bg attachment-large size-large\" alt=\"\" \/>                                    \n                    <\/div>\n\t\t\n        <div class=\"banner-layers container\">\n            <a class=\"fill\" href=\"https:\/\/words-of-faith.org\/bible-studies\/theme-3\/the-fear-of-god\/\"><div class=\"fill banner-link\"><\/div><\/a>            \n   <div id=\"text-box-1597263668\" class=\"text-box banner-layer x0 md-x0 lg-x0 y100 md-y100 lg-y100 res-text\">\n                                <div class=\"text-box-content text \">\n              \n              <div class=\"text-inner text-center\">\n                  \n<h3>Tanr\u0131 korkusu<\/h3>\n              <\/div>\n           <\/div>\n                            \n<style>\n#text-box-1597263668 .text-box-content {\n  background-color: rgba(40, 40, 40, 0.7);\n  font-size: 100%;\n}\n#text-box-1597263668 {\n  width: 100%;\n}\n<\/style>\n    <\/div>\n \n        <\/div>\n      <\/div>\n\n            \n<style>\n#banner-830889215 {\n  padding-top: 220px;\n  background-color: rgba(0, 0, 0, 0);\n}\n#banner-830889215 .banner-bg img {\n  object-position: 45% 40%;\n}\n<\/style>\n  <\/div>\n\n\n\t\t<\/div>\n\t\t\t\t\t<\/div>\n\n\t\n\n\t<div id=\"col-1020815842\" class=\"col medium-6 small-6 large-6\"  >\n\t\t\t\t<div class=\"col-inner\"  >\n\t\t\t\n\t\t\t\n\n  <div class=\"banner has-hover\" id=\"banner-92636478\">\n          <div class=\"banner-inner fill\">\n        <div class=\"banner-bg fill\" >\n            <img loading=\"lazy\" decoding=\"async\" width=\"577\" height=\"800\" src=\"https:\/\/words-of-faith.org\/wp-content\/uploads\/2020\/08\/Theme-3-Keep-yourselves-from-idols-577x800.png\" class=\"bg attachment-large size-large\" alt=\"\" \/>                                    \n                    <\/div>\n\t\t\n        <div class=\"banner-layers container\">\n            <a class=\"fill\" href=\"https:\/\/words-of-faith.org\/bible-studies\/theme-3\/keep-yourselves-from-idols\/\"><div class=\"fill banner-link\"><\/div><\/a>            \n   <div id=\"text-box-453133964\" class=\"text-box banner-layer x0 md-x0 lg-x0 y100 md-y100 lg-y100 res-text\">\n                                <div class=\"text-box-content text \">\n              \n              <div class=\"text-inner text-center\">\n                  \n<h3>Putlara dikkat edin<\/h3>\n              <\/div>\n           <\/div>\n                            \n<style>\n#text-box-453133964 .text-box-content {\n  background-color: rgba(40, 40, 40, 0.7);\n  font-size: 100%;\n}\n#text-box-453133964 {\n  width: 100%;\n}\n<\/style>\n    <\/div>\n \n        <\/div>\n      <\/div>\n\n            \n<style>\n#banner-92636478 {\n  padding-top: 220px;\n  background-color: rgba(0, 0, 0, 0);\n}\n<\/style>\n  <\/div>\n\n\n\t\t<\/div>\n\t\t\t\t\t<\/div>\n\n\t\n\n\t<div id=\"col-2075524971\" class=\"col medium-6 small-6 large-6\"  >\n\t\t\t\t<div class=\"col-inner\"  >\n\t\t\t\n\t\t\t\n\n  <div class=\"banner has-hover\" id=\"banner-1286071439\">\n          <div class=\"banner-inner fill\">\n        <div class=\"banner-bg fill\" >\n            <img loading=\"lazy\" decoding=\"async\" width=\"577\" height=\"800\" src=\"https:\/\/words-of-faith.org\/wp-content\/uploads\/2020\/08\/Theme-3-Do-Gods-will-577x800.png\" class=\"bg attachment-large size-large\" alt=\"\" \/>                                    \n                    <\/div>\n\t\t\n        <div class=\"banner-layers container\">\n            <a class=\"fill\" href=\"https:\/\/words-of-faith.org\/bible-studies\/theme-3\/do-gods-will\/\"><div class=\"fill banner-link\"><\/div><\/a>            \n   <div id=\"text-box-194512355\" class=\"text-box banner-layer x0 md-x0 lg-x0 y100 md-y100 lg-y100 res-text\">\n                                <div class=\"text-box-content text \">\n              \n              <div class=\"text-inner text-center\">\n                  \n<h3>G\u00f6kte oldu\u011fu gibi Tanr\u0131&#8217;n\u0131n iste\u011fini yerine getirmek<\/h3>\n              <\/div>\n           <\/div>\n                            \n<style>\n#text-box-194512355 .text-box-content {\n  background-color: rgba(40, 40, 40, 0.7);\n  font-size: 100%;\n}\n#text-box-194512355 {\n  width: 100%;\n}\n<\/style>\n    <\/div>\n \n        <\/div>\n      <\/div>\n\n            \n<style>\n#banner-1286071439 {\n  padding-top: 220px;\n  background-color: rgba(0, 0, 0, 0);\n}\n#banner-1286071439 .banner-bg img {\n  object-position: 51% 49%;\n}\n<\/style>\n  <\/div>\n\n\n\t\t<\/div>\n\t\t\t\t\t<\/div>\n\n\t\n\n\t<div id=\"col-1497337033\" class=\"col medium-6 small-6 large-6\"  >\n\t\t\t\t<div class=\"col-inner\"  >\n\t\t\t\n\t\t\t\n\n  <div class=\"banner has-hover\" id=\"banner-1077101541\">\n          <div class=\"banner-inner fill\">\n        <div class=\"banner-bg fill\" >\n            <img loading=\"lazy\" decoding=\"async\" width=\"577\" height=\"800\" src=\"https:\/\/words-of-faith.org\/wp-content\/uploads\/2020\/08\/Theme-3-Commit-your-souls-to-the-faithful-Creator-577x800.png\" class=\"bg attachment-large size-large\" alt=\"\" \/>                                    \n                    <\/div>\n\t\t\n        <div class=\"banner-layers container\">\n            <a class=\"fill\" href=\"https:\/\/words-of-faith.org\/bible-studies\/theme-3\/commit-your-souls-to-the-faithful-creator\/\"><div class=\"fill banner-link\"><\/div><\/a>            \n   <div id=\"text-box-905706673\" class=\"text-box banner-layer x0 md-x0 lg-x0 y100 md-y100 lg-y100 res-text\">\n                                <div class=\"text-box-content text \">\n              \n              <div class=\"text-inner text-center\">\n                  \n<h3>Canlar\u0131n\u0131z\u0131 sad\u0131k olan yaratana teslim etmek<\/h3>\n              <\/div>\n           <\/div>\n                            \n<style>\n#text-box-905706673 .text-box-content {\n  background-color: rgba(40, 40, 40, 0.7);\n  font-size: 100%;\n}\n#text-box-905706673 {\n  width: 100%;\n}\n<\/style>\n    <\/div>\n \n        <\/div>\n      <\/div>\n\n            \n<style>\n#banner-1077101541 {\n  padding-top: 220px;\n  background-color: rgba(0, 0, 0, 0);\n}\n<\/style>\n  <\/div>\n\n\n\t\t<\/div>\n\t\t\t\t\t<\/div>\n\n\t\n\n\t<div id=\"col-502455816\" class=\"col medium-6 small-6 large-6\"  >\n\t\t\t\t<div class=\"col-inner\"  >\n\t\t\t\n\t\t\t\n\n  <div class=\"banner has-hover\" id=\"banner-1534068003\">\n          <div class=\"banner-inner fill\">\n        <div class=\"banner-bg fill\" >\n            <img loading=\"lazy\" decoding=\"async\" width=\"577\" height=\"800\" src=\"https:\/\/words-of-faith.org\/wp-content\/uploads\/2020\/08\/Theme-3-You-are-loved-and-should-love-in-return-577x800.png\" class=\"bg attachment-large size-large\" alt=\"\" \/>                                    \n                    <\/div>\n\t\t\n        <div class=\"banner-layers container\">\n            <a class=\"fill\" href=\"https:\/\/words-of-faith.org\/bible-studies\/theme-3\/you-are-loved-and-should-love-in-return\/\"><div class=\"fill banner-link\"><\/div><\/a>            \n   <div id=\"text-box-592264035\" class=\"text-box banner-layer x0 md-x0 lg-x0 y100 md-y100 lg-y100 res-text\">\n                                <div class=\"text-box-content text \">\n              \n              <div class=\"text-inner text-center\">\n                  \n<h3>Sevindin o y\u00fczden sen de sevmelisin<\/h3>\n              <\/div>\n           <\/div>\n                            \n<style>\n#text-box-592264035 .text-box-content {\n  background-color: rgba(40, 40, 40, 0.7);\n  font-size: 100%;\n}\n#text-box-592264035 {\n  width: 100%;\n}\n<\/style>\n    <\/div>\n \n        <\/div>\n      <\/div>\n\n            \n<style>\n#banner-1534068003 {\n  padding-top: 220px;\n  background-color: rgba(0, 0, 0, 0);\n}\n#banner-1534068003 .banner-bg img {\n  object-position: 53% 60%;\n}\n<\/style>\n  <\/div>\n\n\n\t\t<\/div>\n\t\t\t\t\t<\/div>\n\n\t\n<\/div>\n\t\t<\/div>\n\n\t\t\n<style>\n#section_1604389480 {\n  padding-top: 0px;\n  padding-bottom: 0px;\n  margin-bottom: 0px;\n}\n@media (min-width:550px) {\n  #section_1604389480 {\n    padding-top: 0px;\n    padding-bottom: 0px;\n  }\n}\n<\/style>\n\t<\/section>\n\t\n\n\t<section class=\"section\" id=\"section_657565489\">\n\t\t<div class=\"section-bg fill\" >\n\t\t\t\t\t\t\t\t\t\n\t\t\t\n\n\t\t<\/div>\n\n\t\t\n\n\t\t<div class=\"section-content relative\">\n\t\t\t\n\t<div id=\"gap-601043483\" class=\"gap-element clearfix\" style=\"display:block; height:auto;\">\n\t\t\n<style>\n#gap-601043483 {\n  padding-top: 30px;\n}\n<\/style>\n\t<\/div>\n\t\n<div class=\"row align-center rounded\"  id=\"row-622917400\">\n\n\t<div id=\"col-603683741\" class=\"col large-12\"  >\n\t\t\t\t<div class=\"col-inner\"  >\n\t\t\t\n\t\t\t\n<h2>Duvar ka\u011f\u0131tlar\u0131<\/h2>\n\t\t<\/div>\n\t\t\t\t\t<\/div>\n\n\t\n\n\t<div id=\"col-1469283382\" class=\"col medium-3 small-6 large-3\"  >\n\t\t\t\t<div class=\"col-inner\"  >\n\t\t\t\n\t\t\t\n\t<div class=\"img has-hover x md-x lg-x y md-y lg-y\" id=\"image_2078104129\">\n\t\t<a class=\"image-lightbox lightbox-gallery\" title=\"\" href=\"https:\/\/words-of-faith.org\/wp-content\/uploads\/2020\/10\/Tema-3-01_dark_TUR.jpg\">\t\t\t\t\t\t<div class=\"img-inner dark\" >\n\t\t\t<img loading=\"lazy\" decoding=\"async\" width=\"450\" height=\"800\" src=\"https:\/\/words-of-faith.org\/wp-content\/uploads\/2020\/10\/Tema-3-01_dark_TUR-450x800.jpg\" class=\"attachment-large size-large\" alt=\"\" \/>\t\t\t\t\t\t\n\t\t\t\t\t<\/div>\n\t\t\t\t\t\t<\/a>\t\t\n<style>\n#image_2078104129 {\n  width: 100%;\n}\n<\/style>\n\t<\/div>\n\t\n\t\t<\/div>\n\t\t\t\t\t<\/div>\n\n\t\n\n\t<div id=\"col-59713340\" class=\"col medium-3 small-6 large-3\"  >\n\t\t\t\t<div class=\"col-inner\"  >\n\t\t\t\n\t\t\t\n\t<div class=\"img has-hover x md-x lg-x y md-y lg-y\" id=\"image_1745561586\">\n\t\t<a class=\"image-lightbox lightbox-gallery\" title=\"\" href=\"https:\/\/words-of-faith.org\/wp-content\/uploads\/2020\/10\/Tema-3_Bed-om-kraft_TR.jpg\">\t\t\t\t\t\t<div class=\"img-inner dark\" >\n\t\t\t<img loading=\"lazy\" decoding=\"async\" width=\"450\" height=\"800\" src=\"https:\/\/words-of-faith.org\/wp-content\/uploads\/2020\/10\/Tema-3_Bed-om-kraft_TR-450x800.jpg\" class=\"attachment-large size-large\" alt=\"\" \/>\t\t\t\t\t\t\n\t\t\t\t\t<\/div>\n\t\t\t\t\t\t<\/a>\t\t\n<style>\n#image_1745561586 {\n  width: 100%;\n}\n<\/style>\n\t<\/div>\n\t\n\t\t<\/div>\n\t\t\t\t\t<\/div>\n\n\t\n\n\t<div id=\"col-631452225\" class=\"col medium-3 small-6 large-3\"  >\n\t\t\t\t<div class=\"col-inner\"  >\n\t\t\t\n\t\t\t\n\t<div class=\"img has-hover x md-x lg-x y md-y lg-y\" id=\"image_1798463961\">\n\t\t<a class=\"image-lightbox lightbox-gallery\" title=\"\" href=\"https:\/\/words-of-faith.org\/wp-content\/uploads\/2020\/10\/Tema-3_Enfoldig-troskap_TR.jpg\">\t\t\t\t\t\t<div class=\"img-inner dark\" >\n\t\t\t<img loading=\"lazy\" decoding=\"async\" width=\"450\" height=\"800\" src=\"https:\/\/words-of-faith.org\/wp-content\/uploads\/2020\/10\/Tema-3_Enfoldig-troskap_TR-450x800.jpg\" class=\"attachment-large size-large\" alt=\"\" \/>\t\t\t\t\t\t\n\t\t\t\t\t<\/div>\n\t\t\t\t\t\t<\/a>\t\t\n<style>\n#image_1798463961 {\n  width: 100%;\n}\n<\/style>\n\t<\/div>\n\t\n\t\t<\/div>\n\t\t\t\t\t<\/div>\n\n\t\n\n\t<div id=\"col-473887133\" class=\"col medium-3 small-6 large-3\"  >\n\t\t\t\t<div class=\"col-inner\"  >\n\t\t\t\n\t\t\t\n\t\t<\/div>\n\t\t\t\t\t<\/div>\n\n\t\n<\/div>\n<p style=\"text-align: center;\"><a href=\"..\/\"><u>Back to All Themes<\/u><\/a><\/p>\n\t\t<\/div>\n\n\t\t\n<style>\n#section_657565489 {\n  padding-top: 30px;\n  padding-bottom: 30px;\n}\n<\/style>\n\t<\/section>\n\t\n","protected":false},"excerpt":{"rendered":"","protected":false},"author":5,"featured_media":0,"parent":26328,"menu_order":0,"comment_status":"closed","ping_status":"closed","template":"page-blank.php","meta":{"footnotes":""},"class_list":["post-12621","page","type-page","status-publish","hentry"],"aioseo_notices":[],"_links":{"self":[{"href":"https:\/\/words-of-faith.org\/tr\/wp-json\/wp\/v2\/pages\/12621","targetHints":{"allow":["GET"]}}],"collection":[{"href":"https:\/\/words-of-faith.org\/tr\/wp-json\/wp\/v2\/pages"}],"about":[{"href":"https:\/\/words-of-faith.org\/tr\/wp-json\/wp\/v2\/types\/page"}],"author":[{"embeddable":true,"href":"https:\/\/words-of-faith.org\/tr\/wp-json\/wp\/v2\/users\/5"}],"replies":[{"embeddable":true,"href":"https:\/\/words-of-faith.org\/tr\/wp-json\/wp\/v2\/comments?post=12621"}],"version-history":[{"count":0,"href":"https:\/\/words-of-faith.org\/tr\/wp-json\/wp\/v2\/pages\/12621\/revisions"}],"up":[{"embeddable":true,"href":"https:\/\/words-of-faith.org\/tr\/wp-json\/wp\/v2\/pages\/26328"}],"wp:attachment":[{"href":"https:\/\/words-of-faith.org\/tr\/wp-json\/wp\/v2\/media?parent=12621"}],"curies":[{"name":"wp","href":"https:\/\/api.w.org\/{rel}","templated":true}]}}