{"id":13333,"date":"2020-05-29T20:00:19","date_gmt":"2020-05-29T18:00:19","guid":{"rendered":"https:\/\/aslaksen.bcc.no\/?page_id=13333"},"modified":"2020-08-21T13:39:12","modified_gmt":"2020-08-21T11:39:12","slug":"tanri-korkusu","status":"publish","type":"page","link":"https:\/\/words-of-faith.org\/tr\/incil-calismalari\/tema-3\/tanri-korkusu\/","title":{"rendered":"Tanr\u0131 korkusu"},"content":{"rendered":"\n\t<section class=\"section\" id=\"section_1066077156\">\n\t\t<div class=\"section-bg fill\" >\n\t\t\t\t\t\t\t\t\t\n\t\t\t\n\n\t\t<\/div>\n\n\t\t\n\n\t\t<div class=\"section-content relative\">\n\t\t\t\n<div class=\"row align-center\"  id=\"row-73183859\">\n\n\t<div id=\"col-1760025155\" class=\"col small-12 large-12\"  >\n\t\t\t\t<div class=\"col-inner\"  >\n\t\t\t\n\t\t\t\n<p class=\"breadcrumbs\"><a href=\"..\/\">Theme 3<\/a> \/ Messages<\/p>\n<h1>Tanr\u0131 korkusu<\/h1>\n<p class=\"article-date\">Skjulte Skatter, publisert april 1991<\/p>\n<p class=\"article-author\">av Elias Aslaksen<\/p>\n\t\t<\/div>\n\t\t\t\t\t<\/div>\n\n\t\n\n<style>\n#row-73183859 > .col > .col-inner {\n  padding: 30px 0px 0px 0px;\n}\n<\/style>\n<\/div>\n<div class=\"row align-center audio\"  id=\"row-1265365782\">\n\n\t<div id=\"col-381395777\" class=\"col small-12 large-12\"  >\n\t\t\t\t<div class=\"col-inner\"  >\n\t\t\t\n\t\t\t\n<!--[if lt IE 9]><script>document.createElement('audio');<\/script><![endif]-->\n<audio class=\"wp-audio-shortcode\" id=\"audio-13333-1\" preload=\"none\" style=\"width: 100%;\" controls=\"controls\"><source type=\"audio\/mpeg\" src=\"\/audio\/Tema%203\/TR\/14%20Gudsfrykt_TR.mp3?_=1\" \/><a href=\"\/audio\/Tema%203\/TR\/14%20Gudsfrykt_TR.mp3\">\/audio\/Tema%203\/TR\/14%20Gudsfrykt_TR.mp3<\/a><\/audio>\n<p class=\"click-to-listen\">Click to listen to the speech.<\/p>\n\t\t<\/div>\n\t\t\t\t\t<\/div>\n\n\t\n<\/div>\n<div class=\"row align-center article article-excerpt\"  id=\"row-1158131208\">\n\n\t<div id=\"col-1185309944\" class=\"col small-12 large-12\"  >\n\t\t\t\t<div class=\"col-inner text-left\"  >\n\t\t\t\n\t\t\t\n<p>Gudsfrykt i dypeste forstand \u2013 etter Guds ords m\u00e5lestokk \u2013 finnes nesten ikke her i verden!!! Dessverre, dessverre, dessverre! Hvorfor kaller I meg Herre, Herre, og gj\u00f8r ikke det jeg sier??? sa Jesus. Hvis han er v\u00e5r Herre, da er vi jo hans tjenere, forpliktet til \u00e5 lyde ham i alt! Nesten ingen tar det slik. Luk. 6, 46.<\/p>\n<p>\u201cHvem kjenner din vredes styrke og din harme, s\u00e5ledes som frykten for deg krever?\u201d Salme 90, 11. Sann og full gudsfrykt virker slik at vi forst\u00e5r og kjenner til hvor mektig vred og harm Gud er p\u00e5 all synd av alle mulige slag, i alle former og skikkelser, og i alle grader!<\/p>\n<p>Jo mer vi frykter for \u00e5 mishage Gud, for \u00e5 overtrede hans lover og bud, jo hurtigere og lengre kommer vi bort fra all slags synd og overtredelser. Jo n\u00f8yaktigere, og med dess st\u00f8rre glede og alvor, og jo villigere holder vi av hele v\u00e5rt hjerte alt hans ord! Hvem frykter vel med d\u00f8dsens alvor for \u00e5 g\u00e5 glipp av hele frelsen p\u00e5 grunn av tomt snakk??? Jak. 1, 26. Eller for \u00e5 fors\u00f8mme \u00e5 gj\u00f8re noe av alt det gode han har anledning til \u00e5 gj\u00f8re??? Jak. 4, 17.<\/p>\n<p>Er du virkelig redd for det, kj\u00e6re venn?<\/p>\n\t\t<\/div>\n\t\t\t\t\t<\/div>\n\n\t\n\n\t<div id=\"col-1167739157\" class=\"col copyright small-12 large-12\"  >\n\t\t\t\t<div class=\"col-inner text-left\"  >\n\t\t\t\n\t\t\t\n<div>\u00a9 Copyright Stiftelsen Skjulte Skatters Forlag<\/div>\n\t\t<\/div>\n\t\t\t\t\t<\/div>\n\n\t\n\n\t<div id=\"col-1076422983\" class=\"col small-12 large-12\"  >\n\t\t\t\t<div class=\"col-inner text-left\"  >\n\t\t\t\n\t\t\t\n<div><a href=\"#\" class=\"read-more\">Read more<\/a><\/div>\n\t\t<\/div>\n\t\t\t\t\t<\/div>\n\n\t\n\n\t<div id=\"col-1039302623\" class=\"col small-12 large-12\"  >\n\t\t\t\t<div class=\"col-inner text-left\"  >\n\t\t\t\n\t\t\t\n<p class=\"next-previous-message\"><a class=\"previous\" href=\"\/tr\/bible-studies\/theme-3\/judge-not\/\"><i class=\"icon-angle-left\"><\/i> Previous<\/a><a class=\"next\" href=\"\/tr\/bible-studies\/theme-3\/keep-yourselves-from-idols\/\">Next <i class=\"icon-angle-right\"><\/i><\/a><\/p>\n\t\t<\/div>\n\t\t\t\t\t<\/div>\n\n\t\n<\/div>\n\t\t<\/div>\n\n\t\t\n<style>\n#section_1066077156 {\n  padding-top: 0px;\n  padding-bottom: 0px;\n  margin-bottom: 0px;\n}\n@media (min-width:550px) {\n  #section_1066077156 {\n    padding-top: 0px;\n    padding-bottom: 0px;\n  }\n}\n<\/style>\n\t<\/section>\n\t\n\n\t<section class=\"section food-for-thought\" id=\"section_229646608\">\n\t\t<div class=\"section-bg fill\" >\n\t\t\t\t\t\t\t\t\t\n\t\t\t\n\n\t\t<\/div>\n\n\t\t\n\n\t\t<div class=\"section-content relative\">\n\t\t\t\n<div class=\"row align-center\"  id=\"row-1992673554\">\n\n\t<div id=\"col-2073505154\" class=\"col title small-12 large-12\"  >\n\t\t\t\t<div class=\"col-inner text-left dark\"  >\n\t\t\t\n\t\t\t\n<h2>Devotional<\/h2>\n\t\t<\/div>\n\t\t\t\t\t<\/div>\n\n\t\n\n\t<div id=\"col-1960356403\" class=\"col small-12 large-12\"  >\n\t\t\t\t<div class=\"col-inner dark\"  >\n\t\t\t\n\t\t\t\n<p>&#8220;Tanr\u0131 Korkusu&#8221; ba\u015fl\u0131kl\u0131 yaz\u0131s\u0131nda Aslaksen Tanr\u0131&#8217;n\u0131n g\u00fcnahta ne kadar k\u0131zg\u0131n oldu\u011funu yazar. Bunu anlatan bir \u0130ncil ayetini not al\u0131n. \u015eimdi sizi ne kadar \u00e7ok sevdi\u011fini g\u00f6steren bir \u0130ncil ayeti bulun.<\/p>\n<p class='info'>You have to <a href='\/login\/'>log in<\/a> if you want to save your answer.<\/p>\n\t\t<\/div>\n\t\t\t\t\t<\/div>\n\n\t\n<\/div>\n\t\t<\/div>\n\n\t\t\n<style>\n#section_229646608 {\n  padding-top: 30px;\n  padding-bottom: 30px;\n  background-color: rgb(73, 92, 94);\n}\n<\/style>\n\t<\/section>\n\t\n","protected":false},"excerpt":{"rendered":"","protected":false},"author":5,"featured_media":0,"parent":12621,"menu_order":2,"comment_status":"closed","ping_status":"closed","template":"page-blank.php","meta":{"footnotes":""},"class_list":["post-13333","page","type-page","status-publish","hentry"],"aioseo_notices":[],"_links":{"self":[{"href":"https:\/\/words-of-faith.org\/tr\/wp-json\/wp\/v2\/pages\/13333","targetHints":{"allow":["GET"]}}],"collection":[{"href":"https:\/\/words-of-faith.org\/tr\/wp-json\/wp\/v2\/pages"}],"about":[{"href":"https:\/\/words-of-faith.org\/tr\/wp-json\/wp\/v2\/types\/page"}],"author":[{"embeddable":true,"href":"https:\/\/words-of-faith.org\/tr\/wp-json\/wp\/v2\/users\/5"}],"replies":[{"embeddable":true,"href":"https:\/\/words-of-faith.org\/tr\/wp-json\/wp\/v2\/comments?post=13333"}],"version-history":[{"count":0,"href":"https:\/\/words-of-faith.org\/tr\/wp-json\/wp\/v2\/pages\/13333\/revisions"}],"up":[{"embeddable":true,"href":"https:\/\/words-of-faith.org\/tr\/wp-json\/wp\/v2\/pages\/12621"}],"wp:attachment":[{"href":"https:\/\/words-of-faith.org\/tr\/wp-json\/wp\/v2\/media?parent=13333"}],"curies":[{"name":"wp","href":"https:\/\/api.w.org\/{rel}","templated":true}]}}