{"id":13406,"date":"2020-05-29T20:00:10","date_gmt":"2020-05-29T18:00:10","guid":{"rendered":"https:\/\/aslaksen.bcc.no\/?page_id=13406"},"modified":"2020-08-21T13:51:30","modified_gmt":"2020-08-21T11:51:30","slug":"sevindin-o-yuzden-sen-de-sevmelisin","status":"publish","type":"page","link":"https:\/\/words-of-faith.org\/tr\/incil-calismalari\/tema-3\/sevindin-o-yuzden-sen-de-sevmelisin\/","title":{"rendered":"Sevindin o y\u00fczden sen de sevmelisin"},"content":{"rendered":"\n\t<section class=\"section\" id=\"section_2206205\">\n\t\t<div class=\"section-bg fill\" >\n\t\t\t\t\t\t\t\t\t\n\t\t\t\n\n\t\t<\/div>\n\n\t\t\n\n\t\t<div class=\"section-content relative\">\n\t\t\t\n<div class=\"row align-center\"  id=\"row-702193429\">\n\n\t<div id=\"col-213591099\" class=\"col small-12 large-12\"  >\n\t\t\t\t<div class=\"col-inner\"  >\n\t\t\t\n\t\t\t\n<p class=\"breadcrumbs\"><a href=\"..\/\">Theme 3<\/a> \/ Messages<\/p>\n<h1>Sevindin o y\u00fczden sen de sevmelisin<\/h1>\n<p class=\"article-date\">Skjulte Skatter, publisert februar 1963<\/p>\n<p class=\"article-author\">av Elias Aslaksen<\/p>\n\t\t<\/div>\n\t\t\t\t\t<\/div>\n\n\t\n\n<style>\n#row-702193429 > .col > .col-inner {\n  padding: 30px 0px 0px 0px;\n}\n<\/style>\n<\/div>\n<div class=\"row align-center audio\"  id=\"row-32148820\">\n\n\t<div id=\"col-1227229532\" class=\"col small-12 large-12\"  >\n\t\t\t\t<div class=\"col-inner\"  >\n\t\t\t\n\t\t\t\n<!--[if lt IE 9]><script>document.createElement('audio');<\/script><![endif]-->\n<audio class=\"wp-audio-shortcode\" id=\"audio-13406-1\" preload=\"none\" style=\"width: 100%;\" controls=\"controls\"><source type=\"audio\/mpeg\" src=\"\/audio\/Tema%203\/TR\/18%20Du%20er%20elsket%20og%20b%C3%B8r%20elske_TR.mp3?_=1\" \/><a href=\"\/audio\/Tema%203\/TR\/18%20Du%20er%20elsket%20og%20b%C3%B8r%20elske_TR.mp3\">\/audio\/Tema%203\/TR\/18%20Du%20er%20elsket%20og%20b%C3%B8r%20elske_TR.mp3<\/a><\/audio>\n<p class=\"click-to-listen\">Click to listen to the speech.<\/p>\n\t\t<\/div>\n\t\t\t\t\t<\/div>\n\n\t\n<\/div>\n<div class=\"row align-center article article-excerpt\"  id=\"row-626556902\">\n\n\t<div id=\"col-847152165\" class=\"col small-12 large-12\"  >\n\t\t\t\t<div class=\"col-inner text-left\"  >\n\t\t\t\n\t\t\t\n<p><strong>H\u0131ristiyanl\u0131k, <\/strong>t\u00f6vbe etmek, kurtulu\u015f, incil \u2013 bunlar ne anlama gelmektedir? Tanr\u0131n\u0131n bizimle ilgili olan iste\u011fi ne demektir ve neylerden olu\u015fmaktad\u0131r.<\/p>\n<p>Bu, 2 konuyla ilgilidir;<\/p>\n<ol>\n<li>Tanr\u0131n\u0131n bizi sevmesiyle: \u201c \u00c7\u00fcnk\u00fc Tanr\u0131 d\u00fcnyay\u0131 o kadar \u00e7ok sevdi ki biricik O\u011flu\u2019nu verdi. Yuh 3 , 16<\/li>\n<li>Bizim de onu bunun kar\u015f\u0131l\u0131\u011f\u0131nd sevmemizdir: \u00e7\u00fcnk\u00fc ilk o bizi sevdi. 1.Yuh 4 , 19<\/li>\n<\/ol>\n<p>&nbsp;<\/p>\n<p>Sizce ba\u015fka bir anlam\u0131 daha var m\u0131? Hay\u0131r, hi\u00e7 bir \u015fekilde ba\u015fka bir anlam\u0131 yoktur!<\/p>\n<p>Di\u011fer iyi olan her \u015fey bunun ka\u00e7\u0131n\u0131lmaz bir sonucudur! Bizleri kim inan\u0131lmaz b\u00fcy\u00fck derecede ve temiz bir sevgiyle sevmektedir? \u0130sa Mesih bu \u015fekilde yapmaktad\u0131r. Bunu bize \u00e7ok g\u00fc\u00e7l\u00fc bir \u015fekilde kan\u0131tlam\u0131\u015ft\u0131r. Peki, kim O\u2019nu bu sevgi kar\u015f\u0131s\u0131nda kar\u015f\u0131l\u0131kl\u0131 ayn\u0131 derecede sevgi g\u00f6stermektedir?&nbsp; Onun b\u00fcy\u00fck derecede sevgisinin fark\u0131nda olan her bir birey tabiki de ayn\u0131 sevgiyi g\u00f6sterir. &nbsp;<\/p>\n<p>Tanr\u0131n\u0131n seni m\u00fckemmel sevgisiyle sevmesinin arkas\u0131nda yatan tek bir neden vard\u0131r; O da sadece senin i\u00e7in iyi olan\u0131 yapmas\u0131d\u0131r. Tek d\u00fc\u015f\u00fcncesi ve plan\u0131 bundan ibarettir. Bundan daha k\u00f6t\u00fcs\u00fc kesinlikle de\u011fildir.<\/p>\n<p>Ne zamanki bir adam do\u011fal yollarla bir k\u0131za a\u015f\u0131k olur ve bu y\u00fczden O\u2019na sadece iyilik etmek ister ve O\u2019na hediyeler al\u0131r vb. \u015feyler ve b\u00f6ylece k\u0131z erke\u011fin ki\u015fili\u011fini varl\u0131\u011f\u0131n\u0131 sevdi\u011finden O\u2019da ona a\u015f\u0131k olur. Bu \u015fekilde hayat\u0131n ne durumu olursa olsun s\u00fcrekli mutlu olur. Her ne kadar bu durum b\u00f6yle olsa da; Tanr\u0131n\u0131 sevgili ve m\u00fckemmel o\u011flu \u0130sa Mesih vas\u0131tas\u0131yla Tanr\u0131 taraf\u0131ndan sevilmek ve bunun kar\u015f\u0131l\u0131\u011f\u0131nda ayn\u0131 sevgiyle bizim de onu sevmemiz ile asla kar\u015f\u0131la\u015ft\u0131r\u0131lamaz. Neden peki bu durum b\u00f6yledir?<\/p>\n<p>\u00c7\u00fcnk\u00fc O\u2019nun sevgisi inan\u0131laz derecede daha da fazlad\u0131r. \u00c7\u00fcnk\u00fc O \u00e7ok daha zengin ve kudretlidir. Her \u015feyden \u00f6tesi \u00e7\u00fcnk\u00fc onun varl\u0131\u011f\u0131, ki\u015fili\u011fi, d\u00fc\u015f\u00fcnce yap\u0131s\u0131, kar\u015f\u0131la\u015ft\u0131r\u0131lamayacak kadar daha iyi, pak ve her a\u00e7\u0131dan daha da izzetlidir.<\/p>\n<p>D\u00fc\u015f\u00fcn O\u2019nun taraf\u0131ndan sevilmek!!???<\/p>\n<p>Nas\u0131l bir sevin\u00e7! Nas\u0131l b\u00fcy\u00fck bir \u015fey bu! Nas\u0131l bir davet! \u0130ncilin iyi ve mutlu mesaj olarak adland\u0131r\u0131lmas\u0131na hi\u00e7 \u015fa\u015fmamal\u0131y\u0131z.<\/p>\n<p>Sevili can kim oldu\u011funu d\u00fc\u015f\u00fcn\u00fcyorsun ki b\u00f6ylesi bir teklife hay\u0131r diyeceksin? O\u2019nu red mi edeceksin? Onun yan\u0131nda olmamay\u0131 m\u0131 tercih edeceksin? O hayat\u0131n\u0131 feda etti senin i\u00e7in, elemlere katland\u0131, t\u00fcm g\u00fcnahlar\u0131n\u0131 ba\u011f\u0131\u015flad\u0131, lanetten ve g\u00fcnahtan \u00e7\u0131kmak i\u00e7in bir yol a\u00e7t\u0131 ki sen oradan y\u00fcr\u00fcyesin. \u201cMesih g\u00fcnahk\u00e2rlar i\u00e7in ilk ve son kez \u00f6ld\u00fc, do\u011fru ki\u015fi olarak do\u011fru olmayanlar i\u00e7in Mesih de bizleri Tanr\u0131ya ula\u015ft\u0131rmak amac\u0131yla bunu yapt\u0131.\u201d 1. Pet 3 ,18<\/p>\n<p>G\u00fcnahlar\u0131n\u0131z\u0131 itiraf edin ki her \u015feyinizi ba\u011f\u0131slas\u0131n. 1. Yuh 1 ,9<\/p>\n<p>G\u00fc\u00e7 almak i\u00e7in dua et, O zaman seni g\u00fc\u00e7lendirecektir. Sana iman, sevgi, ruh ve g\u00fc\u00e7 verecektir ki O\u2019nun g\u00f6z\u00fcnde iyi ve do\u011fru olan ne varsa yapabilesin. O zaman inan\u0131lmaz mutlu olursun, s\u00fcrekli mutlu! T\u00fcm i\u015flerini yoluna koymak i\u00e7in gerekli her \u015feyi alacaks\u0131n. K\u00f6t\u00fc ya da yanl\u0131\u015f yapt\u0131\u011f\u0131n konular\u0131 ikrar etmek ve iyi olan\u0131 yapmak i\u00e7in g\u00fcce sahip olacaks\u0131n.<\/p>\n<p>&nbsp;<\/p>\n<p>&nbsp;<\/p>\n<p>Seni inan\u0131lmaz seven, \u0130yilikte ve g\u00fc\u00e7te zengin olan Tanr\u0131 her ihtiyac\u0131n\u0131 kar\u015f\u0131layacakt\u0131r, \u015f\u00f6yleki daha \u00f6nce yapamad\u0131\u011f\u0131na ula\u015fas\u0131n, yani k\u00f6t\u00fcl\u00fck yapmay\u0131 b\u0131rak\u0131p s\u00fcrekli iyilik yapmak.&nbsp;<\/p>\n<p>O\u2019na kar\u015f\u0131 sevgi besle. O seni seviyor. O\u2019na \u201cevet\u201d de ve tekrardan evet de. O zaman y\u00fcre\u011finde daha \u00f6nce adland\u0131ramad\u0131\u011f\u0131n ve d\u00fc\u015f\u00fcnmeyece\u011fin t\u00fcrden bir sevgi ve bununla beraber sevin\u00e7 ve izzeti deneyim edineceksin.<\/p>\n<p>Hi\u00e7 bir \u015fey sevip kar\u015f\u0131l\u0131\u011f\u0131nda sevgi g\u00f6rmekten iyi de\u011fildir. \u00d6zellikle b\u00f6yle birinin bizi sevmesi ve bizim bunun kar\u015f\u0131l\u0131\u011f\u0131nda Onu sevmemiz. O\u2019na hay\u0131r deme! \u0130sa \u015fimdi seni \u00e7a\u011f\u0131rmaktad\u0131r.<\/p>\n\t\t<\/div>\n\t\t\t\t\t<\/div>\n\n\t\n\n\t<div id=\"col-1719161659\" class=\"col copyright small-12 large-12\"  >\n\t\t\t\t<div class=\"col-inner text-left\"  >\n\t\t\t\n\t\t\t\n<div>\u00a9 Copyright Stiftelsen Skjulte Skatters Forlag<\/div>\n\t\t<\/div>\n\t\t\t\t\t<\/div>\n\n\t\n\n\t<div id=\"col-408367889\" class=\"col small-12 large-12\"  >\n\t\t\t\t<div class=\"col-inner text-left\"  >\n\t\t\t\n\t\t\t\n<div><a href=\"#\" class=\"read-more\">Read more<\/a><\/div>\n\t\t<\/div>\n\t\t\t\t\t<\/div>\n\n\t\n\n\t<div id=\"col-196311744\" class=\"col small-12 large-12\"  >\n\t\t\t\t<div class=\"col-inner text-left\"  >\n\t\t\t\n\t\t\t\n<p class=\"next-previous-message\"><a class=\"previous\" href=\"\/tr\/bible-studies\/theme-3\/commit-your-souls-to-the-faithful-creator\/\"><i class=\"icon-angle-left\"><\/i> Previous<\/a><a class=\"next\" href=\"\/tr\/bible-studies\/theme-3\/judge-not\/\">Next <i class=\"icon-angle-right\"><\/i><\/a><\/p>\n\t\t<\/div>\n\t\t\t\t\t<\/div>\n\n\t\n<\/div>\n\t\t<\/div>\n\n\t\t\n<style>\n#section_2206205 {\n  padding-top: 0px;\n  padding-bottom: 0px;\n  margin-bottom: 0px;\n}\n@media (min-width:550px) {\n  #section_2206205 {\n    padding-top: 0px;\n    padding-bottom: 0px;\n  }\n}\n<\/style>\n\t<\/section>\n\t\n\n\t<section class=\"section food-for-thought\" id=\"section_1117108546\">\n\t\t<div class=\"section-bg fill\" >\n\t\t\t\t\t\t\t\t\t\n\t\t\t\n\n\t\t<\/div>\n\n\t\t\n\n\t\t<div class=\"section-content relative\">\n\t\t\t\n<div class=\"row align-center\"  id=\"row-1267465867\">\n\n\t<div id=\"col-685300603\" class=\"col title small-12 large-12\"  >\n\t\t\t\t<div class=\"col-inner text-left dark\"  >\n\t\t\t\n\t\t\t\n<h2>Devotional<\/h2>\n\t\t<\/div>\n\t\t\t\t\t<\/div>\n\n\t\n\n\t<div id=\"col-798806174\" class=\"col small-12 large-12\"  >\n\t\t\t\t<div class=\"col-inner dark\"  >\n\t\t\t\n\t\t\t\n<p>&#8220;Seviliyorsunuz ve tekrar sevmelisiniz&#8221; par\u00e7as\u0131n\u0131 okuyun \/ dinleyin. \u0130sa&#8217;y\u0131 tekrar sevmek senin i\u00e7in ne ifade ediyor? L\u00fctfen belirli noktalar\u0131 not al\u0131n.<\/p>\n<p class='info'>You have to <a href='\/login\/'>log in<\/a> if you want to save your answer.<\/p>\n\t\t<\/div>\n\t\t\t\t\t<\/div>\n\n\t\n<\/div>\n\t\t<\/div>\n\n\t\t\n<style>\n#section_1117108546 {\n  padding-top: 30px;\n  padding-bottom: 30px;\n  background-color: rgb(73, 92, 94);\n}\n<\/style>\n\t<\/section>\n\t\n","protected":false},"excerpt":{"rendered":"","protected":false},"author":5,"featured_media":0,"parent":12621,"menu_order":6,"comment_status":"closed","ping_status":"closed","template":"page-blank.php","meta":{"footnotes":""},"class_list":["post-13406","page","type-page","status-publish","hentry"],"aioseo_notices":[],"_links":{"self":[{"href":"https:\/\/words-of-faith.org\/tr\/wp-json\/wp\/v2\/pages\/13406","targetHints":{"allow":["GET"]}}],"collection":[{"href":"https:\/\/words-of-faith.org\/tr\/wp-json\/wp\/v2\/pages"}],"about":[{"href":"https:\/\/words-of-faith.org\/tr\/wp-json\/wp\/v2\/types\/page"}],"author":[{"embeddable":true,"href":"https:\/\/words-of-faith.org\/tr\/wp-json\/wp\/v2\/users\/5"}],"replies":[{"embeddable":true,"href":"https:\/\/words-of-faith.org\/tr\/wp-json\/wp\/v2\/comments?post=13406"}],"version-history":[{"count":0,"href":"https:\/\/words-of-faith.org\/tr\/wp-json\/wp\/v2\/pages\/13406\/revisions"}],"up":[{"embeddable":true,"href":"https:\/\/words-of-faith.org\/tr\/wp-json\/wp\/v2\/pages\/12621"}],"wp:attachment":[{"href":"https:\/\/words-of-faith.org\/tr\/wp-json\/wp\/v2\/media?parent=13406"}],"curies":[{"name":"wp","href":"https:\/\/api.w.org\/{rel}","templated":true}]}}