{"id":15491,"date":"2020-06-10T19:37:28","date_gmt":"2020-06-10T17:37:28","guid":{"rendered":"https:\/\/aslaksen.bcc.no\/?page_id=15491"},"modified":"2020-08-25T10:17:55","modified_gmt":"2020-08-25T08:17:55","slug":"gokte-oldugu-gibi-tanrinin-istegini-yerine-getirmek","status":"publish","type":"page","link":"https:\/\/words-of-faith.org\/tr\/incil-calismalari\/tema-4\/gokte-oldugu-gibi-tanrinin-istegini-yerine-getirmek\/","title":{"rendered":"G\u00f6kte oldu\u011fu gibi Tanr\u0131&#8217;n\u0131n iste\u011fini yerine getirmek"},"content":{"rendered":"\n\t<section class=\"section\" id=\"section_9283316\">\n\t\t<div class=\"section-bg fill\" >\n\t\t\t\t\t\t\t\t\t\n\t\t\t\n\n\t\t<\/div>\n\n\t\t\n\n\t\t<div class=\"section-content relative\">\n\t\t\t\n<div class=\"row align-center\"  id=\"row-224670818\">\n\n\t<div id=\"col-852986892\" class=\"col small-12 large-12\"  >\n\t\t\t\t<div class=\"col-inner\"  >\n\t\t\t\n\t\t\t\n<p class=\"breadcrumbs\"><a href=\"..\/\">Theme 4<\/a> \/ Messages<\/p>\n<h1>G\u00f6kte oldu\u011fu gibi Tanr\u0131\u2019n\u0131n iste\u011fini yerine getirmek<\/h1>\n<p class=\"article-date\">Taleutdrag fra januar\u00a01965<\/p>\n<p class=\"article-author\">av Elias Aslaksen<\/p>\n\t\t<\/div>\n\t\t\t\t\t<\/div>\n\n\t\n\n<style>\n#row-224670818 > .col > .col-inner {\n  padding: 30px 0px 0px 0px;\n}\n<\/style>\n<\/div>\n<div class=\"row align-center audio\"  id=\"row-184968609\">\n\n\t<div id=\"col-1164208297\" class=\"col small-12 large-12\"  >\n\t\t\t\t<div class=\"col-inner\"  >\n\t\t\t\n\t\t\t\n<!--[if lt IE 9]><script>document.createElement('audio');<\/script><![endif]-->\n<audio class=\"wp-audio-shortcode\" id=\"audio-15491-1\" preload=\"none\" style=\"width: 100%;\" controls=\"controls\"><source type=\"audio\/mpeg\" src=\"\/audio\/Tema%203\/TR\/16%20Gj%C3%B8re%20Guds%20vilje%20slik%20den%20skjer%20i%20himlen_16.mp3?_=1\" \/><a href=\"\/audio\/Tema%203\/TR\/16%20Gj%C3%B8re%20Guds%20vilje%20slik%20den%20skjer%20i%20himlen_16.mp3\">\/audio\/Tema%203\/TR\/16%20Gj%C3%B8re%20Guds%20vilje%20slik%20den%20skjer%20i%20himlen_16.mp3<\/a><\/audio>\n<p class=\"click-to-listen\">Click to listen to the speech.<\/p>\n\t\t<\/div>\n\t\t\t\t\t<\/div>\n\n\t\n<\/div>\n<div class=\"row align-center article article-excerpt\"  id=\"row-892031205\">\n\n\t<div id=\"col-1003580598\" class=\"col small-12 large-12\"  >\n\t\t\t\t<div class=\"col-inner text-left\"  >\n\t\t\t\n\t\t\t\n\t\t<\/div>\n\t\t\t\t\t<\/div>\n\n\t\n\n\t<div id=\"col-461824102\" class=\"col copyright small-12 large-12\"  >\n\t\t\t\t<div class=\"col-inner text-left\"  >\n\t\t\t\n\t\t\t\n<div>\u00a9 Copyright Stiftelsen Skjulte Skatters Forlag<\/div>\n\t\t<\/div>\n\t\t\t\t\t<\/div>\n\n\t\n\n\t<div id=\"col-836631535\" class=\"col small-12 large-12\"  >\n\t\t\t\t<div class=\"col-inner text-left\"  >\n\t\t\t\n\t\t\t\n<div><a href=\"#\" class=\"read-more\">Read more<\/a><\/div>\n\t\t<\/div>\n\t\t\t\t\t<\/div>\n\n\t\n\n\t<div id=\"col-1789736067\" class=\"col small-12 large-12\"  >\n\t\t\t\t<div class=\"col-inner text-left\"  >\n\t\t\t\n\t\t\t\n<p class=\"next-previous-message\"><a class=\"previous\" href=\"\/tr\/bible-studies\/theme-4\/from-only-lying-to-only-truth\/\"><i class=\"icon-angle-left\"><\/i> Previous<\/a><a class=\"next\" href=\"\/tr\/bible-studies\/theme-4\/gods-method-of-working\/\">Next <i class=\"icon-angle-right\"><\/i><\/a><\/p>\n\t\t<\/div>\n\t\t\t\t\t<\/div>\n\n\t\n<\/div>\n\t\t<\/div>\n\n\t\t\n<style>\n#section_9283316 {\n  padding-top: 0px;\n  padding-bottom: 0px;\n  margin-bottom: 0px;\n}\n@media (min-width:550px) {\n  #section_9283316 {\n    padding-top: 0px;\n    padding-bottom: 0px;\n  }\n}\n<\/style>\n\t<\/section>\n\t\n\n\t<section class=\"section food-for-thought\" id=\"section_366598424\">\n\t\t<div class=\"section-bg fill\" >\n\t\t\t\t\t\t\t\t\t\n\t\t\t\n\n\t\t<\/div>\n\n\t\t\n\n\t\t<div class=\"section-content relative\">\n\t\t\t\n<div class=\"row align-center\"  id=\"row-2043382261\">\n\n\t<div id=\"col-815901070\" class=\"col title small-12 large-12\"  >\n\t\t\t\t<div class=\"col-inner text-left dark\"  >\n\t\t\t\n\t\t\t\n<h2>Devotional<\/h2>\n\t\t<\/div>\n\t\t\t\t\t<\/div>\n\n\t\n\n\t<div id=\"col-440272268\" class=\"col small-12 large-12\"  >\n\t\t\t\t<div class=\"col-inner dark\"  >\n\t\t\t\n\t\t\t\n<p>In the message \u201cHumble of heart\u201d, Aslaksen quotes a verse from Romans 9 which says that it is not of him who wills, nor of him who runs, but of God who shows mercy (grace). Does that mean it is no use to \u201crun?\u201d Why should we still humble ourselves?<\/p>\n<p class='info'>You have to <a href='\/login\/'>log in<\/a> if you want to save your answer.<\/p>\n\t\t<\/div>\n\t\t\t\t\t<\/div>\n\n\t\n<\/div>\n\t\t<\/div>\n\n\t\t\n<style>\n#section_366598424 {\n  padding-top: 30px;\n  padding-bottom: 30px;\n  background-color: rgb(73, 92, 94);\n}\n<\/style>\n\t<\/section>\n\t\n","protected":false},"excerpt":{"rendered":"","protected":false},"author":5,"featured_media":0,"parent":15417,"menu_order":4,"comment_status":"closed","ping_status":"closed","template":"page-blank.php","meta":{"footnotes":""},"class_list":["post-15491","page","type-page","status-publish","hentry"],"aioseo_notices":[],"_links":{"self":[{"href":"https:\/\/words-of-faith.org\/tr\/wp-json\/wp\/v2\/pages\/15491","targetHints":{"allow":["GET"]}}],"collection":[{"href":"https:\/\/words-of-faith.org\/tr\/wp-json\/wp\/v2\/pages"}],"about":[{"href":"https:\/\/words-of-faith.org\/tr\/wp-json\/wp\/v2\/types\/page"}],"author":[{"embeddable":true,"href":"https:\/\/words-of-faith.org\/tr\/wp-json\/wp\/v2\/users\/5"}],"replies":[{"embeddable":true,"href":"https:\/\/words-of-faith.org\/tr\/wp-json\/wp\/v2\/comments?post=15491"}],"version-history":[{"count":0,"href":"https:\/\/words-of-faith.org\/tr\/wp-json\/wp\/v2\/pages\/15491\/revisions"}],"up":[{"embeddable":true,"href":"https:\/\/words-of-faith.org\/tr\/wp-json\/wp\/v2\/pages\/15417"}],"wp:attachment":[{"href":"https:\/\/words-of-faith.org\/tr\/wp-json\/wp\/v2\/media?parent=15491"}],"curies":[{"name":"wp","href":"https:\/\/api.w.org\/{rel}","templated":true}]}}