{"id":18452,"date":"2020-07-21T10:34:18","date_gmt":"2020-07-21T08:34:18","guid":{"rendered":"https:\/\/aslaksen.bcc.no\/?page_id=18452"},"modified":"2020-08-21T11:49:18","modified_gmt":"2020-08-21T09:49:18","slug":"umudunuz-ile-sevinin","status":"publish","type":"page","link":"https:\/\/words-of-faith.org\/tr\/incil-calismalari\/tema-1\/umudunuz-ile-sevinin\/","title":{"rendered":"Umudunuz ile sevinin"},"content":{"rendered":"\n\t<section class=\"section\" id=\"section_1286976125\">\n\t\t<div class=\"section-bg fill\" >\n\t\t\t\t\t\t\t\t\t\n\t\t\t\n\n\t\t<\/div>\n\n\t\t\n\n\t\t<div class=\"section-content relative\">\n\t\t\t\n<div class=\"row align-center\"  id=\"row-1915993692\">\n\n\t<div id=\"col-658690028\" class=\"col small-12 large-12\"  >\n\t\t\t\t<div class=\"col-inner\"  >\n\t\t\t\n\t\t\t\n<p class=\"breadcrumbs\"><a href=\"..\/\">Theme 1<\/a> \/ Messages<\/p>\n<h1>Putlara dikkat edin<\/h1>\n<p class=\"article-date\">Skjulte Skatter, publisert februar 1991<\/p>\n<p class=\"article-author\">av Elias Aslaksen<\/p>\n\t\t<\/div>\n\t\t\t\t\t<\/div>\n\n\t\n\n<style>\n#row-1915993692 > .col > .col-inner {\n  padding: 30px 0px 0px 0px;\n}\n<\/style>\n<\/div>\n<div class=\"row align-center audio\"  id=\"row-574464267\">\n\n\t<div id=\"col-1464753779\" class=\"col small-12 large-12\"  >\n\t\t\t\t<div class=\"col-inner\"  >\n\t\t\t\n\t\t\t\n<!--[if lt IE 9]><script>document.createElement('audio');<\/script><![endif]-->\n<audio class=\"wp-audio-shortcode\" id=\"audio-18452-1\" preload=\"none\" style=\"width: 100%;\" controls=\"controls\"><source type=\"audio\/mpeg\" src=\"\/audio\/Tema%203\/TR\/15%20Vokt%20eder%20for%20avgudene_TR.mp3?_=1\" \/><a href=\"\/audio\/Tema%203\/TR\/15%20Vokt%20eder%20for%20avgudene_TR.mp3\">\/audio\/Tema%203\/TR\/15%20Vokt%20eder%20for%20avgudene_TR.mp3<\/a><\/audio>\n<p class=\"click-to-listen\">Click to listen to the speech.<\/p>\n\t\t<\/div>\n\t\t\t\t\t<\/div>\n\n\t\n<\/div>\n<div class=\"row align-center article article-excerpt\"  id=\"row-1500739451\">\n\n\t<div id=\"col-1332439452\" class=\"col small-12 large-12\"  >\n\t\t\t\t<div class=\"col-inner text-left\"  >\n\t\t\t\n\t\t\t\n<p><em>1. Joh. 5, 21<\/em><\/p>\n<p>I kap. 2, 15 har vi uttrykk for hva avgudene vanligvis er: De ting som er i denne verden! Dette stemmer med apostelen Paulus\u2019 forklaring: havesyke som er avgudsdyrkelse.<\/p>\n<p>Det man er syk etter \u00e5 ha, f\u00e5, anskaffe, er alts\u00e5 avgudene. Vi har ogs\u00e5 en d\u00f8dsens alvorlig forklaring p\u00e5 denne avgudsdyrkelse i Fil. 3, 18-19: \u201chvis ende er fortapelse, hvis gud er buken, \u2026 de som attr\u00e5r de jordiske ting\u201d. Man kan i den grad elske og beundre god mat at buken, dvs. god mat og mye mat er ens gud. Paulus hadde ofte sagt dem dette, og gr\u00e5t av sorg over dette, v. 18. Og dette stemmer med hva han skrev i Rom. 1, 25: de dyrket det skapte fremfor skaperen! De aller fleste penger g\u00e5r til avgudsdyrkelse! Just derfor g\u00e5r det ikke an \u00e5 elske penger samtidig med at man elsker Gud!!!<\/p>\n<p>Den store profet Esaias har ogs\u00e5 talt alvorlig om dette! Es. 2, 21-22 og 3, 16-24. I k. 2, 18 st\u00e5r det: \u201cOg avgudene \u2013 med dem er det helt forbi.\u201d Nemlig p\u00e5 den dag da Guds vrede og dom over alt dette skal \u00e5penbares! (V. 12) Men n\u00e5 er saken den at Jesus kom med fullkommen frelse fra all denne vanlige elendighet!!!<\/p>\n<p>S\u00e5 n\u00e5 har vi alle full anledning til at det blir helt forbi med all slags avgudsdyrkelse i v\u00e5re liv! H\u00f8ylovet v\u00e6re Herren!<\/p>\n\t\t<\/div>\n\t\t\t\t\t<\/div>\n\n\t\n\n\t<div id=\"col-1577099159\" class=\"col copyright small-12 large-12\"  >\n\t\t\t\t<div class=\"col-inner text-left\"  >\n\t\t\t\n\t\t\t\n<div>\u00a9 Copyright Stiftelsen Skjulte Skatters Forlag<\/div>\n\t\t<\/div>\n\t\t\t\t\t<\/div>\n\n\t\n\n\t<div id=\"col-203164705\" class=\"col small-12 large-12\"  >\n\t\t\t\t<div class=\"col-inner text-left\"  >\n\t\t\t\n\t\t\t\n<div><a href=\"#\" class=\"read-more\">Read more<\/a><\/div>\n\t\t<\/div>\n\t\t\t\t\t<\/div>\n\n\t\n\n\t<div id=\"col-806733723\" class=\"col small-12 large-12\"  >\n\t\t\t\t<div class=\"col-inner text-left\"  >\n\t\t\t\n\t\t\t\n<p class=\"next-previous-message\"><a class=\"previous\" href=\"\/tr\/bible-studies\/theme-1\/as-you-have-believed-so-let-it-be-done-for-you\/\"><i class=\"icon-angle-left\"><\/i> Previous<\/a><a class=\"next\" href=\"\/tr\/bible-studies\/theme-1\/believe-like-abraham-did\/\">Next <i class=\"icon-angle-right\"><\/i><\/a><\/p>\n\t\t<\/div>\n\t\t\t\t\t<\/div>\n\n\t\n<\/div>\n\t\t<\/div>\n\n\t\t\n<style>\n#section_1286976125 {\n  padding-top: 0px;\n  padding-bottom: 0px;\n  margin-bottom: 0px;\n}\n@media (min-width:550px) {\n  #section_1286976125 {\n    padding-top: 0px;\n    padding-bottom: 0px;\n  }\n}\n<\/style>\n\t<\/section>\n\t\n\n\t<section class=\"section food-for-thought\" id=\"section_1804610705\">\n\t\t<div class=\"section-bg fill\" >\n\t\t\t\t\t\t\t\t\t\n\t\t\t\n\n\t\t<\/div>\n\n\t\t\n\n\t\t<div class=\"section-content relative\">\n\t\t\t\n<div class=\"row align-center\"  id=\"row-32428034\">\n\n\t<div id=\"col-676676855\" class=\"col title small-12 large-12\"  >\n\t\t\t\t<div class=\"col-inner text-left dark\"  >\n\t\t\t\n\t\t\t\n<h2>Devotional<\/h2>\n\t\t<\/div>\n\t\t\t\t\t<\/div>\n\n\t\n\n\t<div id=\"col-447760745\" class=\"col small-12 large-12\"  >\n\t\t\t\t<div class=\"col-inner dark\"  >\n\t\t\t\n\t\t\t\n<p>&#8220;Umudunuz ile Sevinin&#8221; konu\u015fmas\u0131nda \u00f6yle diyor; \u0130man her \u015feydir. Sence burda ne demek istiyor?<\/p>\n<p class='info'>You have to <a href='\/login\/'>log in<\/a> if you want to save your answer.<\/p>\n\t\t<\/div>\n\t\t\t\t\t<\/div>\n\n\t\n<\/div>\n\t\t<\/div>\n\n\t\t\n<style>\n#section_1804610705 {\n  padding-top: 30px;\n  padding-bottom: 30px;\n  background-color: rgb(73, 92, 94);\n}\n<\/style>\n\t<\/section>\n\t\n","protected":false},"excerpt":{"rendered":"","protected":false},"author":5,"featured_media":0,"parent":8902,"menu_order":3,"comment_status":"closed","ping_status":"closed","template":"page-blank.php","meta":{"footnotes":""},"class_list":["post-18452","page","type-page","status-publish","hentry"],"aioseo_notices":[],"_links":{"self":[{"href":"https:\/\/words-of-faith.org\/tr\/wp-json\/wp\/v2\/pages\/18452","targetHints":{"allow":["GET"]}}],"collection":[{"href":"https:\/\/words-of-faith.org\/tr\/wp-json\/wp\/v2\/pages"}],"about":[{"href":"https:\/\/words-of-faith.org\/tr\/wp-json\/wp\/v2\/types\/page"}],"author":[{"embeddable":true,"href":"https:\/\/words-of-faith.org\/tr\/wp-json\/wp\/v2\/users\/5"}],"replies":[{"embeddable":true,"href":"https:\/\/words-of-faith.org\/tr\/wp-json\/wp\/v2\/comments?post=18452"}],"version-history":[{"count":0,"href":"https:\/\/words-of-faith.org\/tr\/wp-json\/wp\/v2\/pages\/18452\/revisions"}],"up":[{"embeddable":true,"href":"https:\/\/words-of-faith.org\/tr\/wp-json\/wp\/v2\/pages\/8902"}],"wp:attachment":[{"href":"https:\/\/words-of-faith.org\/tr\/wp-json\/wp\/v2\/media?parent=18452"}],"curies":[{"name":"wp","href":"https:\/\/api.w.org\/{rel}","templated":true}]}}