{"id":18516,"date":"2020-07-21T10:48:00","date_gmt":"2020-07-21T08:48:00","guid":{"rendered":"https:\/\/aslaksen.bcc.no\/?page_id=18516"},"modified":"2020-08-21T11:57:33","modified_gmt":"2020-08-21T09:57:33","slug":"tanri-dogrudur","status":"publish","type":"page","link":"https:\/\/words-of-faith.org\/tr\/incil-calismalari\/tema-1\/tanri-dogrudur\/","title":{"rendered":"Tanr\u0131 do\u011frudur"},"content":{"rendered":"\n\t<section class=\"section\" id=\"section_2084549554\">\n\t\t<div class=\"section-bg fill\" >\n\t\t\t\t\t\t\t\t\t\n\t\t\t\n\n\t\t<\/div>\n\n\t\t\n\n\t\t<div class=\"section-content relative\">\n\t\t\t\n<div class=\"row align-center\"  id=\"row-1635560584\">\n\n\t<div id=\"col-940968799\" class=\"col small-12 large-12\"  >\n\t\t\t\t<div class=\"col-inner\"  >\n\t\t\t\n\t\t\t\n<p class=\"breadcrumbs\"><a href=\"..\/\">Theme 1<\/a> \/ Messages<\/p>\n<h1>Canlar\u0131n\u0131z\u0131 sad\u0131k olan yaratana teslim etmek<\/h1>\n<p class=\"article-date\">Skjulte Skatter, publisert februar 1963<\/p>\n<p class=\"article-author\">av Elias Aslaksen<\/p>\n\t\t<\/div>\n\t\t\t\t\t<\/div>\n\n\t\n\n<style>\n#row-1635560584 > .col > .col-inner {\n  padding: 30px 0px 0px 0px;\n}\n<\/style>\n<\/div>\n<div class=\"row align-center audio\"  id=\"row-393247429\">\n\n\t<div id=\"col-667201556\" class=\"col small-12 large-12\"  >\n\t\t\t\t<div class=\"col-inner\"  >\n\t\t\t\n\t\t\t\n<!--[if lt IE 9]><script>document.createElement('audio');<\/script><![endif]-->\n<audio class=\"wp-audio-shortcode\" id=\"audio-18516-1\" preload=\"none\" style=\"width: 100%;\" controls=\"controls\"><source type=\"audio\/mpeg\" src=\"\/audio\/Tema%203\/TR\/17%20%C3%85%20overgi%20sine%20sjeler_TR.mp3?_=1\" \/><a href=\"\/audio\/Tema%203\/TR\/17%20%C3%85%20overgi%20sine%20sjeler_TR.mp3\">\/audio\/Tema%203\/TR\/17%20%C3%85%20overgi%20sine%20sjeler_TR.mp3<\/a><\/audio>\n<p class=\"click-to-listen\">Click to listen to the speech.<\/p>\n\t\t<\/div>\n\t\t\t\t\t<\/div>\n\n\t\n<\/div>\n<div class=\"row align-center article article-excerpt\"  id=\"row-1403635723\">\n\n\t<div id=\"col-1542252844\" class=\"col small-12 large-12\"  >\n\t\t\t\t<div class=\"col-inner text-left\"  >\n\t\t\t\n\t\t\t\n<p><em>1. Pet. 4, 19<\/em><\/p>\n<p>For et treffende, innholdsrikt uttrykk!!! Alts\u00e5: ikke beholde v\u00e5r sjel for oss selv, ikke leve oss selv, ikke gj\u00f8re som vi selv synes, men overgi v\u00e5r sjel til ham. Gi oss ham i vold med hud og h\u00e5r og alt hva i oss er, i full tillit til ham, ja, til skaperen, han som har skapt alt, og som n\u00e5 vil skape noe helt nytt i v\u00e5rt indre! Ikke stole p\u00e5 fornuft og f\u00f8lelser, men forlate oss fullt og helt p\u00e5 ham, p\u00e5 hans ord, etter det Nye Testamentets fullkomne lys.<\/p>\n<p>Motto: blind tillit og enfoldig troskap b\u00e5de i sm\u00e5tt og stort. Vi kan jo ikke si til Skaperen hvorledes han skal skape! Det er hans sak. V\u00e5r sak er \u00e5 overgi oss til hans vilje. All \u00e6re og pris til ham.<\/p>\n<p>Pr\u00f8v deg selv om du virkelig er fullt og helt og viljel\u00f8st overgitt. \u2014 Hvis det ikke er slik, s\u00e5 overgi deg n\u00e5, for det er veldig mye bedre sent enn aldri!<\/p>\n<p>N\u00e5r sjelen blir utt\u00f8mt i Kristi d\u00f8d, f\u00e5r man sans for det \u00e5ndelige. \u2014 De som er sjeliske, har ikke overgitt sin sjel til ham.<\/p>\n\t\t<\/div>\n\t\t\t\t\t<\/div>\n\n\t\n\n\t<div id=\"col-713874087\" class=\"col copyright small-12 large-12\"  >\n\t\t\t\t<div class=\"col-inner text-left\"  >\n\t\t\t\n\t\t\t\n<div>\u00a9 Copyright Stiftelsen Skjulte Skatters Forlag<\/div>\n\t\t<\/div>\n\t\t\t\t\t<\/div>\n\n\t\n\n\t<div id=\"col-890344788\" class=\"col small-12 large-12\"  >\n\t\t\t\t<div class=\"col-inner text-left\"  >\n\t\t\t\n\t\t\t\n<div><a href=\"#\" class=\"read-more\">Read more<\/a><\/div>\n\t\t<\/div>\n\t\t\t\t\t<\/div>\n\n\t\n\n\t<div id=\"col-901259265\" class=\"col small-12 large-12\"  >\n\t\t\t\t<div class=\"col-inner text-left\"  >\n\t\t\t\n\t\t\t\n<p class=\"next-previous-message\"><a class=\"previous\" href=\"\/tr\/bible-studies\/theme-1\/believe-like-abraham-did\/\"><i class=\"icon-angle-left\"><\/i> Previous<\/a><a class=\"next\" href=\"\/tr\/bible-studies\/theme-1\/believe-in-the-god-of-miracles\/\">Next <i class=\"icon-angle-right\"><\/i><\/a><\/p>\n\t\t<\/div>\n\t\t\t\t\t<\/div>\n\n\t\n<\/div>\n\t\t<\/div>\n\n\t\t\n<style>\n#section_2084549554 {\n  padding-top: 0px;\n  padding-bottom: 0px;\n  margin-bottom: 0px;\n}\n@media (min-width:550px) {\n  #section_2084549554 {\n    padding-top: 0px;\n    padding-bottom: 0px;\n  }\n}\n<\/style>\n\t<\/section>\n\t\n\n\t<section class=\"section food-for-thought\" id=\"section_1096568832\">\n\t\t<div class=\"section-bg fill\" >\n\t\t\t\t\t\t\t\t\t\n\t\t\t\n\n\t\t<\/div>\n\n\t\t\n\n\t\t<div class=\"section-content relative\">\n\t\t\t\n<div class=\"row align-center\"  id=\"row-1784967850\">\n\n\t<div id=\"col-1307092249\" class=\"col title small-12 large-12\"  >\n\t\t\t\t<div class=\"col-inner text-left dark\"  >\n\t\t\t\n\t\t\t\n<h2>Devotional<\/h2>\n\t\t<\/div>\n\t\t\t\t\t<\/div>\n\n\t\n\n\t<div id=\"col-670011542\" class=\"col small-12 large-12\"  >\n\t\t\t\t<div class=\"col-inner dark\"  >\n\t\t\t\n\t\t\t\n<p>&#8220;Tanr\u0131 Ger\u00e7ektir&#8221; par\u00e7as\u0131n\u0131 okuyun veya dinleyin: \u0130ncil&#8217;de daha \u00f6nce hi\u00e7 d\u00fc\u015f\u00fcnmedi\u011finiz bir vaad bulun ve a\u015fa\u011f\u0131daki kutuda Kutsal Kitap ayetini not edin. \u0130sterseniz, yaz\u0131llan bu vaadle ilgili seninle nas\u0131l olaca\u0131 konusunda da yazabilirsin e\u011fer tam olarak yazd\u0131\u011f\u0131 gibi iman ediyorsan. A\u015fa\u011f\u0131dakileri okuyun ev vaatle ilgili herhangi bir ko\u015ful bulabilir misiniz?<\/p>\n<p class='info'>You have to <a href='\/login\/'>log in<\/a> if you want to save your answer.<\/p>\n\t\t<\/div>\n\t\t\t\t\t<\/div>\n\n\t\n<\/div>\n\t\t<\/div>\n\n\t\t\n<style>\n#section_1096568832 {\n  padding-top: 30px;\n  padding-bottom: 30px;\n  background-color: rgb(73, 92, 94);\n}\n<\/style>\n\t<\/section>\n\t\n","protected":false},"excerpt":{"rendered":"","protected":false},"author":5,"featured_media":0,"parent":8902,"menu_order":5,"comment_status":"closed","ping_status":"closed","template":"page-blank.php","meta":{"footnotes":""},"class_list":["post-18516","page","type-page","status-publish","hentry"],"aioseo_notices":[],"_links":{"self":[{"href":"https:\/\/words-of-faith.org\/tr\/wp-json\/wp\/v2\/pages\/18516","targetHints":{"allow":["GET"]}}],"collection":[{"href":"https:\/\/words-of-faith.org\/tr\/wp-json\/wp\/v2\/pages"}],"about":[{"href":"https:\/\/words-of-faith.org\/tr\/wp-json\/wp\/v2\/types\/page"}],"author":[{"embeddable":true,"href":"https:\/\/words-of-faith.org\/tr\/wp-json\/wp\/v2\/users\/5"}],"replies":[{"embeddable":true,"href":"https:\/\/words-of-faith.org\/tr\/wp-json\/wp\/v2\/comments?post=18516"}],"version-history":[{"count":0,"href":"https:\/\/words-of-faith.org\/tr\/wp-json\/wp\/v2\/pages\/18516\/revisions"}],"up":[{"embeddable":true,"href":"https:\/\/words-of-faith.org\/tr\/wp-json\/wp\/v2\/pages\/8902"}],"wp:attachment":[{"href":"https:\/\/words-of-faith.org\/tr\/wp-json\/wp\/v2\/media?parent=18516"}],"curies":[{"name":"wp","href":"https:\/\/api.w.org\/{rel}","templated":true}]}}